{"id":1235,"date":"2026-02-03T08:27:36","date_gmt":"2026-02-03T08:27:36","guid":{"rendered":"https:\/\/cnc-probe.com\/?post_type=product&#038;p=1235"},"modified":"2026-02-11T08:04:40","modified_gmt":"2026-02-11T08:04:40","slug":"presition-cnc-calibration-sphere-ceramic-standard-ball-probe-gauge","status":"publish","type":"product","link":"https:\/\/cnc-probe.com\/de\/presition-cnc-calibration-sphere-ceramic-standard-ball-probe-gauge\/","title":{"rendered":"Presition CNC Kalibrierung Sph\u00e4re Keramik Standard Kugeltaster Messger\u00e4t"},"content":{"rendered":"<p data-start=\"351\" data-end=\"671\">Die <strong data-start=\"394\" data-end=\"454\">CNC-Kalibrierkugel Keramik Standard-Kugeltasterlehre<\/strong> ist ein unverzichtbares Werkzeug zur Gew\u00e4hrleistung der Pr\u00e4zision von CNC-Maschinen und Messger\u00e4ten. Diese aus hochwertiger Keramik gefertigte Kugel bietet eine hervorragende Verschlei\u00dffestigkeit und Zuverl\u00e4ssigkeit f\u00fcr eine genaue Kalibrierung des Messtasters.<\/p>\n<p data-start=\"673\" data-end=\"1187\">Das keramische Material wurde aufgrund seiner Langlebigkeit und gleichm\u00e4\u00dfigen Leistung ausgew\u00e4hlt und bietet eine harte und stabile Oberfl\u00e4che, die im Laufe der Zeit nicht abgenutzt wird. Es ist ideal f\u00fcr <strong data-start=\"832\" data-end=\"863\">Pr\u00e4zisionsmessaufgaben<\/strong>, Damit stellen Sie sicher, dass der Messtaster Ihrer Maschine genau ist, insbesondere wenn Sie mit komplizierten oder detaillierten Teilen arbeiten. Dieser Messtaster ist unverzichtbar f\u00fcr die \u00dcberpr\u00fcfung der Genauigkeit des Messtasters, die Anpassung der Maschineneinstellungen und die Feinabstimmung der Messungen, um letztendlich eine hohe Qualit\u00e4t der Ergebnisse zu gew\u00e4hrleisten und die Gefahr von Fehlern an Ihrem Werkst\u00fcck zu verringern.<\/p>\n<p data-start=\"1189\" data-end=\"1475\">Mit seinem <strong data-start=\"1198\" data-end=\"1227\">perfekt kugelf\u00f6rmig<\/strong>, bietet das Sondenmessger\u00e4t eine un\u00fcbertroffene Konsistenz und bietet <strong data-start=\"1285\" data-end=\"1307\">wiederholbare Ergebnisse<\/strong> auch unter anspruchsvollen Bearbeitungsbedingungen. Die glatte und stabile Oberfl\u00e4che gew\u00e4hrleistet einen zuverl\u00e4ssigen Kontakt mit dem Messtaster und minimiert die Variabilit\u00e4t der Messungen.<\/p>\n<p data-start=\"1477\" data-end=\"1875\">Dar\u00fcber hinaus ist die <strong data-start=\"1494\" data-end=\"1520\">CNC-Kalibrierkugel<\/strong> ist kompakt und l\u00e4sst sich leicht in Ihre Maschineneinrichtung integrieren. Es wird in verschiedenen Branchen eingesetzt, von <strong data-start=\"1622\" data-end=\"1637\">Formenbau<\/strong> zu <strong data-start=\"1641\" data-end=\"1669\">Automobilherstellung<\/strong>, wo eine pr\u00e4zise Messung entscheidend ist. Es ist besonders n\u00fctzlich f\u00fcr <strong data-start=\"1737\" data-end=\"1791\">Kalibrierung von CNC-Maschinen, \u00dcberpr\u00fcfung der Tastergenauigkeit<\/strong>, und die Gew\u00e4hrleistung <strong data-start=\"1806\" data-end=\"1846\">gleichbleibende, hochwertige Leistung<\/strong> sowohl bei der Einrichtung als auch beim Betrieb.<\/p>\n<p data-start=\"1877\" data-end=\"2087\" data-is-last-node=\"\" data-is-only-node=\"\">Insgesamt ist diese Kalibrierkugel ein unverzichtbares Werkzeug in jeder Werkstatt, die h\u00f6chste Anspr\u00fcche an die Pr\u00e4zision stellt. Sie bietet Ihnen die Sicherheit, dass Ihre CNC-Maschine immer mit h\u00f6chster Leistung l\u00e4uft.<\/p>","protected":false},"excerpt":{"rendered":"<p>CNC-Kalibrierkugel-Keramik-Normaltaster f\u00fcr Pr\u00e4zisionsmessungen. Es zeichnet sich durch eine hochwertige Keramikkonstruktion, eine haltbare Oberfl\u00e4che und eine zuverl\u00e4ssige Wiederholbarkeit aus. Ideal f\u00fcr die \u00dcberpr\u00fcfung der Tastergenauigkeit und die Kalibrierung von Maschinen, die auch unter schwierigen Bedingungen genaue Ergebnisse liefern.<\/p>","protected":false},"featured_media":1236,"template":"","meta":{"_gspb_post_css":""},"product_brand":[],"product_cat":[20],"product_tag":[110,109,111],"class_list":{"0":"post-1235","1":"product","2":"type-product","3":"status-publish","4":"has-post-thumbnail","6":"product_cat-accessories","7":"product_tag-ceramic-probe-gauge","8":"product_tag-cnc-calibration-sphere","9":"product_tag-precision-measurement-tool","11":"first","12":"instock","13":"shipping-taxable","14":"product-type-simple"},"_links":{"self":[{"href":"https:\/\/cnc-probe.com\/de\/wp-json\/wp\/v2\/product\/1235","targetHints":{"allow":["GET"]}}],"collection":[{"href":"https:\/\/cnc-probe.com\/de\/wp-json\/wp\/v2\/product"}],"about":[{"href":"https:\/\/cnc-probe.com\/de\/wp-json\/wp\/v2\/types\/product"}],"wp:featuredmedia":[{"embeddable":true,"href":"https:\/\/cnc-probe.com\/de\/wp-json\/wp\/v2\/media\/1236"}],"wp:attachment":[{"href":"https:\/\/cnc-probe.com\/de\/wp-json\/wp\/v2\/media?parent=1235"}],"wp:term":[{"taxonomy":"product_brand","embeddable":true,"href":"https:\/\/cnc-probe.com\/de\/wp-json\/wp\/v2\/product_brand?post=1235"},{"taxonomy":"product_cat","embeddable":true,"href":"https:\/\/cnc-probe.com\/de\/wp-json\/wp\/v2\/product_cat?post=1235"},{"taxonomy":"product_tag","embeddable":true,"href":"https:\/\/cnc-probe.com\/de\/wp-json\/wp\/v2\/product_tag?post=1235"}],"curies":[{"name":"wp","href":"https:\/\/api.w.org\/{rel}","templated":true}]}}