{"id":1240,"date":"2026-02-03T08:53:32","date_gmt":"2026-02-03T08:53:32","guid":{"rendered":"https:\/\/cnc-probe.com\/?post_type=product&#038;p=1240"},"modified":"2026-02-11T08:02:30","modified_gmt":"2026-02-11T08:02:30","slug":"m4-cnc-probe-stylus-50mm-carbide-stem-and-3mm-ruby-ball-tip","status":"publish","type":"product","link":"https:\/\/cnc-probe.com\/de\/m4-cnc-probe-stylus-50mm-carbide-stem-and-3mm-ruby-ball-tip\/","title":{"rendered":"M4 CNC-Tastereinsatz mit 50mm Hartmetallschaft und 3mm Rubinkugelspitze"},"content":{"rendered":"<p>Dieser CNC-Tastereinsatz ist eine praktische, werkstatttaugliche Option, wenn Sie einen stabilen, wiederholbaren Messtaster ben\u00f6tigen, ohne die Einrichtung \u00fcberm\u00e4\u00dfig zu verkomplizieren. Die L\u00e4nge des Hartmetallschaftes ist <strong>50mm <\/strong><strong>,<\/strong>und mit einer <strong>3mm Rubinkugel<\/strong>\u00a0Tastspitze - eine Allround-Kombination, die sich gut f\u00fcr das t\u00e4gliche CNC-Tasten, die Werkst\u00fcckeinrichtung und die Pr\u00fcfung w\u00e4hrend des Prozesses eignet.<\/p>\n<p>Der Schaft aus Karbid macht diesen Tastereinsatz so leistungsf\u00e4hig. Im Vergleich zu Standard-Stahlsch\u00e4ften bietet Hartmetall eine h\u00f6here Steifigkeit und tr\u00e4gt dazu bei, Biegung und Vibrationen zu reduzieren, wenn der Taster das Teil ber\u00fchrt. Das bedeutet sauberere Abzugspunkte, bessere Wiederholbarkeit und mehr Sicherheit beim Pr\u00fcfen kritischer Merkmale. Dies ist besonders hilfreich, wenn Sie tiefere Taschen, enge Bohrungen oder Bereiche pr\u00fcfen, in denen eine gr\u00f6\u00dfere Reichweite das Risiko einer Ablenkung erh\u00f6hen kann.<\/p>\n<p>An der Kontaktstelle, <strong>Rubinkugel<\/strong>\u00a0ist auf Langlebigkeit und glatten Oberfl\u00e4chenkontakt ausgelegt. Ruby ist \u00e4u\u00dferst verschlei\u00dffest und beh\u00e4lt seine Form \u00fcber lange Zeit, sodass Sie sich keine Sorgen machen m\u00fcssen, dass sich die Spitze schnell abnutzt und Ihre Messungen verf\u00e4lscht. Da die <strong>Ballgr\u00f6\u00dfe<\/strong>\u00a0das Gleichgewicht herstellen: klein genug, um auf viele Funktionen zuzugreifen, aber dennoch robust f\u00fcr den regelm\u00e4\u00dfigen Einsatz in der Werkstatt.<\/p>\n<p>Dieser Tastereinsatz ist ideal f\u00fcr g\u00e4ngige Aufgaben wie das Ermitteln des Werkst\u00fccknullpunkts, das Messen von Vorspr\u00fcngen und Bohrungen, das Pr\u00fcfen ebener Fl\u00e4chen und das \u00dcberpr\u00fcfen von Merkmalen w\u00e4hrend der Bearbeitung. Er ist eine solide Wahl f\u00fcr allgemeine CNC-Bearbeitung, Formenbau und Pr\u00e4zisionskomponenten, bei denen es auf wiederholbare Messungen ankommt. Wenn Sie einen zuverl\u00e4ssigen Tastereinsatz ben\u00f6tigen, der sich in der Produktion bew\u00e4hrt und dazu beitr\u00e4gt, dass Ihre Messungen konsistent bleiben, ist diese Kombination aus 50 mm Karbid und 3 mm Rubin ein zuverl\u00e4ssiges Hilfsmittel.<\/p>\n<p>&nbsp;<\/p>","protected":false},"excerpt":{"rendered":"<p>CNC-Messtaster mit einem 50-mm-Hartmetallschaft und einer 3-mm-Rubinkugelspitze f\u00fcr pr\u00e4zises, wiederholgenaues Messen. Der steife Hartmetallschaft minimiert die Durchbiegung f\u00fcr eine bessere Messstabilit\u00e4t, w\u00e4hrend der verschlei\u00dffeste Rubinkontakt glatte, zuverl\u00e4ssige Antastpunkte liefert - ideal f\u00fcr CNC-Tastsysteme in der Inspektion und f\u00fcr prozessbegleitende Messungen.<\/p>","protected":false},"featured_media":1340,"template":"","meta":{"_gspb_post_css":""},"product_brand":[],"product_cat":[18],"product_tag":[114,113,112],"class_list":{"0":"post-1240","1":"product","2":"type-product","3":"status-publish","4":"has-post-thumbnail","6":"product_cat-cnc-probes-stylus","7":"product_tag-3mm-ruby-ball-tip","8":"product_tag-carbide-stem-styli","9":"product_tag-cnc-probe-stylus","11":"first","12":"instock","13":"shipping-taxable","14":"product-type-simple"},"_links":{"self":[{"href":"https:\/\/cnc-probe.com\/de\/wp-json\/wp\/v2\/product\/1240","targetHints":{"allow":["GET"]}}],"collection":[{"href":"https:\/\/cnc-probe.com\/de\/wp-json\/wp\/v2\/product"}],"about":[{"href":"https:\/\/cnc-probe.com\/de\/wp-json\/wp\/v2\/types\/product"}],"wp:featuredmedia":[{"embeddable":true,"href":"https:\/\/cnc-probe.com\/de\/wp-json\/wp\/v2\/media\/1340"}],"wp:attachment":[{"href":"https:\/\/cnc-probe.com\/de\/wp-json\/wp\/v2\/media?parent=1240"}],"wp:term":[{"taxonomy":"product_brand","embeddable":true,"href":"https:\/\/cnc-probe.com\/de\/wp-json\/wp\/v2\/product_brand?post=1240"},{"taxonomy":"product_cat","embeddable":true,"href":"https:\/\/cnc-probe.com\/de\/wp-json\/wp\/v2\/product_cat?post=1240"},{"taxonomy":"product_tag","embeddable":true,"href":"https:\/\/cnc-probe.com\/de\/wp-json\/wp\/v2\/product_tag?post=1240"}],"curies":[{"name":"wp","href":"https:\/\/api.w.org\/{rel}","templated":true}]}}