{"id":1537,"date":"2026-02-18T07:56:14","date_gmt":"2026-02-18T07:56:14","guid":{"rendered":"https:\/\/cnc-probe.com\/?post_type=product&#038;p=1537"},"modified":"2026-02-28T08:35:53","modified_gmt":"2026-02-28T08:35:53","slug":"cnc-photoelectric-z-axis-tool-setter-for-engraving-machine","status":"publish","type":"product","link":"https:\/\/cnc-probe.com\/de\/cnc-photoelectric-z-axis-tool-setter-for-engraving-machine\/","title":{"rendered":"CNC fotoelektrisches Z-Achsen-Werkzeugeinstellger\u00e4t f\u00fcr Graviermaschinen"},"content":{"rendered":"<h1>Hauptmerkmal:<\/h1>\n<p>Schutzart IP 68<br \/>\nGro\u00dfes Strok-Design von 11mm<br \/>\nGenauigkeit &lt;0,5uM.<br \/>\nPhotoelektrischer Sensorausl\u00f6ser, h\u00f6here Genauigkeit und l\u00e4ngere Lebensdauer<\/p>\n<p>&nbsp;<\/p>\n<h1>Vorteil:<\/h1>\n<p>Entwickelt f\u00fcr CNC-Pr\u00e4zisionsgraviermaschinen. Misst automatisch die Werkzeugl\u00e4nge, den Werkzeugdurchmesser und die Werkzeugauslenkung. Der hochpr\u00e4zise fotoelektrische Ausl\u00f6sesensor kann in verschiedenen komplexen Umgebungen eingesetzt werden, verbessert die Geschwindigkeit und Genauigkeit der Werkzeugerkennung, reduziert Fehler, minimiert den Ausschuss und erh\u00f6ht die Produktivit\u00e4t.<\/p>\n<p>&nbsp;<\/p>\n<h1>Produktparameter:<\/h1>\n<table style=\"border-collapse: collapse; width: 393.02pt;\" border=\"0\" width=\"655\" cellspacing=\"0\" cellpadding=\"0\">\n<tbody>\n<tr style=\"height: 25.05pt;\">\n<td class=\"et4\" style=\"height: 25.05pt; width: 155.40pt;\" width=\"259\" height=\"41\">Artikel NO.<\/td>\n<td class=\"et5\" style=\"width: 237.60pt;\" colspan=\"2\" width=\"396\">DTS200B<\/td>\n<\/tr>\n<tr style=\"height: 25.05pt;\">\n<td class=\"et4\" style=\"height: 25.05pt; width: 155.40pt;\" width=\"259\" height=\"41\">Durchmesser des Touchpads<\/td>\n<td class=\"et5\" style=\"width: 237.60pt;\" colspan=\"2\" width=\"396\">\u03c620<\/td>\n<\/tr>\n<tr style=\"height: 25.05pt;\">\n<td class=\"et4\" style=\"height: 25.05pt; width: 155.40pt;\" width=\"259\" height=\"41\">Richtung des Ausl\u00f6sers<\/td>\n<td class=\"et6\" style=\"width: 237.60pt;\" colspan=\"2\" width=\"396\">+Z<\/td>\n<\/tr>\n<tr style=\"height: 25.05pt;\">\n<td class=\"et4\" style=\"height: 25.05pt; width: 155.40pt;\" width=\"259\" height=\"41\">Vor dem Schlaganfall<\/td>\n<td class=\"et5\" style=\"width: 237.60pt;\" colspan=\"2\" width=\"396\">0,7 mm<\/td>\n<\/tr>\n<tr style=\"height: 25.05pt;\">\n<td class=\"et4\" style=\"height: 25.05pt; width: 155.40pt;\" width=\"259\" height=\"41\">Ausgabe<\/td>\n<td class=\"et5\" style=\"width: 237.60pt;\" colspan=\"2\" width=\"396\">A:NEIN<\/td>\n<\/tr>\n<tr style=\"height: 25.05pt;\">\n<td class=\"et7\" style=\"height: 25.05pt;\" height=\"41\">Schlaganfall<\/td>\n<td class=\"et8\" colspan=\"2\">11mm<\/td>\n<\/tr>\n<tr style=\"height: 25.05pt;\">\n<td class=\"et4\" style=\"height: 25.05pt; width: 155.40pt;\" width=\"259\" height=\"41\">Ausl\u00f6seschutzweg<\/td>\n<td class=\"et8\" colspan=\"2\">5,5 mm<\/td>\n<\/tr>\n<tr style=\"height: 42.00pt;\">\n<td class=\"et4\" style=\"height: 42.00pt; width: 155.40pt;\" width=\"259\" height=\"70\"><span class=\"font1\">Wiederholbarkeit Pr\u00e4zision(2\u03c3<\/span><span class=\"font2\">\uff09<\/span><\/td>\n<td class=\"et5\" style=\"width: 237.60pt;\" colspan=\"2\" width=\"396\"><span class=\"font1\">&lt;1um<\/span><span class=\"font2\">\uff08<\/span><span class=\"font1\">Geschwindigkeit 50mm\/min<\/span><span class=\"font2\">\uff09<\/span><\/td>\n<\/tr>\n<tr style=\"height: 25.05pt;\">\n<td class=\"et7\" style=\"height: 25.05pt;\" height=\"41\">Leben ausl\u00f6sen<\/td>\n<td class=\"et5\" style=\"width: 237.60pt;\" colspan=\"2\" width=\"396\">&gt;10 Millionen<\/td>\n<\/tr>\n<tr style=\"height: 31.95pt;\">\n<td class=\"et7\" style=\"height: 31.95pt;\" height=\"53\">Modus der Signal\u00fcbertragung<\/td>\n<td class=\"et5\" style=\"width: 237.60pt;\" colspan=\"2\" width=\"396\">Kabel<br \/>\n5m,\u00d6lbest\u00e4ndigkeit,6Kerne,\u03c64.8<\/td>\n<\/tr>\n<tr style=\"height: 25.05pt;\">\n<td class=\"et7\" style=\"height: 25.05pt;\" height=\"41\">Versiegeln<\/td>\n<td class=\"et5\" style=\"width: 237.60pt;\" colspan=\"2\" width=\"396\">IP68<\/td>\n<\/tr>\n<tr style=\"height: 25.05pt;\">\n<td class=\"et7\" style=\"height: 25.05pt;\" height=\"41\">Abzugskraft<\/td>\n<td class=\"et8\" colspan=\"2\">2.2N(Installationsstatus: Vertikal)<\/td>\n<\/tr>\n<tr style=\"height: 25.05pt;\">\n<td class=\"et7\" style=\"height: 25.05pt;\" height=\"41\">Material des Touchpads<\/td>\n<td class=\"et5\" style=\"width: 237.60pt;\" colspan=\"2\" width=\"396\">Wolframkarbid<\/td>\n<\/tr>\n<tr style=\"height: 25.05pt;\">\n<td class=\"et7\" style=\"height: 25.05pt;\" height=\"41\">Oberfl\u00e4chenbehandlung<\/td>\n<td class=\"et5\" style=\"width: 237.60pt;\" colspan=\"2\" width=\"396\">Schleifen 4S<\/td>\n<\/tr>\n<tr style=\"height: 35.00pt;\">\n<td class=\"et7\" style=\"height: 35.00pt;\" height=\"58\">Kontakt Nennwert<\/td>\n<td class=\"et5\" style=\"width: 237.60pt;\" colspan=\"2\" width=\"396\">DC24V 20mA(MAX) Empfohlener Wert10mA)Ohmsche Last<\/td>\n<\/tr>\n<tr style=\"height: 25.05pt;\">\n<td class=\"et7\" style=\"height: 25.05pt;\" height=\"41\">Schutzrohr<\/td>\n<td class=\"et5\" style=\"width: 237.60pt;\" colspan=\"2\" width=\"396\">1,5 m, Mindestradius R7<\/td>\n<\/tr>\n<tr style=\"height: 25.05pt;\">\n<td class=\"et7\" style=\"height: 25.05pt;\" height=\"41\">LED-Licht<\/td>\n<td class=\"et5\" style=\"width: 237.60pt;\" colspan=\"2\" width=\"396\">Norma: aus; aktiv: an<\/td>\n<\/tr>\n<\/tbody>\n<\/table>\n<p>&nbsp;<\/p>","protected":false},"excerpt":{"rendered":"<p>Das fotoelektrische CNC-Werkzeugeinstellger\u00e4t f\u00fcr die Z-Achse von Graviermaschinen bietet eine schnelle und genaue ber\u00fchrungslose Erkennung der Werkzeugl\u00e4nge und die Ausgabe eines Bruchsignals. Das kompakte, robuste Design vereinfacht die automatische Werkzeugeinstellung und verbessert die Bearbeitungspr\u00e4zision mit zuverl\u00e4ssiger Ausl\u00f6sewiederholgenauigkeit.<\/p>","protected":false},"featured_media":1540,"template":"","meta":{"_gspb_post_css":""},"product_brand":[],"product_cat":[17],"product_tag":[151,157,156],"class_list":{"0":"post-1537","1":"product","2":"type-product","3":"status-publish","4":"has-post-thumbnail","6":"product_cat-cnc-tool-setter","7":"product_tag-cnc-tool-setter","8":"product_tag-engraving-machine","9":"product_tag-photoelectric-z-axis","11":"first","12":"instock","13":"shipping-taxable","14":"product-type-simple"},"_links":{"self":[{"href":"https:\/\/cnc-probe.com\/de\/wp-json\/wp\/v2\/product\/1537","targetHints":{"allow":["GET"]}}],"collection":[{"href":"https:\/\/cnc-probe.com\/de\/wp-json\/wp\/v2\/product"}],"about":[{"href":"https:\/\/cnc-probe.com\/de\/wp-json\/wp\/v2\/types\/product"}],"wp:featuredmedia":[{"embeddable":true,"href":"https:\/\/cnc-probe.com\/de\/wp-json\/wp\/v2\/media\/1540"}],"wp:attachment":[{"href":"https:\/\/cnc-probe.com\/de\/wp-json\/wp\/v2\/media?parent=1537"}],"wp:term":[{"taxonomy":"product_brand","embeddable":true,"href":"https:\/\/cnc-probe.com\/de\/wp-json\/wp\/v2\/product_brand?post=1537"},{"taxonomy":"product_cat","embeddable":true,"href":"https:\/\/cnc-probe.com\/de\/wp-json\/wp\/v2\/product_cat?post=1537"},{"taxonomy":"product_tag","embeddable":true,"href":"https:\/\/cnc-probe.com\/de\/wp-json\/wp\/v2\/product_tag?post=1537"}],"curies":[{"name":"wp","href":"https:\/\/api.w.org\/{rel}","templated":true}]}}