{"id":1550,"date":"2026-02-28T09:31:30","date_gmt":"2026-02-28T09:31:30","guid":{"rendered":"https:\/\/cnc-probe.com\/?post_type=product&#038;p=1550"},"modified":"2026-03-02T00:21:27","modified_gmt":"2026-03-02T00:21:27","slug":"wireless-five-axis-infrared-tool-setter-for-cnc-machines","status":"publish","type":"product","link":"https:\/\/cnc-probe.com\/de\/wireless-five-axis-infrared-tool-setter-for-cnc-machines\/","title":{"rendered":"Kabelloses F\u00fcnf-Achsen-Infrarot-Werkzeugeinstellger\u00e4t f\u00fcr CNC-Maschinen"},"content":{"rendered":"<h1>Hauptmerkmal\uff1a<\/h1>\n<p>Funk\u00fcbertragung<br \/>\nAutomatische Messung von Werkzeugl\u00e4nge und -durchmesser<br \/>\nIp68-Schutzniveau<br \/>\nGeeignet f\u00fcr die weite Entfernung oder Hindernisse Bearbeitungszentrum<br \/>\nCNC-Drehmaschine mit rotierenden Arbeitspl\u00e4tzen oder Mehrfacharbeitspl\u00e4tzen verf\u00fcgbar<\/p>\n<p>&nbsp;<\/p>\n<h1>Vorteil\uff1a<\/h1>\n<p>Ein kontaktbehaftetes 3D-Werkzeugeinstellger\u00e4t, das verschiedene Messerbr\u00fcche, Werkzeugdurchmesser und Werkzeugverschlei\u00df erkennen und automatisch kompensieren kann. Es hat ein horizontales Design, der Hauptk\u00f6rper ist effektiv Anti-Kollision, und die Keramik-Design der Adapterstange sch\u00fctzt effektiv den Sensor nach dem Kontakt hits.The Produkt verwendet Funksignal\u00fcbertragung und ist vor allem in Werkzeugmaschinen mit begrenzten Kabel verwenden, wie Doppel-Tisch-Bearbeitungszentren.it kann automatisch erkennen, Werkzeugverschlei\u00df und gebrochene Werkzeug Bedingungen, helfen Fabriken, die Produktionseffizienz und Produkt Bearbeitungsgenauigkeit zu verbessern.<\/p>\n<p>&nbsp;<\/p>\n<h1>Produktparameter:<\/h1>\n<table width=\"788\">\n<tbody>\n<tr>\n<td width=\"258\">Artikel Nr.<\/td>\n<td colspan=\"2\" width=\"530\">DMTS-R<\/td>\n<\/tr>\n<tr>\n<td width=\"258\">Reproduzierbarkeit (2\u03c3)<\/td>\n<td colspan=\"2\" width=\"530\">&lt;1\u03bcm (Geschwindigkeit: 30mm\/min)<\/td>\n<\/tr>\n<tr>\n<td width=\"258\">Ausl\u00f6ser Richtung<\/td>\n<td colspan=\"2\" width=\"530\">\u00b1X,\u00b1Y,+Z<\/td>\n<\/tr>\n<tr>\n<td width=\"258\">Pre-Stroke<\/td>\n<td colspan=\"2\" width=\"530\">Keine<\/td>\n<\/tr>\n<tr>\n<td>Schlaganfall<\/td>\n<td width=\"265\">XY-Ebene: 6,0 mm<\/td>\n<td width=\"265\">Z-Achse: 5,1 mm<\/td>\n<\/tr>\n<tr>\n<td>Leben ausl\u00f6sen<\/td>\n<td colspan=\"2\" width=\"530\">\u00a0&gt;10 Millionen Zyklen<\/td>\n<\/tr>\n<tr>\n<td>Schutz<\/td>\n<td colspan=\"2\" width=\"530\">IP68<\/td>\n<\/tr>\n<tr>\n<td>Kontakt Kraft<\/td>\n<td colspan=\"2\" width=\"530\">1,1N ~ 2,2N (je nach Ausl\u00f6serrichtung)<\/td>\n<\/tr>\n<tr>\n<td>Signal\u00fcbertragungsmethode<\/td>\n<td colspan=\"2\" width=\"530\">\u00a0Funk\u00fcbertragung<\/td>\n<\/tr>\n<tr>\n<td>\u00dcbertragungswinkel<\/td>\n<td colspan=\"2\" width=\"530\">360\u00b0 um die Sondenachse<\/td>\n<\/tr>\n<tr>\n<td>Funkfrequenz<\/td>\n<td colspan=\"2\" width=\"530\">2.4GHz<\/td>\n<\/tr>\n<tr>\n<td>Kanalumschaltung<\/td>\n<td colspan=\"2\" width=\"530\">Intelligentes Frequenzsprungverfahren<\/td>\n<\/tr>\n<tr>\n<td>\u00dcbertragung Aktivierung<\/td>\n<td colspan=\"2\" width=\"530\">M Code<\/td>\n<\/tr>\n<tr>\n<td>Kontakt Material<\/td>\n<td colspan=\"2\" width=\"530\">Superharte Legierung<\/td>\n<\/tr>\n<tr>\n<td>Oberfl\u00e4chenbehandlung<\/td>\n<td colspan=\"2\" width=\"530\">Schleifen 4S<\/td>\n<\/tr>\n<tr>\n<td>Akku-Typ<\/td>\n<td colspan=\"2\">2 x Lithium-Batterie 14250<\/td>\n<\/tr>\n<tr>\n<td rowspan=\"5\">Lebensdauer der Batterie<\/td>\n<td>Bereitschaft<\/td>\n<td width=\"265\">&gt;400 Tage<\/td>\n<\/tr>\n<tr>\n<td>3000 Ausl\u00f6ser\/Tag<\/td>\n<td width=\"265\">350 Tage<\/td>\n<\/tr>\n<tr>\n<td>8000 Ausl\u00f6ser\/Tag<\/td>\n<td width=\"265\">300 Tage<\/td>\n<\/tr>\n<tr>\n<td>15000 Ausl\u00f6ser\/Tag<\/td>\n<td width=\"265\">230 Tage<\/td>\n<\/tr>\n<tr>\n<td colspan=\"2\">Kontinuierliche Ausl\u00f6sung: &gt;3,5 Millionen Zyklen<\/td>\n<\/tr>\n<tr>\n<td>Versiegeln<\/td>\n<td colspan=\"2\">IP68<\/td>\n<\/tr>\n<tr>\n<td>Betriebstemperatur<\/td>\n<td colspan=\"2\">\u00a05-60\u00b0C<\/td>\n<\/tr>\n<\/tbody>\n<\/table>\n<p>&nbsp;<\/p>","protected":false},"excerpt":{"rendered":"<p>Drahtloses F\u00fcnf-Achsen-Infrarot-Werkzeugeinstellger\u00e4t f\u00fcr CNC-Maschinen mit hochpr\u00e4ziser IR-Abtastung und Brucherkennung. Erm\u00f6glicht die automatische Werkzeugl\u00e4ngenmessung in allen f\u00fcnf Achsen, unterst\u00fctzt die drahtlose Signalausgabe und verbessert die Bearbeitungsgenauigkeit und Effizienz in komplexen mehrachsigen CNC-Einrichtungen.<\/p>","protected":false},"featured_media":1552,"template":"","meta":{"_gspb_post_css":""},"product_brand":[],"product_cat":[17],"product_tag":[162,160,161],"class_list":{"0":"post-1550","1":"product","2":"type-product","3":"status-publish","4":"has-post-thumbnail","6":"product_cat-cnc-tool-setter","7":"product_tag-cnc-precision-measurement","8":"product_tag-five-axis-tool-setter","9":"product_tag-wireless-infrared","11":"first","12":"instock","13":"shipping-taxable","14":"product-type-simple"},"_links":{"self":[{"href":"https:\/\/cnc-probe.com\/de\/wp-json\/wp\/v2\/product\/1550","targetHints":{"allow":["GET"]}}],"collection":[{"href":"https:\/\/cnc-probe.com\/de\/wp-json\/wp\/v2\/product"}],"about":[{"href":"https:\/\/cnc-probe.com\/de\/wp-json\/wp\/v2\/types\/product"}],"wp:featuredmedia":[{"embeddable":true,"href":"https:\/\/cnc-probe.com\/de\/wp-json\/wp\/v2\/media\/1552"}],"wp:attachment":[{"href":"https:\/\/cnc-probe.com\/de\/wp-json\/wp\/v2\/media?parent=1550"}],"wp:term":[{"taxonomy":"product_brand","embeddable":true,"href":"https:\/\/cnc-probe.com\/de\/wp-json\/wp\/v2\/product_brand?post=1550"},{"taxonomy":"product_cat","embeddable":true,"href":"https:\/\/cnc-probe.com\/de\/wp-json\/wp\/v2\/product_cat?post=1550"},{"taxonomy":"product_tag","embeddable":true,"href":"https:\/\/cnc-probe.com\/de\/wp-json\/wp\/v2\/product_tag?post=1550"}],"curies":[{"name":"wp","href":"https:\/\/api.w.org\/{rel}","templated":true}]}}