{"id":368,"date":"2025-10-23T03:15:15","date_gmt":"2025-10-23T03:15:15","guid":{"rendered":"https:\/\/cnc-probe.com\/?post_type=product&#038;p=368"},"modified":"2026-02-28T07:11:49","modified_gmt":"2026-02-28T07:11:49","slug":"high-quality-cnc-infrared-touch-probe-with-wireless-link","status":"publish","type":"product","link":"https:\/\/cnc-probe.com\/de\/high-quality-cnc-infrared-touch-probe-with-wireless-link\/","title":{"rendered":"Hochwertiger CNC-Infrarot-Taster mit drahtloser Verbindung"},"content":{"rendered":"<h1>Hauptmerkmal:<\/h1>\n<p>Optisch 2-Kanal, ferngesteuerte Kanalumschaltung<br \/>\nGeringer Stromverbrauch mit einer Batterielebensdauer von mehr als 1 Jahr<br \/>\n&lt; 1\/100.000 SignalverlustwahrscheinlichkeitIP68 Schutzniveau<\/p>\n<p>&nbsp;<\/p>\n<h1>Vorteile:<\/h1>\n<p>Einfache Bedienung, einfaches Pairing, bequeme Verwaltung, ferngesteuerte Frequenzumschaltung mit einem einzigen Mausklick. Geeignet f\u00fcr 3C-Fabriken mit hohen Pr\u00e4zisionsanforderungen, die eine hochpr\u00e4zise Messung verschiedener komplexer Werkst\u00fccke erm\u00f6glichen, was die Fertigungseffizienz erheblich verbessert und die Abh\u00e4ngigkeit von der Qualifikation der Mitarbeiter verringert. Die automatisierte Erkennung auf Mikron-Ebene reduziert Ma\u00dffehler und Ausschuss, erh\u00f6ht die Produktionskapazit\u00e4t und spart Kosten.\u201d<\/p>\n<p>&nbsp;<\/p>\n<h1>Produktparameter:<\/h1>\n<table style=\"height: 575px;\" width=\"691\">\n<tbody>\n<tr>\n<td width=\"301\">Artikel Nr.<\/td>\n<td colspan=\"2\" width=\"446\">DOP40<\/td>\n<\/tr>\n<tr>\n<td width=\"301\">Reproduzierbarkeit\uff082\u03c3\uff09<\/td>\n<td colspan=\"2\" width=\"446\">&lt;1um \uff08stylus\uff1a50mm\uff0cGeschwindigkeit\uff1a50~200mm\/min\uff09<\/td>\n<\/tr>\n<tr>\n<td width=\"301\">Richtung des Ausl\u00f6sers<\/td>\n<td colspan=\"2\" width=\"446\">\u00b1X,\u00b1Y,+Z<\/td>\n<\/tr>\n<tr>\n<td width=\"301\">Ausl\u00f6sekraft\uff08stylus\uff1a50mm\uff09<\/td>\n<td width=\"210\">XY-Ebene: 0.5~0.9N<\/td>\n<td width=\"236\">Z: 6.2N<\/td>\n<\/tr>\n<tr>\n<td width=\"301\">Schutzbereich<\/td>\n<td width=\"210\">XY-Ebene: +\/-12.5\u00b0<\/td>\n<td width=\"236\">Z\uff1a 6.2mm<\/td>\n<\/tr>\n<tr>\n<td>Modus der Signal\u00fcbertragung<\/td>\n<td colspan=\"2\">Infrarot Optisch<\/td>\n<\/tr>\n<tr>\n<td>Betriebsbereich<\/td>\n<td colspan=\"2\" width=\"446\">5m<\/td>\n<\/tr>\n<tr>\n<td>Leben ausl\u00f6sen<\/td>\n<td colspan=\"2\">&gt;10 Millionen<\/td>\n<\/tr>\n<tr>\n<td>\u00dcbertragungswinkelTransfer<\/td>\n<td colspan=\"2\" width=\"446\">360\u00b0\u00dcbertragungsumschlag<\/td>\n<\/tr>\n<tr>\n<td>Aktivierung \u00fcbertragen<\/td>\n<td colspan=\"2\" width=\"446\">Automatischer Wechsel<\/td>\n<\/tr>\n<tr>\n<td>Gewicht ohne Schaft<\/td>\n<td colspan=\"2\" width=\"446\">220g<\/td>\n<\/tr>\n<tr>\n<td>Akku-Modell<\/td>\n<td colspan=\"2\">2x Lithium-Batterie 14250<\/td>\n<\/tr>\n<tr>\n<td rowspan=\"5\">Lebensdauer der Batterie<\/td>\n<td>Bereitschaft<\/td>\n<td width=\"236\">1300Tage<\/td>\n<\/tr>\n<tr>\n<td>3000 Ausl\u00f6ser\/Tag<\/td>\n<td width=\"236\">450Tage<\/td>\n<\/tr>\n<tr>\n<td>800 Ausl\u00f6ser\/Tag<\/td>\n<td width=\"236\">200Tage<\/td>\n<\/tr>\n<tr>\n<td>15000 Ausl\u00f6ser\/Tag<\/td>\n<td width=\"236\">120 Tage<\/td>\n<\/tr>\n<tr>\n<td colspan=\"2\">Kontinuierliches Arbeiten: 7 Millionen<\/td>\n<\/tr>\n<tr>\n<td>Versiegeln<\/td>\n<td colspan=\"2\">IP68<\/td>\n<\/tr>\n<tr>\n<td>Betriebstemperatur<\/td>\n<td colspan=\"2\">5-60\u2103<\/td>\n<\/tr>\n<\/tbody>\n<\/table>\n<p data-start=\"2113\" data-end=\"2442\" data-is-last-node=\"\" data-is-only-node=\"\">","protected":false},"excerpt":{"rendered":"<p>Kabelloses CNC-Infrarot-Tastsystem f\u00fcr die schnelle, genaue Teileeinstellung und die Pr\u00fcfung w\u00e4hrend des Prozesses. Kompaktes, abgedichtetes Metallgeh\u00e4use mit Rubinstift, 360\u00b0-Schaltung und klarer Statusanzeige. Stabile IR-Verbindung, einfache Integration in die meisten Bearbeitungszentren, geringer Wartungsaufwand, robuste Haltbarkeit.<\/p>","protected":false},"featured_media":1637,"template":"","meta":{"_gspb_post_css":""},"product_brand":[],"product_cat":[15],"product_tag":[30,32,31],"class_list":{"0":"post-368","1":"product","2":"type-product","3":"status-publish","4":"has-post-thumbnail","6":"product_cat-touch-probe","7":"product_tag-cnc-infrared-probe","8":"product_tag-machine-tool-probe","9":"product_tag-wireless-touch-probe","11":"first","12":"instock","13":"shipping-taxable","14":"product-type-simple"},"_links":{"self":[{"href":"https:\/\/cnc-probe.com\/de\/wp-json\/wp\/v2\/product\/368","targetHints":{"allow":["GET"]}}],"collection":[{"href":"https:\/\/cnc-probe.com\/de\/wp-json\/wp\/v2\/product"}],"about":[{"href":"https:\/\/cnc-probe.com\/de\/wp-json\/wp\/v2\/types\/product"}],"wp:featuredmedia":[{"embeddable":true,"href":"https:\/\/cnc-probe.com\/de\/wp-json\/wp\/v2\/media\/1637"}],"wp:attachment":[{"href":"https:\/\/cnc-probe.com\/de\/wp-json\/wp\/v2\/media?parent=368"}],"wp:term":[{"taxonomy":"product_brand","embeddable":true,"href":"https:\/\/cnc-probe.com\/de\/wp-json\/wp\/v2\/product_brand?post=368"},{"taxonomy":"product_cat","embeddable":true,"href":"https:\/\/cnc-probe.com\/de\/wp-json\/wp\/v2\/product_cat?post=368"},{"taxonomy":"product_tag","embeddable":true,"href":"https:\/\/cnc-probe.com\/de\/wp-json\/wp\/v2\/product_tag?post=368"}],"curies":[{"name":"wp","href":"https:\/\/api.w.org\/{rel}","templated":true}]}}