{"id":378,"date":"2025-10-23T09:09:24","date_gmt":"2025-10-23T09:09:24","guid":{"rendered":"https:\/\/cnc-probe.com\/?post_type=product&#038;p=378"},"modified":"2026-02-28T08:18:41","modified_gmt":"2026-02-28T08:18:41","slug":"high-precision-measurement-cnc-wireless-radio-touch-probe","status":"publish","type":"product","link":"https:\/\/cnc-probe.com\/de\/high-precision-measurement-cnc-wireless-radio-touch-probe\/","title":{"rendered":"Hochpr\u00e4zisionsmessung CNC-Funk-Tastsystem"},"content":{"rendered":"<h1>Hauptmerkmal:<\/h1>\n<p>Funksignale, barrierefreie Transimion<\/p>\n<p>&lt; 1\/100.000 Wahrscheinlichkeit von Signalverlusten<\/p>\n<p>Technologie der unendlichen Kan\u00e4le<\/p>\n<p>Funksignal, barrierefreie \u00dcbertragung<\/p>\n<p>Schutzart IP68<\/p>\n<p>&nbsp;<\/p>\n<h1>Vorteil:<\/h1>\n<p>Zuverl\u00e4ssige drahtlose Frequenzsprungkommunikation, extrem hohe Betriebsstabilit\u00e4t, besonders geeignet f\u00fcr komplexe Messanforderungen oder Signal\u00fcbertragung \u00fcber gro\u00dfe Entfernungen oder in Situationen mit Hindernissen, wie z. B. Online-Messungen in Mehrachsmaschinen.\u201d<\/p>\n<p>&nbsp;<\/p>\n<h1>Produktparameter:<\/h1>\n<table width=\"720\">\n<tbody>\n<tr>\n<td width=\"258\">Artikel Nr.<\/td>\n<td colspan=\"2\" width=\"462\">DRP40-P2<\/td>\n<\/tr>\n<tr>\n<td width=\"258\">Reproduzierbarkeit\uff082\u03c3\uff09<\/td>\n<td colspan=\"2\" width=\"462\">&lt;1um \uff08stylus\uff1a50mm\uff0cGeschwindigkeit: 50~200mm\/min\uff09<\/td>\n<\/tr>\n<tr>\n<td width=\"258\">Richtung des Ausl\u00f6sers<\/td>\n<td colspan=\"2\" width=\"462\">\u00b1X,\u00b1Y,+Z<\/td>\n<\/tr>\n<tr>\n<td width=\"258\">Ausl\u00f6sekraft\uff08stylus\uff1a50mm\uff09<\/td>\n<td width=\"231\">XY-Ebene 0,5~0,9N<\/td>\n<td width=\"231\">Z: 6.2N<\/td>\n<\/tr>\n<tr>\n<td width=\"258\">Schutzbereich<\/td>\n<td width=\"231\">XY-Ebene +\/-12,5\u00b0<\/td>\n<td width=\"231\">Z: 6,2 mm<\/td>\n<\/tr>\n<tr>\n<td>Modus der Signal\u00fcbertragung<\/td>\n<td colspan=\"2\">Funk\u00fcbertragung<\/td>\n<\/tr>\n<tr>\n<td>Betriebsbereich<\/td>\n<td colspan=\"2\" width=\"462\">15m<\/td>\n<\/tr>\n<tr>\n<td>Leben ausl\u00f6sen<\/td>\n<td colspan=\"2\">&gt;10 Millionen<\/td>\n<\/tr>\n<tr>\n<td>Abstrahlwinkel<\/td>\n<td colspan=\"2\" width=\"462\">360\u00b0\u00dcbertragungsumschlag<\/td>\n<\/tr>\n<tr>\n<td>Funkfrequenz<\/td>\n<td colspan=\"2\" width=\"462\">2.4GHz<\/td>\n<\/tr>\n<tr>\n<td>Anzahl von Kan\u00e4len<\/td>\n<td colspan=\"2\" width=\"462\">83<\/td>\n<\/tr>\n<tr>\n<td>Kanalumschaltung<\/td>\n<td colspan=\"2\" width=\"462\">Smart Frequency Hopping<\/td>\n<\/tr>\n<tr>\n<td>\u00dcbertragung ein<\/td>\n<td colspan=\"2\" width=\"462\">M Code<\/td>\n<\/tr>\n<tr>\n<td>Gewicht ohne Schaft<\/td>\n<td colspan=\"2\" width=\"462\">220g\uff08Nicht inklusive Batterie\uff09<\/td>\n<\/tr>\n<tr>\n<td>Akku-Modell<\/td>\n<td colspan=\"2\">2x Lithium-Batterie 14250<\/td>\n<\/tr>\n<tr>\n<td rowspan=\"5\">Lebensdauer der Batterie<\/td>\n<td>Bereitschaft<\/td>\n<td width=\"231\">&gt;400 Tage<\/td>\n<\/tr>\n<tr>\n<td>3000 Ausl\u00f6ser\/Tag<\/td>\n<td width=\"231\">350Tage<\/td>\n<\/tr>\n<tr>\n<td>800 Ausl\u00f6ser\/Tag<\/td>\n<td width=\"231\">300 Tage<\/td>\n<\/tr>\n<tr>\n<td>15000 Ausl\u00f6ser\/Tag<\/td>\n<td width=\"231\">230Tage<\/td>\n<\/tr>\n<tr>\n<td colspan=\"2\">Kontinuierliches Arbeiten: &gt;3,5 Millionen<\/td>\n<\/tr>\n<tr>\n<td>Versiegeln<\/td>\n<td colspan=\"2\">IP68<\/td>\n<\/tr>\n<tr>\n<td>Betriebstemperatur<\/td>\n<td colspan=\"2\">5-60\u2103<\/td>\n<\/tr>\n<\/tbody>\n<\/table>\n<p>&nbsp;<\/p>","protected":false},"excerpt":{"rendered":"<p>Drahtloser CNC-Funkmesstaster mit barrierefreier \u00dcbertragung f\u00fcr schnelles, genaues Einrichten und In-Prozess-Pr\u00fcfung. Ultrastabile RF-Verbindung mit einer Signalverlustwahrscheinlichkeit von &lt;1\/100.000, unendliche Kanaltechnologie und IP68-Schutz f\u00fcr raue K\u00fchlmittel- und Chip-Umgebungen.<\/p>","protected":false},"featured_media":1119,"template":"","meta":{"_gspb_post_css":""},"product_brand":[],"product_cat":[15],"product_tag":[34,33,31],"class_list":{"0":"post-378","1":"product","2":"type-product","3":"status-publish","4":"has-post-thumbnail","6":"product_cat-touch-probe","7":"product_tag-3d-touch-probe","8":"product_tag-cnc-wireless-radio-probe","9":"product_tag-wireless-touch-probe","11":"first","12":"instock","13":"shipping-taxable","14":"product-type-simple"},"_links":{"self":[{"href":"https:\/\/cnc-probe.com\/de\/wp-json\/wp\/v2\/product\/378","targetHints":{"allow":["GET"]}}],"collection":[{"href":"https:\/\/cnc-probe.com\/de\/wp-json\/wp\/v2\/product"}],"about":[{"href":"https:\/\/cnc-probe.com\/de\/wp-json\/wp\/v2\/types\/product"}],"wp:featuredmedia":[{"embeddable":true,"href":"https:\/\/cnc-probe.com\/de\/wp-json\/wp\/v2\/media\/1119"}],"wp:attachment":[{"href":"https:\/\/cnc-probe.com\/de\/wp-json\/wp\/v2\/media?parent=378"}],"wp:term":[{"taxonomy":"product_brand","embeddable":true,"href":"https:\/\/cnc-probe.com\/de\/wp-json\/wp\/v2\/product_brand?post=378"},{"taxonomy":"product_cat","embeddable":true,"href":"https:\/\/cnc-probe.com\/de\/wp-json\/wp\/v2\/product_cat?post=378"},{"taxonomy":"product_tag","embeddable":true,"href":"https:\/\/cnc-probe.com\/de\/wp-json\/wp\/v2\/product_tag?post=378"}],"curies":[{"name":"wp","href":"https:\/\/api.w.org\/{rel}","templated":true}]}}