{"id":383,"date":"2025-10-23T09:54:12","date_gmt":"2025-10-23T09:54:12","guid":{"rendered":"https:\/\/cnc-probe.com\/?post_type=product&#038;p=383"},"modified":"2026-02-28T08:17:18","modified_gmt":"2026-02-28T08:17:18","slug":"cnc-transmission-wired-touch-probe-high-accuracy-signal","status":"publish","type":"product","link":"https:\/\/cnc-probe.com\/de\/cnc-transmission-wired-touch-probe-high-accuracy-signal\/","title":{"rendered":"CNC-\u00dcbertragung kabelgebundenes Tastsystem Hochpr\u00e4zises Signal"},"content":{"rendered":"<h1>Hauptmerkmal:<\/h1>\n<p>Schutzart IP68 mit doppeltem Dichtungsaufbau<\/p>\n<p>Modularer Aufbau, anpassbare Sondenl\u00e4nge<\/p>\n<p>Au\u00dfergew\u00f6hnliche operative Stabilit\u00e4t, Branchenf\u00fchrer<\/p>\n<p>Anzeigelampen zur einfachen Erkennung des Betriebsstatus<\/p>\n<p>Geeignet f\u00fcr die Hochpr\u00e4zisions- und Schleifindustrie<\/p>\n<p>&nbsp;<\/p>\n<h1>Vorteil:<\/h1>\n<p>Verwendet eine Kabelverbindung, um eine Echtzeitkommunikation mit der CNC-Maschine aufrechtzuerhalten, was Daten\u00fcbertragung, automatische Korrektur, automatische Zentrierung und automatische Kompensation erm\u00f6glicht. Setzt autonom ein.<\/p>\n<p>&nbsp;<\/p>\n<h1>Produktparameter:<\/h1>\n<table style=\"border-collapse: collapse; width: 414.02pt;\" border=\"0\" width=\"690\" cellspacing=\"0\" cellpadding=\"0\">\n<tbody>\n<tr style=\"height: 25.05pt;\">\n<td class=\"et4\" style=\"height: 25.05pt; width: 154.80pt;\" width=\"258\" height=\"41\">Artikel Nr.<\/td>\n<td class=\"et5\" style=\"width: 259.20pt;\" colspan=\"2\" width=\"432\">DLP25<\/td>\n<\/tr>\n<tr style=\"height: 25.05pt;\">\n<td class=\"et4\" style=\"height: 25.05pt; width: 154.80pt;\" width=\"258\" height=\"41\">Reproduzierbarkeit<span class=\"font0\">\uff08<\/span><span class=\"font1\">2\u03c3<\/span><span class=\"font0\">\uff09<\/span><\/td>\n<td class=\"et5\" style=\"width: 259.20pt;\" colspan=\"2\" width=\"432\">&lt;1um<span class=\"font0\">\uff08<\/span><span class=\"font1\">Griffel<\/span><span class=\"font0\">\uff1a<\/span><span class=\"font1\">50mm<\/span><span class=\"font0\">\uff0c<\/span><span class=\"font1\">Geschwindigkeit<\/span><span class=\"font0\">\uff1a<\/span><span class=\"font1\">50~200mm\/min<\/span><span class=\"font0\">\uff09<\/span><\/td>\n<\/tr>\n<tr style=\"height: 25.05pt;\">\n<td class=\"et4\" style=\"height: 25.05pt; width: 154.80pt;\" width=\"258\" height=\"41\">Richtung des Ausl\u00f6sers<\/td>\n<td class=\"et5\" style=\"width: 259.20pt;\" colspan=\"2\" width=\"432\">\u00b1X,\u00b1Y,+Z<\/td>\n<\/tr>\n<tr style=\"height: 36.00pt;\">\n<td class=\"et4\" style=\"height: 36.00pt; width: 154.80pt;\" width=\"258\" height=\"60\">Ausl\u00f6sekraft<span class=\"font0\">\uff08<\/span><span class=\"font1\">Griffel<\/span><span class=\"font0\">\uff1a<\/span><span class=\"font1\">50mm<\/span><span class=\"font0\">\uff09<\/span><\/td>\n<td class=\"et5\" style=\"width: 120.60pt;\" width=\"201\">XY-Ebene 0,5~0,9N<\/td>\n<td class=\"et5\" style=\"width: 138.60pt;\" width=\"231\">Z: 6.2N<\/td>\n<\/tr>\n<tr style=\"height: 25.05pt;\">\n<td class=\"et4\" style=\"height: 25.05pt; width: 154.80pt;\" width=\"258\" height=\"41\">Schutzbereich<\/td>\n<td class=\"et6\" style=\"width: 120.60pt;\" width=\"201\">XY-Ebene +\/-12,5\u00b0<\/td>\n<td class=\"et5\" style=\"width: 138.60pt;\" width=\"231\">Z: 6,2 mm<\/td>\n<\/tr>\n<tr style=\"height: 25.05pt;\">\n<td class=\"et7\" style=\"height: 25.05pt;\" height=\"41\">Modus der Signal\u00fcbertragung<\/td>\n<td class=\"et8\" colspan=\"2\">Kabel<\/td>\n<\/tr>\n<tr style=\"height: 25.05pt;\">\n<td class=\"et7\" style=\"height: 25.05pt;\" height=\"41\">Leben ausl\u00f6sen<\/td>\n<td class=\"et5\" style=\"width: 259.20pt;\" colspan=\"2\" width=\"432\">&gt;10 Millionen<\/td>\n<\/tr>\n<tr style=\"height: 25.05pt;\">\n<td class=\"et7\" style=\"height: 25.05pt;\" height=\"41\">Gewicht<\/td>\n<td class=\"et8\" colspan=\"2\">80g<\/td>\n<\/tr>\n<tr style=\"height: 25.05pt;\">\n<td class=\"et7\" style=\"height: 25.05pt;\" height=\"41\">Kabel<\/td>\n<td class=\"et5\" style=\"width: 259.20pt;\" colspan=\"2\" width=\"432\">5m, \u00f6lbest\u00e4ndig, 4 Adern, \u03c65mm<\/td>\n<\/tr>\n<tr style=\"height: 25.05pt;\">\n<td class=\"et7\" style=\"height: 25.05pt;\" height=\"41\">Material des Geh\u00e4uses<\/td>\n<td class=\"et8\" colspan=\"2\">Edelstahl 316<\/td>\n<\/tr>\n<tr style=\"height: 25.05pt;\">\n<td class=\"et7\" style=\"height: 25.05pt;\" height=\"41\">Versiegeln<\/td>\n<td class=\"et5\" style=\"width: 259.20pt;\" colspan=\"2\" width=\"432\">IP68<\/td>\n<\/tr>\n<tr style=\"height: 25.05pt;\">\n<td class=\"et7\" style=\"height: 25.05pt;\" height=\"41\">Betriebstemperatur<\/td>\n<td class=\"et9\" colspan=\"2\">5-60<span class=\"font4\">\u2103<\/span><\/td>\n<\/tr>\n<\/tbody>\n<\/table>","protected":false},"excerpt":{"rendered":"<p>Kabelgebundener CNC-Taster f\u00fcr Hochpr\u00e4zisions- und Schleifanwendungen. Schutzart IP68 mit doppelter Abdichtung, modulares Design mit anpassbarer Tasterl\u00e4nge, branchenf\u00fchrende Stabilit\u00e4t und klare Anzeigeleuchten f\u00fcr sofortige Statusanzeige - ideal f\u00fcr anspruchsvolle Umgebungen mit K\u00fchlmitteln und Staub.<\/p>","protected":false},"featured_media":841,"template":"","meta":{"_gspb_post_css":""},"product_brand":[],"product_cat":[15],"product_tag":[35,37,36],"class_list":{"0":"post-383","1":"product","2":"type-product","3":"status-publish","4":"has-post-thumbnail","6":"product_cat-touch-probe","7":"product_tag-cnc-wired-transmission-probe","8":"product_tag-wired-3d-probe","9":"product_tag-wired-touch-probe","11":"first","12":"instock","13":"shipping-taxable","14":"product-type-simple"},"_links":{"self":[{"href":"https:\/\/cnc-probe.com\/de\/wp-json\/wp\/v2\/product\/383","targetHints":{"allow":["GET"]}}],"collection":[{"href":"https:\/\/cnc-probe.com\/de\/wp-json\/wp\/v2\/product"}],"about":[{"href":"https:\/\/cnc-probe.com\/de\/wp-json\/wp\/v2\/types\/product"}],"wp:featuredmedia":[{"embeddable":true,"href":"https:\/\/cnc-probe.com\/de\/wp-json\/wp\/v2\/media\/841"}],"wp:attachment":[{"href":"https:\/\/cnc-probe.com\/de\/wp-json\/wp\/v2\/media?parent=383"}],"wp:term":[{"taxonomy":"product_brand","embeddable":true,"href":"https:\/\/cnc-probe.com\/de\/wp-json\/wp\/v2\/product_brand?post=383"},{"taxonomy":"product_cat","embeddable":true,"href":"https:\/\/cnc-probe.com\/de\/wp-json\/wp\/v2\/product_cat?post=383"},{"taxonomy":"product_tag","embeddable":true,"href":"https:\/\/cnc-probe.com\/de\/wp-json\/wp\/v2\/product_tag?post=383"}],"curies":[{"name":"wp","href":"https:\/\/api.w.org\/{rel}","templated":true}]}}