{"id":850,"date":"2026-01-16T08:21:41","date_gmt":"2026-01-16T08:21:41","guid":{"rendered":"https:\/\/cnc-probe.com\/?post_type=product&#038;p=850"},"modified":"2026-02-28T08:12:45","modified_gmt":"2026-02-28T08:12:45","slug":"cnc-single-axis-wired-tool-setter-small-diameter-high-repeat","status":"publish","type":"product","link":"https:\/\/cnc-probe.com\/de\/cnc-single-axis-wired-tool-setter-small-diameter-high-repeat\/","title":{"rendered":"Cnc Single-Axis Wired Tool Setter kleinen Durchmesser hohe Wiederholung"},"content":{"rendered":"<h1>Hauptmerkmal:<\/h1>\n<p>Schutzart IP 68<br \/>\nGeringe Ausl\u00f6sekraft, verf\u00fcgbar f\u00fcr die Erkennung von Schneidwerkzeugen mit kleinem Durchmesser<br \/>\nPhotoelektrische Sensorausl\u00f6sung f\u00fcr h\u00f6here Genauigkeit und l\u00e4ngere Lebensdauer<\/p>\n<p>Geeignet f\u00fcr Pr\u00e4zisionsschnitzmaschinen und Hochglanzmaschinen<\/p>\n<p>&nbsp;<\/p>\n<h1>Vorteil:<\/h1>\n<p>Ein einachsiger Werkzeugeinsteller, der Werkzeugl\u00e4ngen im Bereich von 0,1 bis 10 mm messen und kompensieren kann, sowie eine Brucherkennung und automatische Kompensation durchf\u00fchrt. Das Produkt verwendet eine Kabel\u00fcbertragung f\u00fcr die Signalausf\u00fchrung, mit einem fotoelektrischen Ausl\u00f6seschalter, einem hochharten, sehr verschlei\u00dffesten Hartkontaktkopf und einer Signal\u00fcbertragungsschnittstelle. Es wird vor allem in Werkzeugmaschinen mit kleinem Hub, wie z. B. Pr\u00e4zisionsgraviermaschinen und Lichtmaschinen mit hoher Intensit\u00e4t, eingesetzt.<\/p>\n<p>&nbsp;<\/p>\n<h1>Produktparameter:<\/h1>\n<table style=\"border-collapse: collapse; width: 388.82pt;\" border=\"0\" width=\"648\" cellspacing=\"0\" cellpadding=\"0\">\n<tbody>\n<tr style=\"height: 25.05pt;\">\n<td class=\"et4\" style=\"height: 25.05pt; width: 154.80pt;\" width=\"258\" height=\"41\">Artikel NO.<\/td>\n<td class=\"et5\" style=\"width: 234.00pt;\" colspan=\"2\" width=\"390\">DTS100<\/td>\n<\/tr>\n<tr style=\"height: 25.05pt;\">\n<td class=\"et6\" style=\"height: 25.05pt; width: 154.80pt;\" width=\"258\" height=\"41\">Durchmesser des Touchpads<\/td>\n<td class=\"et7\" style=\"width: 234.00pt;\" colspan=\"2\" width=\"390\">\u03c610<\/td>\n<\/tr>\n<tr style=\"height: 25.05pt;\">\n<td class=\"et6\" style=\"height: 25.05pt; width: 154.80pt;\" width=\"258\" height=\"41\">Richtung des Ausl\u00f6sers<\/td>\n<td class=\"et8\" style=\"width: 234.00pt;\" colspan=\"2\" width=\"390\">+Z<\/td>\n<\/tr>\n<tr style=\"height: 25.05pt;\">\n<td class=\"et6\" style=\"height: 25.05pt; width: 154.80pt;\" width=\"258\" height=\"41\">Vor dem Schlaganfall<\/td>\n<td class=\"et7\" style=\"width: 234.00pt;\" colspan=\"2\" width=\"390\">0,5 mm<\/td>\n<\/tr>\n<tr style=\"height: 25.05pt;\">\n<td class=\"et6\" style=\"height: 25.05pt; width: 154.80pt;\" width=\"258\" height=\"41\">Ausgabe<\/td>\n<td class=\"et7\" style=\"width: 234.00pt;\" colspan=\"2\" width=\"390\">A:NC<\/td>\n<\/tr>\n<tr style=\"height: 25.05pt;\">\n<td class=\"et9\" style=\"height: 25.05pt;\" height=\"41\">Schlaganfall<\/td>\n<td class=\"et10\" colspan=\"2\">6,0 mm<\/td>\n<\/tr>\n<tr style=\"height: 25.05pt;\">\n<td class=\"et6\" style=\"height: 25.05pt; width: 154.80pt;\" width=\"258\" height=\"41\">Ausl\u00f6seschutzweg<\/td>\n<td class=\"et10\" colspan=\"2\">3,5 mm<\/td>\n<\/tr>\n<tr style=\"height: 36.00pt;\">\n<td class=\"et6\" style=\"height: 36.00pt; width: 154.80pt;\" width=\"258\" height=\"60\"><span class=\"font1\">Wiederholbarkeit Pr\u00e4zision(2\u03c3<\/span><span class=\"font2\">\uff09<\/span><\/td>\n<td class=\"et7\" style=\"width: 234.00pt;\" colspan=\"2\" width=\"390\"><span class=\"font1\">&lt;1um<\/span><span class=\"font2\">\uff08<\/span><span class=\"font1\">Geschwindigkeit50mm\/min<\/span><span class=\"font2\">\uff09<\/span><\/td>\n<\/tr>\n<tr style=\"height: 25.05pt;\">\n<td class=\"et9\" style=\"height: 25.05pt;\" height=\"41\">Leben ausl\u00f6sen<\/td>\n<td class=\"et7\" style=\"width: 234.00pt;\" colspan=\"2\" width=\"390\">&gt;10 Millionen<\/td>\n<\/tr>\n<tr style=\"height: 33.00pt;\">\n<td class=\"et9\" style=\"height: 33.00pt;\" height=\"55\">Modus der Signal\u00fcbertragung<\/td>\n<td class=\"et7\" style=\"width: 234.00pt;\" colspan=\"2\" width=\"390\">Kabel<br \/>\n5m,\u00d6lbest\u00e4ndigkeit,6Kerne,\u03c64.8<\/td>\n<\/tr>\n<tr style=\"height: 25.05pt;\">\n<td class=\"et9\" style=\"height: 25.05pt;\" height=\"41\">Versiegeln<\/td>\n<td class=\"et7\" style=\"width: 234.00pt;\" colspan=\"2\" width=\"390\">IP68<\/td>\n<\/tr>\n<tr style=\"height: 25.05pt;\">\n<td class=\"et9\" style=\"height: 25.05pt;\" height=\"41\">Abzugskraft<\/td>\n<td class=\"et10\" colspan=\"2\">1.8N(Installationsstatus: Vertikal)<\/td>\n<\/tr>\n<tr style=\"height: 25.05pt;\">\n<td class=\"et9\" style=\"height: 25.05pt;\" height=\"41\">Material des Touchpads<\/td>\n<td class=\"et7\" style=\"width: 234.00pt;\" colspan=\"2\" width=\"390\">Wolframkarbid<\/td>\n<\/tr>\n<tr style=\"height: 25.05pt;\">\n<td class=\"et9\" style=\"height: 25.05pt;\" height=\"41\">Oberfl\u00e4chenbehandlung<\/td>\n<td class=\"et7\" style=\"width: 234.00pt;\" colspan=\"2\" width=\"390\">Schleifen 4S<\/td>\n<\/tr>\n<tr style=\"height: 44.00pt;\">\n<td class=\"et9\" style=\"height: 44.00pt;\" height=\"73\">Kontakt Nennwert<\/td>\n<td class=\"et7\" style=\"width: 234.00pt;\" colspan=\"2\" width=\"390\">DC24V 20mA(MAX) Empfohlener Wert10mA)Ohmsche Last<\/td>\n<\/tr>\n<tr style=\"height: 25.05pt;\">\n<td class=\"et9\" style=\"height: 25.05pt;\" height=\"41\">Schutzrohr<\/td>\n<td class=\"et7\" style=\"width: 234.00pt;\" colspan=\"2\" width=\"390\">1,5 m, Mindestradius R7<\/td>\n<\/tr>\n<tr style=\"height: 25.05pt;\">\n<td class=\"et11\" style=\"height: 25.05pt;\" height=\"41\">LED-Licht<\/td>\n<td class=\"et12\" style=\"width: 234.00pt;\" colspan=\"2\" width=\"390\">Norma: aus; aktiv: an<\/td>\n<\/tr>\n<\/tbody>\n<\/table>\n<p>&nbsp;<\/p>","protected":false},"excerpt":{"rendered":"<p>CNC-gesteuerte, einachsige, kabelgebundene Werkzeugeinstellvorrichtung mit IP68-Dichtung und geringer Ausl\u00f6sekraft f\u00fcr Werkzeuge mit kleinem Durchmesser. Photoelektrischer Sensorausl\u00f6ser gew\u00e4hrleistet hohe Genauigkeit und lange Lebensdauer. Misst\/kompensiert die Werkzeugl\u00e4nge (0,1-10 mm), erkennt gebrochene Werkzeuge und unterst\u00fctzt Pr\u00e4zisionsschnitz- und Hochglanzmaschinen.<\/p>","protected":false},"featured_media":947,"template":"","meta":{"_gspb_post_css":""},"product_brand":[],"product_cat":[17],"product_tag":[54,52,53],"class_list":{"0":"post-850","1":"product","2":"type-product","3":"status-publish","4":"has-post-thumbnail","6":"product_cat-cnc-tool-setter","7":"product_tag-automatic-cnc-z-axis-tool-setter","8":"product_tag-single-axis-cnc-tool-setter","9":"product_tag-small-diameter-cnc-tool-setter","11":"first","12":"instock","13":"shipping-taxable","14":"product-type-simple"},"_links":{"self":[{"href":"https:\/\/cnc-probe.com\/de\/wp-json\/wp\/v2\/product\/850","targetHints":{"allow":["GET"]}}],"collection":[{"href":"https:\/\/cnc-probe.com\/de\/wp-json\/wp\/v2\/product"}],"about":[{"href":"https:\/\/cnc-probe.com\/de\/wp-json\/wp\/v2\/types\/product"}],"wp:featuredmedia":[{"embeddable":true,"href":"https:\/\/cnc-probe.com\/de\/wp-json\/wp\/v2\/media\/947"}],"wp:attachment":[{"href":"https:\/\/cnc-probe.com\/de\/wp-json\/wp\/v2\/media?parent=850"}],"wp:term":[{"taxonomy":"product_brand","embeddable":true,"href":"https:\/\/cnc-probe.com\/de\/wp-json\/wp\/v2\/product_brand?post=850"},{"taxonomy":"product_cat","embeddable":true,"href":"https:\/\/cnc-probe.com\/de\/wp-json\/wp\/v2\/product_cat?post=850"},{"taxonomy":"product_tag","embeddable":true,"href":"https:\/\/cnc-probe.com\/de\/wp-json\/wp\/v2\/product_tag?post=850"}],"curies":[{"name":"wp","href":"https:\/\/api.w.org\/{rel}","templated":true}]}}