{"id":866,"date":"2026-01-17T03:24:49","date_gmt":"2026-01-17T03:24:49","guid":{"rendered":"https:\/\/cnc-probe.com\/?post_type=product&#038;p=866"},"modified":"2026-02-28T08:48:49","modified_gmt":"2026-02-28T08:48:49","slug":"cnc-z-axis-wired-tool-setter-large-strok-cost-effective","status":"publish","type":"product","link":"https:\/\/cnc-probe.com\/de\/cnc-z-axis-wired-tool-setter-large-strok-cost-effective\/","title":{"rendered":"Cnc Z-Achse Verdrahtetes Einrichtger\u00e4t Gro\u00dfer Hub Kosteneffektiv"},"content":{"rendered":"<h1>Hauptmerkmal:<\/h1>\n<p>Schutzart IP 68<br \/>\nGenauigkeit &lt;0,5uM.<br \/>\nPhotoelektrischer Sensorausl\u00f6ser, h\u00f6here Genauigkeit und l\u00e4ngere Lebensdauer<\/p>\n<p>&nbsp;<\/p>\n<h1>Vorteil:<\/h1>\n<p>Misst automatisch die Werkzeugl\u00e4nge, den Werkzeugdurchmesser und die Werkzeugdurchbiegung. Der hochpr\u00e4zise photoelektrische Ausl\u00f6sesensor kann in verschiedenen komplexen Umgebungen eingesetzt werden. Er verbessert die Geschwindigkeit und Genauigkeit der Werkzeugerkennung, reduziert Fehler, minimiert den Ausschuss und erh\u00f6ht die Produktivit\u00e4t.<\/p>\n<p>&nbsp;<\/p>\n<h1>Produktparameter:<\/h1>\n<table style=\"border-collapse: collapse; width: 402.62pt;\" border=\"0\" width=\"671\" cellspacing=\"0\" cellpadding=\"0\">\n<tbody>\n<tr style=\"height: 25.05pt;\">\n<td class=\"et4\" style=\"height: 25.05pt; width: 160.20pt;\" width=\"267\" height=\"41\">Artikel NO.<\/td>\n<td class=\"et5\" style=\"width: 242.40pt;\" colspan=\"2\" width=\"404\">DTS200C<\/td>\n<\/tr>\n<tr style=\"height: 25.05pt;\">\n<td class=\"et4\" style=\"height: 25.05pt; width: 160.20pt;\" width=\"267\" height=\"41\">Durchmesser des Touchpads<\/td>\n<td class=\"et5\" style=\"width: 242.40pt;\" colspan=\"2\" width=\"404\">\u03c620<\/td>\n<\/tr>\n<tr style=\"height: 25.05pt;\">\n<td class=\"et4\" style=\"height: 25.05pt; width: 160.20pt;\" width=\"267\" height=\"41\">Richtung des Ausl\u00f6sers<\/td>\n<td class=\"et6\" style=\"width: 242.40pt;\" colspan=\"2\" width=\"404\">+Z<\/td>\n<\/tr>\n<tr style=\"height: 25.05pt;\">\n<td class=\"et4\" style=\"height: 25.05pt; width: 160.20pt;\" width=\"267\" height=\"41\">Vor dem Schlaganfall<\/td>\n<td class=\"et5\" style=\"width: 242.40pt;\" colspan=\"2\" width=\"404\">0,7 mm<\/td>\n<\/tr>\n<tr style=\"height: 25.05pt;\">\n<td class=\"et4\" style=\"height: 25.05pt; width: 160.20pt;\" width=\"267\" height=\"41\">Ausgabe<\/td>\n<td class=\"et5\" style=\"width: 242.40pt;\" colspan=\"2\" width=\"404\">A:NEIN<\/td>\n<\/tr>\n<tr style=\"height: 25.05pt;\">\n<td class=\"et7\" style=\"height: 25.05pt;\" height=\"41\">Schlaganfall<\/td>\n<td class=\"et8\" colspan=\"2\">8,5 mm<\/td>\n<\/tr>\n<tr style=\"height: 25.05pt;\">\n<td class=\"et4\" style=\"height: 25.05pt; width: 160.20pt;\" width=\"267\" height=\"41\">Ausl\u00f6seschutzweg<\/td>\n<td class=\"et8\" colspan=\"2\">5,5 mm<\/td>\n<\/tr>\n<tr style=\"height: 31.00pt;\">\n<td class=\"et4\" style=\"height: 31.00pt; width: 160.20pt;\" width=\"267\" height=\"51\"><span class=\"font1\">Wiederholbarkeit Pr\u00e4zision(2\u03c3<\/span><span class=\"font2\">\uff09<\/span><\/td>\n<td class=\"et5\" style=\"width: 242.40pt;\" colspan=\"2\" width=\"404\"><span class=\"font1\">&lt;1um<\/span><span class=\"font2\">\uff08<\/span><span class=\"font1\">Geschwindigkeit 50mm\/min<\/span><span class=\"font2\">\uff09<\/span><\/td>\n<\/tr>\n<tr style=\"height: 25.05pt;\">\n<td class=\"et7\" style=\"height: 25.05pt;\" height=\"41\">Leben ausl\u00f6sen<\/td>\n<td class=\"et5\" style=\"width: 242.40pt;\" colspan=\"2\" width=\"404\">&gt;10 Millionen<\/td>\n<\/tr>\n<tr style=\"height: 31.95pt;\">\n<td class=\"et7\" style=\"height: 31.95pt;\" height=\"53\">Modus der Signal\u00fcbertragung<\/td>\n<td class=\"et5\" style=\"width: 242.40pt;\" colspan=\"2\" width=\"404\">Kabel<br \/>\n5m,\u00d6lbest\u00e4ndigkeit,6Kerne,\u03c64.8<\/td>\n<\/tr>\n<tr style=\"height: 25.05pt;\">\n<td class=\"et7\" style=\"height: 25.05pt;\" height=\"41\">Versiegeln<\/td>\n<td class=\"et5\" style=\"width: 242.40pt;\" colspan=\"2\" width=\"404\">IP68<\/td>\n<\/tr>\n<tr style=\"height: 25.05pt;\">\n<td class=\"et7\" style=\"height: 25.05pt;\" height=\"41\">Abzugskraft<\/td>\n<td class=\"et8\" colspan=\"2\">2.2N(Installationsstatus: Vertikal)<\/td>\n<\/tr>\n<tr style=\"height: 25.05pt;\">\n<td class=\"et7\" style=\"height: 25.05pt;\" height=\"41\">Material des Touchpads<\/td>\n<td class=\"et5\" style=\"width: 242.40pt;\" colspan=\"2\" width=\"404\">Wolframkarbid<\/td>\n<\/tr>\n<tr style=\"height: 25.05pt;\">\n<td class=\"et7\" style=\"height: 25.05pt;\" height=\"41\">Oberfl\u00e4chenbehandlung<\/td>\n<td class=\"et5\" style=\"width: 242.40pt;\" colspan=\"2\" width=\"404\">Schleifen 4S<\/td>\n<\/tr>\n<tr style=\"height: 33.00pt;\">\n<td class=\"et7\" style=\"height: 33.00pt;\" height=\"55\">Kontakt Nennwert<\/td>\n<td class=\"et5\" style=\"width: 242.40pt;\" colspan=\"2\" width=\"404\">DC24V 20mA(MAX) Empfohlener Wert10mA)Ohmsche Last<\/td>\n<\/tr>\n<tr style=\"height: 25.05pt;\">\n<td class=\"et7\" style=\"height: 25.05pt;\" height=\"41\">Schutzrohr<\/td>\n<td class=\"et5\" style=\"width: 242.40pt;\" colspan=\"2\" width=\"404\">1,5 m, Mindestradius R7<\/td>\n<\/tr>\n<tr style=\"height: 25.05pt;\">\n<td class=\"et7\" style=\"height: 25.05pt;\" height=\"41\">LED-Licht<\/td>\n<td class=\"et5\" style=\"width: 242.40pt;\" colspan=\"2\" width=\"404\">Norma: aus; aktiv: an<\/td>\n<\/tr>\n<\/tbody>\n<\/table>\n<p>&nbsp;<\/p>","protected":false},"excerpt":{"rendered":"<p>Kosteng\u00fcnstige CNC-Z-Achsen-Einstellvorrichtung mit IP68-Dichtung, 11 mm gro\u00dfem Hub und \u22640,5 \u03bcm Pr\u00e4zision. Photoelektrischer Ausl\u00f6ser gew\u00e4hrleistet hohe Genauigkeit und lange Lebensdauer. Misst automatisch die L\u00e4nge, den Durchmesser und die Durchbiegung des Werkzeugs, um Fehler und Ausschuss zu reduzieren - optimierte Abmessungen und Leistung zu einem besseren Preis als beim DTS200.<\/p>","protected":false},"featured_media":1339,"template":"","meta":{"_gspb_post_css":""},"product_brand":[],"product_cat":[17],"product_tag":[58,60,59],"class_list":{"0":"post-866","1":"product","2":"type-product","3":"status-publish","4":"has-post-thumbnail","6":"product_cat-cnc-tool-setter","7":"product_tag-cnc-z-axis-wired-tool-setter","8":"product_tag-cost-effective-large-stroke-tool-setter","9":"product_tag-photoelectric-trigger-sensor","11":"first","12":"instock","13":"shipping-taxable","14":"product-type-simple"},"_links":{"self":[{"href":"https:\/\/cnc-probe.com\/de\/wp-json\/wp\/v2\/product\/866","targetHints":{"allow":["GET"]}}],"collection":[{"href":"https:\/\/cnc-probe.com\/de\/wp-json\/wp\/v2\/product"}],"about":[{"href":"https:\/\/cnc-probe.com\/de\/wp-json\/wp\/v2\/types\/product"}],"wp:featuredmedia":[{"embeddable":true,"href":"https:\/\/cnc-probe.com\/de\/wp-json\/wp\/v2\/media\/1339"}],"wp:attachment":[{"href":"https:\/\/cnc-probe.com\/de\/wp-json\/wp\/v2\/media?parent=866"}],"wp:term":[{"taxonomy":"product_brand","embeddable":true,"href":"https:\/\/cnc-probe.com\/de\/wp-json\/wp\/v2\/product_brand?post=866"},{"taxonomy":"product_cat","embeddable":true,"href":"https:\/\/cnc-probe.com\/de\/wp-json\/wp\/v2\/product_cat?post=866"},{"taxonomy":"product_tag","embeddable":true,"href":"https:\/\/cnc-probe.com\/de\/wp-json\/wp\/v2\/product_tag?post=866"}],"curies":[{"name":"wp","href":"https:\/\/api.w.org\/{rel}","templated":true}]}}