{"id":875,"date":"2026-01-17T05:41:32","date_gmt":"2026-01-17T05:41:32","guid":{"rendered":"https:\/\/cnc-probe.com\/?post_type=product&#038;p=875"},"modified":"2026-02-28T09:28:04","modified_gmt":"2026-02-28T09:28:04","slug":"optical-wired-five-axis-cnc-touch-tool-setter-high-accuracy","status":"publish","type":"product","link":"https:\/\/cnc-probe.com\/de\/optical-wired-five-axis-cnc-touch-tool-setter-high-accuracy\/","title":{"rendered":"Optisch verdrahtetes F\u00fcnf-Achsen-Cnc-Touch-Werkzeugeinstellger\u00e4t mit hoher Genauigkeit"},"content":{"rendered":"<h1>Hauptmerkmal\uff1a<\/h1>\n<p>Automatische Messung von Werkzeugl\u00e4nge und -durchmesser<\/p>\n<p>Ip68-Schutzniveau<\/p>\n<p>Anzeigelampen zur einfachen Erkennung des Betriebsstatus<\/p>\n<p>Geeignet f\u00fcr CNC-Maschinen, die den Arbeitstisch nicht rotieren<\/p>\n<p>&nbsp;<\/p>\n<h1>Vorteil\uff1a<\/h1>\n<p>Er kann maschineninterne Messungen von Werkzeugl\u00e4nge und -durchmesser, automatische Kompensation und Werkzeugbrucherkennung durchf\u00fchren. Der ausl\u00f6sende Sensor verwendet eine hochfeste Hartlegierungsstruktur und die von Qidu entwickelte autonome Mikroverformungs-R\u00fcckstelltechnologie, die eine ausgezeichnete Produktstabilit\u00e4t und hohe Wiederholgenauigkeit bei der Positionierung gew\u00e4hrleistet.<\/p>\n<p>&nbsp;<\/p>\n<h1>Produktparameter:<\/h1>\n<table style=\"border-collapse: collapse; width: 458.43pt;\" border=\"0\" width=\"764\" cellspacing=\"0\" cellpadding=\"0\">\n<tbody>\n<tr style=\"height: 25.05pt;\">\n<td class=\"et4\" style=\"height: 25.05pt; width: 161.40pt;\" width=\"269\" height=\"41\">Artikel Nr.<\/td>\n<td class=\"et5\" style=\"width: 297.00pt;\" colspan=\"2\" width=\"495\">DMTS-L<\/td>\n<\/tr>\n<tr style=\"height: 25.05pt;\">\n<td class=\"et4\" style=\"height: 25.05pt; width: 161.40pt;\" width=\"269\" height=\"41\">Ausgabe<\/td>\n<td class=\"et5\" style=\"width: 297.00pt;\" colspan=\"2\" width=\"495\">A:NEIN<\/td>\n<\/tr>\n<tr style=\"height: 25.05pt;\">\n<td class=\"et4\" style=\"height: 25.05pt; width: 161.40pt;\" width=\"269\" height=\"41\">Richtung des Ausl\u00f6sers<\/td>\n<td class=\"et5\" style=\"width: 297.00pt;\" colspan=\"2\" width=\"495\">\u00b1X,\u00b1Y,+Z<\/td>\n<\/tr>\n<tr style=\"height: 25.05pt;\">\n<td class=\"et4\" style=\"height: 25.05pt; width: 161.40pt;\" width=\"269\" height=\"41\">Pre-Stroke<\/td>\n<td class=\"et5\" style=\"width: 297.00pt;\" colspan=\"2\" width=\"495\">NO<\/td>\n<\/tr>\n<tr style=\"height: 37.95pt;\">\n<td class=\"et6\" style=\"height: 37.95pt;\" height=\"63\">Schlaganfall<\/td>\n<td class=\"et5\" style=\"width: 138.60pt;\" width=\"231\">XY-Ebene<br \/>\n6,0 mm<\/td>\n<td class=\"et5\" style=\"width: 158.40pt;\" width=\"264\">Z<br \/>\n5,1 mm<\/td>\n<\/tr>\n<tr style=\"height: 30.00pt;\">\n<td class=\"et4\" style=\"height: 30.00pt; width: 161.40pt;\" width=\"269\" height=\"50\"><span class=\"font1\">Wiederholbarkeit Pr\u00e4zision<\/span><span class=\"font2\">\uff08<\/span><span class=\"font1\">2\u03c3<\/span><span class=\"font2\">\uff09<\/span><\/td>\n<td class=\"et5\" style=\"width: 297.00pt;\" colspan=\"2\" width=\"495\"><span class=\"font1\">&lt;1um<\/span><span class=\"font2\">\uff08<\/span><span class=\"font1\">Geschwindigkeit 30mm\/min<\/span><span class=\"font2\">\uff09<\/span><\/td>\n<\/tr>\n<tr style=\"height: 25.05pt;\">\n<td class=\"et6\" style=\"height: 25.05pt;\" height=\"41\">Leben ausl\u00f6sen<\/td>\n<td class=\"et5\" style=\"width: 297.00pt;\" colspan=\"2\" width=\"495\">&gt;10 Millionen<\/td>\n<\/tr>\n<tr style=\"height: 25.05pt;\">\n<td class=\"et6\" style=\"height: 25.05pt;\" height=\"41\">Versiegeln<\/td>\n<td class=\"et5\" style=\"width: 297.00pt;\" colspan=\"2\" width=\"495\">IP68<\/td>\n<\/tr>\n<tr style=\"height: 25.95pt;\">\n<td class=\"et6\" style=\"height: 25.95pt;\" height=\"43\">Abzugskraft<\/td>\n<td class=\"et5\" style=\"width: 297.00pt;\" colspan=\"2\" width=\"495\"><span class=\"font1\">1,1N ~2,2N (abh\u00e4ngig von der Abtastrichtung)<\/span><span class=\"font2\">\uff09<\/span><\/td>\n<\/tr>\n<tr style=\"height: 37.05pt;\">\n<td class=\"et6\" style=\"height: 37.05pt;\" height=\"61\">Signal\u00fcbertragung<\/td>\n<td class=\"et5\" style=\"width: 297.00pt;\" colspan=\"2\" width=\"495\">Kabel<br \/>\n5 m, \u00d6lbest\u00e4ndigkeit, 6 Kerne, \u03c65,5<\/td>\n<\/tr>\n<tr style=\"height: 43.00pt;\">\n<td class=\"et6\" style=\"height: 43.00pt;\" height=\"71\">Material des Touchpads<\/td>\n<td class=\"et5\" style=\"width: 297.00pt;\" colspan=\"2\" width=\"495\">Diskusgriffel (superharte Legierung, Vickersh\u00e4rte HV1500)<\/td>\n<\/tr>\n<tr style=\"height: 25.05pt;\">\n<td class=\"et6\" style=\"height: 25.05pt;\" height=\"41\">Oberfl\u00e4chenbehandlung<\/td>\n<td class=\"et5\" style=\"width: 297.00pt;\" colspan=\"2\" width=\"495\">Schleifen 4S<\/td>\n<\/tr>\n<tr style=\"height: 27.00pt;\">\n<td class=\"et6\" style=\"height: 27.00pt;\" height=\"45\">Kontakt Nennwert<\/td>\n<td class=\"et5\" style=\"width: 297.00pt;\" colspan=\"2\" width=\"495\">DC24V, 20mA (MAX), empfohlen 10mA, ohmsche Last<\/td>\n<\/tr>\n<tr style=\"height: 25.05pt;\">\n<td class=\"et6\" style=\"height: 25.05pt;\" height=\"41\">Schutzrohr<\/td>\n<td class=\"et5\" style=\"width: 297.00pt;\" colspan=\"2\" width=\"495\">1,5 m, minimaler Biegeradius R7<\/td>\n<\/tr>\n<tr style=\"height: 25.05pt;\">\n<td class=\"et6\" style=\"height: 25.05pt;\" height=\"41\">LED-Licht<\/td>\n<td class=\"et5\" style=\"width: 297.00pt;\" colspan=\"2\" width=\"495\">Normal:OFF;Aktiv:ON<\/td>\n<\/tr>\n<\/tbody>\n<\/table>","protected":false},"excerpt":{"rendered":"<p>CNC 5-Achsen kabelgebundenes Werkzeugmessger\u00e4t zur automatischen Messung von Werkzeugl\u00e4nge und -durchmesser mit IP68 Abdichtung und klaren Statusanzeigen. Ideal f\u00fcr 5-Achsen-Maschinen, bei denen sich der Arbeitstisch nicht dreht. Der Hartlegierungsausl\u00f6ser mit Qidu-Mikroverformungs-Auto-Reset bietet hohe Stabilit\u00e4t, Wiederholbarkeit, Kompensation und Werkzeugbrucherkennung.<\/p>","protected":false},"featured_media":1025,"template":"","meta":{"_gspb_post_css":""},"product_brand":[],"product_cat":[17],"product_tag":[61,62,63],"class_list":{"0":"post-875","1":"product","2":"type-product","3":"status-publish","4":"has-post-thumbnail","6":"product_cat-cnc-tool-setter","7":"product_tag-cnc-5-axis-tool-setter","8":"product_tag-ip68-sealed-in-machine-measurement","9":"product_tag-tool-breakage-detection-compensation","11":"first","12":"instock","13":"shipping-taxable","14":"product-type-simple"},"_links":{"self":[{"href":"https:\/\/cnc-probe.com\/de\/wp-json\/wp\/v2\/product\/875","targetHints":{"allow":["GET"]}}],"collection":[{"href":"https:\/\/cnc-probe.com\/de\/wp-json\/wp\/v2\/product"}],"about":[{"href":"https:\/\/cnc-probe.com\/de\/wp-json\/wp\/v2\/types\/product"}],"wp:featuredmedia":[{"embeddable":true,"href":"https:\/\/cnc-probe.com\/de\/wp-json\/wp\/v2\/media\/1025"}],"wp:attachment":[{"href":"https:\/\/cnc-probe.com\/de\/wp-json\/wp\/v2\/media?parent=875"}],"wp:term":[{"taxonomy":"product_brand","embeddable":true,"href":"https:\/\/cnc-probe.com\/de\/wp-json\/wp\/v2\/product_brand?post=875"},{"taxonomy":"product_cat","embeddable":true,"href":"https:\/\/cnc-probe.com\/de\/wp-json\/wp\/v2\/product_cat?post=875"},{"taxonomy":"product_tag","embeddable":true,"href":"https:\/\/cnc-probe.com\/de\/wp-json\/wp\/v2\/product_tag?post=875"}],"curies":[{"name":"wp","href":"https:\/\/api.w.org\/{rel}","templated":true}]}}