{"id":880,"date":"2026-01-17T06:37:02","date_gmt":"2026-01-17T06:37:02","guid":{"rendered":"https:\/\/cnc-probe.com\/?post_type=product&#038;p=880"},"modified":"2026-02-11T08:10:09","modified_gmt":"2026-02-11T08:10:09","slug":"five-directions-wireless-touch-tool-setter-for-cnc-machine","status":"publish","type":"product","link":"https:\/\/cnc-probe.com\/de\/five-directions-wireless-touch-tool-setter-for-cnc-machine\/","title":{"rendered":"F\u00fcnf Richtungen Wireless Touch Tool Setter f\u00fcr Cnc-Maschine"},"content":{"rendered":"<p>Diese CNC F\u00fcnf Richtungen<strong> kabelloses Touch-Tool-Einstellger\u00e4t<\/strong>\u00a0ist ein Kontakttyp <strong>3D-Werkzeugvermessung<\/strong>\u00a0Diese L\u00f6sung wurde f\u00fcr moderne Bearbeitungszentren und CNC-Drehmaschinen entwickelt, bei denen die Verlegung von Kabeln schwierig ist oder wo Entfernungen und Hindernisse herk\u00f6mmliche Systeme unzuverl\u00e4ssig machen. Verwendung von <strong>Funk\u00fcbertragung<\/strong>, bietet es stabile, barrierentolerante Kommunikation - ideal f\u00fcr <strong>weitreichende Installationen<\/strong>, geschlossene Maschinen und Anlagen mit h\u00e4ufigem Tischwechsel oder mehreren Stationen.<\/p>\n<p>Dieses Ger\u00e4t verf\u00fcgt \u00fcber eine <strong>Schutzart IP68<\/strong>, Dadurch ist es widerstandsf\u00e4hig gegen K\u00fchlmittel, Sp\u00e4ne und Staub und gew\u00e4hrleistet eine gleichbleibende Messleistung. Es unterst\u00fctzt <strong>automatische Messung der Werkzeugl\u00e4nge und des Werkzeugdurchmessers<\/strong>, Dies erm\u00f6glicht ein schnelleres Einrichten und eine wiederholbare Kontrolle des Werkzeugversatzes ohne manuelle Lehren. Durch die Integration der Werkzeugkontrolle in den Bearbeitungszyklus reduziert das System den Einfluss des Bedieners und tr\u00e4gt dazu bei, die Ma\u00dfgenauigkeit \u00fcber mehrere Schichten hinweg stabil zu halten.<\/p>\n<p>Als <strong>kontaktbehaftetes 3D-Werkzeugeinstellger\u00e4t<\/strong>, kann es mehrere Werkzeugbedingungen erkennen und automatisch kompensieren, darunter <strong>gebrochene Werkzeuge, Werkzeugverschlei\u00df und Durchmesser\u00e4nderungen<\/strong>. Das System erkennt automatisch abnormale Werkzeugzust\u00e4nde und erm\u00f6glicht ein fr\u00fchzeitiges Eingreifen, bevor Ausschuss produziert wird. Dies verbessert die Qualit\u00e4tssicherung, minimiert die Nacharbeit und erh\u00f6ht die Gesamtproduktivit\u00e4t, da die Maschine weiterhin mit korrekten Vers\u00e4tzen schneidet.<\/p>\n<p>Das Produkt verwendet ein <strong>horizontale Gestaltung<\/strong>\u00a0mit einer effektiven <strong>Anti-Kollisions-Hauptteil<\/strong>, Dadurch wird der Betrieb bei komplexen 5-Achsen-Bewegungen, bei denen es zu unbeabsichtigten Ber\u00fchrungen kommen kann, sicherer. Dar\u00fcber hinaus ist eine <strong>Keramik-Adapterstab<\/strong>\u00a0wird verwendet, um den Sensor nach Kontaktst\u00f6\u00dfen besser zu sch\u00fctzen, das Risiko einer Besch\u00e4digung zu verringern und die Lebensdauer in anspruchsvollen Zyklen zu verl\u00e4ngern.<\/p>\n<p>Dieses Einrichtger\u00e4t eignet sich besonders f\u00fcr Werkzeugmaschinen mit begrenzter Kabelverwendung, wie z.B. <strong>Doppel-Tisch-Bearbeitungszentren<\/strong>-sowie <strong>CNC-Drehmaschinen mit rotierenden Arbeitspl\u00e4tzen oder Mehrfacharbeitspl\u00e4tzen<\/strong>. Der drahtlose Einsatz kann die Installation vereinfachen, Wartungspunkte reduzieren und flexible Maschinenlayouts unterst\u00fctzen, ohne die Zuverl\u00e4ssigkeit der Messung zu beeintr\u00e4chtigen.<\/p>\n<p>Durch die Kombination von Funkkommunikation, robuster Versiegelung, kollisionssicherer Struktur und intelligenter Erkennung von Verschlei\u00df und Bruch hilft dieses kabellose 5-Achsen-Werkzeugeinstellger\u00e4t Fabriken, die Bearbeitungsgenauigkeit zu verbessern, die Einrichtzeit zu verk\u00fcrzen und die Produktionseffizienz zu steigern - ein praktisches Upgrade f\u00fcr Fertigungsumgebungen mit hohem Durchsatz oder hohem Wert.<\/p>\n<p>&nbsp;<\/p>","protected":false},"excerpt":{"rendered":"<p>Drahtlose CNC-Werkzeugeinstellvorrichtung mit Funk\u00fcbertragung f\u00fcr gro\u00dfe Entfernungen oder verdeckte Maschinenumgebungen in f\u00fcnf Richtungen. IP68-abgedichtetes, horizontales Anti-Kollisions-Geh\u00e4use und Keramik-Adapterstab sch\u00fctzen den Sensor. Misst automatisch L\u00e4nge\/Durchmesser des Werkzeugs, erkennt Verschlei\u00df und gebrochene Werkzeuge und unterst\u00fctzt Drehb\u00e4nke mit Dreh- oder Multi-Workstations.<\/p>","protected":false},"featured_media":1020,"template":"","meta":{"_gspb_post_css":""},"product_brand":[],"product_cat":[17],"product_tag":[64,66,65],"class_list":{"0":"post-880","1":"product","2":"type-product","3":"status-publish","4":"has-post-thumbnail","6":"product_cat-cnc-tool-setter","7":"product_tag-cnc-wireless-5-axis-tool-setter","8":"product_tag-five-directions-wireless-touch-tool-setter","9":"product_tag-radio-transmission-3d-measurement","11":"first","12":"instock","13":"shipping-taxable","14":"product-type-simple"},"_links":{"self":[{"href":"https:\/\/cnc-probe.com\/de\/wp-json\/wp\/v2\/product\/880","targetHints":{"allow":["GET"]}}],"collection":[{"href":"https:\/\/cnc-probe.com\/de\/wp-json\/wp\/v2\/product"}],"about":[{"href":"https:\/\/cnc-probe.com\/de\/wp-json\/wp\/v2\/types\/product"}],"wp:featuredmedia":[{"embeddable":true,"href":"https:\/\/cnc-probe.com\/de\/wp-json\/wp\/v2\/media\/1020"}],"wp:attachment":[{"href":"https:\/\/cnc-probe.com\/de\/wp-json\/wp\/v2\/media?parent=880"}],"wp:term":[{"taxonomy":"product_brand","embeddable":true,"href":"https:\/\/cnc-probe.com\/de\/wp-json\/wp\/v2\/product_brand?post=880"},{"taxonomy":"product_cat","embeddable":true,"href":"https:\/\/cnc-probe.com\/de\/wp-json\/wp\/v2\/product_cat?post=880"},{"taxonomy":"product_tag","embeddable":true,"href":"https:\/\/cnc-probe.com\/de\/wp-json\/wp\/v2\/product_tag?post=880"}],"curies":[{"name":"wp","href":"https:\/\/api.w.org\/{rel}","templated":true}]}}