{"id":885,"date":"2026-01-17T06:52:00","date_gmt":"2026-01-17T06:52:00","guid":{"rendered":"https:\/\/cnc-probe.com\/?post_type=product&#038;p=885"},"modified":"2026-02-28T09:24:26","modified_gmt":"2026-02-28T09:24:26","slug":"cnc-laser-tool-setter-high-precision-non-contact-fast-response","status":"publish","type":"product","link":"https:\/\/cnc-probe.com\/de\/cnc-laser-tool-setter-high-precision-non-contact-fast-response\/","title":{"rendered":"CNC-Laser-Werkzeugeinstellger\u00e4t Hochpr\u00e4zise, ber\u00fchrungslos, schnelle Reaktion"},"content":{"rendered":"<h1>Mehrere Funktionen:<\/h1>\n<p>Inspektion von Werkzeugsch\u00e4den<br \/>\nMessung der Werkzeugl\u00e4nge<\/p>\n<p>Messung des Werkzeugradius<\/p>\n<p>Messung der Werkzeugform<\/p>\n<p>\u00dcberwachung der Werkzeugform<br \/>\n\u00dcberwachung des einseitigen Schneidens<\/p>\n<p>Kompensation von Verschlei\u00df<\/p>\n<p>Achsenausgleich<\/p>\n<p>\u00dcberwachung der Werkzeugspitze<\/p>\n<p>\u00dcberwachung des Fasenwerkzeugs<\/p>\n<p>Konische Werkzeug\u00fcberwachung<\/p>\n<p>&nbsp;<\/p>\n<h1>Vorteil:<\/h1>\n<p>Automatisierte Messungen sind \u00e4u\u00dferst zeiteffizient<\/p>\n<p>Hervorragende Qualit\u00e4t und extrem niedrige Fehlerquoten<\/p>\n<p>Erm\u00f6glicht einen geschlossenen Arbeitsablauf<\/p>\n<p>Unbemannte und automatisierte Betriebsart<\/p>\n<p>Misst und \u00fcberwacht verschiedene Werkzeugtypen, Formen usw.<\/p>\n<p>Hochdynamische Messung aller Werkzeugeigenschaften<\/p>\n<p>Reduziert die Mess- und Pr\u00fcfzeit um bis zu 60%<\/p>\n<p>Passt die Geschwindigkeit dynamisch auf Basis der Nenndrehzahl des Werkzeugs an<\/p>\n<p>Zuverl\u00e4ssige Messungen auch bei Vorhandensein von K\u00fchlmittel<\/p>\n<p>Filtert am Werkzeug anhaftenden Schmutz und K\u00fchlmittelr\u00fcckst\u00e4nde aus<\/p>\n<p>&nbsp;<\/p>\n<h1>Hauptmerkmal:<\/h1>\n<p>H\u00f6chste Wiederholgenauigkeit (2o)\u2264 0,1\u03bcm<\/p>\n<p>Standard-Gesamtgenauigkeit (2o) \u2264 1\u03bcm<\/p>\n<p>Fokussiertes Laserdesign f\u00fcr Messwerkzeuge mit einem Durchmesser von 0,03 mm<\/p>\n<p>Erkennen von Werkzeugl\u00e4nge, Werkzeugdurchmesser und Werkzeugdurchbiegung, einschlie\u00dflich Sch\u00e4den an den Z\u00e4hnen von Mehrzahnwerkzeugen<\/p>\n<p>Aktualisiert automatisch Werkzeugkorrekturfehler und kann die thermische Verformung der Werkzeugmaschinenspindel \u00fcberwachen und kompensieren<\/p>\n<p>Ber\u00fchrungslose Lasererkennung, die eine h\u00f6here Genauigkeit und gr\u00f6\u00dfere Stabilit\u00e4t gew\u00e4hrleistet, ohne das Werkzeug zu ber\u00fchren<\/p>\n<p>Wasserdicht bis zu 10 Meter Tiefe, Dichtheit IP68<\/p>\n<p>Die Software erkennt und filtert St\u00f6rungen durch Wassertr\u00f6pfchen aktiv heraus, wodurch Fehlalarme erheblich reduziert werden.<\/p>\n<p>&nbsp;<\/p>\n<h1>Produktparameter:<\/h1>\n<table style=\"border-collapse: collapse; width: 474.02pt;\" border=\"0\" width=\"790\" cellspacing=\"0\" cellpadding=\"0\">\n<tbody>\n<tr style=\"height: 25.05pt;\">\n<td class=\"et4\" style=\"height: 25.05pt; width: 180.00pt;\" width=\"300\" height=\"41\">Artikel Nr.<\/td>\n<td class=\"et5\" style=\"width: 98.10pt;\" width=\"163\">DNC56<\/td>\n<td class=\"et5\" style=\"width: 98.10pt;\" width=\"163\">DNC86<\/td>\n<td class=\"et5\" style=\"width: 98.10pt;\" width=\"163\">DNC168<\/td>\n<\/tr>\n<tr style=\"height: 36.00pt;\">\n<td class=\"et4\" style=\"height: 36.00pt; width: 180.00pt;\" width=\"300\" height=\"60\">Zentriertes Messwerkzeug Durchmesserbereich<\/td>\n<td class=\"et6\" style=\"width: 98.10pt;\" width=\"163\">\u03c60.03-50<\/td>\n<td class=\"et6\" style=\"width: 98.10pt;\" width=\"163\">\u03c60.03-80<\/td>\n<td class=\"et6\" style=\"width: 98.10pt;\" width=\"163\">\u03c60.03-160<\/td>\n<\/tr>\n<tr style=\"height: 31.00pt;\">\n<td class=\"et4\" style=\"height: 31.00pt; width: 180.00pt;\" width=\"300\" height=\"51\">Tangentiale Messung Werkzeugdurchmesserbereich<\/td>\n<td class=\"et6\" style=\"width: 98.10pt;\" width=\"163\">\u03c60.03-60<\/td>\n<td class=\"et6\" style=\"width: 98.10pt;\" width=\"163\">\u03c60.03-110<\/td>\n<td class=\"et6\" style=\"width: 98.10pt;\" width=\"163\">\u03c60.03-320<\/td>\n<\/tr>\n<tr style=\"height: 25.05pt;\">\n<td class=\"et4\" style=\"height: 25.05pt; width: 180.00pt;\" width=\"300\" height=\"41\">Reproduzierbarkeit (2\u03c3)<\/td>\n<td class=\"et7\" style=\"width: 294.30pt;\" colspan=\"3\" width=\"490\">\u00b10,1 um<\/td>\n<\/tr>\n<tr style=\"height: 31.00pt;\">\n<td class=\"et4\" style=\"height: 31.00pt; width: 180.00pt;\" width=\"300\" height=\"51\">Allgemein Umfassende Genauigkeit<\/td>\n<td class=\"et6\" style=\"width: 294.30pt;\" colspan=\"3\" width=\"490\">\u00b11um<\/td>\n<\/tr>\n<tr style=\"height: 25.05pt;\">\n<td class=\"et8\" style=\"height: 25.05pt;\" height=\"41\">Laser-Typ<\/td>\n<td class=\"et9\" colspan=\"3\">Leistung &lt;1mW, Wellenl\u00e4nge 680nm<\/td>\n<\/tr>\n<tr style=\"height: 25.05pt;\">\n<td class=\"et8\" style=\"height: 25.05pt;\" height=\"41\">Kollimation von Laserstrahlen<\/td>\n<td class=\"et6\" style=\"width: 294.30pt;\" colspan=\"3\" width=\"490\">Verstellung \u00fcber Montagesockel<\/td>\n<\/tr>\n<tr style=\"height: 25.05pt;\">\n<td class=\"et8\" style=\"height: 25.05pt;\" height=\"41\">Stromversorgungsspannung<\/td>\n<td class=\"et9\" colspan=\"3\"><span class=\"font1\">50mA<\/span><span class=\"font0\">\uff0c<\/span><span class=\"font1\">24 VDC<\/span><\/td>\n<\/tr>\n<tr style=\"height: 25.05pt;\">\n<td class=\"et8\" style=\"height: 25.05pt;\" height=\"41\">Schutz der Stromversorgung<\/td>\n<td class=\"et6\" style=\"width: 294.30pt;\" colspan=\"3\" width=\"490\">R\u00fcckstellbarer Schutz, austauschbare Sicherung<\/td>\n<\/tr>\n<tr style=\"height: 25.05pt;\">\n<td class=\"et8\" style=\"height: 25.05pt;\" height=\"41\">Ausgangssignal<\/td>\n<td class=\"et6\" style=\"width: 294.30pt;\" colspan=\"3\" width=\"490\">Max. Strom 50mA, Max. Spannung \u00b150V<\/td>\n<\/tr>\n<tr style=\"height: 25.05pt;\">\n<td class=\"et8\" style=\"height: 25.05pt;\" height=\"41\">Signal\u00fcbertragungsmethode<\/td>\n<td class=\"et6\" style=\"width: 294.30pt;\" colspan=\"3\" width=\"490\">5m \u00f6lbest\u00e4ndiges geschirmtes 8-adriges verdrilltes Kabel<\/td>\n<\/tr>\n<tr style=\"height: 25.05pt;\">\n<td class=\"et8\" style=\"height: 25.05pt;\" height=\"41\">Luftzufuhr<\/td>\n<td class=\"et6\" style=\"width: 294.30pt;\" colspan=\"3\" width=\"490\">6-mm-Schl\u00e4uche (43psi-87psi)<\/td>\n<\/tr>\n<tr style=\"height: 25.05pt;\">\n<td class=\"et8\" style=\"height: 25.05pt;\" height=\"41\">Nutzungsdauer<\/td>\n<td class=\"et7\" style=\"width: 294.30pt;\" colspan=\"3\" width=\"490\">&gt;1 Million Schaltzyklen<\/td>\n<\/tr>\n<tr style=\"height: 25.05pt;\">\n<td class=\"et8\" style=\"height: 25.05pt;\" height=\"41\">Versiegeln<\/td>\n<td class=\"et6\" style=\"width: 294.30pt;\" colspan=\"3\" width=\"490\">IP68<\/td>\n<\/tr>\n<tr style=\"height: 25.05pt;\">\n<td class=\"et8\" style=\"height: 25.05pt;\" height=\"41\">Material<\/td>\n<td class=\"et10\" colspan=\"3\">Luftfahrt-Aluminium<\/td>\n<\/tr>\n<tr style=\"height: 25.05pt;\">\n<td class=\"et8\" style=\"height: 25.05pt;\" height=\"41\">Lagertemperaturbereich<\/td>\n<td class=\"et11\" colspan=\"3\">-10\u00b0 bis 70\u00b0<\/td>\n<\/tr>\n<tr style=\"height: 25.05pt;\">\n<td class=\"et8\" style=\"height: 25.05pt;\" height=\"41\">Betriebstemperaturbereich<\/td>\n<td class=\"et9\" colspan=\"3\">5\u00b0 bis 50\u00b0<\/td>\n<\/tr>\n<\/tbody>\n<\/table>","protected":false},"excerpt":{"rendered":"<p>CNC-Laser-Werkzeugeinstellger\u00e4t zur ultraschnellen, ber\u00fchrungslosen Werkzeugmessung und -\u00fcberwachung. Reproduzierbarkeit \u22640,1\u03bcm (2\u03c3), Genauigkeit \u22641\u03bcm (2\u03c3), misst bis zu \u00d80,03mm. Erkennt L\u00e4nge, Durchmesser, Durchbiegung und Zahnsch\u00e4den, filtert K\u00fchlmittel\/Schmutz, IP68 (10m) und unterst\u00fctzt mannlose Automatisierung im geschlossenen Regelkreis.<\/p>","protected":false},"featured_media":887,"template":"","meta":{"_gspb_post_css":""},"product_brand":[],"product_cat":[17],"product_tag":[67,69,68],"class_list":{"0":"post-885","1":"product","2":"type-product","3":"status-publish","4":"has-post-thumbnail","6":"product_cat-cnc-tool-setter","7":"product_tag-cnc-laser-tool-setter","8":"product_tag-non-contact-fast-response-tool-setter","9":"product_tag-non-contact-micro-tool-measurement","11":"first","12":"instock","13":"shipping-taxable","14":"product-type-simple"},"_links":{"self":[{"href":"https:\/\/cnc-probe.com\/de\/wp-json\/wp\/v2\/product\/885","targetHints":{"allow":["GET"]}}],"collection":[{"href":"https:\/\/cnc-probe.com\/de\/wp-json\/wp\/v2\/product"}],"about":[{"href":"https:\/\/cnc-probe.com\/de\/wp-json\/wp\/v2\/types\/product"}],"wp:featuredmedia":[{"embeddable":true,"href":"https:\/\/cnc-probe.com\/de\/wp-json\/wp\/v2\/media\/887"}],"wp:attachment":[{"href":"https:\/\/cnc-probe.com\/de\/wp-json\/wp\/v2\/media?parent=885"}],"wp:term":[{"taxonomy":"product_brand","embeddable":true,"href":"https:\/\/cnc-probe.com\/de\/wp-json\/wp\/v2\/product_brand?post=885"},{"taxonomy":"product_cat","embeddable":true,"href":"https:\/\/cnc-probe.com\/de\/wp-json\/wp\/v2\/product_cat?post=885"},{"taxonomy":"product_tag","embeddable":true,"href":"https:\/\/cnc-probe.com\/de\/wp-json\/wp\/v2\/product_tag?post=885"}],"curies":[{"name":"wp","href":"https:\/\/api.w.org\/{rel}","templated":true}]}}