{"id":892,"date":"2026-01-17T07:53:42","date_gmt":"2026-01-17T07:53:42","guid":{"rendered":"https:\/\/cnc-probe.com\/?post_type=product&#038;p=892"},"modified":"2026-02-28T08:15:58","modified_gmt":"2026-02-28T08:15:58","slug":"cnc-modular-touch-probe-precision-measuring-stable-signal","status":"publish","type":"product","link":"https:\/\/cnc-probe.com\/de\/cnc-modular-touch-probe-precision-measuring-stable-signal\/","title":{"rendered":"Cnc Modulares Tastsystem Pr\u00e4zisionsmessung Stabiles Signal"},"content":{"rendered":"<h1>Hauptmerkmal:<\/h1>\n<p>Funksignale, barrierefreie \u00dcbertragung<\/p>\n<p>Geringer Stromverbrauch mit einer Batterielebensdauer von mehr als 1 Jahr<\/p>\n<p>&lt; 1\/100.000 Wahrscheinlichkeit von Signalverlusten<\/p>\n<p>Die L\u00e4nge des Sondenmoduls ist einstellbar<\/p>\n<p>Intelligente Technologie zur Frequenzreduzierung<\/p>\n<p>Ideal f\u00fcr Bearbeitungsszenarien mit tiefen Kavit\u00e4tenmessungen.<\/p>\n<p>&nbsp;<\/p>\n<h1>Vorteil:<\/h1>\n<p>Nutzt kabellose Funksignale, unempfindlich gegen Hindernisse, modularer Aufbau mit Sonde mit einem Durchmesser von 25 mm und Verl\u00e4ngerungsstangen f\u00fcr flexible Sondenl\u00e4ngenkombinationen. Geeignet f\u00fcr die Werkzeug-, Automobil- und Milit\u00e4rindustrie mit hohen Anforderungen an die Messung von Hohlr\u00e4umen.<\/p>\n<p>&nbsp;<\/p>\n<h1>Produktparameter:<\/h1>\n<table style=\"border-collapse: collapse; width: 432.02pt;\" border=\"0\" width=\"720\" cellspacing=\"0\" cellpadding=\"0\">\n<tbody>\n<tr style=\"height: 25.05pt;\">\n<td class=\"et4\" style=\"height: 25.05pt; width: 154.80pt;\" width=\"258\" height=\"41\">Artikel Nr.<\/td>\n<td class=\"et5\" style=\"width: 277.20pt;\" colspan=\"2\" width=\"462\">DRP25M<\/td>\n<\/tr>\n<tr style=\"height: 25.05pt;\">\n<td class=\"et4\" style=\"height: 25.05pt; width: 154.80pt;\" width=\"258\" height=\"41\"><span class=\"font1\">Reproduzierbarkeit<\/span><span class=\"font2\">\uff08<\/span><span class=\"font1\">2\u03c3<\/span><span class=\"font2\">\uff09<\/span><\/td>\n<td class=\"et6\" style=\"width: 277.20pt;\" colspan=\"2\" width=\"462\"><span class=\"font1\">&lt;1um<\/span><span class=\"font2\">\uff08<\/span><span class=\"font1\">Griffel<\/span><span class=\"font2\">\uff1a<\/span><span class=\"font1\">50mm<\/span><span class=\"font2\">\uff0c<\/span><span class=\"font1\">Geschwindigkeit<\/span><span class=\"font2\">\uff1a<\/span><span class=\"font1\">50~200mm\/min<\/span><span class=\"font2\">\uff09<\/span><\/td>\n<\/tr>\n<tr style=\"height: 25.05pt;\">\n<td class=\"et4\" style=\"height: 25.05pt; width: 154.80pt;\" width=\"258\" height=\"41\">Richtung des Ausl\u00f6sers<\/td>\n<td class=\"et6\" style=\"width: 277.20pt;\" colspan=\"2\" width=\"462\">\u00b1X,\u00b1Y,+Z<\/td>\n<\/tr>\n<tr style=\"height: 39.00pt;\">\n<td class=\"et4\" style=\"height: 39.00pt; width: 154.80pt;\" width=\"258\" height=\"65\"><span class=\"font1\">Ausl\u00f6sekraft<\/span><span class=\"font2\">\uff08<\/span><span class=\"font1\">Griffel<\/span><span class=\"font2\">\uff1a<\/span><span class=\"font1\">50mm<\/span><span class=\"font2\">\uff09<\/span><\/td>\n<td class=\"et7\" style=\"width: 138.60pt;\" width=\"231\">XY-Ebene 0,5~0,9N<\/td>\n<td class=\"et8\" style=\"width: 138.60pt;\" width=\"231\">Z: 6.2N<\/td>\n<\/tr>\n<tr style=\"height: 25.05pt;\">\n<td class=\"et4\" style=\"height: 25.05pt; width: 154.80pt;\" width=\"258\" height=\"41\">Schutzbereich<\/td>\n<td class=\"et7\" style=\"width: 138.60pt;\" width=\"231\">XY-Ebene +\/-12,5\u00b0<\/td>\n<td class=\"et8\" style=\"width: 138.60pt;\" width=\"231\">Z: 6,2 mm<\/td>\n<\/tr>\n<tr style=\"height: 25.05pt;\">\n<td class=\"et9\" style=\"height: 25.05pt;\" height=\"41\">Modus der Signal\u00fcbertragung<\/td>\n<td class=\"et10\" colspan=\"2\">Funk\u00fcbertragung<\/td>\n<\/tr>\n<tr style=\"height: 25.05pt;\">\n<td class=\"et9\" style=\"height: 25.05pt;\" height=\"41\">Betriebsbereich<\/td>\n<td class=\"et6\" style=\"width: 277.20pt;\" colspan=\"2\" width=\"462\">15m<\/td>\n<\/tr>\n<tr style=\"height: 25.05pt;\">\n<td class=\"et9\" style=\"height: 25.05pt;\" height=\"41\">Leben ausl\u00f6sen<\/td>\n<td class=\"et10\" colspan=\"2\">&gt;10 Millionen<\/td>\n<\/tr>\n<tr style=\"height: 25.05pt;\">\n<td class=\"et9\" style=\"height: 25.05pt;\" height=\"41\">Abstrahlwinkel<\/td>\n<td class=\"et6\" style=\"width: 277.20pt;\" colspan=\"2\" width=\"462\">360\u00b0\u00dcbertragungsumschlag<\/td>\n<\/tr>\n<tr style=\"height: 25.05pt;\">\n<td class=\"et11\" style=\"height: 25.05pt;\" height=\"41\">Funkfrequenz<\/td>\n<td class=\"et6\" style=\"width: 277.20pt;\" colspan=\"2\" width=\"462\">2.4G<\/td>\n<\/tr>\n<tr style=\"height: 25.05pt;\">\n<td class=\"et11\" style=\"height: 25.05pt;\" height=\"41\">Anzahl von Kan\u00e4len<\/td>\n<td class=\"et12\" style=\"width: 277.20pt;\" colspan=\"2\" width=\"462\">83<\/td>\n<\/tr>\n<tr style=\"height: 25.05pt;\">\n<td class=\"et11\" style=\"height: 25.05pt;\" height=\"41\">Kanalumschaltung<\/td>\n<td class=\"et6\" style=\"width: 277.20pt;\" colspan=\"2\" width=\"462\">Smart Frequency Hopping<\/td>\n<\/tr>\n<tr style=\"height: 25.05pt;\">\n<td class=\"et11\" style=\"height: 25.05pt;\" height=\"41\">\u00dcbertragung ein<\/td>\n<td class=\"et6\" style=\"width: 277.20pt;\" colspan=\"2\" width=\"462\">M Code<\/td>\n<\/tr>\n<tr style=\"height: 25.05pt;\">\n<td class=\"et9\" style=\"height: 25.05pt;\" height=\"41\">Akku-Modell<\/td>\n<td class=\"et10\" colspan=\"2\">2x Lithium-Batterie 14250<\/td>\n<\/tr>\n<tr style=\"height: 25.05pt;\">\n<td class=\"et14\" style=\"height: 125.25pt;\" rowspan=\"5\" height=\"208\">Lebensdauer der Batterie<\/td>\n<td class=\"et15\">Bereitschaft<\/td>\n<td class=\"et8\" style=\"width: 138.60pt;\" width=\"231\">&gt;400 Tage<\/td>\n<\/tr>\n<tr style=\"height: 25.05pt;\">\n<td class=\"et15\">3000 Ausl\u00f6ser\/Tag<\/td>\n<td class=\"et8\" style=\"width: 138.60pt;\" width=\"231\">350Tage<\/td>\n<\/tr>\n<tr style=\"height: 25.05pt;\">\n<td class=\"et15\">800 Ausl\u00f6ser\/Tag<\/td>\n<td class=\"et8\" style=\"width: 138.60pt;\" width=\"231\">300 Tage<\/td>\n<\/tr>\n<tr style=\"height: 25.05pt;\">\n<td class=\"et15\">15000 Ausl\u00f6ser\/Tag<\/td>\n<td class=\"et8\" style=\"width: 138.60pt;\" width=\"231\">230Tage<\/td>\n<\/tr>\n<tr style=\"height: 25.05pt;\">\n<td class=\"et15\" colspan=\"2\">Kontinuierliches Arbeiten: &gt;3,5 Millionen<\/td>\n<\/tr>\n<tr style=\"height: 25.05pt;\">\n<td class=\"et9\" style=\"height: 25.05pt;\" height=\"41\">Versiegeln<\/td>\n<td class=\"et10\" colspan=\"2\">IP68<\/td>\n<\/tr>\n<tr style=\"height: 25.05pt;\">\n<td class=\"et9\" style=\"height: 25.05pt;\" height=\"41\">Betriebstemperatur<\/td>\n<td class=\"et14\" colspan=\"2\"><span class=\"font1\">5-60<\/span><span class=\"font2\">\u2103<\/span><\/td>\n<\/tr>\n<\/tbody>\n<\/table>\n<p>&nbsp;<\/p>","protected":false},"excerpt":{"rendered":"<p>Modulares CNC-Tastsystem mit drahtlosen Funksignalen f\u00fcr barrierefreie \u00dcbertragung in tiefen Hohlr\u00e4umen. Batterielebensdauer mit geringem Stromverbrauch &gt;1 Jahr, &lt;1\/100.000 Signalverlustwahrscheinlichkeit, intelligente Frequenzschneidetechnik und einstellbare Tastermodull\u00e4nge mit \u03a625 modularen St\u00e4ben - ideal f\u00fcr Messaufgaben im Werkzeug-, Automobil- und Verteidigungsbereich.<\/p>","protected":false},"featured_media":893,"template":"","meta":{"_gspb_post_css":""},"product_brand":[],"product_cat":[15],"product_tag":[70,72,71],"class_list":{"0":"post-892","1":"product","2":"type-product","3":"status-publish","4":"has-post-thumbnail","6":"product_cat-touch-probe","7":"product_tag-cnc-modular-touch-probe","8":"product_tag-deep-cavity-measurement-25","9":"product_tag-rf-barrier-free-transmission","11":"first","12":"instock","13":"shipping-taxable","14":"product-type-simple"},"_links":{"self":[{"href":"https:\/\/cnc-probe.com\/de\/wp-json\/wp\/v2\/product\/892","targetHints":{"allow":["GET"]}}],"collection":[{"href":"https:\/\/cnc-probe.com\/de\/wp-json\/wp\/v2\/product"}],"about":[{"href":"https:\/\/cnc-probe.com\/de\/wp-json\/wp\/v2\/types\/product"}],"wp:featuredmedia":[{"embeddable":true,"href":"https:\/\/cnc-probe.com\/de\/wp-json\/wp\/v2\/media\/893"}],"wp:attachment":[{"href":"https:\/\/cnc-probe.com\/de\/wp-json\/wp\/v2\/media?parent=892"}],"wp:term":[{"taxonomy":"product_brand","embeddable":true,"href":"https:\/\/cnc-probe.com\/de\/wp-json\/wp\/v2\/product_brand?post=892"},{"taxonomy":"product_cat","embeddable":true,"href":"https:\/\/cnc-probe.com\/de\/wp-json\/wp\/v2\/product_cat?post=892"},{"taxonomy":"product_tag","embeddable":true,"href":"https:\/\/cnc-probe.com\/de\/wp-json\/wp\/v2\/product_tag?post=892"}],"curies":[{"name":"wp","href":"https:\/\/api.w.org\/{rel}","templated":true}]}}