{"id":1235,"date":"2026-02-03T08:27:36","date_gmt":"2026-02-03T08:27:36","guid":{"rendered":"https:\/\/cnc-probe.com\/?post_type=product&#038;p=1235"},"modified":"2026-02-11T08:04:40","modified_gmt":"2026-02-11T08:04:40","slug":"presition-cnc-calibration-sphere-ceramic-standard-ball-probe-gauge","status":"publish","type":"product","link":"https:\/\/cnc-probe.com\/es\/presition-cnc-calibration-sphere-ceramic-standard-ball-probe-gauge\/","title":{"rendered":"Presici\u00f3n CNC Calibraci\u00f3n Esfera Cer\u00e1mica Est\u00e1ndar Ball Probe Gauge"},"content":{"rendered":"<p data-start=\"351\" data-end=\"671\">En <strong data-start=\"394\" data-end=\"454\">CNC Calibraci\u00f3n Esfera Cer\u00e1mica Est\u00e1ndar Ball Probe Gauge<\/strong> es una herramienta esencial para garantizar la precisi\u00f3n de las m\u00e1quinas CNC y los instrumentos de medici\u00f3n. Fabricada en cer\u00e1mica de alta calidad, esta esfera ofrece una resistencia al desgaste y una fiabilidad superiores para una calibraci\u00f3n precisa de la sonda.<\/p>\n<p data-start=\"673\" data-end=\"1187\">El material cer\u00e1mico se elige por su durabilidad y rendimiento constante, proporcionando una superficie dura y estable que resiste el desgaste con el paso del tiempo. Es ideal para <strong data-start=\"832\" data-end=\"863\">tareas de medici\u00f3n de precisi\u00f3n<\/strong>, Este calibre de sonda es esencial para comprobar la precisi\u00f3n de la sonda de la m\u00e1quina y afinar las mediciones. Este medidor de sonda es esencial para comprobar la precisi\u00f3n de la sonda, ajustar la configuraci\u00f3n de la m\u00e1quina y afinar las mediciones, garantizando en \u00faltima instancia un resultado de alta calidad y reduciendo las posibilidades de errores en su pieza de trabajo.<\/p>\n<p data-start=\"1189\" data-end=\"1475\">Con su <strong data-start=\"1198\" data-end=\"1227\">forma perfectamente esf\u00e9rica<\/strong>, El medidor de sonda ofrece una consistencia inigualable, proporcionando <strong data-start=\"1285\" data-end=\"1307\">resultados repetibles<\/strong> incluso en condiciones de mecanizado exigentes. Su superficie es lisa y estable, lo que garantiza que el contacto con la sonda sea fiable, minimizando cualquier variabilidad en las mediciones.<\/p>\n<p data-start=\"1477\" data-end=\"1875\">Adem\u00e1s, el <strong data-start=\"1494\" data-end=\"1520\">Esfera de calibraci\u00f3n CNC<\/strong> es compacto y f\u00e1cil de integrar en la configuraci\u00f3n de su m\u00e1quina. Se utiliza en diversos sectores, desde <strong data-start=\"1622\" data-end=\"1637\">fabricaci\u00f3n de moldes<\/strong> a <strong data-start=\"1641\" data-end=\"1669\">fabricaci\u00f3n de autom\u00f3viles<\/strong>, donde una medici\u00f3n precisa es crucial. Es especialmente \u00fatil para <strong data-start=\"1737\" data-end=\"1791\">calibraci\u00f3n de m\u00e1quinas CNC, verificaci\u00f3n de la precisi\u00f3n de las sondas<\/strong>, y garantizar <strong data-start=\"1806\" data-end=\"1846\">rendimiento constante y de alta calidad<\/strong> tanto en la configuraci\u00f3n como en el funcionamiento.<\/p>\n<p data-start=\"1877\" data-end=\"2087\" data-is-last-node=\"\" data-is-only-node=\"\">En conjunto, esta esfera de calibraci\u00f3n es una herramienta indispensable en cualquier taller que exija los m\u00e1s altos niveles de precisi\u00f3n, ofreci\u00e9ndole la seguridad de que su m\u00e1quina CNC funciona siempre al m\u00e1ximo rendimiento.<\/p>","protected":false},"excerpt":{"rendered":"<p>Esfera de calibraci\u00f3n CNC de cer\u00e1mica de calibre est\u00e1ndar de sonda esf\u00e9rica dise\u00f1ada para mediciones de precisi\u00f3n. Presenta una construcci\u00f3n cer\u00e1mica de alta calidad, una superficie duradera y una repetibilidad fiable. Ideal para comprobar la precisi\u00f3n de la sonda y calibrar m\u00e1quinas, proporcionando resultados precisos incluso en condiciones dif\u00edciles.<\/p>","protected":false},"featured_media":1236,"template":"","meta":{"_gspb_post_css":""},"product_brand":[],"product_cat":[20],"product_tag":[110,109,111],"class_list":{"0":"post-1235","1":"product","2":"type-product","3":"status-publish","4":"has-post-thumbnail","6":"product_cat-accessories","7":"product_tag-ceramic-probe-gauge","8":"product_tag-cnc-calibration-sphere","9":"product_tag-precision-measurement-tool","11":"first","12":"instock","13":"shipping-taxable","14":"product-type-simple"},"_links":{"self":[{"href":"https:\/\/cnc-probe.com\/es\/wp-json\/wp\/v2\/product\/1235","targetHints":{"allow":["GET"]}}],"collection":[{"href":"https:\/\/cnc-probe.com\/es\/wp-json\/wp\/v2\/product"}],"about":[{"href":"https:\/\/cnc-probe.com\/es\/wp-json\/wp\/v2\/types\/product"}],"wp:featuredmedia":[{"embeddable":true,"href":"https:\/\/cnc-probe.com\/es\/wp-json\/wp\/v2\/media\/1236"}],"wp:attachment":[{"href":"https:\/\/cnc-probe.com\/es\/wp-json\/wp\/v2\/media?parent=1235"}],"wp:term":[{"taxonomy":"product_brand","embeddable":true,"href":"https:\/\/cnc-probe.com\/es\/wp-json\/wp\/v2\/product_brand?post=1235"},{"taxonomy":"product_cat","embeddable":true,"href":"https:\/\/cnc-probe.com\/es\/wp-json\/wp\/v2\/product_cat?post=1235"},{"taxonomy":"product_tag","embeddable":true,"href":"https:\/\/cnc-probe.com\/es\/wp-json\/wp\/v2\/product_tag?post=1235"}],"curies":[{"name":"wp","href":"https:\/\/api.w.org\/{rel}","templated":true}]}}