{"id":1240,"date":"2026-02-03T08:53:32","date_gmt":"2026-02-03T08:53:32","guid":{"rendered":"https:\/\/cnc-probe.com\/?post_type=product&#038;p=1240"},"modified":"2026-02-11T08:02:30","modified_gmt":"2026-02-11T08:02:30","slug":"m4-cnc-probe-stylus-50mm-carbide-stem-and-3mm-ruby-ball-tip","status":"publish","type":"product","link":"https:\/\/cnc-probe.com\/es\/m4-cnc-probe-stylus-50mm-carbide-stem-and-3mm-ruby-ball-tip\/","title":{"rendered":"Palpador CNC M4 con v\u00e1stago de metal duro de 50 mm y punta de bola de rub\u00ed de 3 mm"},"content":{"rendered":"<p>Este palpador CNC es una opci\u00f3n pr\u00e1ctica y lista para el taller cuando se necesita un palpado estable y repetible sin complicar en exceso la configuraci\u00f3n. La longitud del v\u00e1stago de metal duro es <strong>50 mm <\/strong><strong>,<\/strong>y con un <strong>Bola de rub\u00ed de 3 mm<\/strong>\u00a0una combinaci\u00f3n vers\u00e1til que funciona bien para el palpado CNC diario, la preparaci\u00f3n de piezas de trabajo y la inspecci\u00f3n durante el proceso.<\/p>\n<p>El v\u00e1stago de carburo hace que este palpador tenga un rendimiento tan constante. En comparaci\u00f3n con los v\u00e1stagos de acero est\u00e1ndar, el carburo ofrece una mayor rigidez y ayuda a reducir la flexi\u00f3n y la vibraci\u00f3n cuando la sonda entra en contacto con la pieza. Esto se traduce en puntos de disparo m\u00e1s limpios, mayor repetibilidad y m\u00e1s confianza a la hora de comprobar caracter\u00edsticas cr\u00edticas. Resulta especialmente \u00fatil al sondear cavidades m\u00e1s profundas, orificios estrechos o \u00e1reas en las que un alcance mayor puede aumentar la posibilidad de desviaci\u00f3n.<\/p>\n<p>En el punto de contacto, <strong>bola de rub\u00ed<\/strong>\u00a0est\u00e1 fabricado para ofrecer durabilidad y un contacto suave con la superficie. El Ruby es muy resistente al desgaste y mantiene bien su forma con el paso del tiempo, por lo que no tendr\u00e1s que preocuparte de que la punta se desgaste r\u00e1pidamente y altere tus mediciones. Debido a que el <strong>tama\u00f1o de la bola<\/strong>\u00a0lograr el equilibrio: lo suficientemente peque\u00f1o para acceder a muchas funciones, pero robusto para el uso habitual en el taller.<\/p>\n<p>Este palpador es ideal para tareas comunes como encontrar el cero de la pieza, medir salientes y orificios, comprobar superficies planas y verificar caracter\u00edsticas durante el mecanizado. Es una elecci\u00f3n s\u00f3lida para el mecanizado CNC en general, el trabajo de moldes y los componentes de precisi\u00f3n en los que es importante la repetibilidad del palpado. Si necesita un palpador fiable que resista la producci\u00f3n y le ayude a mantener la consistencia de sus mediciones, esta combinaci\u00f3n de metal duro de 50 mm y rub\u00ed de 3 mm es una opci\u00f3n fiable.<\/p>\n<p>&nbsp;<\/p>","protected":false},"excerpt":{"rendered":"<p>Palpador de CNC con v\u00e1stago de carburo de 50 mm y punta de bola de rub\u00ed de 3 mm para un palpado preciso y repetible. El v\u00e1stago de carburo r\u00edgido minimiza la desviaci\u00f3n para mejorar la estabilidad de la medici\u00f3n, mientras que el contacto de rub\u00ed resistente al desgaste proporciona puntos de contacto suaves y fiables, ideales para palpadores CNC en inspecci\u00f3n y medici\u00f3n en proceso.<\/p>","protected":false},"featured_media":1340,"template":"","meta":{"_gspb_post_css":""},"product_brand":[],"product_cat":[18],"product_tag":[114,113,112],"class_list":{"0":"post-1240","1":"product","2":"type-product","3":"status-publish","4":"has-post-thumbnail","6":"product_cat-cnc-probes-stylus","7":"product_tag-3mm-ruby-ball-tip","8":"product_tag-carbide-stem-styli","9":"product_tag-cnc-probe-stylus","11":"first","12":"instock","13":"shipping-taxable","14":"product-type-simple"},"_links":{"self":[{"href":"https:\/\/cnc-probe.com\/es\/wp-json\/wp\/v2\/product\/1240","targetHints":{"allow":["GET"]}}],"collection":[{"href":"https:\/\/cnc-probe.com\/es\/wp-json\/wp\/v2\/product"}],"about":[{"href":"https:\/\/cnc-probe.com\/es\/wp-json\/wp\/v2\/types\/product"}],"wp:featuredmedia":[{"embeddable":true,"href":"https:\/\/cnc-probe.com\/es\/wp-json\/wp\/v2\/media\/1340"}],"wp:attachment":[{"href":"https:\/\/cnc-probe.com\/es\/wp-json\/wp\/v2\/media?parent=1240"}],"wp:term":[{"taxonomy":"product_brand","embeddable":true,"href":"https:\/\/cnc-probe.com\/es\/wp-json\/wp\/v2\/product_brand?post=1240"},{"taxonomy":"product_cat","embeddable":true,"href":"https:\/\/cnc-probe.com\/es\/wp-json\/wp\/v2\/product_cat?post=1240"},{"taxonomy":"product_tag","embeddable":true,"href":"https:\/\/cnc-probe.com\/es\/wp-json\/wp\/v2\/product_tag?post=1240"}],"curies":[{"name":"wp","href":"https:\/\/api.w.org\/{rel}","templated":true}]}}