{"id":1438,"date":"2026-02-10T09:38:48","date_gmt":"2026-02-10T09:38:48","guid":{"rendered":"https:\/\/cnc-probe.com\/?post_type=product&#038;p=1438"},"modified":"2026-02-28T07:11:38","modified_gmt":"2026-02-28T07:11:38","slug":"cnc-compatible-touch-probe-wireless-infrared-precision-probe","status":"publish","type":"product","link":"https:\/\/cnc-probe.com\/es\/cnc-compatible-touch-probe-wireless-infrared-precision-probe\/","title":{"rendered":"CNC Compatible Palpador Infrarrojo Inal\u00e1mbrico de Precisi\u00f3n"},"content":{"rendered":"<h1>Caracter\u00edstica principal:<\/h1>\n<p>\u00d3ptico de 2 canales, conmutaci\u00f3n remota de canales<br \/>\nBajo consumo de energ\u00eda con una duraci\u00f3n de la bater\u00eda superior a 1 a\u00f1o<br \/>\n&lt; 1\/100.000 probabilidad de p\u00e9rdida de se\u00f1alNivel de protecci\u00f3n IP68<\/p>\n<p>Compatible con determinadas marcas de sondas y receptores.<\/p>\n<p>&nbsp;<\/p>\n<h1>Ventajas:<\/h1>\n<p>F\u00e1cil de usar, emparejamiento sencillo, gesti\u00f3n c\u00f3moda, conmutaci\u00f3n de frecuencia remota con un solo clicAdecuado para f\u00e1bricas 3C con requisitos de alta precisi\u00f3n, lo que permite la medici\u00f3n de alta precisi\u00f3n de diversas piezas de trabajo complejas, mejorando significativamente la eficiencia de fabricaci\u00f3n, reduciendo la dependencia de la habilidad de los empleados. La detecci\u00f3n automatizada a nivel de micras reduce los defectos dimensionales y los desechos, aumenta la capacidad de producci\u00f3n y ahorra costes\u201d.\u201d<\/p>\n<p>&nbsp;<\/p>\n<h1>Par\u00e1metros del producto:<\/h1>\n<table width=\"670\">\n<tbody>\n<tr>\n<td width=\"258\">N\u00ba de art\u00edculo.<\/td>\n<td colspan=\"2\" width=\"412\">DOP40-Pro<\/td>\n<\/tr>\n<tr>\n<td width=\"258\">Repetibilidad\uff082\u03c3\uff09<\/td>\n<td colspan=\"2\" width=\"412\">&lt;1um \uff08stylus\uff1a50mm\uff0cvelocidad\uff1a50~200mm\/min\uff09<\/td>\n<\/tr>\n<tr>\n<td width=\"258\">Direcci\u00f3n de disparo<\/td>\n<td colspan=\"2\" width=\"412\">\u00b1X,\u00b1Y,+Z<\/td>\n<\/tr>\n<tr>\n<td width=\"258\">Fuerza de disparo\uff08stylus\uff1a50mm\uff09<\/td>\n<td width=\"206\">Plano XY: 0.5~0.9N<\/td>\n<td width=\"206\">Z: 6,2N<\/td>\n<\/tr>\n<tr>\n<td width=\"258\">Gama de protecci\u00f3n<\/td>\n<td width=\"206\">Plano XY: +\/-12.5\u00b0<\/td>\n<td width=\"206\">Z: 6,2 mm<\/td>\n<\/tr>\n<tr>\n<td>Modo de transmisi\u00f3n de la se\u00f1al<\/td>\n<td colspan=\"2\">Infrarrojos \u00d3pticos<\/td>\n<\/tr>\n<tr>\n<td>Alcance operativo<\/td>\n<td colspan=\"2\" width=\"412\">5m<\/td>\n<\/tr>\n<tr>\n<td>Desencadenar la vida<\/td>\n<td colspan=\"2\">&gt;10 millones<\/td>\n<\/tr>\n<tr>\n<td>\u00c1ngulo de transmisi\u00f3nTransferencia<\/td>\n<td colspan=\"2\" width=\"412\">360\u00b0Transmisi\u00f3n envolvente<\/td>\n<\/tr>\n<tr>\n<td>Activaci\u00f3n de la transferencia<\/td>\n<td colspan=\"2\" width=\"412\">C\u00f3digo M<\/td>\n<\/tr>\n<tr>\n<td>Peso sin mango<\/td>\n<td colspan=\"2\" width=\"412\">220g<\/td>\n<\/tr>\n<tr>\n<td>Modelo de bater\u00eda<\/td>\n<td colspan=\"2\">2 pilas de litio 14250<\/td>\n<\/tr>\n<tr>\n<td rowspan=\"5\">Duraci\u00f3n de la bater\u00eda<\/td>\n<td>En espera<\/td>\n<td width=\"206\">350 d\u00edas<\/td>\n<\/tr>\n<tr>\n<td>3000 disparos\/d\u00eda<\/td>\n<td width=\"206\">300 d\u00edas<\/td>\n<\/tr>\n<tr>\n<td>800 disparos\/d\u00eda<\/td>\n<td width=\"206\">280 d\u00edas<\/td>\n<\/tr>\n<tr>\n<td>15000disparos\/d\u00eda<\/td>\n<td width=\"206\">240 d\u00edas<\/td>\n<\/tr>\n<tr>\n<td colspan=\"2\">Trabajo continuo: &gt;2 millones<\/td>\n<\/tr>\n<tr>\n<td>Sellado<\/td>\n<td colspan=\"2\">IP68<\/td>\n<\/tr>\n<tr>\n<td>Temperatura de funcionamiento<\/td>\n<td colspan=\"2\">5-60\u2103<\/td>\n<\/tr>\n<\/tbody>\n<\/table>\n<p>&nbsp;<\/p>\n<p>&nbsp;<\/p>","protected":false},"excerpt":{"rendered":"<p>Palpador infrarrojo inal\u00e1mbrico CNC compatible de alta precisi\u00f3n para m\u00e1quinas CNC. Proporciona un palpado preciso y fiable con una r\u00e1pida comunicaci\u00f3n por infrarrojos. F\u00e1cil de instalar, construcci\u00f3n robusta con palpador de precisi\u00f3n para reglaje de herramientas, alineaci\u00f3n de piezas e inspecci\u00f3n automatizada. Ideal para mejorar la precisi\u00f3n del mecanizado.<\/p>","protected":false},"featured_media":1440,"template":"","meta":{"_gspb_post_css":""},"product_brand":[],"product_cat":[15],"product_tag":[117,118,31],"class_list":{"0":"post-1438","1":"product","2":"type-product","3":"status-publish","4":"has-post-thumbnail","6":"product_cat-touch-probe","7":"product_tag-cnc-touch-probe","8":"product_tag-compatible-touch-probe","9":"product_tag-wireless-touch-probe","11":"first","12":"instock","13":"shipping-taxable","14":"product-type-simple"},"_links":{"self":[{"href":"https:\/\/cnc-probe.com\/es\/wp-json\/wp\/v2\/product\/1438","targetHints":{"allow":["GET"]}}],"collection":[{"href":"https:\/\/cnc-probe.com\/es\/wp-json\/wp\/v2\/product"}],"about":[{"href":"https:\/\/cnc-probe.com\/es\/wp-json\/wp\/v2\/types\/product"}],"wp:featuredmedia":[{"embeddable":true,"href":"https:\/\/cnc-probe.com\/es\/wp-json\/wp\/v2\/media\/1440"}],"wp:attachment":[{"href":"https:\/\/cnc-probe.com\/es\/wp-json\/wp\/v2\/media?parent=1438"}],"wp:term":[{"taxonomy":"product_brand","embeddable":true,"href":"https:\/\/cnc-probe.com\/es\/wp-json\/wp\/v2\/product_brand?post=1438"},{"taxonomy":"product_cat","embeddable":true,"href":"https:\/\/cnc-probe.com\/es\/wp-json\/wp\/v2\/product_cat?post=1438"},{"taxonomy":"product_tag","embeddable":true,"href":"https:\/\/cnc-probe.com\/es\/wp-json\/wp\/v2\/product_tag?post=1438"}],"curies":[{"name":"wp","href":"https:\/\/api.w.org\/{rel}","templated":true}]}}