{"id":1454,"date":"2026-02-11T07:15:44","date_gmt":"2026-02-11T07:15:44","guid":{"rendered":"https:\/\/cnc-probe.com\/?post_type=product&#038;p=1454"},"modified":"2026-02-11T07:42:36","modified_gmt":"2026-02-11T07:42:36","slug":"high-precision-iso-bt20-tool-holder-cnc-stable-clamping","status":"publish","type":"product","link":"https:\/\/cnc-probe.com\/es\/high-precision-iso-bt20-tool-holder-cnc-stable-clamping\/","title":{"rendered":"Portaherramientas de alta precisi\u00f3n ISO BT20 CNC Sujeci\u00f3n estable"},"content":{"rendered":"<p>Portaherramientas BT20 dise\u00f1ado para una sujeci\u00f3n estable, precisi\u00f3n repetible y rendimiento fiable en la producci\u00f3n diaria. Dise\u00f1ado en torno a la norma ISO BT20, este portaherramientas se asienta firmemente en husillos BT20 compatibles, lo que garantiza una gran rigidez y una alineaci\u00f3n uniforme para obtener acabados limpios y tolerancias ajustadas.<\/p>\n<p>El cono rectificado de precisi\u00f3n de la BT20 ayuda a minimizar el descentramiento y a mejorar la concentricidad, lo que se traduce directamente en un corte m\u00e1s suave, menos vibraciones y un mejor control dimensional. Independientemente de que utilice fresas, brocas, escariadores u otras herramientas comunes, la interfaz estable puede reducir las vibraciones y proteger tanto el husillo como la herramienta de corte, lo que prolonga la vida \u00fatil y reduce los costes operativos generales.<\/p>\n<p>Este portaherramientas es robusto, puede equilibrar la construcci\u00f3n, soporta el mecanizado a alta velocidad y mantiene una fuerza de sujeci\u00f3n fiable bajo carga al mismo tiempo. El perfil aerodin\u00e1mico del cuerpo es adecuado para una amplia gama de tareas de mecanizado, desde trabajos de detalle fino hasta operaciones generales de fresado, y ayuda a mantener la estabilidad durante los cambios r\u00e1pidos de herramienta. Y el acabado de la superficie es limpio y duradero, por lo que puede resistir el desgaste y la corrosi\u00f3n en el taller, convirti\u00e9ndola en una elecci\u00f3n fiable para un uso a largo plazo.<\/p>\n<p>Ideal para la fabricaci\u00f3n de piezas de precisi\u00f3n, la creaci\u00f3n de prototipos y la producci\u00f3n de lotes peque\u00f1os y medianos, este portaherramientas BT20 le ofrece la confianza que necesita cuando la precisi\u00f3n es importante. Si su objetivo es mejorar la calidad de la superficie, reducir la desviaci\u00f3n de la herramienta y mantener el proceso de mecanizado estable y repetible.<\/p>","protected":false},"excerpt":{"rendered":"<p>Portaherramientas ISO BT20 de alta precisi\u00f3n dise\u00f1ado para fresado y taladrado CNC. Conicidad rectificada con precisi\u00f3n para una baja desviaci\u00f3n, cuerpo r\u00edgido para un corte estable y sujeci\u00f3n segura para reducir las vibraciones. Ideal para mecanizado de alta velocidad con precisi\u00f3n constante y mayor vida \u00fatil de la herramienta.<\/p>","protected":false},"featured_media":1456,"template":"","meta":{"_gspb_post_css":""},"product_brand":[],"product_cat":[20],"product_tag":[123,125,124],"class_list":{"0":"post-1454","1":"product","2":"type-product","3":"status-publish","4":"has-post-thumbnail","6":"product_cat-accessories","7":"product_tag-bt20-tool-holder","8":"product_tag-high-precision-tooling","9":"product_tag-tool-holder","11":"first","12":"instock","13":"shipping-taxable","14":"product-type-simple"},"_links":{"self":[{"href":"https:\/\/cnc-probe.com\/es\/wp-json\/wp\/v2\/product\/1454","targetHints":{"allow":["GET"]}}],"collection":[{"href":"https:\/\/cnc-probe.com\/es\/wp-json\/wp\/v2\/product"}],"about":[{"href":"https:\/\/cnc-probe.com\/es\/wp-json\/wp\/v2\/types\/product"}],"wp:featuredmedia":[{"embeddable":true,"href":"https:\/\/cnc-probe.com\/es\/wp-json\/wp\/v2\/media\/1456"}],"wp:attachment":[{"href":"https:\/\/cnc-probe.com\/es\/wp-json\/wp\/v2\/media?parent=1454"}],"wp:term":[{"taxonomy":"product_brand","embeddable":true,"href":"https:\/\/cnc-probe.com\/es\/wp-json\/wp\/v2\/product_brand?post=1454"},{"taxonomy":"product_cat","embeddable":true,"href":"https:\/\/cnc-probe.com\/es\/wp-json\/wp\/v2\/product_cat?post=1454"},{"taxonomy":"product_tag","embeddable":true,"href":"https:\/\/cnc-probe.com\/es\/wp-json\/wp\/v2\/product_tag?post=1454"}],"curies":[{"name":"wp","href":"https:\/\/api.w.org\/{rel}","templated":true}]}}