{"id":1519,"date":"2026-02-13T02:43:27","date_gmt":"2026-02-13T02:43:27","guid":{"rendered":"https:\/\/cnc-probe.com\/?post_type=product&#038;p=1519"},"modified":"2026-02-28T08:38:51","modified_gmt":"2026-02-28T08:38:51","slug":"cnc-optical-z-axis-tool-setter-with-breakage-detection","status":"publish","type":"product","link":"https:\/\/cnc-probe.com\/es\/cnc-optical-z-axis-tool-setter-with-breakage-detection\/","title":{"rendered":"Sistema \u00f3ptico CNC de reglaje de herramientas en el eje Z con detecci\u00f3n de rotura"},"content":{"rendered":"<h1>Caracter\u00edstica principal:<\/h1>\n<p>Nivel de protecci\u00f3n IP 68<br \/>\nGran dise\u00f1o Strok<br \/>\nPrecisi\u00f3n &lt;0,5uM.<br \/>\nDisparador de sensor fotoel\u00e9ctrico, mayor precisi\u00f3n y vida \u00fatil<\/p>\n<p>&nbsp;<\/p>\n<h1>Ventaja:<\/h1>\n<p>Mide autom\u00e1ticamente la longitud, el di\u00e1metro y la desviaci\u00f3n de la herramienta. El sensor de disparo fotoel\u00e9ctrico de alta precisi\u00f3n puede funcionar en diversos entornos complejos, lo que mejora la velocidad y la precisi\u00f3n de la detecci\u00f3n de herramientas, reduce los errores, minimiza los desechos y aumenta la productividad.<\/p>\n<p>&nbsp;<\/p>\n<h1>Par\u00e1metros del producto:<\/h1>\n<table style=\"border-collapse: collapse; width: 378.62pt;\" border=\"0\" width=\"631\" cellspacing=\"0\" cellpadding=\"0\">\n<tbody>\n<tr style=\"height: 25.05pt;\">\n<td class=\"et4\" style=\"height: 25.05pt; width: 155.40pt;\" width=\"259\" height=\"41\">Art\u00edculo NO.<\/td>\n<td class=\"et5\" style=\"width: 223.20pt;\" colspan=\"2\" width=\"372\">DTS200<\/td>\n<\/tr>\n<tr style=\"height: 25.05pt;\">\n<td class=\"et4\" style=\"height: 25.05pt; width: 155.40pt;\" width=\"259\" height=\"41\">Di\u00e1metro de la almohadilla t\u00e1ctil<\/td>\n<td class=\"et5\" style=\"width: 223.20pt;\" colspan=\"2\" width=\"372\">\u03c620<\/td>\n<\/tr>\n<tr style=\"height: 25.05pt;\">\n<td class=\"et4\" style=\"height: 25.05pt; width: 155.40pt;\" width=\"259\" height=\"41\">Direcci\u00f3n de disparo<\/td>\n<td class=\"et6\" style=\"width: 223.20pt;\" colspan=\"2\" width=\"372\">+Z<\/td>\n<\/tr>\n<tr style=\"height: 25.05pt;\">\n<td class=\"et4\" style=\"height: 25.05pt; width: 155.40pt;\" width=\"259\" height=\"41\">Salida<\/td>\n<td class=\"et5\" style=\"width: 223.20pt;\" colspan=\"2\" width=\"372\">A:NO<\/td>\n<\/tr>\n<tr style=\"height: 25.05pt;\">\n<td class=\"et4\" style=\"height: 25.05pt; width: 155.40pt;\" width=\"259\" height=\"41\"><span class=\"font1\">Precisi\u00f3n de repetibilidad(2\u03c3<\/span><span class=\"font2\">\uff09<\/span><\/td>\n<td class=\"et5\" style=\"width: 223.20pt;\" colspan=\"2\" width=\"372\"><span class=\"font1\">&lt;1um<\/span><span class=\"font2\">\uff08<\/span><span class=\"font1\">velocidad 50mm\/min<\/span><span class=\"font2\">\uff09<\/span><\/td>\n<\/tr>\n<tr style=\"height: 25.05pt;\">\n<td class=\"et7\" style=\"height: 25.05pt;\" height=\"41\">Desencadenar la vida<\/td>\n<td class=\"et5\" style=\"width: 223.20pt;\" colspan=\"2\" width=\"372\">&gt;10 millones<\/td>\n<\/tr>\n<tr style=\"height: 36.00pt;\">\n<td class=\"et7\" style=\"height: 36.00pt;\" height=\"60\">Modo de transmisi\u00f3n de la se\u00f1al<\/td>\n<td class=\"et5\" style=\"width: 223.20pt;\" colspan=\"2\" width=\"372\">Cable<br \/>\n5m,resistencia al aceite,6cores,\u03c64.8<\/td>\n<\/tr>\n<tr style=\"height: 24.00pt;\">\n<td class=\"et7\" style=\"height: 24.00pt;\" height=\"40\">Sellado<\/td>\n<td class=\"et5\" style=\"width: 223.20pt;\" colspan=\"2\" width=\"372\">IP68<\/td>\n<\/tr>\n<tr style=\"height: 25.05pt;\">\n<td class=\"et7\" style=\"height: 25.05pt;\" height=\"41\">Triggerforce<\/td>\n<td class=\"et8\" colspan=\"2\">2.2N(Estado de instalaci\u00f3n: Vertical)<\/td>\n<\/tr>\n<tr style=\"height: 31.95pt;\">\n<td class=\"et7\" style=\"height: 31.95pt;\" height=\"53\">Material de la almohadilla t\u00e1ctil<\/td>\n<td class=\"et5\" style=\"width: 223.20pt;\" colspan=\"2\" width=\"372\">Carburo de tungsteno<\/td>\n<\/tr>\n<tr style=\"height: 25.05pt;\">\n<td class=\"et7\" style=\"height: 25.05pt;\" height=\"41\">Tratamiento de superficies<\/td>\n<td class=\"et5\" style=\"width: 223.20pt;\" colspan=\"2\" width=\"372\">Rectificado 4S<\/td>\n<\/tr>\n<tr style=\"height: 36.00pt;\">\n<td class=\"et7\" style=\"height: 36.00pt;\" height=\"60\">Valor nominal del contacto<\/td>\n<td class=\"et5\" style=\"width: 223.20pt;\" colspan=\"2\" width=\"372\">DC24V 20mA(MAX) Valor recomendado10mA)Carga resistiva<\/td>\n<\/tr>\n<tr style=\"height: 25.05pt;\">\n<td class=\"et7\" style=\"height: 25.05pt;\" height=\"41\">Tubo protector<\/td>\n<td class=\"et5\" style=\"width: 223.20pt;\" colspan=\"2\" width=\"372\">1,5m,radio m\u00ednimo R7<\/td>\n<\/tr>\n<tr style=\"height: 25.05pt;\">\n<td class=\"et7\" style=\"height: 25.05pt;\" height=\"41\">Luz LED<\/td>\n<td class=\"et5\" style=\"width: 223.20pt;\" colspan=\"2\" width=\"372\">Norma: apagado; activo: encendido<\/td>\n<\/tr>\n<\/tbody>\n<\/table>\n<p>&nbsp;<\/p>\n<p>&nbsp;<\/p>","protected":false},"excerpt":{"rendered":"<p>Sistema de reglaje \u00f3ptico CNC de alta precisi\u00f3n del eje Z con detecci\u00f3n de rotura para m\u00e1quinas-herramienta. La medici\u00f3n \u00f3ptica r\u00e1pida y sin contacto garantiza una compensaci\u00f3n precisa de la longitud de la herramienta y la supervisi\u00f3n autom\u00e1tica de la rotura de la herramienta. Construcci\u00f3n duradera con f\u00e1cil integraci\u00f3n en centros de fresado y mecanizado.<\/p>","protected":false},"featured_media":1522,"template":"","meta":{"_gspb_post_css":""},"product_brand":[],"product_cat":[17],"product_tag":[151,153,152],"class_list":{"0":"post-1519","1":"product","2":"type-product","3":"status-publish","4":"has-post-thumbnail","6":"product_cat-cnc-tool-setter","7":"product_tag-cnc-tool-setter","8":"product_tag-optical-tool-measurement","9":"product_tag-tool-breakage-detection","11":"first","12":"instock","13":"shipping-taxable","14":"product-type-simple"},"_links":{"self":[{"href":"https:\/\/cnc-probe.com\/es\/wp-json\/wp\/v2\/product\/1519","targetHints":{"allow":["GET"]}}],"collection":[{"href":"https:\/\/cnc-probe.com\/es\/wp-json\/wp\/v2\/product"}],"about":[{"href":"https:\/\/cnc-probe.com\/es\/wp-json\/wp\/v2\/types\/product"}],"wp:featuredmedia":[{"embeddable":true,"href":"https:\/\/cnc-probe.com\/es\/wp-json\/wp\/v2\/media\/1522"}],"wp:attachment":[{"href":"https:\/\/cnc-probe.com\/es\/wp-json\/wp\/v2\/media?parent=1519"}],"wp:term":[{"taxonomy":"product_brand","embeddable":true,"href":"https:\/\/cnc-probe.com\/es\/wp-json\/wp\/v2\/product_brand?post=1519"},{"taxonomy":"product_cat","embeddable":true,"href":"https:\/\/cnc-probe.com\/es\/wp-json\/wp\/v2\/product_cat?post=1519"},{"taxonomy":"product_tag","embeddable":true,"href":"https:\/\/cnc-probe.com\/es\/wp-json\/wp\/v2\/product_tag?post=1519"}],"curies":[{"name":"wp","href":"https:\/\/api.w.org\/{rel}","templated":true}]}}