{"id":1526,"date":"2026-02-24T00:13:23","date_gmt":"2026-02-24T00:13:23","guid":{"rendered":"https:\/\/cnc-probe.com\/?post_type=product&#038;p=1526"},"modified":"2026-02-28T08:21:02","modified_gmt":"2026-02-28T08:21:02","slug":"ip68-cnc-chip-proof-one-way-tool-setter-photoelectric","status":"publish","type":"product","link":"https:\/\/cnc-probe.com\/es\/ip68-cnc-chip-proof-one-way-tool-setter-photoelectric\/","title":{"rendered":"IP68 CNC a prueba de virutas Herramienta unidireccional Setter Fotoel\u00e9ctrico"},"content":{"rendered":"<h1>Caracter\u00edstica principal:<\/h1>\n<p>Nivel de protecci\u00f3n IP 68<br \/>\nBaja fuerza de disparo, disponible para detectar herramientas de corte de peque\u00f1o di\u00e1metro. Y la cubierta protectora evita que las virutas de corte entren en el equipo.<br \/>\nDisparo por sensor fotoel\u00e9ctrico para una mayor precisi\u00f3n y vida \u00fatil.<\/p>\n<p>Apto para m\u00e1quina de tallado de precisi\u00f3n y m\u00e1quina de alto brillo.<\/p>\n<p>&nbsp;<\/p>\n<h1>Ventaja:<\/h1>\n<p>Una herramienta de un eje que puede medir y compensar la longitud de los dedos en el rango de 0,1 a 10 mm, realizar la detecci\u00f3n de dedos rotos y la compensaci\u00f3n autom\u00e1tica. El producto utiliza la transmisi\u00f3n por cable para la ejecuci\u00f3n de la se\u00f1al, con un interruptor de disparo fotoel\u00e9ctrico, cabezal de contacto duro de alta dureza y muy resistente al desgaste, e interfaz de transmisi\u00f3n de se\u00f1al. Se utiliza principalmente en m\u00e1quinas-herramienta de peque\u00f1o recorrido, como m\u00e1quinas de grabado de precisi\u00f3n y m\u00e1quinas de luz de alta intensidad. Adem\u00e1s, hemos a\u00f1adido especialmente una cubierta protectora para este producto, que puede evitar que las virutas de corte entren en el equipo.<\/p>\n<p>&nbsp;<\/p>\n<h1>Par\u00e1metros del producto:<\/h1>\n<table style=\"border-collapse: collapse; width: 388.82pt;\" border=\"0\" width=\"648\" cellspacing=\"0\" cellpadding=\"0\">\n<tbody>\n<tr style=\"height: 25.05pt;\">\n<td class=\"et4\" style=\"height: 25.05pt; width: 154.80pt;\" width=\"258\" height=\"41\">Art\u00edculo NO.<\/td>\n<td class=\"et5\" style=\"width: 234.00pt;\" colspan=\"2\" width=\"390\">DTS100S<\/td>\n<\/tr>\n<tr style=\"height: 25.05pt;\">\n<td class=\"et6\" style=\"height: 25.05pt; width: 154.80pt;\" width=\"258\" height=\"41\">Di\u00e1metro de la almohadilla t\u00e1ctil<\/td>\n<td class=\"et7\" style=\"width: 234.00pt;\" colspan=\"2\" width=\"390\">\u03c610<\/td>\n<\/tr>\n<tr style=\"height: 25.05pt;\">\n<td class=\"et6\" style=\"height: 25.05pt; width: 154.80pt;\" width=\"258\" height=\"41\">Direcci\u00f3n de disparo<\/td>\n<td class=\"et8\" style=\"width: 234.00pt;\" colspan=\"2\" width=\"390\">+Z<\/td>\n<\/tr>\n<tr style=\"height: 25.05pt;\">\n<td class=\"et6\" style=\"height: 25.05pt; width: 154.80pt;\" width=\"258\" height=\"41\">Antes del infarto<\/td>\n<td class=\"et7\" style=\"width: 234.00pt;\" colspan=\"2\" width=\"390\">0,5 mm<\/td>\n<\/tr>\n<tr style=\"height: 25.05pt;\">\n<td class=\"et6\" style=\"height: 25.05pt; width: 154.80pt;\" width=\"258\" height=\"41\">Salida<\/td>\n<td class=\"et7\" style=\"width: 234.00pt;\" colspan=\"2\" width=\"390\">A:NC<\/td>\n<\/tr>\n<tr style=\"height: 25.05pt;\">\n<td class=\"et9\" style=\"height: 25.05pt;\" height=\"41\">Ictus<\/td>\n<td class=\"et10\" colspan=\"2\">6,0 mm<\/td>\n<\/tr>\n<tr style=\"height: 25.05pt;\">\n<td class=\"et6\" style=\"height: 25.05pt; width: 154.80pt;\" width=\"258\" height=\"41\">Recorrido de protecci\u00f3n del gatillo<\/td>\n<td class=\"et10\" colspan=\"2\">3,5 mm<\/td>\n<\/tr>\n<tr style=\"height: 36.00pt;\">\n<td class=\"et6\" style=\"height: 36.00pt; width: 154.80pt;\" width=\"258\" height=\"60\"><span class=\"font1\">Precisi\u00f3n de repetibilidad(2\u03c3<\/span><span class=\"font2\">\uff09<\/span><\/td>\n<td class=\"et7\" style=\"width: 234.00pt;\" colspan=\"2\" width=\"390\"><span class=\"font1\">&lt;1um<\/span><span class=\"font2\">\uff08<\/span><span class=\"font1\">velocidad50mm\/min<\/span><span class=\"font2\">\uff09<\/span><\/td>\n<\/tr>\n<tr style=\"height: 25.05pt;\">\n<td class=\"et9\" style=\"height: 25.05pt;\" height=\"41\">Desencadenar la vida<\/td>\n<td class=\"et7\" style=\"width: 234.00pt;\" colspan=\"2\" width=\"390\">&gt;10 millones<\/td>\n<\/tr>\n<tr style=\"height: 33.00pt;\">\n<td class=\"et9\" style=\"height: 33.00pt;\" height=\"55\">Modo de transmisi\u00f3n de la se\u00f1al<\/td>\n<td class=\"et7\" style=\"width: 234.00pt;\" colspan=\"2\" width=\"390\">Cable<br \/>\n5m,resistencia al aceite,6cores,\u03c64.8<\/td>\n<\/tr>\n<tr style=\"height: 25.05pt;\">\n<td class=\"et9\" style=\"height: 25.05pt;\" height=\"41\">Sellado<\/td>\n<td class=\"et7\" style=\"width: 234.00pt;\" colspan=\"2\" width=\"390\">IP68<\/td>\n<\/tr>\n<tr style=\"height: 25.05pt;\">\n<td class=\"et9\" style=\"height: 25.05pt;\" height=\"41\">Triggerforce<\/td>\n<td class=\"et10\" colspan=\"2\">1.8N(Estado de instalaci\u00f3n: Vertical)<\/td>\n<\/tr>\n<tr style=\"height: 25.05pt;\">\n<td class=\"et9\" style=\"height: 25.05pt;\" height=\"41\">Material de la almohadilla t\u00e1ctil<\/td>\n<td class=\"et7\" style=\"width: 234.00pt;\" colspan=\"2\" width=\"390\">Carburo de tungsteno<\/td>\n<\/tr>\n<tr style=\"height: 25.05pt;\">\n<td class=\"et9\" style=\"height: 25.05pt;\" height=\"41\">Tratamiento de superficies<\/td>\n<td class=\"et7\" style=\"width: 234.00pt;\" colspan=\"2\" width=\"390\">Rectificado 4S<\/td>\n<\/tr>\n<tr style=\"height: 44.00pt;\">\n<td class=\"et9\" style=\"height: 44.00pt;\" height=\"73\">Valor nominal del contacto<\/td>\n<td class=\"et7\" style=\"width: 234.00pt;\" colspan=\"2\" width=\"390\">DC24V 20mA(MAX) Valor recomendado10mA)Carga resistiva<\/td>\n<\/tr>\n<tr style=\"height: 25.05pt;\">\n<td class=\"et9\" style=\"height: 25.05pt;\" height=\"41\">Tubo protector<\/td>\n<td class=\"et7\" style=\"width: 234.00pt;\" colspan=\"2\" width=\"390\">1,5m,radio m\u00ednimo R7<\/td>\n<\/tr>\n<tr style=\"height: 25.05pt;\">\n<td class=\"et11\" style=\"height: 25.05pt;\" height=\"41\">Luz LED<\/td>\n<td class=\"et12\" style=\"width: 234.00pt;\" colspan=\"2\" width=\"390\">Norma: apagado; activo: encendido<\/td>\n<\/tr>\n<\/tbody>\n<\/table>\n<p>&nbsp;<\/p>","protected":false},"excerpt":{"rendered":"<p>Ajustador de herramientas CNC unidireccional a prueba de virutas IP68 con disparo fotoel\u00e9ctrico para un ajuste de longitud de herramienta Z r\u00e1pido y repetible. Detecta microherramientas (\u00d80,1-10 mm) con baja fuerza de disparo, admite detecci\u00f3n de herramientas rotas y compensaci\u00f3n autom\u00e1tica, y utiliza salida de se\u00f1al cableada para m\u00e1quinas de grabado y alto brillo.<\/p>","protected":false},"featured_media":1528,"template":"","meta":{"_gspb_post_css":""},"product_brand":[],"product_cat":[17],"product_tag":[151,155,154],"class_list":{"0":"post-1526","1":"product","2":"type-product","3":"status-publish","4":"has-post-thumbnail","6":"product_cat-cnc-tool-setter","7":"product_tag-cnc-tool-setter","8":"product_tag-ip68-chip-proof","9":"product_tag-photoelectric-trigger","11":"first","12":"instock","13":"shipping-taxable","14":"product-type-simple"},"_links":{"self":[{"href":"https:\/\/cnc-probe.com\/es\/wp-json\/wp\/v2\/product\/1526","targetHints":{"allow":["GET"]}}],"collection":[{"href":"https:\/\/cnc-probe.com\/es\/wp-json\/wp\/v2\/product"}],"about":[{"href":"https:\/\/cnc-probe.com\/es\/wp-json\/wp\/v2\/types\/product"}],"wp:featuredmedia":[{"embeddable":true,"href":"https:\/\/cnc-probe.com\/es\/wp-json\/wp\/v2\/media\/1528"}],"wp:attachment":[{"href":"https:\/\/cnc-probe.com\/es\/wp-json\/wp\/v2\/media?parent=1526"}],"wp:term":[{"taxonomy":"product_brand","embeddable":true,"href":"https:\/\/cnc-probe.com\/es\/wp-json\/wp\/v2\/product_brand?post=1526"},{"taxonomy":"product_cat","embeddable":true,"href":"https:\/\/cnc-probe.com\/es\/wp-json\/wp\/v2\/product_cat?post=1526"},{"taxonomy":"product_tag","embeddable":true,"href":"https:\/\/cnc-probe.com\/es\/wp-json\/wp\/v2\/product_tag?post=1526"}],"curies":[{"name":"wp","href":"https:\/\/api.w.org\/{rel}","templated":true}]}}