{"id":1550,"date":"2026-02-28T09:31:30","date_gmt":"2026-02-28T09:31:30","guid":{"rendered":"https:\/\/cnc-probe.com\/?post_type=product&#038;p=1550"},"modified":"2026-03-02T00:21:27","modified_gmt":"2026-03-02T00:21:27","slug":"wireless-five-axis-infrared-tool-setter-for-cnc-machines","status":"publish","type":"product","link":"https:\/\/cnc-probe.com\/es\/wireless-five-axis-infrared-tool-setter-for-cnc-machines\/","title":{"rendered":"Sistema inal\u00e1mbrico de reglaje de herramientas por infrarrojos de cinco ejes para m\u00e1quinas CNC"},"content":{"rendered":"<h1>Caracter\u00edstica principal\uff1a<\/h1>\n<p>Transmisi\u00f3n por radio<br \/>\nMedici\u00f3n autom\u00e1tica de la longitud y el di\u00e1metro de la herramienta<br \/>\nNivel de protecci\u00f3n IP68<br \/>\nAdecuado para la distancia lejana u obst\u00e1culos Centro de mecanizado<br \/>\nTorno CNC con puestos giratorios o multipuestos disponibles<\/p>\n<p>&nbsp;<\/p>\n<h1>Ventaja\uff1a<\/h1>\n<p>Un ajustador de herramientas 3D de tipo contacto que puede detectar y compensar autom\u00e1ticamente varias cuchillas rotas, di\u00e1metros de herramientas y desgaste de herramientas. Tiene un dise\u00f1o horizontal, el cuerpo principal es efectivamente anti-colisi\u00f3n, y el dise\u00f1o de cer\u00e1mica de la varilla adaptadora protege eficazmente el sensor despu\u00e9s de los golpes de contacto.el producto utiliza la transmisi\u00f3n de se\u00f1ales de radio y se utiliza principalmente en m\u00e1quinas herramientas con cable de uso limitado, tales como centros de mecanizado de doble mesa.puede identificar autom\u00e1ticamente el desgaste de la herramienta y las condiciones de herramientas rotas, ayudar a las f\u00e1bricas para mejorar la eficiencia de la producci\u00f3n y la precisi\u00f3n de mecanizado de productos.<\/p>\n<p>&nbsp;<\/p>\n<h1>Par\u00e1metros del producto:<\/h1>\n<table width=\"788\">\n<tbody>\n<tr>\n<td width=\"258\">N\u00ba de art\u00edculo.<\/td>\n<td colspan=\"2\" width=\"530\">DMTS-R<\/td>\n<\/tr>\n<tr>\n<td width=\"258\">Repetibilidad (2\u03c3)<\/td>\n<td colspan=\"2\" width=\"530\">&lt;1\u03bcm (Velocidad: 30mm\/min)<\/td>\n<\/tr>\n<tr>\n<td width=\"258\">Direcci\u00f3n de disparo<\/td>\n<td colspan=\"2\" width=\"530\">\u00b1X,\u00b1Y,+Z<\/td>\n<\/tr>\n<tr>\n<td width=\"258\">Antes de la carrera<\/td>\n<td colspan=\"2\" width=\"530\">Ninguno<\/td>\n<\/tr>\n<tr>\n<td>Ictus<\/td>\n<td width=\"265\">Plano XY: 6.0mm<\/td>\n<td width=\"265\">Eje Z: 5,1 mm<\/td>\n<\/tr>\n<tr>\n<td>Desencadenar la vida<\/td>\n<td colspan=\"2\" width=\"530\">\u00a0&gt;10 millones de ciclos<\/td>\n<\/tr>\n<tr>\n<td>Protecci\u00f3n<\/td>\n<td colspan=\"2\" width=\"530\">IP68<\/td>\n<\/tr>\n<tr>\n<td>Fuerza de contacto<\/td>\n<td colspan=\"2\" width=\"530\">1,1N ~ 2,2N (seg\u00fan el sentido de disparo)<\/td>\n<\/tr>\n<tr>\n<td>M\u00e9todo de transmisi\u00f3n de se\u00f1ales<\/td>\n<td colspan=\"2\" width=\"530\">\u00a0Transmisi\u00f3n por radio<\/td>\n<\/tr>\n<tr>\n<td>\u00c1ngulo de transmisi\u00f3n<\/td>\n<td colspan=\"2\" width=\"530\">360\u00b0 alrededor del eje de la sonda<\/td>\n<\/tr>\n<tr>\n<td>Radiofrecuencia<\/td>\n<td colspan=\"2\" width=\"530\">2,4 GHz<\/td>\n<\/tr>\n<tr>\n<td>Conmutaci\u00f3n de canales<\/td>\n<td colspan=\"2\" width=\"530\">Salto de frecuencia inteligente<\/td>\n<\/tr>\n<tr>\n<td>Activaci\u00f3n de la transmisi\u00f3n<\/td>\n<td colspan=\"2\" width=\"530\">C\u00f3digo M<\/td>\n<\/tr>\n<tr>\n<td>Material de contacto<\/td>\n<td colspan=\"2\" width=\"530\">Aleaci\u00f3n superdura<\/td>\n<\/tr>\n<tr>\n<td>Tratamiento de superficies<\/td>\n<td colspan=\"2\" width=\"530\">Rectificado 4S<\/td>\n<\/tr>\n<tr>\n<td>Tipo de bater\u00eda<\/td>\n<td colspan=\"2\">2 x Bater\u00eda de litio 14250<\/td>\n<\/tr>\n<tr>\n<td rowspan=\"5\">Duraci\u00f3n de la bater\u00eda<\/td>\n<td>En espera<\/td>\n<td width=\"265\">&gt;400 d\u00edas<\/td>\n<\/tr>\n<tr>\n<td>3000 disparos\/d\u00eda<\/td>\n<td width=\"265\">350 d\u00edas<\/td>\n<\/tr>\n<tr>\n<td>8000 disparos\/d\u00eda<\/td>\n<td width=\"265\">300 d\u00edas<\/td>\n<\/tr>\n<tr>\n<td>15000 disparos\/d\u00eda<\/td>\n<td width=\"265\">230 d\u00edas<\/td>\n<\/tr>\n<tr>\n<td colspan=\"2\">Disparo continuo: &gt;3,5 millones de ciclos<\/td>\n<\/tr>\n<tr>\n<td>Sellado<\/td>\n<td colspan=\"2\">IP68<\/td>\n<\/tr>\n<tr>\n<td>Temperatura de funcionamiento<\/td>\n<td colspan=\"2\">\u00a05-60\u00b0C<\/td>\n<\/tr>\n<\/tbody>\n<\/table>\n<p>&nbsp;<\/p>","protected":false},"excerpt":{"rendered":"<p>Sistema inal\u00e1mbrico de reglaje de herramientas por infrarrojos de cinco ejes para m\u00e1quinas CNC con detecci\u00f3n por infrarrojos de alta precisi\u00f3n y detecci\u00f3n de rotura. Permite la medici\u00f3n autom\u00e1tica de la longitud de la herramienta en los cinco ejes, admite la salida de se\u00f1al inal\u00e1mbrica y mejora la precisi\u00f3n y la eficacia del mecanizado en configuraciones CNC multieje complejas.<\/p>","protected":false},"featured_media":1552,"template":"","meta":{"_gspb_post_css":""},"product_brand":[],"product_cat":[17],"product_tag":[162,160,161],"class_list":{"0":"post-1550","1":"product","2":"type-product","3":"status-publish","4":"has-post-thumbnail","6":"product_cat-cnc-tool-setter","7":"product_tag-cnc-precision-measurement","8":"product_tag-five-axis-tool-setter","9":"product_tag-wireless-infrared","11":"first","12":"instock","13":"shipping-taxable","14":"product-type-simple"},"_links":{"self":[{"href":"https:\/\/cnc-probe.com\/es\/wp-json\/wp\/v2\/product\/1550","targetHints":{"allow":["GET"]}}],"collection":[{"href":"https:\/\/cnc-probe.com\/es\/wp-json\/wp\/v2\/product"}],"about":[{"href":"https:\/\/cnc-probe.com\/es\/wp-json\/wp\/v2\/types\/product"}],"wp:featuredmedia":[{"embeddable":true,"href":"https:\/\/cnc-probe.com\/es\/wp-json\/wp\/v2\/media\/1552"}],"wp:attachment":[{"href":"https:\/\/cnc-probe.com\/es\/wp-json\/wp\/v2\/media?parent=1550"}],"wp:term":[{"taxonomy":"product_brand","embeddable":true,"href":"https:\/\/cnc-probe.com\/es\/wp-json\/wp\/v2\/product_brand?post=1550"},{"taxonomy":"product_cat","embeddable":true,"href":"https:\/\/cnc-probe.com\/es\/wp-json\/wp\/v2\/product_cat?post=1550"},{"taxonomy":"product_tag","embeddable":true,"href":"https:\/\/cnc-probe.com\/es\/wp-json\/wp\/v2\/product_tag?post=1550"}],"curies":[{"name":"wp","href":"https:\/\/api.w.org\/{rel}","templated":true}]}}