{"id":1593,"date":"2026-02-26T08:55:05","date_gmt":"2026-02-26T08:55:05","guid":{"rendered":"https:\/\/cnc-probe.com\/"},"modified":"2026-02-28T09:08:32","modified_gmt":"2026-02-28T09:08:32","slug":"cnc-z-axis-tool-setter-suitable-for-large-diameter-tools","status":"publish","type":"product","link":"https:\/\/cnc-probe.com\/es\/cnc-z-axis-tool-setter-suitable-for-large-diameter-tools\/","title":{"rendered":"Ajustador de herramientas CNC de eje Z Adecuado para herramientas de gran di\u00e1metro"},"content":{"rendered":"<h1>Caracter\u00edstica principal:<\/h1>\n<p>Nivel de protecci\u00f3n IP 68<br \/>\nDise\u00f1o Strok grande de 11 mm<br \/>\nPrecisi\u00f3n &lt;0,5uM.<br \/>\nDisparador de sensor fotoel\u00e9ctrico, mayor precisi\u00f3n y vida \u00fatil<\/p>\n<p>&nbsp;<\/p>\n<h1>Ventaja:<\/h1>\n<p>Mide autom\u00e1ticamente la longitud, el di\u00e1metro y la desviaci\u00f3n de la herramienta. El sensor de disparo fotoel\u00e9ctrico de alta precisi\u00f3n puede funcionar en diversos entornos complejos, mejorando la velocidad y la precisi\u00f3n de la detecci\u00f3n de herramientas, reduciendo los errores, minimizando los desechos y aumentando la productividad.<\/p>\n<p>&nbsp;<\/p>\n<h1>Par\u00e1metros del producto:<\/h1>\n<table style=\"border-collapse: collapse; width: 393.02pt;\" border=\"0\" width=\"655\" cellspacing=\"0\" cellpadding=\"0\">\n<tbody>\n<tr style=\"height: 25.05pt;\">\n<td class=\"et4\" style=\"height: 25.05pt; width: 155.40pt;\" width=\"259\" height=\"41\">Art\u00edculo NO.<\/td>\n<td class=\"et5\" style=\"width: 237.60pt;\" colspan=\"2\" width=\"396\">DTS300<\/td>\n<\/tr>\n<tr style=\"height: 25.05pt;\">\n<td class=\"et4\" style=\"height: 25.05pt; width: 155.40pt;\" width=\"259\" height=\"41\">Di\u00e1metro de la almohadilla t\u00e1ctil<\/td>\n<td class=\"et5\" style=\"width: 237.60pt;\" colspan=\"2\" width=\"396\">\u03c630<\/td>\n<\/tr>\n<tr style=\"height: 25.05pt;\">\n<td class=\"et4\" style=\"height: 25.05pt; width: 155.40pt;\" width=\"259\" height=\"41\">Direcci\u00f3n de disparo<\/td>\n<td class=\"et6\" style=\"width: 237.60pt;\" colspan=\"2\" width=\"396\">+Z<\/td>\n<\/tr>\n<tr style=\"height: 25.05pt;\">\n<td class=\"et4\" style=\"height: 25.05pt; width: 155.40pt;\" width=\"259\" height=\"41\">Antes del infarto<\/td>\n<td class=\"et5\" style=\"width: 237.60pt;\" colspan=\"2\" width=\"396\">0,7 mm<\/td>\n<\/tr>\n<tr style=\"height: 25.05pt;\">\n<td class=\"et4\" style=\"height: 25.05pt; width: 155.40pt;\" width=\"259\" height=\"41\">Salida<\/td>\n<td class=\"et5\" style=\"width: 237.60pt;\" colspan=\"2\" width=\"396\">A:NO<\/td>\n<\/tr>\n<tr style=\"height: 25.05pt;\">\n<td class=\"et7\" style=\"height: 25.05pt;\" height=\"41\">Ictus<\/td>\n<td class=\"et8\" colspan=\"2\">11 mm<\/td>\n<\/tr>\n<tr style=\"height: 25.05pt;\">\n<td class=\"et4\" style=\"height: 25.05pt; width: 155.40pt;\" width=\"259\" height=\"41\">Recorrido de protecci\u00f3n del gatillo<\/td>\n<td class=\"et8\" colspan=\"2\">5,5 mm<\/td>\n<\/tr>\n<tr style=\"height: 42.00pt;\">\n<td class=\"et4\" style=\"height: 42.00pt; width: 155.40pt;\" width=\"259\" height=\"70\"><span class=\"font1\">Precisi\u00f3n de repetibilidad(2\u03c3<\/span><span class=\"font2\">\uff09<\/span><\/td>\n<td class=\"et5\" style=\"width: 237.60pt;\" colspan=\"2\" width=\"396\"><span class=\"font1\">&lt;1um<\/span><span class=\"font2\">\uff08<\/span><span class=\"font1\">velocidad 50mm\/min<\/span><span class=\"font2\">\uff09<\/span><\/td>\n<\/tr>\n<tr style=\"height: 25.05pt;\">\n<td class=\"et7\" style=\"height: 25.05pt;\" height=\"41\">Desencadenar la vida<\/td>\n<td class=\"et5\" style=\"width: 237.60pt;\" colspan=\"2\" width=\"396\">&gt;10 millones<\/td>\n<\/tr>\n<tr style=\"height: 31.95pt;\">\n<td class=\"et7\" style=\"height: 31.95pt;\" height=\"53\">Modo de transmisi\u00f3n de la se\u00f1al<\/td>\n<td class=\"et5\" style=\"width: 237.60pt;\" colspan=\"2\" width=\"396\">Cable<br \/>\n5m,resistencia al aceite,6cores,\u03c64.8<\/td>\n<\/tr>\n<tr style=\"height: 25.05pt;\">\n<td class=\"et7\" style=\"height: 25.05pt;\" height=\"41\">Sellado<\/td>\n<td class=\"et5\" style=\"width: 237.60pt;\" colspan=\"2\" width=\"396\">IP68<\/td>\n<\/tr>\n<tr style=\"height: 25.05pt;\">\n<td class=\"et7\" style=\"height: 25.05pt;\" height=\"41\">Triggerforce<\/td>\n<td class=\"et8\" colspan=\"2\">2.2N(Estado de instalaci\u00f3n: Vertical)<\/td>\n<\/tr>\n<tr style=\"height: 25.05pt;\">\n<td class=\"et7\" style=\"height: 25.05pt;\" height=\"41\">Material de la almohadilla t\u00e1ctil<\/td>\n<td class=\"et5\" style=\"width: 237.60pt;\" colspan=\"2\" width=\"396\">Carburo de tungsteno<\/td>\n<\/tr>\n<tr style=\"height: 25.05pt;\">\n<td class=\"et7\" style=\"height: 25.05pt;\" height=\"41\">Tratamiento de superficies<\/td>\n<td class=\"et5\" style=\"width: 237.60pt;\" colspan=\"2\" width=\"396\">Rectificado 4S<\/td>\n<\/tr>\n<tr style=\"height: 35.00pt;\">\n<td class=\"et7\" style=\"height: 35.00pt;\" height=\"58\">Valor nominal del contacto<\/td>\n<td class=\"et5\" style=\"width: 237.60pt;\" colspan=\"2\" width=\"396\">DC24V 20mA(MAX) Valor recomendado10mA)Carga resistiva<\/td>\n<\/tr>\n<tr style=\"height: 25.05pt;\">\n<td class=\"et7\" style=\"height: 25.05pt;\" height=\"41\">Tubo protector<\/td>\n<td class=\"et5\" style=\"width: 237.60pt;\" colspan=\"2\" width=\"396\">1,5m,radio m\u00ednimo R7<\/td>\n<\/tr>\n<tr style=\"height: 25.05pt;\">\n<td class=\"et7\" style=\"height: 25.05pt;\" height=\"41\">Luz LED<\/td>\n<td class=\"et5\" style=\"width: 237.60pt;\" colspan=\"2\" width=\"396\">Norma: apagado; activo: encendido<\/td>\n<\/tr>\n<\/tbody>\n<\/table>\n<p>&nbsp;<\/p>","protected":false},"excerpt":{"rendered":"<p>Sistema de reglaje de herramientas de eje Z CNC de alta calidad para la detecci\u00f3n precisa de la altura de la herramienta y la medici\u00f3n autom\u00e1tica de la longitud de la herramienta. Aumenta la precisi\u00f3n del mecanizado CNC, reduce el tiempo de preparaci\u00f3n y mejora la eficacia de la producci\u00f3n. Dise\u00f1o duradero con detecci\u00f3n sensible y cableado robusto para un rendimiento fiable.<\/p>","protected":false},"featured_media":1595,"template":"","meta":{"_gspb_post_css":""},"product_brand":[],"product_cat":[17],"product_tag":[151,171,170],"class_list":{"0":"post-1593","1":"product","2":"type-product","3":"status-publish","4":"has-post-thumbnail","6":"product_cat-cnc-tool-setter","7":"product_tag-cnc-tool-setter","8":"product_tag-tool-height-measurement","9":"product_tag-z-axis-pre-setter","11":"first","12":"instock","13":"shipping-taxable","14":"product-type-simple"},"_links":{"self":[{"href":"https:\/\/cnc-probe.com\/es\/wp-json\/wp\/v2\/product\/1593","targetHints":{"allow":["GET"]}}],"collection":[{"href":"https:\/\/cnc-probe.com\/es\/wp-json\/wp\/v2\/product"}],"about":[{"href":"https:\/\/cnc-probe.com\/es\/wp-json\/wp\/v2\/types\/product"}],"wp:featuredmedia":[{"embeddable":true,"href":"https:\/\/cnc-probe.com\/es\/wp-json\/wp\/v2\/media\/1595"}],"wp:attachment":[{"href":"https:\/\/cnc-probe.com\/es\/wp-json\/wp\/v2\/media?parent=1593"}],"wp:term":[{"taxonomy":"product_brand","embeddable":true,"href":"https:\/\/cnc-probe.com\/es\/wp-json\/wp\/v2\/product_brand?post=1593"},{"taxonomy":"product_cat","embeddable":true,"href":"https:\/\/cnc-probe.com\/es\/wp-json\/wp\/v2\/product_cat?post=1593"},{"taxonomy":"product_tag","embeddable":true,"href":"https:\/\/cnc-probe.com\/es\/wp-json\/wp\/v2\/product_tag?post=1593"}],"curies":[{"name":"wp","href":"https:\/\/api.w.org\/{rel}","templated":true}]}}