{"id":368,"date":"2025-10-23T03:15:15","date_gmt":"2025-10-23T03:15:15","guid":{"rendered":"https:\/\/cnc-probe.com\/?post_type=product&#038;p=368"},"modified":"2026-02-28T07:11:49","modified_gmt":"2026-02-28T07:11:49","slug":"high-quality-cnc-infrared-touch-probe-with-wireless-link","status":"publish","type":"product","link":"https:\/\/cnc-probe.com\/es\/high-quality-cnc-infrared-touch-probe-with-wireless-link\/","title":{"rendered":"Sonda t\u00e1ctil CNC por infrarrojos de alta calidad con enlace inal\u00e1mbrico"},"content":{"rendered":"<h1>Caracter\u00edstica principal:<\/h1>\n<p>\u00d3ptico de 2 canales, conmutaci\u00f3n remota de canales<br \/>\nBajo consumo de energ\u00eda con una duraci\u00f3n de la bater\u00eda superior a 1 a\u00f1o<br \/>\n&lt; 1\/100.000 probabilidad de p\u00e9rdida de se\u00f1alNivel de protecci\u00f3n IP68<\/p>\n<p>&nbsp;<\/p>\n<h1>Ventajas:<\/h1>\n<p>F\u00e1cil de usar, emparejamiento sencillo, gesti\u00f3n c\u00f3moda, conmutaci\u00f3n de frecuencia remota con un solo clicAdecuado para f\u00e1bricas 3C con requisitos de alta precisi\u00f3n, lo que permite la medici\u00f3n de alta precisi\u00f3n de diversas piezas de trabajo complejas, mejorando significativamente la eficiencia de fabricaci\u00f3n, reduciendo la dependencia de la habilidad de los empleados. La detecci\u00f3n automatizada a nivel de micras reduce los defectos dimensionales y los desechos, aumenta la capacidad de producci\u00f3n y ahorra costes\u201d.\u201d<\/p>\n<p>&nbsp;<\/p>\n<h1>Par\u00e1metros del producto:<\/h1>\n<table style=\"height: 575px;\" width=\"691\">\n<tbody>\n<tr>\n<td width=\"301\">N\u00ba de art\u00edculo.<\/td>\n<td colspan=\"2\" width=\"446\">DOP40<\/td>\n<\/tr>\n<tr>\n<td width=\"301\">Repetibilidad\uff082\u03c3\uff09<\/td>\n<td colspan=\"2\" width=\"446\">&lt;1um \uff08stylus\uff1a50mm\uff0cVelocidad\uff1a50~200mm\/min\uff09<\/td>\n<\/tr>\n<tr>\n<td width=\"301\">Direcci\u00f3n de disparo<\/td>\n<td colspan=\"2\" width=\"446\">\u00b1X,\u00b1Y,+Z<\/td>\n<\/tr>\n<tr>\n<td width=\"301\">Fuerza de disparo\uff08stylus\uff1a50mm\uff09<\/td>\n<td width=\"210\">Plano XY: 0.5~0.9N<\/td>\n<td width=\"236\">Z: 6,2N<\/td>\n<\/tr>\n<tr>\n<td width=\"301\">Gama de protecci\u00f3n<\/td>\n<td width=\"210\">Plano XY: +\/-12.5\u00b0<\/td>\n<td width=\"236\">Z\uff1a 6,2 mm<\/td>\n<\/tr>\n<tr>\n<td>Modo de transmisi\u00f3n de la se\u00f1al<\/td>\n<td colspan=\"2\">Infrarrojos \u00d3pticos<\/td>\n<\/tr>\n<tr>\n<td>Alcance operativo<\/td>\n<td colspan=\"2\" width=\"446\">5m<\/td>\n<\/tr>\n<tr>\n<td>Desencadenar la vida<\/td>\n<td colspan=\"2\">&gt;10 millones<\/td>\n<\/tr>\n<tr>\n<td>\u00c1ngulo de transmisi\u00f3nTransferencia<\/td>\n<td colspan=\"2\" width=\"446\">360\u00b0Transmisi\u00f3n envolvente<\/td>\n<\/tr>\n<tr>\n<td>Activaci\u00f3n de la transferencia<\/td>\n<td colspan=\"2\" width=\"446\">Cambio autom\u00e1tico<\/td>\n<\/tr>\n<tr>\n<td>Peso sin mango<\/td>\n<td colspan=\"2\" width=\"446\">220g<\/td>\n<\/tr>\n<tr>\n<td>Modelo de bater\u00eda<\/td>\n<td colspan=\"2\">2 pilas de litio 14250<\/td>\n<\/tr>\n<tr>\n<td rowspan=\"5\">Duraci\u00f3n de la bater\u00eda<\/td>\n<td>En espera<\/td>\n<td width=\"236\">1300d\u00edas<\/td>\n<\/tr>\n<tr>\n<td>3000 disparos\/d\u00eda<\/td>\n<td width=\"236\">450 d\u00edas<\/td>\n<\/tr>\n<tr>\n<td>800 disparos\/d\u00eda<\/td>\n<td width=\"236\">200 d\u00edas<\/td>\n<\/tr>\n<tr>\n<td>15000disparos\/d\u00eda<\/td>\n<td width=\"236\">120 d\u00edas<\/td>\n<\/tr>\n<tr>\n<td colspan=\"2\">Trabajo continuo: 7 millones<\/td>\n<\/tr>\n<tr>\n<td>Sellado<\/td>\n<td colspan=\"2\">IP68<\/td>\n<\/tr>\n<tr>\n<td>Temperatura de funcionamiento<\/td>\n<td colspan=\"2\">5-60\u2103<\/td>\n<\/tr>\n<\/tbody>\n<\/table>\n<p data-start=\"2113\" data-end=\"2442\" data-is-last-node=\"\" data-is-only-node=\"\">","protected":false},"excerpt":{"rendered":"<p>Palpador de infrarrojos inal\u00e1mbrico CNC para un reglaje de piezas y una inspecci\u00f3n en proceso r\u00e1pidos y precisos. Cuerpo met\u00e1lico compacto y sellado con palpador de rub\u00ed, disparo de 360\u00b0 e indicaci\u00f3n de estado clara. Enlace IR estable, f\u00e1cil integraci\u00f3n con la mayor\u00eda de centros de mecanizado, bajo mantenimiento, durabilidad robusta.<\/p>","protected":false},"featured_media":1637,"template":"","meta":{"_gspb_post_css":""},"product_brand":[],"product_cat":[15],"product_tag":[30,32,31],"class_list":{"0":"post-368","1":"product","2":"type-product","3":"status-publish","4":"has-post-thumbnail","6":"product_cat-touch-probe","7":"product_tag-cnc-infrared-probe","8":"product_tag-machine-tool-probe","9":"product_tag-wireless-touch-probe","11":"first","12":"instock","13":"shipping-taxable","14":"product-type-simple"},"_links":{"self":[{"href":"https:\/\/cnc-probe.com\/es\/wp-json\/wp\/v2\/product\/368","targetHints":{"allow":["GET"]}}],"collection":[{"href":"https:\/\/cnc-probe.com\/es\/wp-json\/wp\/v2\/product"}],"about":[{"href":"https:\/\/cnc-probe.com\/es\/wp-json\/wp\/v2\/types\/product"}],"wp:featuredmedia":[{"embeddable":true,"href":"https:\/\/cnc-probe.com\/es\/wp-json\/wp\/v2\/media\/1637"}],"wp:attachment":[{"href":"https:\/\/cnc-probe.com\/es\/wp-json\/wp\/v2\/media?parent=368"}],"wp:term":[{"taxonomy":"product_brand","embeddable":true,"href":"https:\/\/cnc-probe.com\/es\/wp-json\/wp\/v2\/product_brand?post=368"},{"taxonomy":"product_cat","embeddable":true,"href":"https:\/\/cnc-probe.com\/es\/wp-json\/wp\/v2\/product_cat?post=368"},{"taxonomy":"product_tag","embeddable":true,"href":"https:\/\/cnc-probe.com\/es\/wp-json\/wp\/v2\/product_tag?post=368"}],"curies":[{"name":"wp","href":"https:\/\/api.w.org\/{rel}","templated":true}]}}