{"id":378,"date":"2025-10-23T09:09:24","date_gmt":"2025-10-23T09:09:24","guid":{"rendered":"https:\/\/cnc-probe.com\/?post_type=product&#038;p=378"},"modified":"2026-02-28T08:18:41","modified_gmt":"2026-02-28T08:18:41","slug":"high-precision-measurement-cnc-wireless-radio-touch-probe","status":"publish","type":"product","link":"https:\/\/cnc-probe.com\/es\/high-precision-measurement-cnc-wireless-radio-touch-probe\/","title":{"rendered":"Sonda t\u00e1ctil inal\u00e1mbrica CNC de medici\u00f3n de alta precisi\u00f3n"},"content":{"rendered":"<h1>Caracter\u00edstica principal:<\/h1>\n<p>Se\u00f1ales de radio, transimi\u00f3n sin barreras<\/p>\n<p>&lt; 1\/100.000 probabilidad de p\u00e9rdida de se\u00f1al<\/p>\n<p>Tecnolog\u00eda de canal infinito<\/p>\n<p>Se\u00f1al de radio, transmisi\u00f3n sin barreras<\/p>\n<p>Nivel de protecci\u00f3n IP68<\/p>\n<p>&nbsp;<\/p>\n<h1>Ventaja:<\/h1>\n<p>Comunicaci\u00f3n inal\u00e1mbrica fiable con salto de frecuencia, estabilidad operativa extremadamente alta, especialmente adecuada para requisitos de medici\u00f3n complejos o transmisi\u00f3n de se\u00f1ales a largas distancias o en situaciones con obst\u00e1culos, como mediciones en l\u00ednea en m\u00e1quinas multieje\u201d.\u201d<\/p>\n<p>&nbsp;<\/p>\n<h1>Par\u00e1metros del producto:<\/h1>\n<table width=\"720\">\n<tbody>\n<tr>\n<td width=\"258\">N\u00ba de art\u00edculo.<\/td>\n<td colspan=\"2\" width=\"462\">DRP40-P2<\/td>\n<\/tr>\n<tr>\n<td width=\"258\">Repetibilidad\uff082\u03c3\uff09<\/td>\n<td colspan=\"2\" width=\"462\">&lt;1um \uff08stylus\uff1a50mm\uff0cvelocidad: 50~200mm\/min\uff09<\/td>\n<\/tr>\n<tr>\n<td width=\"258\">Direcci\u00f3n de disparo<\/td>\n<td colspan=\"2\" width=\"462\">\u00b1X,\u00b1Y,+Z<\/td>\n<\/tr>\n<tr>\n<td width=\"258\">Fuerza de disparo\uff08stylus\uff1a50mm\uff09<\/td>\n<td width=\"231\">Plano XY 0,5~0,9N<\/td>\n<td width=\"231\">Z: 6,2N<\/td>\n<\/tr>\n<tr>\n<td width=\"258\">Gama de protecci\u00f3n<\/td>\n<td width=\"231\">Plano XY +\/-12,5<\/td>\n<td width=\"231\">Z: 6,2 mm<\/td>\n<\/tr>\n<tr>\n<td>Modo de transmisi\u00f3n de la se\u00f1al<\/td>\n<td colspan=\"2\">Transmisi\u00f3n por radio<\/td>\n<\/tr>\n<tr>\n<td>Alcance operativo<\/td>\n<td colspan=\"2\" width=\"462\">15m<\/td>\n<\/tr>\n<tr>\n<td>Desencadenar la vida<\/td>\n<td colspan=\"2\">&gt;10 millones<\/td>\n<\/tr>\n<tr>\n<td>\u00c1ngulo de transmisi\u00f3n<\/td>\n<td colspan=\"2\" width=\"462\">360\u00b0Transmisi\u00f3n envolvente<\/td>\n<\/tr>\n<tr>\n<td>Radiofrecuencia<\/td>\n<td colspan=\"2\" width=\"462\">2,4 GHz<\/td>\n<\/tr>\n<tr>\n<td>N\u00famero de canales<\/td>\n<td colspan=\"2\" width=\"462\">83<\/td>\n<\/tr>\n<tr>\n<td>Conmutaci\u00f3n de canales<\/td>\n<td colspan=\"2\" width=\"462\">Salto de frecuencia inteligente<\/td>\n<\/tr>\n<tr>\n<td>Transmisi\u00f3n activada<\/td>\n<td colspan=\"2\" width=\"462\">C\u00f3digo M<\/td>\n<\/tr>\n<tr>\n<td>Peso sin mango<\/td>\n<td colspan=\"2\" width=\"462\">220g\uff08Bater\u00eda no incluida\uff09<\/td>\n<\/tr>\n<tr>\n<td>Modelo de bater\u00eda<\/td>\n<td colspan=\"2\">2 pilas de litio 14250<\/td>\n<\/tr>\n<tr>\n<td rowspan=\"5\">Duraci\u00f3n de la bater\u00eda<\/td>\n<td>En espera<\/td>\n<td width=\"231\">&gt;400 d\u00edas<\/td>\n<\/tr>\n<tr>\n<td>3000 disparos\/d\u00eda<\/td>\n<td width=\"231\">350 d\u00edas<\/td>\n<\/tr>\n<tr>\n<td>800 disparos\/d\u00eda<\/td>\n<td width=\"231\">300 d\u00edas<\/td>\n<\/tr>\n<tr>\n<td>15000disparos\/d\u00eda<\/td>\n<td width=\"231\">230d\u00edas<\/td>\n<\/tr>\n<tr>\n<td colspan=\"2\">Trabajo continuo: &gt;3,5 millones<\/td>\n<\/tr>\n<tr>\n<td>Sellado<\/td>\n<td colspan=\"2\">IP68<\/td>\n<\/tr>\n<tr>\n<td>Temperatura de funcionamiento<\/td>\n<td colspan=\"2\">5-60\u2103<\/td>\n<\/tr>\n<\/tbody>\n<\/table>\n<p>&nbsp;<\/p>","protected":false},"excerpt":{"rendered":"<p>Sonda de contacto por radio inal\u00e1mbrica CNC con transmisi\u00f3n sin barreras para una configuraci\u00f3n r\u00e1pida y precisa y una inspecci\u00f3n durante el proceso. Enlace de RF ultraestable con probabilidad de p\u00e9rdida de se\u00f1al &lt;1\/100.000, tecnolog\u00eda de canal infinito y protecci\u00f3n IP68 para entornos exigentes de refrigerante y virutas.<\/p>","protected":false},"featured_media":1119,"template":"","meta":{"_gspb_post_css":""},"product_brand":[],"product_cat":[15],"product_tag":[34,33,31],"class_list":{"0":"post-378","1":"product","2":"type-product","3":"status-publish","4":"has-post-thumbnail","6":"product_cat-touch-probe","7":"product_tag-3d-touch-probe","8":"product_tag-cnc-wireless-radio-probe","9":"product_tag-wireless-touch-probe","11":"first","12":"instock","13":"shipping-taxable","14":"product-type-simple"},"_links":{"self":[{"href":"https:\/\/cnc-probe.com\/es\/wp-json\/wp\/v2\/product\/378","targetHints":{"allow":["GET"]}}],"collection":[{"href":"https:\/\/cnc-probe.com\/es\/wp-json\/wp\/v2\/product"}],"about":[{"href":"https:\/\/cnc-probe.com\/es\/wp-json\/wp\/v2\/types\/product"}],"wp:featuredmedia":[{"embeddable":true,"href":"https:\/\/cnc-probe.com\/es\/wp-json\/wp\/v2\/media\/1119"}],"wp:attachment":[{"href":"https:\/\/cnc-probe.com\/es\/wp-json\/wp\/v2\/media?parent=378"}],"wp:term":[{"taxonomy":"product_brand","embeddable":true,"href":"https:\/\/cnc-probe.com\/es\/wp-json\/wp\/v2\/product_brand?post=378"},{"taxonomy":"product_cat","embeddable":true,"href":"https:\/\/cnc-probe.com\/es\/wp-json\/wp\/v2\/product_cat?post=378"},{"taxonomy":"product_tag","embeddable":true,"href":"https:\/\/cnc-probe.com\/es\/wp-json\/wp\/v2\/product_tag?post=378"}],"curies":[{"name":"wp","href":"https:\/\/api.w.org\/{rel}","templated":true}]}}