{"id":383,"date":"2025-10-23T09:54:12","date_gmt":"2025-10-23T09:54:12","guid":{"rendered":"https:\/\/cnc-probe.com\/?post_type=product&#038;p=383"},"modified":"2026-02-28T08:17:18","modified_gmt":"2026-02-28T08:17:18","slug":"cnc-transmission-wired-touch-probe-high-accuracy-signal","status":"publish","type":"product","link":"https:\/\/cnc-probe.com\/es\/cnc-transmission-wired-touch-probe-high-accuracy-signal\/","title":{"rendered":"CNC Transmisi\u00f3n sonda de contacto cableada Se\u00f1al de alta precisi\u00f3n"},"content":{"rendered":"<h1>Caracter\u00edstica principal:<\/h1>\n<p>\u00cdndice de protecci\u00f3n Ip68 con estructura de protecci\u00f3n de doble sellado<\/p>\n<p>Montaje modular, longitud de sonda personalizable<\/p>\n<p>Estabilidad operativa excepcional, l\u00edder del sector<\/p>\n<p>Luces indicadoras para facilitar la visibilidad del estado operativo<\/p>\n<p>Adecuado para las industrias de alta precisi\u00f3n y rectificado<\/p>\n<p>&nbsp;<\/p>\n<h1>Ventaja:<\/h1>\n<p>Utiliza la conexi\u00f3n por cable para mantener la comunicaci\u00f3n en tiempo real con la m\u00e1quina CNC, lo que permite la transmisi\u00f3n de datos, la correcci\u00f3n autom\u00e1tica, el autocentrado y la compensaci\u00f3n autom\u00e1tica. Emplea un sistema aut\u00f3nomo.<\/p>\n<p>&nbsp;<\/p>\n<h1>Par\u00e1metros del producto:<\/h1>\n<table style=\"border-collapse: collapse; width: 414.02pt;\" border=\"0\" width=\"690\" cellspacing=\"0\" cellpadding=\"0\">\n<tbody>\n<tr style=\"height: 25.05pt;\">\n<td class=\"et4\" style=\"height: 25.05pt; width: 154.80pt;\" width=\"258\" height=\"41\">N\u00ba de art\u00edculo.<\/td>\n<td class=\"et5\" style=\"width: 259.20pt;\" colspan=\"2\" width=\"432\">DLP25<\/td>\n<\/tr>\n<tr style=\"height: 25.05pt;\">\n<td class=\"et4\" style=\"height: 25.05pt; width: 154.80pt;\" width=\"258\" height=\"41\">Repetibilidad<span class=\"font0\">\uff08<\/span><span class=\"font1\">2\u03c3<\/span><span class=\"font0\">\uff09<\/span><\/td>\n<td class=\"et5\" style=\"width: 259.20pt;\" colspan=\"2\" width=\"432\">&lt;1um<span class=\"font0\">\uff08<\/span><span class=\"font1\">l\u00e1piz<\/span><span class=\"font0\">\uff1a<\/span><span class=\"font1\">50 mm<\/span><span class=\"font0\">\uff0c<\/span><span class=\"font1\">velocidad<\/span><span class=\"font0\">\uff1a<\/span><span class=\"font1\">50~200mm\/min<\/span><span class=\"font0\">\uff09<\/span><\/td>\n<\/tr>\n<tr style=\"height: 25.05pt;\">\n<td class=\"et4\" style=\"height: 25.05pt; width: 154.80pt;\" width=\"258\" height=\"41\">Direcci\u00f3n de disparo<\/td>\n<td class=\"et5\" style=\"width: 259.20pt;\" colspan=\"2\" width=\"432\">\u00b1X,\u00b1Y,+Z<\/td>\n<\/tr>\n<tr style=\"height: 36.00pt;\">\n<td class=\"et4\" style=\"height: 36.00pt; width: 154.80pt;\" width=\"258\" height=\"60\">Fuerza del gatillo<span class=\"font0\">\uff08<\/span><span class=\"font1\">l\u00e1piz<\/span><span class=\"font0\">\uff1a<\/span><span class=\"font1\">50 mm<\/span><span class=\"font0\">\uff09<\/span><\/td>\n<td class=\"et5\" style=\"width: 120.60pt;\" width=\"201\">Plano XY 0,5~0,9N<\/td>\n<td class=\"et5\" style=\"width: 138.60pt;\" width=\"231\">Z: 6,2N<\/td>\n<\/tr>\n<tr style=\"height: 25.05pt;\">\n<td class=\"et4\" style=\"height: 25.05pt; width: 154.80pt;\" width=\"258\" height=\"41\">Gama de protecci\u00f3n<\/td>\n<td class=\"et6\" style=\"width: 120.60pt;\" width=\"201\">Plano XY +\/-12,5<\/td>\n<td class=\"et5\" style=\"width: 138.60pt;\" width=\"231\">Z: 6,2 mm<\/td>\n<\/tr>\n<tr style=\"height: 25.05pt;\">\n<td class=\"et7\" style=\"height: 25.05pt;\" height=\"41\">Modo de transmisi\u00f3n de la se\u00f1al<\/td>\n<td class=\"et8\" colspan=\"2\">Cable<\/td>\n<\/tr>\n<tr style=\"height: 25.05pt;\">\n<td class=\"et7\" style=\"height: 25.05pt;\" height=\"41\">Desencadenar la vida<\/td>\n<td class=\"et5\" style=\"width: 259.20pt;\" colspan=\"2\" width=\"432\">&gt;10 millones<\/td>\n<\/tr>\n<tr style=\"height: 25.05pt;\">\n<td class=\"et7\" style=\"height: 25.05pt;\" height=\"41\">Peso<\/td>\n<td class=\"et8\" colspan=\"2\">80g<\/td>\n<\/tr>\n<tr style=\"height: 25.05pt;\">\n<td class=\"et7\" style=\"height: 25.05pt;\" height=\"41\">Cable<\/td>\n<td class=\"et5\" style=\"width: 259.20pt;\" colspan=\"2\" width=\"432\">5m, resistencia al aceite, 4 n\u00facleos,\u03c65mm<\/td>\n<\/tr>\n<tr style=\"height: 25.05pt;\">\n<td class=\"et7\" style=\"height: 25.05pt;\" height=\"41\">Material de la carcasa<\/td>\n<td class=\"et8\" colspan=\"2\">Acero inoxidable 316<\/td>\n<\/tr>\n<tr style=\"height: 25.05pt;\">\n<td class=\"et7\" style=\"height: 25.05pt;\" height=\"41\">Sellado<\/td>\n<td class=\"et5\" style=\"width: 259.20pt;\" colspan=\"2\" width=\"432\">IP68<\/td>\n<\/tr>\n<tr style=\"height: 25.05pt;\">\n<td class=\"et7\" style=\"height: 25.05pt;\" height=\"41\">Temperatura de funcionamiento<\/td>\n<td class=\"et9\" colspan=\"2\">5-60<span class=\"font4\">\u2103<\/span><\/td>\n<\/tr>\n<\/tbody>\n<\/table>","protected":false},"excerpt":{"rendered":"<p>Sonda t\u00e1ctil con cable CNC dise\u00f1ada para aplicaciones de alta precisi\u00f3n y rectificado. Protecci\u00f3n IP68 de doble sellado, dise\u00f1o modular con longitud de sonda personalizable, estabilidad l\u00edder en el sector y luces indicadoras claras para una visibilidad instant\u00e1nea del estado, ideal para entornos exigentes con mucho polvo y refrigerante.<\/p>","protected":false},"featured_media":841,"template":"","meta":{"_gspb_post_css":""},"product_brand":[],"product_cat":[15],"product_tag":[35,37,36],"class_list":{"0":"post-383","1":"product","2":"type-product","3":"status-publish","4":"has-post-thumbnail","6":"product_cat-touch-probe","7":"product_tag-cnc-wired-transmission-probe","8":"product_tag-wired-3d-probe","9":"product_tag-wired-touch-probe","11":"first","12":"instock","13":"shipping-taxable","14":"product-type-simple"},"_links":{"self":[{"href":"https:\/\/cnc-probe.com\/es\/wp-json\/wp\/v2\/product\/383","targetHints":{"allow":["GET"]}}],"collection":[{"href":"https:\/\/cnc-probe.com\/es\/wp-json\/wp\/v2\/product"}],"about":[{"href":"https:\/\/cnc-probe.com\/es\/wp-json\/wp\/v2\/types\/product"}],"wp:featuredmedia":[{"embeddable":true,"href":"https:\/\/cnc-probe.com\/es\/wp-json\/wp\/v2\/media\/841"}],"wp:attachment":[{"href":"https:\/\/cnc-probe.com\/es\/wp-json\/wp\/v2\/media?parent=383"}],"wp:term":[{"taxonomy":"product_brand","embeddable":true,"href":"https:\/\/cnc-probe.com\/es\/wp-json\/wp\/v2\/product_brand?post=383"},{"taxonomy":"product_cat","embeddable":true,"href":"https:\/\/cnc-probe.com\/es\/wp-json\/wp\/v2\/product_cat?post=383"},{"taxonomy":"product_tag","embeddable":true,"href":"https:\/\/cnc-probe.com\/es\/wp-json\/wp\/v2\/product_tag?post=383"}],"curies":[{"name":"wp","href":"https:\/\/api.w.org\/{rel}","templated":true}]}}