{"id":875,"date":"2026-01-17T05:41:32","date_gmt":"2026-01-17T05:41:32","guid":{"rendered":"https:\/\/cnc-probe.com\/?post_type=product&#038;p=875"},"modified":"2026-02-28T09:28:04","modified_gmt":"2026-02-28T09:28:04","slug":"optical-wired-five-axis-cnc-touch-tool-setter-high-accuracy","status":"publish","type":"product","link":"https:\/\/cnc-probe.com\/es\/optical-wired-five-axis-cnc-touch-tool-setter-high-accuracy\/","title":{"rendered":"Ajustador de herramientas Cnc t\u00e1ctil de cinco ejes con cable \u00f3ptico de alta precisi\u00f3n"},"content":{"rendered":"<h1>Caracter\u00edstica principal\uff1a<\/h1>\n<p>Medici\u00f3n autom\u00e1tica de la longitud y el di\u00e1metro de la herramienta<\/p>\n<p>Nivel de protecci\u00f3n Ip68<\/p>\n<p>Luces indicadoras para facilitar la visibilidad del estado operativo<\/p>\n<p>Adecuado para m\u00e1quinas CNC que no giran la mesa de trabajo<\/p>\n<p>&nbsp;<\/p>\n<h1>Ventaja\uff1a<\/h1>\n<p>Puede realizar mediciones en m\u00e1quina de la longitud y el di\u00e1metro de la herramienta, compensaci\u00f3n autom\u00e1tica y detecci\u00f3n de rotura de la herramienta. El sensor de disparo utiliza una estructura de aleaci\u00f3n dura de alta resistencia y la tecnolog\u00eda de reajuste aut\u00f3nomo de microdeformaci\u00f3n desarrollada por Qidu, lo que garantiza una excelente estabilidad del producto y una alta repetibilidad en el posicionamiento preciso.<\/p>\n<p>&nbsp;<\/p>\n<h1>Par\u00e1metros del producto:<\/h1>\n<table style=\"border-collapse: collapse; width: 458.43pt;\" border=\"0\" width=\"764\" cellspacing=\"0\" cellpadding=\"0\">\n<tbody>\n<tr style=\"height: 25.05pt;\">\n<td class=\"et4\" style=\"height: 25.05pt; width: 161.40pt;\" width=\"269\" height=\"41\">N\u00ba de art\u00edculo.<\/td>\n<td class=\"et5\" style=\"width: 297.00pt;\" colspan=\"2\" width=\"495\">DMTS-L<\/td>\n<\/tr>\n<tr style=\"height: 25.05pt;\">\n<td class=\"et4\" style=\"height: 25.05pt; width: 161.40pt;\" width=\"269\" height=\"41\">Salida<\/td>\n<td class=\"et5\" style=\"width: 297.00pt;\" colspan=\"2\" width=\"495\">A:NO<\/td>\n<\/tr>\n<tr style=\"height: 25.05pt;\">\n<td class=\"et4\" style=\"height: 25.05pt; width: 161.40pt;\" width=\"269\" height=\"41\">Direcci\u00f3n de disparo<\/td>\n<td class=\"et5\" style=\"width: 297.00pt;\" colspan=\"2\" width=\"495\">\u00b1X,\u00b1Y,+Z<\/td>\n<\/tr>\n<tr style=\"height: 25.05pt;\">\n<td class=\"et4\" style=\"height: 25.05pt; width: 161.40pt;\" width=\"269\" height=\"41\">Antes de la carrera<\/td>\n<td class=\"et5\" style=\"width: 297.00pt;\" colspan=\"2\" width=\"495\">NO<\/td>\n<\/tr>\n<tr style=\"height: 37.95pt;\">\n<td class=\"et6\" style=\"height: 37.95pt;\" height=\"63\">Ictus<\/td>\n<td class=\"et5\" style=\"width: 138.60pt;\" width=\"231\">Plano XY<br \/>\n6,0 mm<\/td>\n<td class=\"et5\" style=\"width: 158.40pt;\" width=\"264\">Z<br \/>\n5,1 mm<\/td>\n<\/tr>\n<tr style=\"height: 30.00pt;\">\n<td class=\"et4\" style=\"height: 30.00pt; width: 161.40pt;\" width=\"269\" height=\"50\"><span class=\"font1\">Repetibilidad Precisi\u00f3n<\/span><span class=\"font2\">\uff08<\/span><span class=\"font1\">2\u03c3<\/span><span class=\"font2\">\uff09<\/span><\/td>\n<td class=\"et5\" style=\"width: 297.00pt;\" colspan=\"2\" width=\"495\"><span class=\"font1\">&lt;1um<\/span><span class=\"font2\">\uff08<\/span><span class=\"font1\">velocidad 30mm\/min<\/span><span class=\"font2\">\uff09<\/span><\/td>\n<\/tr>\n<tr style=\"height: 25.05pt;\">\n<td class=\"et6\" style=\"height: 25.05pt;\" height=\"41\">Desencadenar la vida<\/td>\n<td class=\"et5\" style=\"width: 297.00pt;\" colspan=\"2\" width=\"495\">&gt;10 millones<\/td>\n<\/tr>\n<tr style=\"height: 25.05pt;\">\n<td class=\"et6\" style=\"height: 25.05pt;\" height=\"41\">Sellado<\/td>\n<td class=\"et5\" style=\"width: 297.00pt;\" colspan=\"2\" width=\"495\">IP68<\/td>\n<\/tr>\n<tr style=\"height: 25.95pt;\">\n<td class=\"et6\" style=\"height: 25.95pt;\" height=\"43\">Triggerforce<\/td>\n<td class=\"et5\" style=\"width: 297.00pt;\" colspan=\"2\" width=\"495\"><span class=\"font1\">1,1N ~2,2N (depende de la direcci\u00f3n de detecci\u00f3n)<\/span><span class=\"font2\">\uff09<\/span><\/td>\n<\/tr>\n<tr style=\"height: 37.05pt;\">\n<td class=\"et6\" style=\"height: 37.05pt;\" height=\"61\">Transmisi\u00f3n de se\u00f1ales<\/td>\n<td class=\"et5\" style=\"width: 297.00pt;\" colspan=\"2\" width=\"495\">Cable<br \/>\n5m,resistencia al aceite,6cores,\u03c65.5<\/td>\n<\/tr>\n<tr style=\"height: 43.00pt;\">\n<td class=\"et6\" style=\"height: 43.00pt;\" height=\"71\">Material de la almohadilla t\u00e1ctil<\/td>\n<td class=\"et5\" style=\"width: 297.00pt;\" colspan=\"2\" width=\"495\">Palpador de disco (aleaci\u00f3n superdura, dureza Vickers HV1500)<\/td>\n<\/tr>\n<tr style=\"height: 25.05pt;\">\n<td class=\"et6\" style=\"height: 25.05pt;\" height=\"41\">Tratamiento de superficies<\/td>\n<td class=\"et5\" style=\"width: 297.00pt;\" colspan=\"2\" width=\"495\">Rectificado 4S<\/td>\n<\/tr>\n<tr style=\"height: 27.00pt;\">\n<td class=\"et6\" style=\"height: 27.00pt;\" height=\"45\">Valor nominal del contacto<\/td>\n<td class=\"et5\" style=\"width: 297.00pt;\" colspan=\"2\" width=\"495\">DC24V, 20mA (MAX), recomendado 10mA, carga resistiva<\/td>\n<\/tr>\n<tr style=\"height: 25.05pt;\">\n<td class=\"et6\" style=\"height: 25.05pt;\" height=\"41\">Tubo protector<\/td>\n<td class=\"et5\" style=\"width: 297.00pt;\" colspan=\"2\" width=\"495\">1,5 m, radio de curvatura m\u00ednimo R7<\/td>\n<\/tr>\n<tr style=\"height: 25.05pt;\">\n<td class=\"et6\" style=\"height: 25.05pt;\" height=\"41\">Luz LED<\/td>\n<td class=\"et5\" style=\"width: 297.00pt;\" colspan=\"2\" width=\"495\">Normal:OFF;Activo:ON<\/td>\n<\/tr>\n<\/tbody>\n<\/table>","protected":false},"excerpt":{"rendered":"<p>Sistema de reglaje de herramientas CNC de 5 ejes por cable para la medici\u00f3n autom\u00e1tica de la longitud y el di\u00e1metro de las herramientas con sellado IP68 y luces indicadoras de estado claras. Ideal para m\u00e1quinas de 5 ejes que no giran la mesa de trabajo. El gatillo de aleaci\u00f3n dura con restablecimiento autom\u00e1tico de microdeformaci\u00f3n Qidu proporciona alta estabilidad, repetibilidad, compensaci\u00f3n y detecci\u00f3n de rotura de herramienta.<\/p>","protected":false},"featured_media":1025,"template":"","meta":{"_gspb_post_css":""},"product_brand":[],"product_cat":[17],"product_tag":[61,62,63],"class_list":{"0":"post-875","1":"product","2":"type-product","3":"status-publish","4":"has-post-thumbnail","6":"product_cat-cnc-tool-setter","7":"product_tag-cnc-5-axis-tool-setter","8":"product_tag-ip68-sealed-in-machine-measurement","9":"product_tag-tool-breakage-detection-compensation","11":"first","12":"instock","13":"shipping-taxable","14":"product-type-simple"},"_links":{"self":[{"href":"https:\/\/cnc-probe.com\/es\/wp-json\/wp\/v2\/product\/875","targetHints":{"allow":["GET"]}}],"collection":[{"href":"https:\/\/cnc-probe.com\/es\/wp-json\/wp\/v2\/product"}],"about":[{"href":"https:\/\/cnc-probe.com\/es\/wp-json\/wp\/v2\/types\/product"}],"wp:featuredmedia":[{"embeddable":true,"href":"https:\/\/cnc-probe.com\/es\/wp-json\/wp\/v2\/media\/1025"}],"wp:attachment":[{"href":"https:\/\/cnc-probe.com\/es\/wp-json\/wp\/v2\/media?parent=875"}],"wp:term":[{"taxonomy":"product_brand","embeddable":true,"href":"https:\/\/cnc-probe.com\/es\/wp-json\/wp\/v2\/product_brand?post=875"},{"taxonomy":"product_cat","embeddable":true,"href":"https:\/\/cnc-probe.com\/es\/wp-json\/wp\/v2\/product_cat?post=875"},{"taxonomy":"product_tag","embeddable":true,"href":"https:\/\/cnc-probe.com\/es\/wp-json\/wp\/v2\/product_tag?post=875"}],"curies":[{"name":"wp","href":"https:\/\/api.w.org\/{rel}","templated":true}]}}