{"id":880,"date":"2026-01-17T06:37:02","date_gmt":"2026-01-17T06:37:02","guid":{"rendered":"https:\/\/cnc-probe.com\/?post_type=product&#038;p=880"},"modified":"2026-02-11T08:10:09","modified_gmt":"2026-02-11T08:10:09","slug":"five-directions-wireless-touch-tool-setter-for-cnc-machine","status":"publish","type":"product","link":"https:\/\/cnc-probe.com\/es\/five-directions-wireless-touch-tool-setter-for-cnc-machine\/","title":{"rendered":"Cinco Direcciones Inal\u00e1mbrico Toque Herramienta Setter Para M\u00e1quina CNC"},"content":{"rendered":"<p>Este CNC Cinco direcciones<strong> herramienta t\u00e1ctil inal\u00e1mbrica setter<\/strong>\u00a0es de tipo contacto <strong>Medici\u00f3n de herramientas 3D<\/strong>\u00a0soluci\u00f3n dise\u00f1ada para los modernos centros de mecanizado y tornos CNC en los que es dif\u00edcil tender los cables o donde la distancia y los obst\u00e1culos hacen que los sistemas convencionales no sean fiables. Utilizando <strong>transmisi\u00f3n por radio<\/strong>, proporciona una comunicaci\u00f3n estable y tolerante a las barreras, ideal para <strong>instalaciones a gran distancia<\/strong>, m\u00e1quinas cerradas y disposiciones con cambios frecuentes de mesa o estaciones m\u00faltiples.<\/p>\n<p>Este portaherramientas cuenta con un <strong>Nivel de protecci\u00f3n IP68<\/strong>, lo que ayuda a resistir el refrigerante, las virutas y el polvo, al tiempo que mantiene un rendimiento de medici\u00f3n constante. Admite <strong>medici\u00f3n autom\u00e1tica de la longitud y el di\u00e1metro de la herramienta<\/strong>, que permite una preparaci\u00f3n m\u00e1s r\u00e1pida y un control repetible del desplazamiento de la herramienta sin calibres manuales. Al integrar la comprobaci\u00f3n de herramientas en el ciclo de mecanizado, el sistema reduce la influencia del operario y ayuda a mantener la precisi\u00f3n dimensional estable en todos los turnos.<\/p>\n<p>Como <strong>configurador de herramientas 3D por contacto<\/strong>, puede detectar y compensar autom\u00e1ticamente m\u00faltiples condiciones de la herramienta, incluyendo <strong>herramientas rotas, desgaste de herramientas y cambios de di\u00e1metro<\/strong>. El sistema identifica autom\u00e1ticamente los estados an\u00f3malos de la herramienta, lo que permite intervenir a tiempo antes de que se produzcan piezas de desecho. Esto mejora la garant\u00eda de calidad, minimiza las repeticiones y aumenta la productividad global al mantener la m\u00e1quina cortando con las compensaciones correctas.<\/p>\n<p>El producto adopta un <strong>dise\u00f1o horizontal<\/strong>\u00a0con un eficaz <strong>cuerpo principal anticolisi\u00f3n<\/strong>, El sistema de seguridad de 5 ejes permite un funcionamiento m\u00e1s seguro en movimientos complejos de 5 ejes en los que pueden producirse contactos accidentales. Adem\u00e1s, un <strong>varilla adaptadora cer\u00e1mica<\/strong>\u00a0se utiliza para proteger mejor el sensor tras los impactos por contacto, lo que reduce el riesgo de da\u00f1os y favorece una mayor vida \u00fatil en ciclos exigentes.<\/p>\n<p>Este portaherramientas es especialmente adecuado para m\u00e1quinas herramienta con un uso limitado del cable, como por ejemplo <strong>centros de mecanizado de doble mesa<\/strong>-as\u00ed como <strong>Tornos CNC con puestos giratorios o multipuestos<\/strong>. La implantaci\u00f3n inal\u00e1mbrica puede simplificar la instalaci\u00f3n, reducir los puntos de mantenimiento y permitir una disposici\u00f3n flexible de las m\u00e1quinas sin sacrificar la fiabilidad de las mediciones.<\/p>\n<p>Gracias a la combinaci\u00f3n de comunicaci\u00f3n por radio, sellado robusto, estructura resistente a las colisiones y detecci\u00f3n inteligente de desgaste y rotura, este sistema inal\u00e1mbrico de reglaje de herramientas de 5 ejes ayuda a las f\u00e1bricas a mejorar la precisi\u00f3n del mecanizado, acortar el tiempo de preparaci\u00f3n y aumentar la eficacia de la producci\u00f3n, lo que lo convierte en una mejora pr\u00e1ctica para entornos de fabricaci\u00f3n de alta mezcla o alto valor.<\/p>\n<p>&nbsp;<\/p>","protected":false},"excerpt":{"rendered":"<p>Controlador t\u00e1ctil inal\u00e1mbrico CNC de cinco direcciones con transmisi\u00f3n por radio para entornos de m\u00e1quinas obstruidas o de larga distancia. Sellado IP68, cuerpo horizontal anticolisi\u00f3n y varilla adaptadora de cer\u00e1mica que protegen el sensor. Mide autom\u00e1ticamente la longitud\/di\u00e1metro de la herramienta, detecta el desgaste y las herramientas rotas, y admite tornos con estaciones de trabajo giratorias o m\u00faltiples.<\/p>","protected":false},"featured_media":1020,"template":"","meta":{"_gspb_post_css":""},"product_brand":[],"product_cat":[17],"product_tag":[64,66,65],"class_list":{"0":"post-880","1":"product","2":"type-product","3":"status-publish","4":"has-post-thumbnail","6":"product_cat-cnc-tool-setter","7":"product_tag-cnc-wireless-5-axis-tool-setter","8":"product_tag-five-directions-wireless-touch-tool-setter","9":"product_tag-radio-transmission-3d-measurement","11":"first","12":"instock","13":"shipping-taxable","14":"product-type-simple"},"_links":{"self":[{"href":"https:\/\/cnc-probe.com\/es\/wp-json\/wp\/v2\/product\/880","targetHints":{"allow":["GET"]}}],"collection":[{"href":"https:\/\/cnc-probe.com\/es\/wp-json\/wp\/v2\/product"}],"about":[{"href":"https:\/\/cnc-probe.com\/es\/wp-json\/wp\/v2\/types\/product"}],"wp:featuredmedia":[{"embeddable":true,"href":"https:\/\/cnc-probe.com\/es\/wp-json\/wp\/v2\/media\/1020"}],"wp:attachment":[{"href":"https:\/\/cnc-probe.com\/es\/wp-json\/wp\/v2\/media?parent=880"}],"wp:term":[{"taxonomy":"product_brand","embeddable":true,"href":"https:\/\/cnc-probe.com\/es\/wp-json\/wp\/v2\/product_brand?post=880"},{"taxonomy":"product_cat","embeddable":true,"href":"https:\/\/cnc-probe.com\/es\/wp-json\/wp\/v2\/product_cat?post=880"},{"taxonomy":"product_tag","embeddable":true,"href":"https:\/\/cnc-probe.com\/es\/wp-json\/wp\/v2\/product_tag?post=880"}],"curies":[{"name":"wp","href":"https:\/\/api.w.org\/{rel}","templated":true}]}}