{"id":885,"date":"2026-01-17T06:52:00","date_gmt":"2026-01-17T06:52:00","guid":{"rendered":"https:\/\/cnc-probe.com\/?post_type=product&#038;p=885"},"modified":"2026-02-28T09:24:26","modified_gmt":"2026-02-28T09:24:26","slug":"cnc-laser-tool-setter-high-precision-non-contact-fast-response","status":"publish","type":"product","link":"https:\/\/cnc-probe.com\/es\/cnc-laser-tool-setter-high-precision-non-contact-fast-response\/","title":{"rendered":"M\u00e1quina l\u00e1ser CNC de alta precisi\u00f3n sin contacto de respuesta r\u00e1pida"},"content":{"rendered":"<h1>Funci\u00f3n m\u00faltiple:<\/h1>\n<p>Inspecci\u00f3n de da\u00f1os en herramientas<br \/>\nMedici\u00f3n de la longitud de la herramienta<\/p>\n<p>Medici\u00f3n del radio de la herramienta<\/p>\n<p>Medici\u00f3n de la forma de la herramienta<\/p>\n<p>Supervisi\u00f3n de la forma de la herramienta<br \/>\nControl de corte de un solo filo<\/p>\n<p>Compensaci\u00f3n del desgaste<\/p>\n<p>Compensaci\u00f3n de ejes<\/p>\n<p>Supervisi\u00f3n de la punta de la herramienta<\/p>\n<p>Supervisi\u00f3n de la herramienta de biselado<\/p>\n<p>Supervisi\u00f3n de herramientas c\u00f3nicas<\/p>\n<p>&nbsp;<\/p>\n<h1>Ventaja:<\/h1>\n<p>La medici\u00f3n automatizada ahorra mucho tiempo<\/p>\n<p>Calidad excepcional e \u00edndices de defectos extremadamente bajos<\/p>\n<p>Permite un flujo de trabajo de bucle cerrado<\/p>\n<p>Modo de funcionamiento automatizado y sin tripulaci\u00f3n<\/p>\n<p>Mide y controla diversos tipos de herramientas, formas, etc.<\/p>\n<p>Medici\u00f3n altamente din\u00e1mica de todas las caracter\u00edsticas de la herramienta<\/p>\n<p>Reduce el tiempo de medici\u00f3n e inspecci\u00f3n hasta 60%<\/p>\n<p>Ajusta la velocidad din\u00e1micamente en funci\u00f3n de las RPM nominales de la herramienta.<\/p>\n<p>Mediciones fiables incluso en presencia de refrigerante<\/p>\n<p>Filtra la suciedad y los residuos de refrigerante adheridos a la herramienta<\/p>\n<p>&nbsp;<\/p>\n<h1>Caracter\u00edstica principal:<\/h1>\n<p>M\u00e1xima precisi\u00f3n repetible (2o)\u2264 0,1\u03bcm<\/p>\n<p>Precisi\u00f3n global est\u00e1ndar (2o) \u2264 1\u03bcm<\/p>\n<p>Dise\u00f1o l\u00e1ser focalizado para herramientas de medici\u00f3n con un di\u00e1metro de 0,03 mm<\/p>\n<p>Detectar la longitud de la herramienta, el di\u00e1metro de la herramienta y la desviaci\u00f3n de la herramienta, incluidos los da\u00f1os en los dientes de las herramientas multidentado.<\/p>\n<p>Actualiza autom\u00e1ticamente los errores de desplazamiento de la herramienta y puede supervisar y compensar la deformaci\u00f3n t\u00e9rmica del husillo de la m\u00e1quina herramienta.<\/p>\n<p>Utiliza detecci\u00f3n l\u00e1ser sin contacto, lo que garantiza una mayor precisi\u00f3n y estabilidad sin contacto con la herramienta.<\/p>\n<p>Resistente al agua hasta 10 metros de profundidad, sellado IP68<\/p>\n<p>Emplea software para reconocer y filtrar activamente las interferencias de las gotas de agua, lo que reduce significativamente las falsas alarmas.<\/p>\n<p>&nbsp;<\/p>\n<h1>Par\u00e1metros del producto:<\/h1>\n<table style=\"border-collapse: collapse; width: 474.02pt;\" border=\"0\" width=\"790\" cellspacing=\"0\" cellpadding=\"0\">\n<tbody>\n<tr style=\"height: 25.05pt;\">\n<td class=\"et4\" style=\"height: 25.05pt; width: 180.00pt;\" width=\"300\" height=\"41\">N\u00ba de art\u00edculo.<\/td>\n<td class=\"et5\" style=\"width: 98.10pt;\" width=\"163\">DNC56<\/td>\n<td class=\"et5\" style=\"width: 98.10pt;\" width=\"163\">DNC86<\/td>\n<td class=\"et5\" style=\"width: 98.10pt;\" width=\"163\">DNC168<\/td>\n<\/tr>\n<tr style=\"height: 36.00pt;\">\n<td class=\"et4\" style=\"height: 36.00pt; width: 180.00pt;\" width=\"300\" height=\"60\">Herramienta de medici\u00f3n centrada Gama de di\u00e1metros<\/td>\n<td class=\"et6\" style=\"width: 98.10pt;\" width=\"163\">\u03c60.03-50<\/td>\n<td class=\"et6\" style=\"width: 98.10pt;\" width=\"163\">\u03c60.03-80<\/td>\n<td class=\"et6\" style=\"width: 98.10pt;\" width=\"163\">\u03c60.03-160<\/td>\n<\/tr>\n<tr style=\"height: 31.00pt;\">\n<td class=\"et4\" style=\"height: 31.00pt; width: 180.00pt;\" width=\"300\" height=\"51\">Herramienta de medici\u00f3n tangencial Gama de di\u00e1metros<\/td>\n<td class=\"et6\" style=\"width: 98.10pt;\" width=\"163\">\u03c60.03-60<\/td>\n<td class=\"et6\" style=\"width: 98.10pt;\" width=\"163\">\u03c60.03-110<\/td>\n<td class=\"et6\" style=\"width: 98.10pt;\" width=\"163\">\u03c60.03-320<\/td>\n<\/tr>\n<tr style=\"height: 25.05pt;\">\n<td class=\"et4\" style=\"height: 25.05pt; width: 180.00pt;\" width=\"300\" height=\"41\">Repetibilidad (2\u03c3)<\/td>\n<td class=\"et7\" style=\"width: 294.30pt;\" colspan=\"3\" width=\"490\">\u00b10,1um<\/td>\n<\/tr>\n<tr style=\"height: 31.00pt;\">\n<td class=\"et4\" style=\"height: 31.00pt; width: 180.00pt;\" width=\"300\" height=\"51\">Precisi\u00f3n global general<\/td>\n<td class=\"et6\" style=\"width: 294.30pt;\" colspan=\"3\" width=\"490\">\u00b11um<\/td>\n<\/tr>\n<tr style=\"height: 25.05pt;\">\n<td class=\"et8\" style=\"height: 25.05pt;\" height=\"41\">Tipo l\u00e1ser<\/td>\n<td class=\"et9\" colspan=\"3\">Potencia &lt;1mW, Longitud de onda 680nm<\/td>\n<\/tr>\n<tr style=\"height: 25.05pt;\">\n<td class=\"et8\" style=\"height: 25.05pt;\" height=\"41\">Colimaci\u00f3n del haz l\u00e1ser<\/td>\n<td class=\"et6\" style=\"width: 294.30pt;\" colspan=\"3\" width=\"490\">Se ajusta mediante la base de montaje<\/td>\n<\/tr>\n<tr style=\"height: 25.05pt;\">\n<td class=\"et8\" style=\"height: 25.05pt;\" height=\"41\">Tensi\u00f3n de alimentaci\u00f3n<\/td>\n<td class=\"et9\" colspan=\"3\"><span class=\"font1\">50 mA<\/span><span class=\"font0\">\uff0c<\/span><span class=\"font1\">24VDC<\/span><\/td>\n<\/tr>\n<tr style=\"height: 25.05pt;\">\n<td class=\"et8\" style=\"height: 25.05pt;\" height=\"41\">Protecci\u00f3n el\u00e9ctrica<\/td>\n<td class=\"et6\" style=\"width: 294.30pt;\" colspan=\"3\" width=\"490\">Protecci\u00f3n rearmable, fusible reemplazable<\/td>\n<\/tr>\n<tr style=\"height: 25.05pt;\">\n<td class=\"et8\" style=\"height: 25.05pt;\" height=\"41\">Se\u00f1al de salida<\/td>\n<td class=\"et6\" style=\"width: 294.30pt;\" colspan=\"3\" width=\"490\">Corriente m\u00e1x. 50 mA, Tensi\u00f3n m\u00e1x. \u00b150 V<\/td>\n<\/tr>\n<tr style=\"height: 25.05pt;\">\n<td class=\"et8\" style=\"height: 25.05pt;\" height=\"41\">M\u00e9todo de transmisi\u00f3n de se\u00f1ales<\/td>\n<td class=\"et6\" style=\"width: 294.30pt;\" colspan=\"3\" width=\"490\">Cable de par trenzado de 8 hilos apantallado resistente al aceite de 5 m<\/td>\n<\/tr>\n<tr style=\"height: 25.05pt;\">\n<td class=\"et8\" style=\"height: 25.05pt;\" height=\"41\">Suministro de aire<\/td>\n<td class=\"et6\" style=\"width: 294.30pt;\" colspan=\"3\" width=\"490\">Tubo de 6 mm (43 psi-87 psi)<\/td>\n<\/tr>\n<tr style=\"height: 25.05pt;\">\n<td class=\"et8\" style=\"height: 25.05pt;\" height=\"41\">Vida \u00fatil<\/td>\n<td class=\"et7\" style=\"width: 294.30pt;\" colspan=\"3\" width=\"490\">&gt;1 mill\u00f3n de ciclos de conmutaci\u00f3n<\/td>\n<\/tr>\n<tr style=\"height: 25.05pt;\">\n<td class=\"et8\" style=\"height: 25.05pt;\" height=\"41\">Sellado<\/td>\n<td class=\"et6\" style=\"width: 294.30pt;\" colspan=\"3\" width=\"490\">IP68<\/td>\n<\/tr>\n<tr style=\"height: 25.05pt;\">\n<td class=\"et8\" style=\"height: 25.05pt;\" height=\"41\">Material<\/td>\n<td class=\"et10\" colspan=\"3\">Aluminio de aviaci\u00f3n<\/td>\n<\/tr>\n<tr style=\"height: 25.05pt;\">\n<td class=\"et8\" style=\"height: 25.05pt;\" height=\"41\">Temperatura de almacenamiento<\/td>\n<td class=\"et11\" colspan=\"3\">-10\u00b0 a 70\u00b0.<\/td>\n<\/tr>\n<tr style=\"height: 25.05pt;\">\n<td class=\"et8\" style=\"height: 25.05pt;\" height=\"41\">Temperatura de funcionamiento<\/td>\n<td class=\"et9\" colspan=\"3\">5\u00b0 a 50<\/td>\n<\/tr>\n<\/tbody>\n<\/table>","protected":false},"excerpt":{"rendered":"<p>Ajustador de herramientas l\u00e1ser CNC para medici\u00f3n y supervisi\u00f3n de herramientas ultrarr\u00e1pidas y sin contacto. Repetibilidad \u22640,1\u03bcm (2\u03c3), precisi\u00f3n \u22641\u03bcm (2\u03c3), mide hasta \u00d80,03mm. Detecta longitud, di\u00e1metro, desviaci\u00f3n y da\u00f1os en los dientes, filtra refrigerante\/suciedad, IP68 (10m), y admite automatizaci\u00f3n en bucle cerrado sin personal.<\/p>","protected":false},"featured_media":887,"template":"","meta":{"_gspb_post_css":""},"product_brand":[],"product_cat":[17],"product_tag":[67,69,68],"class_list":{"0":"post-885","1":"product","2":"type-product","3":"status-publish","4":"has-post-thumbnail","6":"product_cat-cnc-tool-setter","7":"product_tag-cnc-laser-tool-setter","8":"product_tag-non-contact-fast-response-tool-setter","9":"product_tag-non-contact-micro-tool-measurement","11":"first","12":"instock","13":"shipping-taxable","14":"product-type-simple"},"_links":{"self":[{"href":"https:\/\/cnc-probe.com\/es\/wp-json\/wp\/v2\/product\/885","targetHints":{"allow":["GET"]}}],"collection":[{"href":"https:\/\/cnc-probe.com\/es\/wp-json\/wp\/v2\/product"}],"about":[{"href":"https:\/\/cnc-probe.com\/es\/wp-json\/wp\/v2\/types\/product"}],"wp:featuredmedia":[{"embeddable":true,"href":"https:\/\/cnc-probe.com\/es\/wp-json\/wp\/v2\/media\/887"}],"wp:attachment":[{"href":"https:\/\/cnc-probe.com\/es\/wp-json\/wp\/v2\/media?parent=885"}],"wp:term":[{"taxonomy":"product_brand","embeddable":true,"href":"https:\/\/cnc-probe.com\/es\/wp-json\/wp\/v2\/product_brand?post=885"},{"taxonomy":"product_cat","embeddable":true,"href":"https:\/\/cnc-probe.com\/es\/wp-json\/wp\/v2\/product_cat?post=885"},{"taxonomy":"product_tag","embeddable":true,"href":"https:\/\/cnc-probe.com\/es\/wp-json\/wp\/v2\/product_tag?post=885"}],"curies":[{"name":"wp","href":"https:\/\/api.w.org\/{rel}","templated":true}]}}