{"id":892,"date":"2026-01-17T07:53:42","date_gmt":"2026-01-17T07:53:42","guid":{"rendered":"https:\/\/cnc-probe.com\/?post_type=product&#038;p=892"},"modified":"2026-02-28T08:15:58","modified_gmt":"2026-02-28T08:15:58","slug":"cnc-modular-touch-probe-precision-measuring-stable-signal","status":"publish","type":"product","link":"https:\/\/cnc-probe.com\/es\/cnc-modular-touch-probe-precision-measuring-stable-signal\/","title":{"rendered":"Cnc Sonda t\u00e1ctil modular Medici\u00f3n de precisi\u00f3n Se\u00f1al estable"},"content":{"rendered":"<h1>Caracter\u00edstica principal:<\/h1>\n<p>Se\u00f1ales de radio, transmisi\u00f3n sin barreras<\/p>\n<p>Bajo consumo de energ\u00eda con una duraci\u00f3n de la bater\u00eda superior a 1 a\u00f1o<\/p>\n<p>&lt; 1\/100.000 probabilidad de p\u00e9rdida de se\u00f1al<\/p>\n<p>La longitud del m\u00f3dulo de sonda es ajustable<\/p>\n<p>Tecnolog\u00eda inteligente de corte de frecuencias<\/p>\n<p>Ideal para escenarios de mecanizado con medici\u00f3n de cavidades profundas.<\/p>\n<p>&nbsp;<\/p>\n<h1>Ventaja:<\/h1>\n<p>Utiliza se\u00f1ales de ondas de radio inal\u00e1mbricas, sin miedo a los obst\u00e1culos, montaje modular con sonda de di\u00e1metro o25 y extensibles para combinaciones flexibles de longitud de sonda. Adecuado para las industrias de moldes, automoci\u00f3n y militar con requisitos de medici\u00f3n de cavidades profundas.<\/p>\n<p>&nbsp;<\/p>\n<h1>Par\u00e1metros del producto:<\/h1>\n<table style=\"border-collapse: collapse; width: 432.02pt;\" border=\"0\" width=\"720\" cellspacing=\"0\" cellpadding=\"0\">\n<tbody>\n<tr style=\"height: 25.05pt;\">\n<td class=\"et4\" style=\"height: 25.05pt; width: 154.80pt;\" width=\"258\" height=\"41\">N\u00ba de art\u00edculo.<\/td>\n<td class=\"et5\" style=\"width: 277.20pt;\" colspan=\"2\" width=\"462\">DRP25M<\/td>\n<\/tr>\n<tr style=\"height: 25.05pt;\">\n<td class=\"et4\" style=\"height: 25.05pt; width: 154.80pt;\" width=\"258\" height=\"41\"><span class=\"font1\">Repetibilidad<\/span><span class=\"font2\">\uff08<\/span><span class=\"font1\">2\u03c3<\/span><span class=\"font2\">\uff09<\/span><\/td>\n<td class=\"et6\" style=\"width: 277.20pt;\" colspan=\"2\" width=\"462\"><span class=\"font1\">&lt;1um<\/span><span class=\"font2\">\uff08<\/span><span class=\"font1\">l\u00e1piz<\/span><span class=\"font2\">\uff1a<\/span><span class=\"font1\">50 mm<\/span><span class=\"font2\">\uff0c<\/span><span class=\"font1\">velocidad<\/span><span class=\"font2\">\uff1a<\/span><span class=\"font1\">50~200mm\/min<\/span><span class=\"font2\">\uff09<\/span><\/td>\n<\/tr>\n<tr style=\"height: 25.05pt;\">\n<td class=\"et4\" style=\"height: 25.05pt; width: 154.80pt;\" width=\"258\" height=\"41\">Direcci\u00f3n de disparo<\/td>\n<td class=\"et6\" style=\"width: 277.20pt;\" colspan=\"2\" width=\"462\">\u00b1X,\u00b1Y,+Z<\/td>\n<\/tr>\n<tr style=\"height: 39.00pt;\">\n<td class=\"et4\" style=\"height: 39.00pt; width: 154.80pt;\" width=\"258\" height=\"65\"><span class=\"font1\">Fuerza del gatillo<\/span><span class=\"font2\">\uff08<\/span><span class=\"font1\">l\u00e1piz<\/span><span class=\"font2\">\uff1a<\/span><span class=\"font1\">50 mm<\/span><span class=\"font2\">\uff09<\/span><\/td>\n<td class=\"et7\" style=\"width: 138.60pt;\" width=\"231\">Plano XY 0,5~0,9N<\/td>\n<td class=\"et8\" style=\"width: 138.60pt;\" width=\"231\">Z: 6,2N<\/td>\n<\/tr>\n<tr style=\"height: 25.05pt;\">\n<td class=\"et4\" style=\"height: 25.05pt; width: 154.80pt;\" width=\"258\" height=\"41\">Gama de protecci\u00f3n<\/td>\n<td class=\"et7\" style=\"width: 138.60pt;\" width=\"231\">Plano XY +\/-12,5<\/td>\n<td class=\"et8\" style=\"width: 138.60pt;\" width=\"231\">Z: 6,2 mm<\/td>\n<\/tr>\n<tr style=\"height: 25.05pt;\">\n<td class=\"et9\" style=\"height: 25.05pt;\" height=\"41\">Modo de transmisi\u00f3n de la se\u00f1al<\/td>\n<td class=\"et10\" colspan=\"2\">Transmisi\u00f3n por radio<\/td>\n<\/tr>\n<tr style=\"height: 25.05pt;\">\n<td class=\"et9\" style=\"height: 25.05pt;\" height=\"41\">Alcance operativo<\/td>\n<td class=\"et6\" style=\"width: 277.20pt;\" colspan=\"2\" width=\"462\">15m<\/td>\n<\/tr>\n<tr style=\"height: 25.05pt;\">\n<td class=\"et9\" style=\"height: 25.05pt;\" height=\"41\">Desencadenar la vida<\/td>\n<td class=\"et10\" colspan=\"2\">&gt;10 millones<\/td>\n<\/tr>\n<tr style=\"height: 25.05pt;\">\n<td class=\"et9\" style=\"height: 25.05pt;\" height=\"41\">\u00c1ngulo de transmisi\u00f3n<\/td>\n<td class=\"et6\" style=\"width: 277.20pt;\" colspan=\"2\" width=\"462\">360\u00b0Transmisi\u00f3n envolvente<\/td>\n<\/tr>\n<tr style=\"height: 25.05pt;\">\n<td class=\"et11\" style=\"height: 25.05pt;\" height=\"41\">Radiofrecuencia<\/td>\n<td class=\"et6\" style=\"width: 277.20pt;\" colspan=\"2\" width=\"462\">2.4G<\/td>\n<\/tr>\n<tr style=\"height: 25.05pt;\">\n<td class=\"et11\" style=\"height: 25.05pt;\" height=\"41\">N\u00famero de canales<\/td>\n<td class=\"et12\" style=\"width: 277.20pt;\" colspan=\"2\" width=\"462\">83<\/td>\n<\/tr>\n<tr style=\"height: 25.05pt;\">\n<td class=\"et11\" style=\"height: 25.05pt;\" height=\"41\">Conmutaci\u00f3n de canales<\/td>\n<td class=\"et6\" style=\"width: 277.20pt;\" colspan=\"2\" width=\"462\">Salto de frecuencia inteligente<\/td>\n<\/tr>\n<tr style=\"height: 25.05pt;\">\n<td class=\"et11\" style=\"height: 25.05pt;\" height=\"41\">Transmisi\u00f3n activada<\/td>\n<td class=\"et6\" style=\"width: 277.20pt;\" colspan=\"2\" width=\"462\">C\u00f3digo M<\/td>\n<\/tr>\n<tr style=\"height: 25.05pt;\">\n<td class=\"et9\" style=\"height: 25.05pt;\" height=\"41\">Modelo de bater\u00eda<\/td>\n<td class=\"et10\" colspan=\"2\">2 pilas de litio 14250<\/td>\n<\/tr>\n<tr style=\"height: 25.05pt;\">\n<td class=\"et14\" style=\"height: 125.25pt;\" rowspan=\"5\" height=\"208\">Duraci\u00f3n de la bater\u00eda<\/td>\n<td class=\"et15\">En espera<\/td>\n<td class=\"et8\" style=\"width: 138.60pt;\" width=\"231\">&gt;400 d\u00edas<\/td>\n<\/tr>\n<tr style=\"height: 25.05pt;\">\n<td class=\"et15\">3000 disparos\/d\u00eda<\/td>\n<td class=\"et8\" style=\"width: 138.60pt;\" width=\"231\">350 d\u00edas<\/td>\n<\/tr>\n<tr style=\"height: 25.05pt;\">\n<td class=\"et15\">800 disparos\/d\u00eda<\/td>\n<td class=\"et8\" style=\"width: 138.60pt;\" width=\"231\">300 d\u00edas<\/td>\n<\/tr>\n<tr style=\"height: 25.05pt;\">\n<td class=\"et15\">15000disparos\/d\u00eda<\/td>\n<td class=\"et8\" style=\"width: 138.60pt;\" width=\"231\">230d\u00edas<\/td>\n<\/tr>\n<tr style=\"height: 25.05pt;\">\n<td class=\"et15\" colspan=\"2\">Trabajo continuo: &gt;3,5 millones<\/td>\n<\/tr>\n<tr style=\"height: 25.05pt;\">\n<td class=\"et9\" style=\"height: 25.05pt;\" height=\"41\">Sellado<\/td>\n<td class=\"et10\" colspan=\"2\">IP68<\/td>\n<\/tr>\n<tr style=\"height: 25.05pt;\">\n<td class=\"et9\" style=\"height: 25.05pt;\" height=\"41\">Temperatura de funcionamiento<\/td>\n<td class=\"et14\" colspan=\"2\"><span class=\"font1\">5-60<\/span><span class=\"font2\">\u2103<\/span><\/td>\n<\/tr>\n<\/tbody>\n<\/table>\n<p>&nbsp;<\/p>","protected":false},"excerpt":{"rendered":"<p>Sonda de contacto modular CNC con se\u00f1ales de radio inal\u00e1mbricas para una transmisi\u00f3n sin barreras en cavidades profundas. Bater\u00eda de bajo consumo, duraci\u00f3n &gt;1 a\u00f1o, probabilidad de p\u00e9rdida de se\u00f1al &lt;1\/100.000, tecnolog\u00eda inteligente de corte de frecuencia y m\u00f3dulo de sonda de longitud ajustable con varillas modulares \u03a625, ideal para tareas de medici\u00f3n en moldes, automoci\u00f3n y defensa.<\/p>","protected":false},"featured_media":893,"template":"","meta":{"_gspb_post_css":""},"product_brand":[],"product_cat":[15],"product_tag":[70,72,71],"class_list":{"0":"post-892","1":"product","2":"type-product","3":"status-publish","4":"has-post-thumbnail","6":"product_cat-touch-probe","7":"product_tag-cnc-modular-touch-probe","8":"product_tag-deep-cavity-measurement-25","9":"product_tag-rf-barrier-free-transmission","11":"first","12":"instock","13":"shipping-taxable","14":"product-type-simple"},"_links":{"self":[{"href":"https:\/\/cnc-probe.com\/es\/wp-json\/wp\/v2\/product\/892","targetHints":{"allow":["GET"]}}],"collection":[{"href":"https:\/\/cnc-probe.com\/es\/wp-json\/wp\/v2\/product"}],"about":[{"href":"https:\/\/cnc-probe.com\/es\/wp-json\/wp\/v2\/types\/product"}],"wp:featuredmedia":[{"embeddable":true,"href":"https:\/\/cnc-probe.com\/es\/wp-json\/wp\/v2\/media\/893"}],"wp:attachment":[{"href":"https:\/\/cnc-probe.com\/es\/wp-json\/wp\/v2\/media?parent=892"}],"wp:term":[{"taxonomy":"product_brand","embeddable":true,"href":"https:\/\/cnc-probe.com\/es\/wp-json\/wp\/v2\/product_brand?post=892"},{"taxonomy":"product_cat","embeddable":true,"href":"https:\/\/cnc-probe.com\/es\/wp-json\/wp\/v2\/product_cat?post=892"},{"taxonomy":"product_tag","embeddable":true,"href":"https:\/\/cnc-probe.com\/es\/wp-json\/wp\/v2\/product_tag?post=892"}],"curies":[{"name":"wp","href":"https:\/\/api.w.org\/{rel}","templated":true}]}}