{"id":1235,"date":"2026-02-03T08:27:36","date_gmt":"2026-02-03T08:27:36","guid":{"rendered":"https:\/\/cnc-probe.com\/?post_type=product&#038;p=1235"},"modified":"2026-02-11T08:04:40","modified_gmt":"2026-02-11T08:04:40","slug":"presition-cnc-calibration-sphere-ceramic-standard-ball-probe-gauge","status":"publish","type":"product","link":"https:\/\/cnc-probe.com\/fr\/presition-cnc-calibration-sphere-ceramic-standard-ball-probe-gauge\/","title":{"rendered":"Presition CNC Calibration Sphere Ceramic Standard Ball Probe Gauge"},"content":{"rendered":"<p data-start=\"351\" data-end=\"671\">Le <strong data-start=\"394\" data-end=\"454\">Calibrage CNC Sph\u00e8re C\u00e9ramique Standard Ball Probe Gauge<\/strong> est un outil essentiel pour garantir la pr\u00e9cision des machines \u00e0 commande num\u00e9rique et des instruments de mesure. Fabriqu\u00e9e en c\u00e9ramique de haute qualit\u00e9, cette sph\u00e8re offre une r\u00e9sistance \u00e0 l'usure et une fiabilit\u00e9 sup\u00e9rieures pour un \u00e9talonnage pr\u00e9cis des sondes.<\/p>\n<p data-start=\"673\" data-end=\"1187\">Le mat\u00e9riau c\u00e9ramique est choisi pour sa durabilit\u00e9 et ses performances constantes, offrant une surface dure et stable qui r\u00e9siste \u00e0 l'usure au fil du temps. Il est id\u00e9al pour <strong data-start=\"832\" data-end=\"863\">t\u00e2ches de mesure de pr\u00e9cision<\/strong>, Cette jauge de palpage permet de v\u00e9rifier la pr\u00e9cision du palpeur de votre machine, en particulier lorsque vous travaillez sur des pi\u00e8ces complexes ou d\u00e9taill\u00e9es. Cette jauge de palpeur est essentielle pour v\u00e9rifier la pr\u00e9cision du palpeur, ajuster les r\u00e9glages de la machine et affiner les mesures, afin de garantir un r\u00e9sultat de haute qualit\u00e9 et de r\u00e9duire les risques d'erreurs dans les pi\u00e8ces \u00e0 usiner.<\/p>\n<p data-start=\"1189\" data-end=\"1475\">Avec son <strong data-start=\"1198\" data-end=\"1227\">forme parfaitement sph\u00e9rique<\/strong>, La jauge de la sonde offre une constance in\u00e9gal\u00e9e, en fournissant <strong data-start=\"1285\" data-end=\"1307\">des r\u00e9sultats reproductibles<\/strong> m\u00eame dans des conditions d'usinage exigeantes. Sa surface est lisse et stable, ce qui garantit un contact fiable avec la sonde et minimise la variabilit\u00e9 des mesures.<\/p>\n<p data-start=\"1477\" data-end=\"1875\">En outre, le <strong data-start=\"1494\" data-end=\"1520\">Sph\u00e8re de calibrage CNC<\/strong> est compact et facile \u00e0 int\u00e9grer dans votre machine. Il est utilis\u00e9 dans diverses industries, de <strong data-start=\"1622\" data-end=\"1637\">fabrication de moules<\/strong> \u00e0 <strong data-start=\"1641\" data-end=\"1669\">Fabrication automobile<\/strong>, o\u00f9 la pr\u00e9cision des mesures est cruciale. Il est particuli\u00e8rement utile pour <strong data-start=\"1737\" data-end=\"1791\">\u00e9talonnage des machines \u00e0 commande num\u00e9rique, v\u00e9rification de la pr\u00e9cision des palpeurs<\/strong>, et en veillant \u00e0 ce que <strong data-start=\"1806\" data-end=\"1846\">des performances constantes et de haute qualit\u00e9<\/strong> tant au niveau de la mise en place que du fonctionnement.<\/p>\n<p data-start=\"1877\" data-end=\"2087\" data-is-last-node=\"\" data-is-only-node=\"\">Dans l'ensemble, cette sph\u00e8re d'\u00e9talonnage est un outil indispensable dans tout atelier exigeant les normes de pr\u00e9cision les plus \u00e9lev\u00e9es, vous offrant l'assurance que votre machine CNC fonctionne toujours au maximum de ses performances.<\/p>","protected":false},"excerpt":{"rendered":"<p>Sph\u00e8re d'\u00e9talonnage CNC en c\u00e9ramique, jauge de sonde \u00e0 bille standard con\u00e7ue pour des mesures de pr\u00e9cision. Il se caract\u00e9rise par une construction en c\u00e9ramique de haute qualit\u00e9, une surface durable et une r\u00e9p\u00e9tabilit\u00e9 fiable. Id\u00e9ale pour v\u00e9rifier la pr\u00e9cision des sondes et \u00e9talonner les machines, elle fournit des r\u00e9sultats pr\u00e9cis m\u00eame dans des conditions difficiles.<\/p>","protected":false},"featured_media":1236,"template":"","meta":{"_gspb_post_css":""},"product_brand":[],"product_cat":[20],"product_tag":[110,109,111],"class_list":{"0":"post-1235","1":"product","2":"type-product","3":"status-publish","4":"has-post-thumbnail","6":"product_cat-accessories","7":"product_tag-ceramic-probe-gauge","8":"product_tag-cnc-calibration-sphere","9":"product_tag-precision-measurement-tool","11":"first","12":"instock","13":"shipping-taxable","14":"product-type-simple"},"_links":{"self":[{"href":"https:\/\/cnc-probe.com\/fr\/wp-json\/wp\/v2\/product\/1235","targetHints":{"allow":["GET"]}}],"collection":[{"href":"https:\/\/cnc-probe.com\/fr\/wp-json\/wp\/v2\/product"}],"about":[{"href":"https:\/\/cnc-probe.com\/fr\/wp-json\/wp\/v2\/types\/product"}],"wp:featuredmedia":[{"embeddable":true,"href":"https:\/\/cnc-probe.com\/fr\/wp-json\/wp\/v2\/media\/1236"}],"wp:attachment":[{"href":"https:\/\/cnc-probe.com\/fr\/wp-json\/wp\/v2\/media?parent=1235"}],"wp:term":[{"taxonomy":"product_brand","embeddable":true,"href":"https:\/\/cnc-probe.com\/fr\/wp-json\/wp\/v2\/product_brand?post=1235"},{"taxonomy":"product_cat","embeddable":true,"href":"https:\/\/cnc-probe.com\/fr\/wp-json\/wp\/v2\/product_cat?post=1235"},{"taxonomy":"product_tag","embeddable":true,"href":"https:\/\/cnc-probe.com\/fr\/wp-json\/wp\/v2\/product_tag?post=1235"}],"curies":[{"name":"wp","href":"https:\/\/api.w.org\/{rel}","templated":true}]}}