{"id":1240,"date":"2026-02-03T08:53:32","date_gmt":"2026-02-03T08:53:32","guid":{"rendered":"https:\/\/cnc-probe.com\/?post_type=product&#038;p=1240"},"modified":"2026-02-11T08:02:30","modified_gmt":"2026-02-11T08:02:30","slug":"m4-cnc-probe-stylus-50mm-carbide-stem-and-3mm-ruby-ball-tip","status":"publish","type":"product","link":"https:\/\/cnc-probe.com\/fr\/m4-cnc-probe-stylus-50mm-carbide-stem-and-3mm-ruby-ball-tip\/","title":{"rendered":"Stylet de palpage M4 CNC, tige en carbure de 50 mm et pointe sph\u00e9rique en rubis de 3 mm"},"content":{"rendered":"<p>Ce stylet de palpage CNC est une option pratique et pr\u00eate \u00e0 l'emploi lorsque vous avez besoin d'un palpage stable et r\u00e9p\u00e9table sans trop compliquer l'installation. La longueur de la tige en carbure est de <strong>50 mm <\/strong><strong>,<\/strong>et avec un <strong>Boule de rubis de 3 mm<\/strong>\u00a0une combinaison polyvalente qui convient parfaitement au palpage CNC quotidien, au r\u00e9glage des pi\u00e8ces et \u00e0 l'inspection en cours de processus.<\/p>\n<p>C'est gr\u00e2ce \u00e0 la tige en carbure que ce stylet offre des performances aussi constantes. Par rapport aux tiges en acier standard, le carbure offre une plus grande rigidit\u00e9 et contribue \u00e0 r\u00e9duire les flexions et les vibrations lorsque le palpeur entre en contact avec la pi\u00e8ce. Cela signifie des points de d\u00e9clenchement plus nets, une meilleure r\u00e9p\u00e9tabilit\u00e9 et une plus grande confiance lorsque vous v\u00e9rifiez des caract\u00e9ristiques critiques. Il est particuli\u00e8rement utile pour sonder des poches profondes, des al\u00e9sages \u00e9troits ou des zones o\u00f9 une port\u00e9e plus longue peut augmenter le risque de d\u00e9viation.<\/p>\n<p>Au point de contact, <strong>boule de rubis<\/strong>\u00a0est con\u00e7u pour durer et pour offrir une surface de contact lisse. Le rubis est tr\u00e8s r\u00e9sistant \u00e0 l'usure et conserve sa forme au fil du temps. Vous n'avez donc pas \u00e0 craindre que la pointe s'use rapidement et fausse vos mesures. \u00c9tant donn\u00e9 que le <strong>taille de la balle<\/strong>\u00a0trouver l'\u00e9quilibre : suffisamment petit pour acc\u00e9der \u00e0 de nombreuses fonctionnalit\u00e9s, mais toujours robuste pour une utilisation r\u00e9guli\u00e8re en atelier.<\/p>\n<p>Ce stylet est id\u00e9al pour les t\u00e2ches courantes telles que la recherche du z\u00e9ro de la pi\u00e8ce, la mesure des bossages et des trous, le contr\u00f4le des surfaces planes et la v\u00e9rification des caract\u00e9ristiques pendant l'usinage. C'est un choix solide pour l'usinage CNC g\u00e9n\u00e9ral, le travail sur les moules et les composants de pr\u00e9cision o\u00f9 la r\u00e9p\u00e9tabilit\u00e9 du palpage est importante. Si vous avez besoin d'un stylet fiable qui r\u00e9siste \u00e0 la production et vous aide \u00e0 maintenir la coh\u00e9rence de vos mesures, cette combinaison carbure de 50 mm + rubis de 3 mm est un choix fiable.<\/p>\n<p>&nbsp;<\/p>","protected":false},"excerpt":{"rendered":"<p>Stylet de palpage CNC dot\u00e9 d'une tige en carbure de 50 mm et d'une pointe en rubis de 3 mm pour un palpage pr\u00e9cis et r\u00e9p\u00e9table. La tige rigide en carbure minimise la d\u00e9flexion pour une meilleure stabilit\u00e9 des mesures, tandis que le contact en rubis r\u00e9sistant \u00e0 l'usure fournit des points de contact lisses et fiables, id\u00e9aux pour les palpeurs CNC dans l'inspection et les mesures en cours de processus.<\/p>","protected":false},"featured_media":1340,"template":"","meta":{"_gspb_post_css":""},"product_brand":[],"product_cat":[18],"product_tag":[114,113,112],"class_list":{"0":"post-1240","1":"product","2":"type-product","3":"status-publish","4":"has-post-thumbnail","6":"product_cat-cnc-probes-stylus","7":"product_tag-3mm-ruby-ball-tip","8":"product_tag-carbide-stem-styli","9":"product_tag-cnc-probe-stylus","11":"first","12":"instock","13":"shipping-taxable","14":"product-type-simple"},"_links":{"self":[{"href":"https:\/\/cnc-probe.com\/fr\/wp-json\/wp\/v2\/product\/1240","targetHints":{"allow":["GET"]}}],"collection":[{"href":"https:\/\/cnc-probe.com\/fr\/wp-json\/wp\/v2\/product"}],"about":[{"href":"https:\/\/cnc-probe.com\/fr\/wp-json\/wp\/v2\/types\/product"}],"wp:featuredmedia":[{"embeddable":true,"href":"https:\/\/cnc-probe.com\/fr\/wp-json\/wp\/v2\/media\/1340"}],"wp:attachment":[{"href":"https:\/\/cnc-probe.com\/fr\/wp-json\/wp\/v2\/media?parent=1240"}],"wp:term":[{"taxonomy":"product_brand","embeddable":true,"href":"https:\/\/cnc-probe.com\/fr\/wp-json\/wp\/v2\/product_brand?post=1240"},{"taxonomy":"product_cat","embeddable":true,"href":"https:\/\/cnc-probe.com\/fr\/wp-json\/wp\/v2\/product_cat?post=1240"},{"taxonomy":"product_tag","embeddable":true,"href":"https:\/\/cnc-probe.com\/fr\/wp-json\/wp\/v2\/product_tag?post=1240"}],"curies":[{"name":"wp","href":"https:\/\/api.w.org\/{rel}","templated":true}]}}