{"id":1454,"date":"2026-02-11T07:15:44","date_gmt":"2026-02-11T07:15:44","guid":{"rendered":"https:\/\/cnc-probe.com\/?post_type=product&#038;p=1454"},"modified":"2026-02-11T07:42:36","modified_gmt":"2026-02-11T07:42:36","slug":"high-precision-iso-bt20-tool-holder-cnc-stable-clamping","status":"publish","type":"product","link":"https:\/\/cnc-probe.com\/fr\/high-precision-iso-bt20-tool-holder-cnc-stable-clamping\/","title":{"rendered":"Porte-outils ISO BT20 de haute pr\u00e9cision serrage stable CNC"},"content":{"rendered":"<p>Le porte-outil BT20 est con\u00e7u pour un serrage stable, une pr\u00e9cision r\u00e9p\u00e9table et des performances fiables dans la production quotidienne. Con\u00e7u autour de la norme ISO BT20, ce porte-outil se fixe fermement sur les broches BT20 compatibles, assurant une forte rigidit\u00e9 et un alignement coh\u00e9rent - pour des finitions propres et des tol\u00e9rances serr\u00e9es.<\/p>\n<p>Le c\u00f4ne BT20 rectifi\u00e9 avec pr\u00e9cision permet de minimiser le faux-rond et d'am\u00e9liorer la concentricit\u00e9, ce qui se traduit directement par une coupe plus douce, moins de broutage et un meilleur contr\u00f4le dimensionnel. Que vous utilisiez des fraises, des forets, des al\u00e9soirs ou d'autres outils courants, l'interface stable peut r\u00e9duire les vibrations et prot\u00e8ge \u00e0 la fois la broche et l'outil de coupe, prolongeant ainsi la dur\u00e9e de vie et r\u00e9duisant les co\u00fbts d'exploitation globaux.<\/p>\n<p>Ce porte-outil est robuste, il peut \u00e9quilibrer la construction, supporter l'usinage \u00e0 grande vitesse et maintenir une force de serrage fiable sous charge en m\u00eame temps. Le profil profil\u00e9 du corps convient \u00e0 un large \u00e9ventail de t\u00e2ches d'usinage, du travail de d\u00e9tail fin aux op\u00e9rations de fraisage g\u00e9n\u00e9rales, et contribue \u00e0 maintenir la stabilit\u00e9 lors des changements rapides d'outils. La finition de la surface est propre et durable, ce qui lui permet de r\u00e9sister \u00e0 l'usure et \u00e0 la corrosion en atelier, ce qui en fait un choix fiable pour une utilisation \u00e0 long terme.<\/p>\n<p>Id\u00e9al pour la fabrication de pi\u00e8ces de pr\u00e9cision, le prototypage et la production de petites et moyennes s\u00e9ries, ce porte-outil BT20 offre la confiance dont vous avez besoin lorsque la pr\u00e9cision est importante. Si vous souhaitez am\u00e9liorer la qualit\u00e9 de la surface, r\u00e9duire la d\u00e9viation de l'outil et assurer la stabilit\u00e9 et la r\u00e9p\u00e9tabilit\u00e9 de votre processus d'usinage, ce porte-outil BT20 vous apportera la confiance dont vous avez besoin.<\/p>","protected":false},"excerpt":{"rendered":"<p>Porte-outil ISO BT20 de haute pr\u00e9cision con\u00e7u pour le fraisage et le per\u00e7age CNC. C\u00f4ne rectifi\u00e9 avec pr\u00e9cision pour un faible faux-rond, corps rigide pour une coupe stable et serrage s\u00fbr pour r\u00e9duire les vibrations. Id\u00e9al pour l'usinage \u00e0 grande vitesse avec une pr\u00e9cision constante et une plus longue dur\u00e9e de vie de l'outil.<\/p>","protected":false},"featured_media":1456,"template":"","meta":{"_gspb_post_css":""},"product_brand":[],"product_cat":[20],"product_tag":[123,125,124],"class_list":{"0":"post-1454","1":"product","2":"type-product","3":"status-publish","4":"has-post-thumbnail","6":"product_cat-accessories","7":"product_tag-bt20-tool-holder","8":"product_tag-high-precision-tooling","9":"product_tag-tool-holder","11":"first","12":"instock","13":"shipping-taxable","14":"product-type-simple"},"_links":{"self":[{"href":"https:\/\/cnc-probe.com\/fr\/wp-json\/wp\/v2\/product\/1454","targetHints":{"allow":["GET"]}}],"collection":[{"href":"https:\/\/cnc-probe.com\/fr\/wp-json\/wp\/v2\/product"}],"about":[{"href":"https:\/\/cnc-probe.com\/fr\/wp-json\/wp\/v2\/types\/product"}],"wp:featuredmedia":[{"embeddable":true,"href":"https:\/\/cnc-probe.com\/fr\/wp-json\/wp\/v2\/media\/1456"}],"wp:attachment":[{"href":"https:\/\/cnc-probe.com\/fr\/wp-json\/wp\/v2\/media?parent=1454"}],"wp:term":[{"taxonomy":"product_brand","embeddable":true,"href":"https:\/\/cnc-probe.com\/fr\/wp-json\/wp\/v2\/product_brand?post=1454"},{"taxonomy":"product_cat","embeddable":true,"href":"https:\/\/cnc-probe.com\/fr\/wp-json\/wp\/v2\/product_cat?post=1454"},{"taxonomy":"product_tag","embeddable":true,"href":"https:\/\/cnc-probe.com\/fr\/wp-json\/wp\/v2\/product_tag?post=1454"}],"curies":[{"name":"wp","href":"https:\/\/api.w.org\/{rel}","templated":true}]}}