{"id":1550,"date":"2026-02-28T09:31:30","date_gmt":"2026-02-28T09:31:30","guid":{"rendered":"https:\/\/cnc-probe.com\/?post_type=product&#038;p=1550"},"modified":"2026-03-02T00:21:27","modified_gmt":"2026-03-02T00:21:27","slug":"wireless-five-axis-infrared-tool-setter-for-cnc-machines","status":"publish","type":"product","link":"https:\/\/cnc-probe.com\/fr\/wireless-five-axis-infrared-tool-setter-for-cnc-machines\/","title":{"rendered":"R\u00e9gleur d'outils infrarouge sans fil \u00e0 cinq axes pour machines CNC"},"content":{"rendered":"<h1>Caract\u00e9ristiques principales\uff1a<\/h1>\n<p>Transmission par radio<br \/>\nMesure automatique de la longueur et du diam\u00e8tre de l'outil<br \/>\nNiveau de protection Ip68<br \/>\nAdapt\u00e9 \u00e0 la distance ou aux obstacles Centre d'usinage<br \/>\nTour CNC avec postes de travail rotatifs ou multipostes disponibles<\/p>\n<p>&nbsp;<\/p>\n<h1>Avantage\uff1a<\/h1>\n<p>Il s'agit d'un dispositif de r\u00e9glage d'outils 3D par contact, capable de d\u00e9tecter et de compenser automatiquement les bris de couteaux, les diam\u00e8tres d'outils et l'usure des outils. Le produit utilise la transmission de signaux radio et est principalement utilis\u00e9 dans les machines-outils dont l'utilisation de c\u00e2bles est limit\u00e9e, comme les centres d'usinage \u00e0 double table. Il peut identifier automatiquement l'usure de l'outil et les conditions d'outil cass\u00e9, aidant les usines \u00e0 am\u00e9liorer l'efficacit\u00e9 de la production et la pr\u00e9cision de l'usinage des produits.<\/p>\n<p>&nbsp;<\/p>\n<h1>Param\u00e8tres du produit :<\/h1>\n<table width=\"788\">\n<tbody>\n<tr>\n<td width=\"258\">Num\u00e9ro d'article.<\/td>\n<td colspan=\"2\" width=\"530\">DMTS-R<\/td>\n<\/tr>\n<tr>\n<td width=\"258\">R\u00e9p\u00e9tabilit\u00e9 (2\u03c3)<\/td>\n<td colspan=\"2\" width=\"530\">&lt;1\u03bcm (Vitesse : 30mm\/min)<\/td>\n<\/tr>\n<tr>\n<td width=\"258\">Direction du d\u00e9clenchement<\/td>\n<td colspan=\"2\" width=\"530\">\u00b1X,\u00b1Y,+Z<\/td>\n<\/tr>\n<tr>\n<td width=\"258\">Avant l'accident vasculaire c\u00e9r\u00e9bral<\/td>\n<td colspan=\"2\" width=\"530\">Aucun<\/td>\n<\/tr>\n<tr>\n<td>Accident vasculaire c\u00e9r\u00e9bral<\/td>\n<td width=\"265\">Plan XY : 6,0 mm<\/td>\n<td width=\"265\">Axe Z : 5,1 mm<\/td>\n<\/tr>\n<tr>\n<td>D\u00e9clencher la vie<\/td>\n<td colspan=\"2\" width=\"530\">\u00a0&gt;10 millions de cycles<\/td>\n<\/tr>\n<tr>\n<td>Protection de l'environnement<\/td>\n<td colspan=\"2\" width=\"530\">IP68<\/td>\n<\/tr>\n<tr>\n<td>Force de contact<\/td>\n<td colspan=\"2\" width=\"530\">1,1N ~ 2,2N (selon la direction du d\u00e9clenchement)<\/td>\n<\/tr>\n<tr>\n<td>M\u00e9thode de transmission du signal<\/td>\n<td colspan=\"2\" width=\"530\">\u00a0Transmission radio<\/td>\n<\/tr>\n<tr>\n<td>Angle de transmission<\/td>\n<td colspan=\"2\" width=\"530\">360\u00b0 autour de l'axe de la sonde<\/td>\n<\/tr>\n<tr>\n<td>Radiofr\u00e9quence<\/td>\n<td colspan=\"2\" width=\"530\">2.4GHz<\/td>\n<\/tr>\n<tr>\n<td>Changement de canal<\/td>\n<td colspan=\"2\" width=\"530\">Saut de fr\u00e9quence intelligent<\/td>\n<\/tr>\n<tr>\n<td>Activation de la transmission<\/td>\n<td colspan=\"2\" width=\"530\">M Code<\/td>\n<\/tr>\n<tr>\n<td>Mat\u00e9riau de contact<\/td>\n<td colspan=\"2\" width=\"530\">Alliage super dur<\/td>\n<\/tr>\n<tr>\n<td>Traitement de surface<\/td>\n<td colspan=\"2\" width=\"530\">Broyage 4S<\/td>\n<\/tr>\n<tr>\n<td>Type de batterie<\/td>\n<td colspan=\"2\">2 x Pile au lithium 14250<\/td>\n<\/tr>\n<tr>\n<td rowspan=\"5\">Autonomie de la batterie<\/td>\n<td>En attente<\/td>\n<td width=\"265\">&gt;400 jours<\/td>\n<\/tr>\n<tr>\n<td>3000 d\u00e9clencheurs\/jour<\/td>\n<td width=\"265\">350 jours<\/td>\n<\/tr>\n<tr>\n<td>8000 d\u00e9clencheurs\/jour<\/td>\n<td width=\"265\">300 jours<\/td>\n<\/tr>\n<tr>\n<td>15 000 d\u00e9clencheurs par jour<\/td>\n<td width=\"265\">230 jours<\/td>\n<\/tr>\n<tr>\n<td colspan=\"2\">D\u00e9clenchement continu : &gt;3,5 millions de cycles<\/td>\n<\/tr>\n<tr>\n<td>Scellement<\/td>\n<td colspan=\"2\">IP68<\/td>\n<\/tr>\n<tr>\n<td>Temp\u00e9rature de fonctionnement<\/td>\n<td colspan=\"2\">\u00a05-60\u00b0C<\/td>\n<\/tr>\n<\/tbody>\n<\/table>\n<p>&nbsp;<\/p>","protected":false},"excerpt":{"rendered":"<p>R\u00e9gleur d'outils infrarouge sans fil \u00e0 cinq axes pour machines CNC, avec d\u00e9tection IR de haute pr\u00e9cision et d\u00e9tection de rupture. Permet la mesure automatis\u00e9e de la longueur de l'outil sur les cinq axes, prend en charge la sortie de signaux sans fil et am\u00e9liore la pr\u00e9cision et l'efficacit\u00e9 de l'usinage dans les configurations CNC multi-axes complexes.<\/p>","protected":false},"featured_media":1552,"template":"","meta":{"_gspb_post_css":""},"product_brand":[],"product_cat":[17],"product_tag":[162,160,161],"class_list":{"0":"post-1550","1":"product","2":"type-product","3":"status-publish","4":"has-post-thumbnail","6":"product_cat-cnc-tool-setter","7":"product_tag-cnc-precision-measurement","8":"product_tag-five-axis-tool-setter","9":"product_tag-wireless-infrared","11":"first","12":"instock","13":"shipping-taxable","14":"product-type-simple"},"_links":{"self":[{"href":"https:\/\/cnc-probe.com\/fr\/wp-json\/wp\/v2\/product\/1550","targetHints":{"allow":["GET"]}}],"collection":[{"href":"https:\/\/cnc-probe.com\/fr\/wp-json\/wp\/v2\/product"}],"about":[{"href":"https:\/\/cnc-probe.com\/fr\/wp-json\/wp\/v2\/types\/product"}],"wp:featuredmedia":[{"embeddable":true,"href":"https:\/\/cnc-probe.com\/fr\/wp-json\/wp\/v2\/media\/1552"}],"wp:attachment":[{"href":"https:\/\/cnc-probe.com\/fr\/wp-json\/wp\/v2\/media?parent=1550"}],"wp:term":[{"taxonomy":"product_brand","embeddable":true,"href":"https:\/\/cnc-probe.com\/fr\/wp-json\/wp\/v2\/product_brand?post=1550"},{"taxonomy":"product_cat","embeddable":true,"href":"https:\/\/cnc-probe.com\/fr\/wp-json\/wp\/v2\/product_cat?post=1550"},{"taxonomy":"product_tag","embeddable":true,"href":"https:\/\/cnc-probe.com\/fr\/wp-json\/wp\/v2\/product_tag?post=1550"}],"curies":[{"name":"wp","href":"https:\/\/api.w.org\/{rel}","templated":true}]}}