{"id":1593,"date":"2026-02-26T08:55:05","date_gmt":"2026-02-26T08:55:05","guid":{"rendered":"https:\/\/cnc-probe.com\/"},"modified":"2026-02-28T09:08:32","modified_gmt":"2026-02-28T09:08:32","slug":"cnc-z-axis-tool-setter-suitable-for-large-diameter-tools","status":"publish","type":"product","link":"https:\/\/cnc-probe.com\/fr\/cnc-z-axis-tool-setter-suitable-for-large-diameter-tools\/","title":{"rendered":"CNC Z-Axis Tool Setter Convient pour les outils de grand diam\u00e8tre"},"content":{"rendered":"<h1>Caract\u00e9ristiques principales :<\/h1>\n<p>Niveau de protection IP 68<br \/>\nGrand motif Strok de 11 mm<br \/>\nPr\u00e9cision &lt;0,5uM.<br \/>\nD\u00e9clenchement du capteur photo\u00e9lectrique, plus grande pr\u00e9cision et plus longue dur\u00e9e de vie<\/p>\n<p>&nbsp;<\/p>\n<h1>Avantage :<\/h1>\n<p>Mesure automatiquement la longueur, le diam\u00e8tre et la d\u00e9viation de l'outil. Le capteur photo\u00e9lectrique \u00e0 d\u00e9clenchement de haute pr\u00e9cision peut fonctionner dans divers environnements complexes, am\u00e9liorant la vitesse et la pr\u00e9cision de d\u00e9tection de l'outil, r\u00e9duisant les erreurs, minimisant les rebuts et augmentant la productivit\u00e9.<\/p>\n<p>&nbsp;<\/p>\n<h1>Param\u00e8tres du produit :<\/h1>\n<table style=\"border-collapse: collapse; width: 393.02pt;\" border=\"0\" width=\"655\" cellspacing=\"0\" cellpadding=\"0\">\n<tbody>\n<tr style=\"height: 25.05pt;\">\n<td class=\"et4\" style=\"height: 25.05pt; width: 155.40pt;\" width=\"259\" height=\"41\">Num\u00e9ro d'article.<\/td>\n<td class=\"et5\" style=\"width: 237.60pt;\" colspan=\"2\" width=\"396\">DTS300<\/td>\n<\/tr>\n<tr style=\"height: 25.05pt;\">\n<td class=\"et4\" style=\"height: 25.05pt; width: 155.40pt;\" width=\"259\" height=\"41\">Diam\u00e8tre du pav\u00e9 tactile<\/td>\n<td class=\"et5\" style=\"width: 237.60pt;\" colspan=\"2\" width=\"396\">\u03c630<\/td>\n<\/tr>\n<tr style=\"height: 25.05pt;\">\n<td class=\"et4\" style=\"height: 25.05pt; width: 155.40pt;\" width=\"259\" height=\"41\">Direction du d\u00e9clenchement<\/td>\n<td class=\"et6\" style=\"width: 237.60pt;\" colspan=\"2\" width=\"396\">+Z<\/td>\n<\/tr>\n<tr style=\"height: 25.05pt;\">\n<td class=\"et4\" style=\"height: 25.05pt; width: 155.40pt;\" width=\"259\" height=\"41\">Avant l'AVC<\/td>\n<td class=\"et5\" style=\"width: 237.60pt;\" colspan=\"2\" width=\"396\">0,7 mm<\/td>\n<\/tr>\n<tr style=\"height: 25.05pt;\">\n<td class=\"et4\" style=\"height: 25.05pt; width: 155.40pt;\" width=\"259\" height=\"41\">Sortie<\/td>\n<td class=\"et5\" style=\"width: 237.60pt;\" colspan=\"2\" width=\"396\">A:NON<\/td>\n<\/tr>\n<tr style=\"height: 25.05pt;\">\n<td class=\"et7\" style=\"height: 25.05pt;\" height=\"41\">Accident vasculaire c\u00e9r\u00e9bral<\/td>\n<td class=\"et8\" colspan=\"2\">11 mm<\/td>\n<\/tr>\n<tr style=\"height: 25.05pt;\">\n<td class=\"et4\" style=\"height: 25.05pt; width: 155.40pt;\" width=\"259\" height=\"41\">Course de protection contre le d\u00e9clenchement<\/td>\n<td class=\"et8\" colspan=\"2\">5,5 mm<\/td>\n<\/tr>\n<tr style=\"height: 42.00pt;\">\n<td class=\"et4\" style=\"height: 42.00pt; width: 155.40pt;\" width=\"259\" height=\"70\"><span class=\"font1\">R\u00e9p\u00e9tabilit\u00e9 pr\u00e9cision(2\u03c3<\/span><span class=\"font2\">\uff09<\/span><\/td>\n<td class=\"et5\" style=\"width: 237.60pt;\" colspan=\"2\" width=\"396\"><span class=\"font1\">&lt;1um<\/span><span class=\"font2\">\uff08<\/span><span class=\"font1\">vitesse 50mm\/min<\/span><span class=\"font2\">\uff09<\/span><\/td>\n<\/tr>\n<tr style=\"height: 25.05pt;\">\n<td class=\"et7\" style=\"height: 25.05pt;\" height=\"41\">Dur\u00e9e de vie du d\u00e9clencheur<\/td>\n<td class=\"et5\" style=\"width: 237.60pt;\" colspan=\"2\" width=\"396\">&gt;10 millions<\/td>\n<\/tr>\n<tr style=\"height: 31.95pt;\">\n<td class=\"et7\" style=\"height: 31.95pt;\" height=\"53\">Mode de transmission du signal<\/td>\n<td class=\"et5\" style=\"width: 237.60pt;\" colspan=\"2\" width=\"396\">C\u00e2ble<br \/>\n5m,r\u00e9sistance \u00e0 l'huile,6cores,\u03c64.8<\/td>\n<\/tr>\n<tr style=\"height: 25.05pt;\">\n<td class=\"et7\" style=\"height: 25.05pt;\" height=\"41\">Scellement<\/td>\n<td class=\"et5\" style=\"width: 237.60pt;\" colspan=\"2\" width=\"396\">IP68<\/td>\n<\/tr>\n<tr style=\"height: 25.05pt;\">\n<td class=\"et7\" style=\"height: 25.05pt;\" height=\"41\">Effet de g\u00e2chette<\/td>\n<td class=\"et8\" colspan=\"2\">2.2N(Statut d'installation : vertical)<\/td>\n<\/tr>\n<tr style=\"height: 25.05pt;\">\n<td class=\"et7\" style=\"height: 25.05pt;\" height=\"41\">Mat\u00e9riau du pav\u00e9 tactile<\/td>\n<td class=\"et5\" style=\"width: 237.60pt;\" colspan=\"2\" width=\"396\">Carbure de tungst\u00e8ne<\/td>\n<\/tr>\n<tr style=\"height: 25.05pt;\">\n<td class=\"et7\" style=\"height: 25.05pt;\" height=\"41\">Traitement de surface<\/td>\n<td class=\"et5\" style=\"width: 237.60pt;\" colspan=\"2\" width=\"396\">Broyage 4S<\/td>\n<\/tr>\n<tr style=\"height: 35.00pt;\">\n<td class=\"et7\" style=\"height: 35.00pt;\" height=\"58\">Valeur nominale du contact<\/td>\n<td class=\"et5\" style=\"width: 237.60pt;\" colspan=\"2\" width=\"396\">DC24V 20mA(MAX) Valeur recommand\u00e9e10mA)Charge r\u00e9sistive<\/td>\n<\/tr>\n<tr style=\"height: 25.05pt;\">\n<td class=\"et7\" style=\"height: 25.05pt;\" height=\"41\">Tube de protection<\/td>\n<td class=\"et5\" style=\"width: 237.60pt;\" colspan=\"2\" width=\"396\">1,5m, rayon minimum R7<\/td>\n<\/tr>\n<tr style=\"height: 25.05pt;\">\n<td class=\"et7\" style=\"height: 25.05pt;\" height=\"41\">Lumi\u00e8re LED<\/td>\n<td class=\"et5\" style=\"width: 237.60pt;\" colspan=\"2\" width=\"396\">Norma : \u00e9teinte ; active : allum\u00e9e<\/td>\n<\/tr>\n<\/tbody>\n<\/table>\n<p>&nbsp;<\/p>","protected":false},"excerpt":{"rendered":"<p>Outil de r\u00e9glage de l'axe Z CNC de premi\u00e8re qualit\u00e9 pour une d\u00e9tection pr\u00e9cise de la hauteur de l'outil et une mesure automatique de la longueur de l'outil. Am\u00e9liore la pr\u00e9cision de l'usinage CNC, r\u00e9duit les temps de r\u00e9glage et am\u00e9liore l'efficacit\u00e9 de la production. Conception durable avec d\u00e9tection r\u00e9active et c\u00e2blage robuste pour des performances fiables.<\/p>","protected":false},"featured_media":1595,"template":"","meta":{"_gspb_post_css":""},"product_brand":[],"product_cat":[17],"product_tag":[151,171,170],"class_list":{"0":"post-1593","1":"product","2":"type-product","3":"status-publish","4":"has-post-thumbnail","6":"product_cat-cnc-tool-setter","7":"product_tag-cnc-tool-setter","8":"product_tag-tool-height-measurement","9":"product_tag-z-axis-pre-setter","11":"first","12":"instock","13":"shipping-taxable","14":"product-type-simple"},"_links":{"self":[{"href":"https:\/\/cnc-probe.com\/fr\/wp-json\/wp\/v2\/product\/1593","targetHints":{"allow":["GET"]}}],"collection":[{"href":"https:\/\/cnc-probe.com\/fr\/wp-json\/wp\/v2\/product"}],"about":[{"href":"https:\/\/cnc-probe.com\/fr\/wp-json\/wp\/v2\/types\/product"}],"wp:featuredmedia":[{"embeddable":true,"href":"https:\/\/cnc-probe.com\/fr\/wp-json\/wp\/v2\/media\/1595"}],"wp:attachment":[{"href":"https:\/\/cnc-probe.com\/fr\/wp-json\/wp\/v2\/media?parent=1593"}],"wp:term":[{"taxonomy":"product_brand","embeddable":true,"href":"https:\/\/cnc-probe.com\/fr\/wp-json\/wp\/v2\/product_brand?post=1593"},{"taxonomy":"product_cat","embeddable":true,"href":"https:\/\/cnc-probe.com\/fr\/wp-json\/wp\/v2\/product_cat?post=1593"},{"taxonomy":"product_tag","embeddable":true,"href":"https:\/\/cnc-probe.com\/fr\/wp-json\/wp\/v2\/product_tag?post=1593"}],"curies":[{"name":"wp","href":"https:\/\/api.w.org\/{rel}","templated":true}]}}