{"id":368,"date":"2025-10-23T03:15:15","date_gmt":"2025-10-23T03:15:15","guid":{"rendered":"https:\/\/cnc-probe.com\/?post_type=product&#038;p=368"},"modified":"2026-02-28T07:11:49","modified_gmt":"2026-02-28T07:11:49","slug":"high-quality-cnc-infrared-touch-probe-with-wireless-link","status":"publish","type":"product","link":"https:\/\/cnc-probe.com\/fr\/high-quality-cnc-infrared-touch-probe-with-wireless-link\/","title":{"rendered":"Palpeur infrarouge CNC de haute qualit\u00e9 avec liaison sans fil"},"content":{"rendered":"<h1>Caract\u00e9ristiques principales :<\/h1>\n<p>Optique 2 canaux, commutation des canaux \u00e0 distance<br \/>\nFaible consommation d'\u00e9nergie avec une dur\u00e9e de vie de la batterie sup\u00e9rieure \u00e0 1 an<br \/>\n&lt; 1\/100 000 probabilit\u00e9 de perte de signalIP68 niveau de protection<\/p>\n<p>&nbsp;<\/p>\n<h1>Avantages :<\/h1>\n<p>Simple \u00e0 utiliser, facile \u00e0 appairer, pratique \u00e0 g\u00e9rer, commutation de fr\u00e9quence \u00e0 distance d'un simple clic. Convient aux usines 3C ayant des exigences \u00e9lev\u00e9es en mati\u00e8re de pr\u00e9cision, permettant une mesure de haute pr\u00e9cision de diverses pi\u00e8ces complexes, am\u00e9liorant de mani\u00e8re significative l'efficacit\u00e9 de la fabrication et r\u00e9duisant la d\u00e9pendance \u00e0 l'\u00e9gard des comp\u00e9tences des employ\u00e9s. La d\u00e9tection automatis\u00e9e au niveau du micron r\u00e9duit les d\u00e9fauts dimensionnels et les rebuts, augmente la capacit\u00e9 de production et r\u00e9duit les co\u00fbts.\u201d<\/p>\n<p>&nbsp;<\/p>\n<h1>Param\u00e8tres du produit :<\/h1>\n<table style=\"height: 575px;\" width=\"691\">\n<tbody>\n<tr>\n<td width=\"301\">Num\u00e9ro d'article.<\/td>\n<td colspan=\"2\" width=\"446\">DOP40<\/td>\n<\/tr>\n<tr>\n<td width=\"301\">R\u00e9p\u00e9tabilit\u00e9\uff082\u03c3\uff09<\/td>\n<td colspan=\"2\" width=\"446\">&lt;1um \uff08stylus\uff1a50mm\uff0cSpeed\uff1a50~200mm\/min\uff09<\/td>\n<\/tr>\n<tr>\n<td width=\"301\">Direction du d\u00e9clenchement<\/td>\n<td colspan=\"2\" width=\"446\">\u00b1X,\u00b1Y,+Z<\/td>\n<\/tr>\n<tr>\n<td width=\"301\">Force de d\u00e9clenchement\uff08stylus\uff1a50mm\uff09<\/td>\n<td width=\"210\">Plan XY : 0.5~0.9N<\/td>\n<td width=\"236\">Z : 6.2N<\/td>\n<\/tr>\n<tr>\n<td width=\"301\">Gamme de protection<\/td>\n<td width=\"210\">Plan XY : +\/-12.5\u00b0<\/td>\n<td width=\"236\">Z\uff1a 6,2mm<\/td>\n<\/tr>\n<tr>\n<td>Mode de transmission du signal<\/td>\n<td colspan=\"2\">Optique infrarouge<\/td>\n<\/tr>\n<tr>\n<td>Plage de fonctionnement<\/td>\n<td colspan=\"2\" width=\"446\">5m<\/td>\n<\/tr>\n<tr>\n<td>Dur\u00e9e de vie du d\u00e9clencheur<\/td>\n<td colspan=\"2\">&gt;10 millions<\/td>\n<\/tr>\n<tr>\n<td>Angle de transmissionTransfert<\/td>\n<td colspan=\"2\" width=\"446\">360\u00b0Enveloppe de transmission<\/td>\n<\/tr>\n<tr>\n<td>Activation du transfert<\/td>\n<td colspan=\"2\" width=\"446\">Changement automatique<\/td>\n<\/tr>\n<tr>\n<td>Poids sans tige<\/td>\n<td colspan=\"2\" width=\"446\">220g<\/td>\n<\/tr>\n<tr>\n<td>Mod\u00e8le de batterie<\/td>\n<td colspan=\"2\">2 piles au lithium 14250<\/td>\n<\/tr>\n<tr>\n<td rowspan=\"5\">Dur\u00e9e de vie de la batterie<\/td>\n<td>Se tenir pr\u00eat<\/td>\n<td width=\"236\">1300 jours<\/td>\n<\/tr>\n<tr>\n<td>3000 d\u00e9clenchements\/jour<\/td>\n<td width=\"236\">450 jours<\/td>\n<\/tr>\n<tr>\n<td>800 d\u00e9clencheurs\/jour<\/td>\n<td width=\"236\">200 jours<\/td>\n<\/tr>\n<tr>\n<td>15000 d\u00e9clencheurs\/jour<\/td>\n<td width=\"236\">120 jours<\/td>\n<\/tr>\n<tr>\n<td colspan=\"2\">Fonctionnement continu : 7 millions<\/td>\n<\/tr>\n<tr>\n<td>Scellement<\/td>\n<td colspan=\"2\">IP68<\/td>\n<\/tr>\n<tr>\n<td>Temp\u00e9rature de fonctionnement<\/td>\n<td colspan=\"2\">5-60\u2103<\/td>\n<\/tr>\n<\/tbody>\n<\/table>\n<p data-start=\"2113\" data-end=\"2442\" data-is-last-node=\"\" data-is-only-node=\"\">","protected":false},"excerpt":{"rendered":"<p>Palpeur infrarouge sans fil CNC pour un r\u00e9glage rapide et pr\u00e9cis des pi\u00e8ces et un contr\u00f4le en cours de fabrication. Corps m\u00e9tallique compact et \u00e9tanche avec stylet en rubis, d\u00e9clenchement \u00e0 360\u00b0 et indication claire de l'\u00e9tat. Liaison IR stable, int\u00e9gration facile avec la plupart des centres d'usinage, peu d'entretien, durabilit\u00e9 robuste.<\/p>","protected":false},"featured_media":1637,"template":"","meta":{"_gspb_post_css":""},"product_brand":[],"product_cat":[15],"product_tag":[30,32,31],"class_list":{"0":"post-368","1":"product","2":"type-product","3":"status-publish","4":"has-post-thumbnail","6":"product_cat-touch-probe","7":"product_tag-cnc-infrared-probe","8":"product_tag-machine-tool-probe","9":"product_tag-wireless-touch-probe","11":"first","12":"instock","13":"shipping-taxable","14":"product-type-simple"},"_links":{"self":[{"href":"https:\/\/cnc-probe.com\/fr\/wp-json\/wp\/v2\/product\/368","targetHints":{"allow":["GET"]}}],"collection":[{"href":"https:\/\/cnc-probe.com\/fr\/wp-json\/wp\/v2\/product"}],"about":[{"href":"https:\/\/cnc-probe.com\/fr\/wp-json\/wp\/v2\/types\/product"}],"wp:featuredmedia":[{"embeddable":true,"href":"https:\/\/cnc-probe.com\/fr\/wp-json\/wp\/v2\/media\/1637"}],"wp:attachment":[{"href":"https:\/\/cnc-probe.com\/fr\/wp-json\/wp\/v2\/media?parent=368"}],"wp:term":[{"taxonomy":"product_brand","embeddable":true,"href":"https:\/\/cnc-probe.com\/fr\/wp-json\/wp\/v2\/product_brand?post=368"},{"taxonomy":"product_cat","embeddable":true,"href":"https:\/\/cnc-probe.com\/fr\/wp-json\/wp\/v2\/product_cat?post=368"},{"taxonomy":"product_tag","embeddable":true,"href":"https:\/\/cnc-probe.com\/fr\/wp-json\/wp\/v2\/product_tag?post=368"}],"curies":[{"name":"wp","href":"https:\/\/api.w.org\/{rel}","templated":true}]}}