{"id":378,"date":"2025-10-23T09:09:24","date_gmt":"2025-10-23T09:09:24","guid":{"rendered":"https:\/\/cnc-probe.com\/?post_type=product&#038;p=378"},"modified":"2026-02-28T08:18:41","modified_gmt":"2026-02-28T08:18:41","slug":"high-precision-measurement-cnc-wireless-radio-touch-probe","status":"publish","type":"product","link":"https:\/\/cnc-probe.com\/fr\/high-precision-measurement-cnc-wireless-radio-touch-probe\/","title":{"rendered":"Mesure de haute pr\u00e9cision CNC Palpeur radio sans fil"},"content":{"rendered":"<h1>Caract\u00e9ristiques principales :<\/h1>\n<p>Signaux radio, transimission sans barri\u00e8re<\/p>\n<p>Probabilit\u00e9 de perte de signal &lt; 1\/100 000<\/p>\n<p>Technologie des canaux infinis<\/p>\n<p>Signal radio, transmission sans barri\u00e8re<\/p>\n<p>Niveau de protection IP68<\/p>\n<p>&nbsp;<\/p>\n<h1>Avantage :<\/h1>\n<p>Communication sans fil fiable \u00e0 saut de fr\u00e9quence, stabilit\u00e9 op\u00e9rationnelle extr\u00eamement \u00e9lev\u00e9e, particuli\u00e8rement adapt\u00e9e aux exigences de mesures complexes ou \u00e0 la transmission de signaux sur de longues distances ou en cas d'obstacles, comme les mesures en ligne dans les machines multi-axes.\u201d<\/p>\n<p>&nbsp;<\/p>\n<h1>Param\u00e8tres du produit :<\/h1>\n<table width=\"720\">\n<tbody>\n<tr>\n<td width=\"258\">Num\u00e9ro d'article.<\/td>\n<td colspan=\"2\" width=\"462\">DRP40-P2<\/td>\n<\/tr>\n<tr>\n<td width=\"258\">R\u00e9p\u00e9tabilit\u00e9\uff082\u03c3\uff09<\/td>\n<td colspan=\"2\" width=\"462\">&lt;1um \uff08stylus\uff1a50mm\uff0cspeed : 50~200mm\/min\uff09<\/td>\n<\/tr>\n<tr>\n<td width=\"258\">Direction du d\u00e9clenchement<\/td>\n<td colspan=\"2\" width=\"462\">\u00b1X,\u00b1Y,+Z<\/td>\n<\/tr>\n<tr>\n<td width=\"258\">Force de d\u00e9clenchement\uff08stylus\uff1a50mm\uff09<\/td>\n<td width=\"231\">Plan XY 0,5~0,9N<\/td>\n<td width=\"231\">Z : 6.2N<\/td>\n<\/tr>\n<tr>\n<td width=\"258\">Gamme de protection<\/td>\n<td width=\"231\">Plan XY +\/-12,5<\/td>\n<td width=\"231\">Z : 6,2 mm<\/td>\n<\/tr>\n<tr>\n<td>Mode de transmission du signal<\/td>\n<td colspan=\"2\">Transmission par radio<\/td>\n<\/tr>\n<tr>\n<td>Plage de fonctionnement<\/td>\n<td colspan=\"2\" width=\"462\">15m<\/td>\n<\/tr>\n<tr>\n<td>Dur\u00e9e de vie du d\u00e9clencheur<\/td>\n<td colspan=\"2\">&gt;10 millions<\/td>\n<\/tr>\n<tr>\n<td>Angle de transmission<\/td>\n<td colspan=\"2\" width=\"462\">360\u00b0Enveloppe de transmission<\/td>\n<\/tr>\n<tr>\n<td>Radiofr\u00e9quence<\/td>\n<td colspan=\"2\" width=\"462\">2.4GHz<\/td>\n<\/tr>\n<tr>\n<td>Nombre de canaux<\/td>\n<td colspan=\"2\" width=\"462\">83<\/td>\n<\/tr>\n<tr>\n<td>Changement de canal<\/td>\n<td colspan=\"2\" width=\"462\">Saut de fr\u00e9quence intelligent<\/td>\n<\/tr>\n<tr>\n<td>Transmission activ\u00e9e<\/td>\n<td colspan=\"2\" width=\"462\">M Code<\/td>\n<\/tr>\n<tr>\n<td>Poids sans tige<\/td>\n<td colspan=\"2\" width=\"462\">220g\uff08La batterie n'est pas incluse\uff09<\/td>\n<\/tr>\n<tr>\n<td>Mod\u00e8le de batterie<\/td>\n<td colspan=\"2\">2 piles au lithium 14250<\/td>\n<\/tr>\n<tr>\n<td rowspan=\"5\">Dur\u00e9e de vie de la batterie<\/td>\n<td>Se tenir pr\u00eat<\/td>\n<td width=\"231\">&gt;400 jours<\/td>\n<\/tr>\n<tr>\n<td>3000 d\u00e9clenchements\/jour<\/td>\n<td width=\"231\">350 jours<\/td>\n<\/tr>\n<tr>\n<td>800 d\u00e9clencheurs\/jour<\/td>\n<td width=\"231\">300 jours<\/td>\n<\/tr>\n<tr>\n<td>15000 d\u00e9clencheurs\/jour<\/td>\n<td width=\"231\">230 jours<\/td>\n<\/tr>\n<tr>\n<td colspan=\"2\">Fonctionnement continu : &gt;3,5 millions<\/td>\n<\/tr>\n<tr>\n<td>Scellement<\/td>\n<td colspan=\"2\">IP68<\/td>\n<\/tr>\n<tr>\n<td>Temp\u00e9rature de fonctionnement<\/td>\n<td colspan=\"2\">5-60\u2103<\/td>\n<\/tr>\n<\/tbody>\n<\/table>\n<p>&nbsp;<\/p>","protected":false},"excerpt":{"rendered":"<p>Palpeur radio sans fil CNC avec transmission sans barri\u00e8re pour une configuration rapide et pr\u00e9cise et une inspection en cours de processus. Liaison RF ultra stable avec une probabilit\u00e9 de perte de signal &lt;1\/100 000, technologie \u00e0 canaux infinis et protection IP68 pour les environnements difficiles des liquides de refroidissement et des copeaux.<\/p>","protected":false},"featured_media":1119,"template":"","meta":{"_gspb_post_css":""},"product_brand":[],"product_cat":[15],"product_tag":[34,33,31],"class_list":{"0":"post-378","1":"product","2":"type-product","3":"status-publish","4":"has-post-thumbnail","6":"product_cat-touch-probe","7":"product_tag-3d-touch-probe","8":"product_tag-cnc-wireless-radio-probe","9":"product_tag-wireless-touch-probe","11":"first","12":"instock","13":"shipping-taxable","14":"product-type-simple"},"_links":{"self":[{"href":"https:\/\/cnc-probe.com\/fr\/wp-json\/wp\/v2\/product\/378","targetHints":{"allow":["GET"]}}],"collection":[{"href":"https:\/\/cnc-probe.com\/fr\/wp-json\/wp\/v2\/product"}],"about":[{"href":"https:\/\/cnc-probe.com\/fr\/wp-json\/wp\/v2\/types\/product"}],"wp:featuredmedia":[{"embeddable":true,"href":"https:\/\/cnc-probe.com\/fr\/wp-json\/wp\/v2\/media\/1119"}],"wp:attachment":[{"href":"https:\/\/cnc-probe.com\/fr\/wp-json\/wp\/v2\/media?parent=378"}],"wp:term":[{"taxonomy":"product_brand","embeddable":true,"href":"https:\/\/cnc-probe.com\/fr\/wp-json\/wp\/v2\/product_brand?post=378"},{"taxonomy":"product_cat","embeddable":true,"href":"https:\/\/cnc-probe.com\/fr\/wp-json\/wp\/v2\/product_cat?post=378"},{"taxonomy":"product_tag","embeddable":true,"href":"https:\/\/cnc-probe.com\/fr\/wp-json\/wp\/v2\/product_tag?post=378"}],"curies":[{"name":"wp","href":"https:\/\/api.w.org\/{rel}","templated":true}]}}