{"id":383,"date":"2025-10-23T09:54:12","date_gmt":"2025-10-23T09:54:12","guid":{"rendered":"https:\/\/cnc-probe.com\/?post_type=product&#038;p=383"},"modified":"2026-02-28T08:17:18","modified_gmt":"2026-02-28T08:17:18","slug":"cnc-transmission-wired-touch-probe-high-accuracy-signal","status":"publish","type":"product","link":"https:\/\/cnc-probe.com\/fr\/cnc-transmission-wired-touch-probe-high-accuracy-signal\/","title":{"rendered":"Transmission CNC Palpeur c\u00e2bl\u00e9 Signal de haute pr\u00e9cision"},"content":{"rendered":"<h1>Caract\u00e9ristiques principales :<\/h1>\n<p>Indice de protection IP68 avec une structure de protection \u00e0 double \u00e9tanch\u00e9it\u00e9<\/p>\n<p>Assemblage modulaire, longueur de sonde personnalisable<\/p>\n<p>Stabilit\u00e9 op\u00e9rationnelle exceptionnelle, leader du secteur<\/p>\n<p>Voyants lumineux pour une meilleure visibilit\u00e9 de l'\u00e9tat de fonctionnement<\/p>\n<p>Convient aux industries de haute pr\u00e9cision et de rectification<\/p>\n<p>&nbsp;<\/p>\n<h1>Avantage :<\/h1>\n<p>Utilise une connexion par c\u00e2ble pour maintenir une communication en temps r\u00e9el avec la machine CNC, permettant la transmission de donn\u00e9es, la correction automatique, le centrage automatique et la compensation automatique. Utilise un syst\u00e8me autonome.<\/p>\n<p>&nbsp;<\/p>\n<h1>Param\u00e8tres du produit :<\/h1>\n<table style=\"border-collapse: collapse; width: 414.02pt;\" border=\"0\" width=\"690\" cellspacing=\"0\" cellpadding=\"0\">\n<tbody>\n<tr style=\"height: 25.05pt;\">\n<td class=\"et4\" style=\"height: 25.05pt; width: 154.80pt;\" width=\"258\" height=\"41\">Num\u00e9ro d'article.<\/td>\n<td class=\"et5\" style=\"width: 259.20pt;\" colspan=\"2\" width=\"432\">DLP25<\/td>\n<\/tr>\n<tr style=\"height: 25.05pt;\">\n<td class=\"et4\" style=\"height: 25.05pt; width: 154.80pt;\" width=\"258\" height=\"41\">R\u00e9p\u00e9tabilit\u00e9<span class=\"font0\">\uff08<\/span><span class=\"font1\">2\u03c3<\/span><span class=\"font0\">\uff09<\/span><\/td>\n<td class=\"et5\" style=\"width: 259.20pt;\" colspan=\"2\" width=\"432\">&lt;1um<span class=\"font0\">\uff08<\/span><span class=\"font1\">stylet<\/span><span class=\"font0\">\uff1a<\/span><span class=\"font1\">50 mm<\/span><span class=\"font0\">\uff0c<\/span><span class=\"font1\">vitesse<\/span><span class=\"font0\">\uff1a<\/span><span class=\"font1\">50~200mm\/min<\/span><span class=\"font0\">\uff09<\/span><\/td>\n<\/tr>\n<tr style=\"height: 25.05pt;\">\n<td class=\"et4\" style=\"height: 25.05pt; width: 154.80pt;\" width=\"258\" height=\"41\">Direction du d\u00e9clenchement<\/td>\n<td class=\"et5\" style=\"width: 259.20pt;\" colspan=\"2\" width=\"432\">\u00b1X,\u00b1Y,+Z<\/td>\n<\/tr>\n<tr style=\"height: 36.00pt;\">\n<td class=\"et4\" style=\"height: 36.00pt; width: 154.80pt;\" width=\"258\" height=\"60\">Force de d\u00e9clenchement<span class=\"font0\">\uff08<\/span><span class=\"font1\">stylet<\/span><span class=\"font0\">\uff1a<\/span><span class=\"font1\">50 mm<\/span><span class=\"font0\">\uff09<\/span><\/td>\n<td class=\"et5\" style=\"width: 120.60pt;\" width=\"201\">Plan XY 0,5~0,9N<\/td>\n<td class=\"et5\" style=\"width: 138.60pt;\" width=\"231\">Z : 6.2N<\/td>\n<\/tr>\n<tr style=\"height: 25.05pt;\">\n<td class=\"et4\" style=\"height: 25.05pt; width: 154.80pt;\" width=\"258\" height=\"41\">Gamme de protection<\/td>\n<td class=\"et6\" style=\"width: 120.60pt;\" width=\"201\">Plan XY +\/-12,5<\/td>\n<td class=\"et5\" style=\"width: 138.60pt;\" width=\"231\">Z : 6,2 mm<\/td>\n<\/tr>\n<tr style=\"height: 25.05pt;\">\n<td class=\"et7\" style=\"height: 25.05pt;\" height=\"41\">Mode de transmission du signal<\/td>\n<td class=\"et8\" colspan=\"2\">C\u00e2ble<\/td>\n<\/tr>\n<tr style=\"height: 25.05pt;\">\n<td class=\"et7\" style=\"height: 25.05pt;\" height=\"41\">Dur\u00e9e de vie du d\u00e9clencheur<\/td>\n<td class=\"et5\" style=\"width: 259.20pt;\" colspan=\"2\" width=\"432\">&gt;10 millions<\/td>\n<\/tr>\n<tr style=\"height: 25.05pt;\">\n<td class=\"et7\" style=\"height: 25.05pt;\" height=\"41\">Poids<\/td>\n<td class=\"et8\" colspan=\"2\">80g<\/td>\n<\/tr>\n<tr style=\"height: 25.05pt;\">\n<td class=\"et7\" style=\"height: 25.05pt;\" height=\"41\">C\u00e2ble<\/td>\n<td class=\"et5\" style=\"width: 259.20pt;\" colspan=\"2\" width=\"432\">5m, r\u00e9sistance \u00e0 l'huile, 4 fils, \u03c65mm<\/td>\n<\/tr>\n<tr style=\"height: 25.05pt;\">\n<td class=\"et7\" style=\"height: 25.05pt;\" height=\"41\">Mat\u00e9riau du bo\u00eetier<\/td>\n<td class=\"et8\" colspan=\"2\">Acier inoxydable 316<\/td>\n<\/tr>\n<tr style=\"height: 25.05pt;\">\n<td class=\"et7\" style=\"height: 25.05pt;\" height=\"41\">Scellement<\/td>\n<td class=\"et5\" style=\"width: 259.20pt;\" colspan=\"2\" width=\"432\">IP68<\/td>\n<\/tr>\n<tr style=\"height: 25.05pt;\">\n<td class=\"et7\" style=\"height: 25.05pt;\" height=\"41\">Temp\u00e9rature de fonctionnement<\/td>\n<td class=\"et9\" colspan=\"2\">5-60<span class=\"font4\">\u2103<\/span><\/td>\n<\/tr>\n<\/tbody>\n<\/table>","protected":false},"excerpt":{"rendered":"<p>Palpeur CNC c\u00e2bl\u00e9 con\u00e7u pour les applications de haute pr\u00e9cision et de meulage. Protection IP68 \u00e0 double \u00e9tanch\u00e9it\u00e9, conception modulaire avec longueur de sonde personnalisable, stabilit\u00e9 \u00e0 la pointe de l'industrie et voyants lumineux pour une visibilit\u00e9 instantan\u00e9e de l'\u00e9tat - id\u00e9al pour les environnements exigeants en mati\u00e8re de refroidissement et de poussi\u00e8re.<\/p>","protected":false},"featured_media":841,"template":"","meta":{"_gspb_post_css":""},"product_brand":[],"product_cat":[15],"product_tag":[35,37,36],"class_list":{"0":"post-383","1":"product","2":"type-product","3":"status-publish","4":"has-post-thumbnail","6":"product_cat-touch-probe","7":"product_tag-cnc-wired-transmission-probe","8":"product_tag-wired-3d-probe","9":"product_tag-wired-touch-probe","11":"first","12":"instock","13":"shipping-taxable","14":"product-type-simple"},"_links":{"self":[{"href":"https:\/\/cnc-probe.com\/fr\/wp-json\/wp\/v2\/product\/383","targetHints":{"allow":["GET"]}}],"collection":[{"href":"https:\/\/cnc-probe.com\/fr\/wp-json\/wp\/v2\/product"}],"about":[{"href":"https:\/\/cnc-probe.com\/fr\/wp-json\/wp\/v2\/types\/product"}],"wp:featuredmedia":[{"embeddable":true,"href":"https:\/\/cnc-probe.com\/fr\/wp-json\/wp\/v2\/media\/841"}],"wp:attachment":[{"href":"https:\/\/cnc-probe.com\/fr\/wp-json\/wp\/v2\/media?parent=383"}],"wp:term":[{"taxonomy":"product_brand","embeddable":true,"href":"https:\/\/cnc-probe.com\/fr\/wp-json\/wp\/v2\/product_brand?post=383"},{"taxonomy":"product_cat","embeddable":true,"href":"https:\/\/cnc-probe.com\/fr\/wp-json\/wp\/v2\/product_cat?post=383"},{"taxonomy":"product_tag","embeddable":true,"href":"https:\/\/cnc-probe.com\/fr\/wp-json\/wp\/v2\/product_tag?post=383"}],"curies":[{"name":"wp","href":"https:\/\/api.w.org\/{rel}","templated":true}]}}