{"id":850,"date":"2026-01-16T08:21:41","date_gmt":"2026-01-16T08:21:41","guid":{"rendered":"https:\/\/cnc-probe.com\/?post_type=product&#038;p=850"},"modified":"2026-02-28T08:12:45","modified_gmt":"2026-02-28T08:12:45","slug":"cnc-single-axis-wired-tool-setter-small-diameter-high-repeat","status":"publish","type":"product","link":"https:\/\/cnc-probe.com\/fr\/cnc-single-axis-wired-tool-setter-small-diameter-high-repeat\/","title":{"rendered":"R\u00e9gleur d'outils \u00e0 fil \u00e0 axe unique Cnc pour petits diam\u00e8tres et r\u00e9p\u00e9titions \u00e9lev\u00e9es"},"content":{"rendered":"<h1>Caract\u00e9ristiques principales :<\/h1>\n<p>Niveau de protection IP 68<br \/>\nFaible force de d\u00e9clenchement, disponible pour la d\u00e9tection d'outils de coupe de petit diam\u00e8tre<br \/>\nD\u00e9clenchement du capteur photo\u00e9lectrique pour une plus grande pr\u00e9cision et une dur\u00e9e de vie plus longue<\/p>\n<p>Convient aux machines \u00e0 sculpter de pr\u00e9cision et aux machines \u00e0 haute brillance<\/p>\n<p>&nbsp;<\/p>\n<h1>Avantage :<\/h1>\n<p>Un dispositif de r\u00e9glage d'outil \u00e0 un axe qui peut mesurer et compenser la longueur de l'outil dans une plage de 0,1 \u00e0 10 mm, effectuer la d\u00e9tection de l'outil cass\u00e9 et la compensation automatique. Le produit utilise la transmission par c\u00e2ble pour l'ex\u00e9cution du signal, avec un interrupteur \u00e0 d\u00e9clenchement photo\u00e9lectrique, une t\u00eate de contact dure \u00e0 haute duret\u00e9 et tr\u00e8s r\u00e9sistante \u00e0 l'usure, et une interface de transmission de signal. Il est principalement utilis\u00e9 dans les machines-outils \u00e0 faible course, telles que les machines \u00e0 graver de pr\u00e9cision et les machines \u00e0 \u00e9clairage \u00e0 haute intensit\u00e9.<\/p>\n<p>&nbsp;<\/p>\n<h1>Param\u00e8tres du produit :<\/h1>\n<table style=\"border-collapse: collapse; width: 388.82pt;\" border=\"0\" width=\"648\" cellspacing=\"0\" cellpadding=\"0\">\n<tbody>\n<tr style=\"height: 25.05pt;\">\n<td class=\"et4\" style=\"height: 25.05pt; width: 154.80pt;\" width=\"258\" height=\"41\">Num\u00e9ro d'article.<\/td>\n<td class=\"et5\" style=\"width: 234.00pt;\" colspan=\"2\" width=\"390\">DTS100<\/td>\n<\/tr>\n<tr style=\"height: 25.05pt;\">\n<td class=\"et6\" style=\"height: 25.05pt; width: 154.80pt;\" width=\"258\" height=\"41\">Diam\u00e8tre du pav\u00e9 tactile<\/td>\n<td class=\"et7\" style=\"width: 234.00pt;\" colspan=\"2\" width=\"390\">\u03c610<\/td>\n<\/tr>\n<tr style=\"height: 25.05pt;\">\n<td class=\"et6\" style=\"height: 25.05pt; width: 154.80pt;\" width=\"258\" height=\"41\">Direction du d\u00e9clenchement<\/td>\n<td class=\"et8\" style=\"width: 234.00pt;\" colspan=\"2\" width=\"390\">+Z<\/td>\n<\/tr>\n<tr style=\"height: 25.05pt;\">\n<td class=\"et6\" style=\"height: 25.05pt; width: 154.80pt;\" width=\"258\" height=\"41\">Avant l'AVC<\/td>\n<td class=\"et7\" style=\"width: 234.00pt;\" colspan=\"2\" width=\"390\">0,5 mm<\/td>\n<\/tr>\n<tr style=\"height: 25.05pt;\">\n<td class=\"et6\" style=\"height: 25.05pt; width: 154.80pt;\" width=\"258\" height=\"41\">Sortie<\/td>\n<td class=\"et7\" style=\"width: 234.00pt;\" colspan=\"2\" width=\"390\">A:NC<\/td>\n<\/tr>\n<tr style=\"height: 25.05pt;\">\n<td class=\"et9\" style=\"height: 25.05pt;\" height=\"41\">Accident vasculaire c\u00e9r\u00e9bral<\/td>\n<td class=\"et10\" colspan=\"2\">6,0 mm<\/td>\n<\/tr>\n<tr style=\"height: 25.05pt;\">\n<td class=\"et6\" style=\"height: 25.05pt; width: 154.80pt;\" width=\"258\" height=\"41\">Course de protection contre le d\u00e9clenchement<\/td>\n<td class=\"et10\" colspan=\"2\">3,5 mm<\/td>\n<\/tr>\n<tr style=\"height: 36.00pt;\">\n<td class=\"et6\" style=\"height: 36.00pt; width: 154.80pt;\" width=\"258\" height=\"60\"><span class=\"font1\">R\u00e9p\u00e9tabilit\u00e9 pr\u00e9cision(2\u03c3<\/span><span class=\"font2\">\uff09<\/span><\/td>\n<td class=\"et7\" style=\"width: 234.00pt;\" colspan=\"2\" width=\"390\"><span class=\"font1\">&lt;1um<\/span><span class=\"font2\">\uff08<\/span><span class=\"font1\">vitesse50mm\/min<\/span><span class=\"font2\">\uff09<\/span><\/td>\n<\/tr>\n<tr style=\"height: 25.05pt;\">\n<td class=\"et9\" style=\"height: 25.05pt;\" height=\"41\">Dur\u00e9e de vie du d\u00e9clencheur<\/td>\n<td class=\"et7\" style=\"width: 234.00pt;\" colspan=\"2\" width=\"390\">&gt;10 millions<\/td>\n<\/tr>\n<tr style=\"height: 33.00pt;\">\n<td class=\"et9\" style=\"height: 33.00pt;\" height=\"55\">Mode de transmission du signal<\/td>\n<td class=\"et7\" style=\"width: 234.00pt;\" colspan=\"2\" width=\"390\">C\u00e2ble<br \/>\n5m,r\u00e9sistance \u00e0 l'huile,6cores,\u03c64.8<\/td>\n<\/tr>\n<tr style=\"height: 25.05pt;\">\n<td class=\"et9\" style=\"height: 25.05pt;\" height=\"41\">Scellement<\/td>\n<td class=\"et7\" style=\"width: 234.00pt;\" colspan=\"2\" width=\"390\">IP68<\/td>\n<\/tr>\n<tr style=\"height: 25.05pt;\">\n<td class=\"et9\" style=\"height: 25.05pt;\" height=\"41\">Effet de g\u00e2chette<\/td>\n<td class=\"et10\" colspan=\"2\">1.8N(Statut d'installation : Vertical)<\/td>\n<\/tr>\n<tr style=\"height: 25.05pt;\">\n<td class=\"et9\" style=\"height: 25.05pt;\" height=\"41\">Mat\u00e9riau du pav\u00e9 tactile<\/td>\n<td class=\"et7\" style=\"width: 234.00pt;\" colspan=\"2\" width=\"390\">Carbure de tungst\u00e8ne<\/td>\n<\/tr>\n<tr style=\"height: 25.05pt;\">\n<td class=\"et9\" style=\"height: 25.05pt;\" height=\"41\">Traitement de surface<\/td>\n<td class=\"et7\" style=\"width: 234.00pt;\" colspan=\"2\" width=\"390\">Broyage 4S<\/td>\n<\/tr>\n<tr style=\"height: 44.00pt;\">\n<td class=\"et9\" style=\"height: 44.00pt;\" height=\"73\">Valeur nominale du contact<\/td>\n<td class=\"et7\" style=\"width: 234.00pt;\" colspan=\"2\" width=\"390\">DC24V 20mA(MAX) Valeur recommand\u00e9e10mA)Charge r\u00e9sistive<\/td>\n<\/tr>\n<tr style=\"height: 25.05pt;\">\n<td class=\"et9\" style=\"height: 25.05pt;\" height=\"41\">Tube de protection<\/td>\n<td class=\"et7\" style=\"width: 234.00pt;\" colspan=\"2\" width=\"390\">1,5m, rayon minimum R7<\/td>\n<\/tr>\n<tr style=\"height: 25.05pt;\">\n<td class=\"et11\" style=\"height: 25.05pt;\" height=\"41\">Lumi\u00e8re LED<\/td>\n<td class=\"et12\" style=\"width: 234.00pt;\" colspan=\"2\" width=\"390\">Norma : \u00e9teinte ; active : allum\u00e9e<\/td>\n<\/tr>\n<\/tbody>\n<\/table>\n<p>&nbsp;<\/p>","protected":false},"excerpt":{"rendered":"<p>R\u00e9gleur d'outils CNC mono-axe c\u00e2bl\u00e9 avec \u00e9tanch\u00e9it\u00e9 IP68 et faible force de d\u00e9clenchement pour les outils de petit diam\u00e8tre. Le d\u00e9clenchement par capteur photo\u00e9lectrique garantit une grande pr\u00e9cision et une longue dur\u00e9e de vie. Mesure\/compense la longueur de l'outil (0,1-10 mm), d\u00e9tecte les outils cass\u00e9s et prend en charge les machines de sculpture de pr\u00e9cision et les machines \u00e0 haute brillance.<\/p>","protected":false},"featured_media":947,"template":"","meta":{"_gspb_post_css":""},"product_brand":[],"product_cat":[17],"product_tag":[54,52,53],"class_list":{"0":"post-850","1":"product","2":"type-product","3":"status-publish","4":"has-post-thumbnail","6":"product_cat-cnc-tool-setter","7":"product_tag-automatic-cnc-z-axis-tool-setter","8":"product_tag-single-axis-cnc-tool-setter","9":"product_tag-small-diameter-cnc-tool-setter","11":"first","12":"instock","13":"shipping-taxable","14":"product-type-simple"},"_links":{"self":[{"href":"https:\/\/cnc-probe.com\/fr\/wp-json\/wp\/v2\/product\/850","targetHints":{"allow":["GET"]}}],"collection":[{"href":"https:\/\/cnc-probe.com\/fr\/wp-json\/wp\/v2\/product"}],"about":[{"href":"https:\/\/cnc-probe.com\/fr\/wp-json\/wp\/v2\/types\/product"}],"wp:featuredmedia":[{"embeddable":true,"href":"https:\/\/cnc-probe.com\/fr\/wp-json\/wp\/v2\/media\/947"}],"wp:attachment":[{"href":"https:\/\/cnc-probe.com\/fr\/wp-json\/wp\/v2\/media?parent=850"}],"wp:term":[{"taxonomy":"product_brand","embeddable":true,"href":"https:\/\/cnc-probe.com\/fr\/wp-json\/wp\/v2\/product_brand?post=850"},{"taxonomy":"product_cat","embeddable":true,"href":"https:\/\/cnc-probe.com\/fr\/wp-json\/wp\/v2\/product_cat?post=850"},{"taxonomy":"product_tag","embeddable":true,"href":"https:\/\/cnc-probe.com\/fr\/wp-json\/wp\/v2\/product_tag?post=850"}],"curies":[{"name":"wp","href":"https:\/\/api.w.org\/{rel}","templated":true}]}}