{"id":875,"date":"2026-01-17T05:41:32","date_gmt":"2026-01-17T05:41:32","guid":{"rendered":"https:\/\/cnc-probe.com\/?post_type=product&#038;p=875"},"modified":"2026-02-28T09:28:04","modified_gmt":"2026-02-28T09:28:04","slug":"optical-wired-five-axis-cnc-touch-tool-setter-high-accuracy","status":"publish","type":"product","link":"https:\/\/cnc-probe.com\/fr\/optical-wired-five-axis-cnc-touch-tool-setter-high-accuracy\/","title":{"rendered":"R\u00e9gleur d'outils \u00e0 cinq axes Cnc, optique et c\u00e2bl\u00e9, de haute pr\u00e9cision"},"content":{"rendered":"<h1>Caract\u00e9ristiques principales\uff1a<\/h1>\n<p>Mesure automatique de la longueur et du diam\u00e8tre de l'outil<\/p>\n<p>Niveau de protection Ip68<\/p>\n<p>Voyants lumineux pour une meilleure visibilit\u00e9 de l'\u00e9tat de fonctionnement<\/p>\n<p>Convient aux machines CNC qui ne font pas tourner la table de travail<\/p>\n<p>&nbsp;<\/p>\n<h1>Avantage\uff1a<\/h1>\n<p>Il peut effectuer des mesures en machine de la longueur et du diam\u00e8tre de l'outil, une compensation automatique et une d\u00e9tection de bris d'outil. Le capteur de d\u00e9clenchement utilise une structure en alliage dur \u00e0 haute r\u00e9sistance et la technologie de r\u00e9initialisation autonome par micro-d\u00e9formation mise au point par Qidu, ce qui garantit une excellente stabilit\u00e9 du produit et une grande r\u00e9p\u00e9tabilit\u00e9 dans le positionnement pr\u00e9cis.<\/p>\n<p>&nbsp;<\/p>\n<h1>Param\u00e8tres du produit :<\/h1>\n<table style=\"border-collapse: collapse; width: 458.43pt;\" border=\"0\" width=\"764\" cellspacing=\"0\" cellpadding=\"0\">\n<tbody>\n<tr style=\"height: 25.05pt;\">\n<td class=\"et4\" style=\"height: 25.05pt; width: 161.40pt;\" width=\"269\" height=\"41\">Num\u00e9ro d'article.<\/td>\n<td class=\"et5\" style=\"width: 297.00pt;\" colspan=\"2\" width=\"495\">DMTS-L<\/td>\n<\/tr>\n<tr style=\"height: 25.05pt;\">\n<td class=\"et4\" style=\"height: 25.05pt; width: 161.40pt;\" width=\"269\" height=\"41\">Sortie<\/td>\n<td class=\"et5\" style=\"width: 297.00pt;\" colspan=\"2\" width=\"495\">A:NON<\/td>\n<\/tr>\n<tr style=\"height: 25.05pt;\">\n<td class=\"et4\" style=\"height: 25.05pt; width: 161.40pt;\" width=\"269\" height=\"41\">Direction du d\u00e9clenchement<\/td>\n<td class=\"et5\" style=\"width: 297.00pt;\" colspan=\"2\" width=\"495\">\u00b1X,\u00b1Y,+Z<\/td>\n<\/tr>\n<tr style=\"height: 25.05pt;\">\n<td class=\"et4\" style=\"height: 25.05pt; width: 161.40pt;\" width=\"269\" height=\"41\">Avant l'accident vasculaire c\u00e9r\u00e9bral<\/td>\n<td class=\"et5\" style=\"width: 297.00pt;\" colspan=\"2\" width=\"495\">NON<\/td>\n<\/tr>\n<tr style=\"height: 37.95pt;\">\n<td class=\"et6\" style=\"height: 37.95pt;\" height=\"63\">Accident vasculaire c\u00e9r\u00e9bral<\/td>\n<td class=\"et5\" style=\"width: 138.60pt;\" width=\"231\">Plan XY<br \/>\n6,0 mm<\/td>\n<td class=\"et5\" style=\"width: 158.40pt;\" width=\"264\">Z<br \/>\n5,1 mm<\/td>\n<\/tr>\n<tr style=\"height: 30.00pt;\">\n<td class=\"et4\" style=\"height: 30.00pt; width: 161.40pt;\" width=\"269\" height=\"50\"><span class=\"font1\">R\u00e9p\u00e9tabilit\u00e9 pr\u00e9cision<\/span><span class=\"font2\">\uff08<\/span><span class=\"font1\">2\u03c3<\/span><span class=\"font2\">\uff09<\/span><\/td>\n<td class=\"et5\" style=\"width: 297.00pt;\" colspan=\"2\" width=\"495\"><span class=\"font1\">&lt;1um<\/span><span class=\"font2\">\uff08<\/span><span class=\"font1\">vitesse 30mm\/min<\/span><span class=\"font2\">\uff09<\/span><\/td>\n<\/tr>\n<tr style=\"height: 25.05pt;\">\n<td class=\"et6\" style=\"height: 25.05pt;\" height=\"41\">Dur\u00e9e de vie du d\u00e9clencheur<\/td>\n<td class=\"et5\" style=\"width: 297.00pt;\" colspan=\"2\" width=\"495\">&gt;10 millions<\/td>\n<\/tr>\n<tr style=\"height: 25.05pt;\">\n<td class=\"et6\" style=\"height: 25.05pt;\" height=\"41\">Scellement<\/td>\n<td class=\"et5\" style=\"width: 297.00pt;\" colspan=\"2\" width=\"495\">IP68<\/td>\n<\/tr>\n<tr style=\"height: 25.95pt;\">\n<td class=\"et6\" style=\"height: 25.95pt;\" height=\"43\">Effet de g\u00e2chette<\/td>\n<td class=\"et5\" style=\"width: 297.00pt;\" colspan=\"2\" width=\"495\"><span class=\"font1\">1,1N ~2,2N (en fonction de la direction de d\u00e9tection)<\/span><span class=\"font2\">\uff09<\/span><\/td>\n<\/tr>\n<tr style=\"height: 37.05pt;\">\n<td class=\"et6\" style=\"height: 37.05pt;\" height=\"61\">Transmission du signal<\/td>\n<td class=\"et5\" style=\"width: 297.00pt;\" colspan=\"2\" width=\"495\">C\u00e2ble<br \/>\n5m,r\u00e9sistance \u00e0 l'huile,6cores,\u03c65.5<\/td>\n<\/tr>\n<tr style=\"height: 43.00pt;\">\n<td class=\"et6\" style=\"height: 43.00pt;\" height=\"71\">Mat\u00e9riau du pav\u00e9 tactile<\/td>\n<td class=\"et5\" style=\"width: 297.00pt;\" colspan=\"2\" width=\"495\">Stylet \u00e0 disque (alliage super dur, duret\u00e9 Vickers HV1500)<\/td>\n<\/tr>\n<tr style=\"height: 25.05pt;\">\n<td class=\"et6\" style=\"height: 25.05pt;\" height=\"41\">Traitement de surface<\/td>\n<td class=\"et5\" style=\"width: 297.00pt;\" colspan=\"2\" width=\"495\">Broyage 4S<\/td>\n<\/tr>\n<tr style=\"height: 27.00pt;\">\n<td class=\"et6\" style=\"height: 27.00pt;\" height=\"45\">Valeur nominale du contact<\/td>\n<td class=\"et5\" style=\"width: 297.00pt;\" colspan=\"2\" width=\"495\">DC24V, 20mA (MAX), recommand\u00e9 10mA, charge r\u00e9sistive<\/td>\n<\/tr>\n<tr style=\"height: 25.05pt;\">\n<td class=\"et6\" style=\"height: 25.05pt;\" height=\"41\">Tube de protection<\/td>\n<td class=\"et5\" style=\"width: 297.00pt;\" colspan=\"2\" width=\"495\">1,5 m, rayon de courbure minimal R7<\/td>\n<\/tr>\n<tr style=\"height: 25.05pt;\">\n<td class=\"et6\" style=\"height: 25.05pt;\" height=\"41\">Lumi\u00e8re LED<\/td>\n<td class=\"et5\" style=\"width: 297.00pt;\" colspan=\"2\" width=\"495\">Normal:OFF;Actif:ON<\/td>\n<\/tr>\n<\/tbody>\n<\/table>","protected":false},"excerpt":{"rendered":"<p>R\u00e9gleur d'outils CNC 5 axes c\u00e2bl\u00e9 pour la mesure automatique de la longueur et du diam\u00e8tre de l'outil, avec \u00e9tanch\u00e9it\u00e9 IP68 et voyants d'\u00e9tat clairs. Id\u00e9al pour les machines \u00e0 5 axes qui ne font pas tourner la table de travail. La g\u00e2chette en alliage dur avec r\u00e9initialisation automatique de la micro-d\u00e9formation Qidu offre une stabilit\u00e9, une r\u00e9p\u00e9tabilit\u00e9, une compensation et une d\u00e9tection de bris d'outil \u00e9lev\u00e9es.<\/p>","protected":false},"featured_media":1025,"template":"","meta":{"_gspb_post_css":""},"product_brand":[],"product_cat":[17],"product_tag":[61,62,63],"class_list":{"0":"post-875","1":"product","2":"type-product","3":"status-publish","4":"has-post-thumbnail","6":"product_cat-cnc-tool-setter","7":"product_tag-cnc-5-axis-tool-setter","8":"product_tag-ip68-sealed-in-machine-measurement","9":"product_tag-tool-breakage-detection-compensation","11":"first","12":"instock","13":"shipping-taxable","14":"product-type-simple"},"_links":{"self":[{"href":"https:\/\/cnc-probe.com\/fr\/wp-json\/wp\/v2\/product\/875","targetHints":{"allow":["GET"]}}],"collection":[{"href":"https:\/\/cnc-probe.com\/fr\/wp-json\/wp\/v2\/product"}],"about":[{"href":"https:\/\/cnc-probe.com\/fr\/wp-json\/wp\/v2\/types\/product"}],"wp:featuredmedia":[{"embeddable":true,"href":"https:\/\/cnc-probe.com\/fr\/wp-json\/wp\/v2\/media\/1025"}],"wp:attachment":[{"href":"https:\/\/cnc-probe.com\/fr\/wp-json\/wp\/v2\/media?parent=875"}],"wp:term":[{"taxonomy":"product_brand","embeddable":true,"href":"https:\/\/cnc-probe.com\/fr\/wp-json\/wp\/v2\/product_brand?post=875"},{"taxonomy":"product_cat","embeddable":true,"href":"https:\/\/cnc-probe.com\/fr\/wp-json\/wp\/v2\/product_cat?post=875"},{"taxonomy":"product_tag","embeddable":true,"href":"https:\/\/cnc-probe.com\/fr\/wp-json\/wp\/v2\/product_tag?post=875"}],"curies":[{"name":"wp","href":"https:\/\/api.w.org\/{rel}","templated":true}]}}