{"id":880,"date":"2026-01-17T06:37:02","date_gmt":"2026-01-17T06:37:02","guid":{"rendered":"https:\/\/cnc-probe.com\/?post_type=product&#038;p=880"},"modified":"2026-02-11T08:10:09","modified_gmt":"2026-02-11T08:10:09","slug":"five-directions-wireless-touch-tool-setter-for-cnc-machine","status":"publish","type":"product","link":"https:\/\/cnc-probe.com\/fr\/five-directions-wireless-touch-tool-setter-for-cnc-machine\/","title":{"rendered":"R\u00e9gleur d'outils sans fil \u00e0 cinq directions pour machine \u00e0 commande num\u00e9rique"},"content":{"rendered":"<p>Ce CNC Cinq directions<strong> outil de pose d'outils tactiles sans fil<\/strong>\u00a0est un type de contact <strong>Mesure d'outils en 3D<\/strong>\u00a0con\u00e7ue pour les centres d'usinage modernes et les tours \u00e0 commande num\u00e9rique o\u00f9 les c\u00e2bles sont difficiles \u00e0 acheminer ou lorsque la distance et les obstacles rendent les syst\u00e8mes conventionnels peu fiables. L'utilisation de <strong>transmission radio<\/strong>, Il permet une communication stable et tol\u00e9rante aux barri\u00e8res, ce qui est id\u00e9al pour l'utilisation de l'Internet. <strong>installations \u00e0 grande distance<\/strong>, les machines ferm\u00e9es et les am\u00e9nagements avec des changements de table fr\u00e9quents ou des stations multiples.<\/p>\n<p>Ce dispositif de r\u00e9glage des outils est dot\u00e9 d'un <strong>Niveau de protection IP68<\/strong>, Il r\u00e9siste aux liquides de refroidissement, aux copeaux et \u00e0 la poussi\u00e8re tout en maintenant des performances de mesure constantes. Il prend en charge <strong>mesure automatique de la longueur et du diam\u00e8tre de l'outil<\/strong>, Ce syst\u00e8me permet une configuration plus rapide et un contr\u00f4le r\u00e9p\u00e9table du d\u00e9calage de l'outil sans jauges manuelles. En int\u00e9grant le contr\u00f4le des outils dans le cycle d'usinage, le syst\u00e8me r\u00e9duit l'influence de l'op\u00e9rateur et contribue \u00e0 maintenir la pr\u00e9cision dimensionnelle stable d'une \u00e9quipe \u00e0 l'autre.<\/p>\n<p>En tant que <strong>outil de r\u00e9glage 3D \u00e0 contact<\/strong>, Il peut d\u00e9tecter et compenser automatiquement de multiples conditions d'utilisation de l'outil, notamment <strong>les outils cass\u00e9s, l'usure des outils et les changements de diam\u00e8tre<\/strong>. Le syst\u00e8me identifie automatiquement les \u00e9tats anormaux de l'outil, ce qui permet d'intervenir rapidement avant que des pi\u00e8ces rebut\u00e9es ne soient produites. Cela permet d'am\u00e9liorer l'assurance qualit\u00e9, de minimiser les retouches et d'augmenter la productivit\u00e9 globale en maintenant la machine en \u00e9tat de coupe avec des d\u00e9calages corrects.<\/p>\n<p>Le produit adopte une <strong>conception horizontale<\/strong>\u00a0avec un syst\u00e8me d'information efficace <strong>corps principal anti-collision<\/strong>, Ce syst\u00e8me permet un fonctionnement plus s\u00fbr dans les mouvements complexes \u00e0 5 axes, o\u00f9 des contacts accidentels peuvent se produire. En outre, un <strong>tige d'adaptation en c\u00e9ramique<\/strong>\u00a0est utilis\u00e9 pour mieux prot\u00e9ger le capteur apr\u00e8s les impacts de contact, r\u00e9duisant ainsi le risque de dommages et prolongeant la dur\u00e9e de vie dans les cycles exigeants.<\/p>\n<p>Ce dispositif de r\u00e9glage d'outil est particuli\u00e8rement adapt\u00e9 aux machines-outils dont l'utilisation du c\u00e2ble est limit\u00e9e, telles que <strong>centres d'usinage \u00e0 double table<\/strong>-ainsi que <strong>Tours CNC avec postes de travail rotatifs ou multipostes de travail<\/strong>. Le d\u00e9ploiement sans fil peut simplifier l'installation, r\u00e9duire les points de maintenance et permettre des am\u00e9nagements flexibles des machines sans sacrifier la fiabilit\u00e9 des mesures.<\/p>\n<p>En combinant la communication radio, une \u00e9tanch\u00e9it\u00e9 robuste, une structure r\u00e9sistante aux collisions et une d\u00e9tection intelligente de l'usure et de la casse, ce dispositif de r\u00e9glage d'outils 5 axes sans fil aide les usines \u00e0 am\u00e9liorer la pr\u00e9cision de l'usinage, \u00e0 r\u00e9duire le temps de configuration et \u00e0 accro\u00eetre l'efficacit\u00e9 de la production, ce qui en fait une mise \u00e0 niveau pratique pour les environnements de fabrication \u00e0 forte mixit\u00e9 ou \u00e0 haute valeur ajout\u00e9e.<\/p>\n<p>&nbsp;<\/p>","protected":false},"excerpt":{"rendered":"<p>R\u00e9gleur d'outils sans fil CNC \u00e0 cinq directions avec transmission radio pour les environnements de machines \u00e0 longue distance ou obstru\u00e9s. L'\u00e9tanch\u00e9it\u00e9 IP68, le corps horizontal anti-collision et la tige d'adaptation en c\u00e9ramique prot\u00e8gent le capteur. Mesure automatiquement la longueur\/le diam\u00e8tre de l'outil, d\u00e9tecte l'usure et les outils cass\u00e9s, et prend en charge les tours rotatifs ou les stations de travail multiples.<\/p>","protected":false},"featured_media":1020,"template":"","meta":{"_gspb_post_css":""},"product_brand":[],"product_cat":[17],"product_tag":[64,66,65],"class_list":{"0":"post-880","1":"product","2":"type-product","3":"status-publish","4":"has-post-thumbnail","6":"product_cat-cnc-tool-setter","7":"product_tag-cnc-wireless-5-axis-tool-setter","8":"product_tag-five-directions-wireless-touch-tool-setter","9":"product_tag-radio-transmission-3d-measurement","11":"first","12":"instock","13":"shipping-taxable","14":"product-type-simple"},"_links":{"self":[{"href":"https:\/\/cnc-probe.com\/fr\/wp-json\/wp\/v2\/product\/880","targetHints":{"allow":["GET"]}}],"collection":[{"href":"https:\/\/cnc-probe.com\/fr\/wp-json\/wp\/v2\/product"}],"about":[{"href":"https:\/\/cnc-probe.com\/fr\/wp-json\/wp\/v2\/types\/product"}],"wp:featuredmedia":[{"embeddable":true,"href":"https:\/\/cnc-probe.com\/fr\/wp-json\/wp\/v2\/media\/1020"}],"wp:attachment":[{"href":"https:\/\/cnc-probe.com\/fr\/wp-json\/wp\/v2\/media?parent=880"}],"wp:term":[{"taxonomy":"product_brand","embeddable":true,"href":"https:\/\/cnc-probe.com\/fr\/wp-json\/wp\/v2\/product_brand?post=880"},{"taxonomy":"product_cat","embeddable":true,"href":"https:\/\/cnc-probe.com\/fr\/wp-json\/wp\/v2\/product_cat?post=880"},{"taxonomy":"product_tag","embeddable":true,"href":"https:\/\/cnc-probe.com\/fr\/wp-json\/wp\/v2\/product_tag?post=880"}],"curies":[{"name":"wp","href":"https:\/\/api.w.org\/{rel}","templated":true}]}}