{"id":885,"date":"2026-01-17T06:52:00","date_gmt":"2026-01-17T06:52:00","guid":{"rendered":"https:\/\/cnc-probe.com\/?post_type=product&#038;p=885"},"modified":"2026-02-28T09:24:26","modified_gmt":"2026-02-28T09:24:26","slug":"cnc-laser-tool-setter-high-precision-non-contact-fast-response","status":"publish","type":"product","link":"https:\/\/cnc-probe.com\/fr\/cnc-laser-tool-setter-high-precision-non-contact-fast-response\/","title":{"rendered":"CNC Laser Tool Setter High Precision Non Contact Fast Response (R\u00e9glage d'outils laser CNC de haute pr\u00e9cision sans contact)"},"content":{"rendered":"<h1>Fonction multiple :<\/h1>\n<p>Inspection des dommages caus\u00e9s aux outils<br \/>\nMesure de la longueur de l'outil<\/p>\n<p>Mesure du rayon de l'outil<\/p>\n<p>Mesure de la forme de l'outil<\/p>\n<p>Contr\u00f4le de la forme de l'outil<br \/>\nSurveillance de la coupe \u00e0 bord unique<\/p>\n<p>Compensation de l'usure<\/p>\n<p>Compensation d'axe<\/p>\n<p>Surveillance des pointes d'outils<\/p>\n<p>Surveillance de l'outil de chanfreinage<\/p>\n<p>Surveillance des outils coniques<\/p>\n<p>&nbsp;<\/p>\n<h1>Avantage :<\/h1>\n<p>L'automatisation des mesures est tr\u00e8s efficace en termes de temps<\/p>\n<p>Une qualit\u00e9 exceptionnelle et des taux de d\u00e9fauts extr\u00eamement faibles<\/p>\n<p>Permet un flux de travail en boucle ferm\u00e9e<\/p>\n<p>Mode de fonctionnement sans personnel et automatis\u00e9<\/p>\n<p>Mesure et contr\u00f4le de diff\u00e9rents types d'outils, de formes, etc.<\/p>\n<p>Mesure hautement dynamique de toutes les caract\u00e9ristiques de l'outil<\/p>\n<p>R\u00e9duction du temps de mesure et d'inspection jusqu'\u00e0 60%<\/p>\n<p>Ajustement dynamique de la vitesse en fonction de la vitesse nominale de l'outil<\/p>\n<p>Mesures fiables m\u00eame en pr\u00e9sence de liquide de refroidissement<\/p>\n<p>Filtre la salet\u00e9 et les r\u00e9sidus de liquide de refroidissement qui adh\u00e8rent \u00e0 l'outil<\/p>\n<p>&nbsp;<\/p>\n<h1>Caract\u00e9ristiques principales :<\/h1>\n<p>Pr\u00e9cision de r\u00e9p\u00e9tabilit\u00e9 maximale (2o)\u2264 0,1\u03bcm<\/p>\n<p>Pr\u00e9cision globale standard (2o) \u2264 1\u03bcm<\/p>\n<p>Conception de laser focalis\u00e9 pour les outils de mesure d'un diam\u00e8tre de 0,03 mm<\/p>\n<p>D\u00e9tecter la longueur, le diam\u00e8tre et la d\u00e9viation de l'outil, y compris les dommages caus\u00e9s aux dents des outils \u00e0 dents multiples.<\/p>\n<p>Met automatiquement \u00e0 jour les erreurs de d\u00e9calage de l'outil et peut surveiller et compenser la d\u00e9formation thermique de la broche de la machine-outil.<\/p>\n<p>La d\u00e9tection laser sans contact garantit une plus grande pr\u00e9cision et une meilleure stabilit\u00e9 sans contact avec l'outil.<\/p>\n<p>\u00c9tanch\u00e9it\u00e9 jusqu'\u00e0 10 m\u00e8tres de profondeur, \u00e9tanch\u00e9it\u00e9 IP68<\/p>\n<p>Le logiciel utilis\u00e9 reconna\u00eet et filtre activement les interf\u00e9rences dues aux gouttelettes d'eau, ce qui r\u00e9duit consid\u00e9rablement les fausses alarmes.<\/p>\n<p>&nbsp;<\/p>\n<h1>Param\u00e8tres du produit :<\/h1>\n<table style=\"border-collapse: collapse; width: 474.02pt;\" border=\"0\" width=\"790\" cellspacing=\"0\" cellpadding=\"0\">\n<tbody>\n<tr style=\"height: 25.05pt;\">\n<td class=\"et4\" style=\"height: 25.05pt; width: 180.00pt;\" width=\"300\" height=\"41\">Num\u00e9ro d'article.<\/td>\n<td class=\"et5\" style=\"width: 98.10pt;\" width=\"163\">DNC56<\/td>\n<td class=\"et5\" style=\"width: 98.10pt;\" width=\"163\">DNC86<\/td>\n<td class=\"et5\" style=\"width: 98.10pt;\" width=\"163\">DNC168<\/td>\n<\/tr>\n<tr style=\"height: 36.00pt;\">\n<td class=\"et4\" style=\"height: 36.00pt; width: 180.00pt;\" width=\"300\" height=\"60\">Outil de mesure centr\u00e9 Gamme de diam\u00e8tres<\/td>\n<td class=\"et6\" style=\"width: 98.10pt;\" width=\"163\">\u03c60.03-50<\/td>\n<td class=\"et6\" style=\"width: 98.10pt;\" width=\"163\">\u03c60.03-80<\/td>\n<td class=\"et6\" style=\"width: 98.10pt;\" width=\"163\">\u03c60.03-160<\/td>\n<\/tr>\n<tr style=\"height: 31.00pt;\">\n<td class=\"et4\" style=\"height: 31.00pt; width: 180.00pt;\" width=\"300\" height=\"51\">Outil de mesure tangentielle Gamme de diam\u00e8tres<\/td>\n<td class=\"et6\" style=\"width: 98.10pt;\" width=\"163\">\u03c60.03-60<\/td>\n<td class=\"et6\" style=\"width: 98.10pt;\" width=\"163\">\u03c60.03-110<\/td>\n<td class=\"et6\" style=\"width: 98.10pt;\" width=\"163\">\u03c60.03-320<\/td>\n<\/tr>\n<tr style=\"height: 25.05pt;\">\n<td class=\"et4\" style=\"height: 25.05pt; width: 180.00pt;\" width=\"300\" height=\"41\">R\u00e9p\u00e9tabilit\u00e9 (2\u03c3)<\/td>\n<td class=\"et7\" style=\"width: 294.30pt;\" colspan=\"3\" width=\"490\">\u00b10,1um<\/td>\n<\/tr>\n<tr style=\"height: 31.00pt;\">\n<td class=\"et4\" style=\"height: 31.00pt; width: 180.00pt;\" width=\"300\" height=\"51\">G\u00e9n\u00e9ralit\u00e9s Pr\u00e9cision globale<\/td>\n<td class=\"et6\" style=\"width: 294.30pt;\" colspan=\"3\" width=\"490\">\u00b11um<\/td>\n<\/tr>\n<tr style=\"height: 25.05pt;\">\n<td class=\"et8\" style=\"height: 25.05pt;\" height=\"41\">Type de laser<\/td>\n<td class=\"et9\" colspan=\"3\">Puissance &lt;1mW, longueur d&#039;onde 680nm<\/td>\n<\/tr>\n<tr style=\"height: 25.05pt;\">\n<td class=\"et8\" style=\"height: 25.05pt;\" height=\"41\">Collimation du faisceau laser<\/td>\n<td class=\"et6\" style=\"width: 294.30pt;\" colspan=\"3\" width=\"490\">Ajust\u00e9 par la base de montage<\/td>\n<\/tr>\n<tr style=\"height: 25.05pt;\">\n<td class=\"et8\" style=\"height: 25.05pt;\" height=\"41\">Tension d'alimentation<\/td>\n<td class=\"et9\" colspan=\"3\"><span class=\"font1\">50mA<\/span><span class=\"font0\">\uff0c<\/span><span class=\"font1\">24VDC<\/span><\/td>\n<\/tr>\n<tr style=\"height: 25.05pt;\">\n<td class=\"et8\" style=\"height: 25.05pt;\" height=\"41\">Protection de l'alimentation<\/td>\n<td class=\"et6\" style=\"width: 294.30pt;\" colspan=\"3\" width=\"490\">Protection r\u00e9initialisable, fusible rempla\u00e7able<\/td>\n<\/tr>\n<tr style=\"height: 25.05pt;\">\n<td class=\"et8\" style=\"height: 25.05pt;\" height=\"41\">Signal de sortie<\/td>\n<td class=\"et6\" style=\"width: 294.30pt;\" colspan=\"3\" width=\"490\">Courant max. 50mA, tension max. \u00b150V<\/td>\n<\/tr>\n<tr style=\"height: 25.05pt;\">\n<td class=\"et8\" style=\"height: 25.05pt;\" height=\"41\">M\u00e9thode de transmission du signal<\/td>\n<td class=\"et6\" style=\"width: 294.30pt;\" colspan=\"3\" width=\"490\">C\u00e2ble blind\u00e9 \u00e0 paires torsad\u00e9es \u00e0 8 fils, r\u00e9sistant \u00e0 l'huile, de 5 m de long<\/td>\n<\/tr>\n<tr style=\"height: 25.05pt;\">\n<td class=\"et8\" style=\"height: 25.05pt;\" height=\"41\">Approvisionnement en air<\/td>\n<td class=\"et6\" style=\"width: 294.30pt;\" colspan=\"3\" width=\"490\">Tube de 6 mm (43psi-87psi)<\/td>\n<\/tr>\n<tr style=\"height: 25.05pt;\">\n<td class=\"et8\" style=\"height: 25.05pt;\" height=\"41\">Dur\u00e9e de vie<\/td>\n<td class=\"et7\" style=\"width: 294.30pt;\" colspan=\"3\" width=\"490\">&gt;1 million de cycles de commutation<\/td>\n<\/tr>\n<tr style=\"height: 25.05pt;\">\n<td class=\"et8\" style=\"height: 25.05pt;\" height=\"41\">Scellement<\/td>\n<td class=\"et6\" style=\"width: 294.30pt;\" colspan=\"3\" width=\"490\">IP68<\/td>\n<\/tr>\n<tr style=\"height: 25.05pt;\">\n<td class=\"et8\" style=\"height: 25.05pt;\" height=\"41\">Mat\u00e9riau<\/td>\n<td class=\"et10\" colspan=\"3\">Aluminium aviation<\/td>\n<\/tr>\n<tr style=\"height: 25.05pt;\">\n<td class=\"et8\" style=\"height: 25.05pt;\" height=\"41\">Plage de temp\u00e9rature de stockage<\/td>\n<td class=\"et11\" colspan=\"3\">De -10\u00b0 \u00e0 70<\/td>\n<\/tr>\n<tr style=\"height: 25.05pt;\">\n<td class=\"et8\" style=\"height: 25.05pt;\" height=\"41\">Plage de temp\u00e9rature de fonctionnement<\/td>\n<td class=\"et9\" colspan=\"3\">5\u00b0 \u00e0 50<\/td>\n<\/tr>\n<\/tbody>\n<\/table>","protected":false},"excerpt":{"rendered":"<p>R\u00e9gleur d'outils laser CNC pour la mesure et la surveillance ultra-rapide et sans contact des outils. R\u00e9p\u00e9tabilit\u00e9 \u22640,1\u03bcm (2\u03c3), pr\u00e9cision \u22641\u03bcm (2\u03c3), mesure jusqu'\u00e0 \u00d80,03mm. D\u00e9tecte la longueur, le diam\u00e8tre, la d\u00e9flexion et les dommages aux dents, filtre le liquide de refroidissement\/la salet\u00e9, IP68 (10m), et prend en charge l'automatisation en boucle ferm\u00e9e et sans personnel.<\/p>","protected":false},"featured_media":887,"template":"","meta":{"_gspb_post_css":""},"product_brand":[],"product_cat":[17],"product_tag":[67,69,68],"class_list":{"0":"post-885","1":"product","2":"type-product","3":"status-publish","4":"has-post-thumbnail","6":"product_cat-cnc-tool-setter","7":"product_tag-cnc-laser-tool-setter","8":"product_tag-non-contact-fast-response-tool-setter","9":"product_tag-non-contact-micro-tool-measurement","11":"first","12":"instock","13":"shipping-taxable","14":"product-type-simple"},"_links":{"self":[{"href":"https:\/\/cnc-probe.com\/fr\/wp-json\/wp\/v2\/product\/885","targetHints":{"allow":["GET"]}}],"collection":[{"href":"https:\/\/cnc-probe.com\/fr\/wp-json\/wp\/v2\/product"}],"about":[{"href":"https:\/\/cnc-probe.com\/fr\/wp-json\/wp\/v2\/types\/product"}],"wp:featuredmedia":[{"embeddable":true,"href":"https:\/\/cnc-probe.com\/fr\/wp-json\/wp\/v2\/media\/887"}],"wp:attachment":[{"href":"https:\/\/cnc-probe.com\/fr\/wp-json\/wp\/v2\/media?parent=885"}],"wp:term":[{"taxonomy":"product_brand","embeddable":true,"href":"https:\/\/cnc-probe.com\/fr\/wp-json\/wp\/v2\/product_brand?post=885"},{"taxonomy":"product_cat","embeddable":true,"href":"https:\/\/cnc-probe.com\/fr\/wp-json\/wp\/v2\/product_cat?post=885"},{"taxonomy":"product_tag","embeddable":true,"href":"https:\/\/cnc-probe.com\/fr\/wp-json\/wp\/v2\/product_tag?post=885"}],"curies":[{"name":"wp","href":"https:\/\/api.w.org\/{rel}","templated":true}]}}