{"id":892,"date":"2026-01-17T07:53:42","date_gmt":"2026-01-17T07:53:42","guid":{"rendered":"https:\/\/cnc-probe.com\/?post_type=product&#038;p=892"},"modified":"2026-02-28T08:15:58","modified_gmt":"2026-02-28T08:15:58","slug":"cnc-modular-touch-probe-precision-measuring-stable-signal","status":"publish","type":"product","link":"https:\/\/cnc-probe.com\/fr\/cnc-modular-touch-probe-precision-measuring-stable-signal\/","title":{"rendered":"Palpeur modulaire CNC Mesure de pr\u00e9cision Signal stable"},"content":{"rendered":"<h1>Caract\u00e9ristiques principales :<\/h1>\n<p>Signaux radio, transmission sans barri\u00e8re<\/p>\n<p>Faible consommation d'\u00e9nergie avec une dur\u00e9e de vie de la batterie sup\u00e9rieure \u00e0 1 an<\/p>\n<p>Probabilit\u00e9 de perte de signal &lt; 1\/100 000<\/p>\n<p>La longueur du module de la sonde est r\u00e9glable<\/p>\n<p>Technologie intelligente de coupure de fr\u00e9quence<\/p>\n<p>Id\u00e9al pour les sc\u00e9narios d'usinage avec mesure de cavit\u00e9s profondes.<\/p>\n<p>&nbsp;<\/p>\n<h1>Avantage :<\/h1>\n<p>L'utilisation de signaux radio sans fil ne craint pas les obstacles. Assemblage modulaire avec une sonde de diam\u00e8tre 25 et des bras extensibles pour des combinaisons de longueurs de sonde flexibles. Convient aux industries du moule, de l'automobile et de l'arm\u00e9e qui ont besoin de mesurer des cavit\u00e9s profondes.<\/p>\n<p>&nbsp;<\/p>\n<h1>Param\u00e8tres du produit :<\/h1>\n<table style=\"border-collapse: collapse; width: 432.02pt;\" border=\"0\" width=\"720\" cellspacing=\"0\" cellpadding=\"0\">\n<tbody>\n<tr style=\"height: 25.05pt;\">\n<td class=\"et4\" style=\"height: 25.05pt; width: 154.80pt;\" width=\"258\" height=\"41\">Num\u00e9ro d'article.<\/td>\n<td class=\"et5\" style=\"width: 277.20pt;\" colspan=\"2\" width=\"462\">DRP25M<\/td>\n<\/tr>\n<tr style=\"height: 25.05pt;\">\n<td class=\"et4\" style=\"height: 25.05pt; width: 154.80pt;\" width=\"258\" height=\"41\"><span class=\"font1\">R\u00e9p\u00e9tabilit\u00e9<\/span><span class=\"font2\">\uff08<\/span><span class=\"font1\">2\u03c3<\/span><span class=\"font2\">\uff09<\/span><\/td>\n<td class=\"et6\" style=\"width: 277.20pt;\" colspan=\"2\" width=\"462\"><span class=\"font1\">&lt;1um<\/span><span class=\"font2\">\uff08<\/span><span class=\"font1\">stylet<\/span><span class=\"font2\">\uff1a<\/span><span class=\"font1\">50 mm<\/span><span class=\"font2\">\uff0c<\/span><span class=\"font1\">vitesse<\/span><span class=\"font2\">\uff1a<\/span><span class=\"font1\">50~200mm\/min<\/span><span class=\"font2\">\uff09<\/span><\/td>\n<\/tr>\n<tr style=\"height: 25.05pt;\">\n<td class=\"et4\" style=\"height: 25.05pt; width: 154.80pt;\" width=\"258\" height=\"41\">Direction du d\u00e9clenchement<\/td>\n<td class=\"et6\" style=\"width: 277.20pt;\" colspan=\"2\" width=\"462\">\u00b1X,\u00b1Y,+Z<\/td>\n<\/tr>\n<tr style=\"height: 39.00pt;\">\n<td class=\"et4\" style=\"height: 39.00pt; width: 154.80pt;\" width=\"258\" height=\"65\"><span class=\"font1\">Force de d\u00e9clenchement<\/span><span class=\"font2\">\uff08<\/span><span class=\"font1\">stylet<\/span><span class=\"font2\">\uff1a<\/span><span class=\"font1\">50 mm<\/span><span class=\"font2\">\uff09<\/span><\/td>\n<td class=\"et7\" style=\"width: 138.60pt;\" width=\"231\">Plan XY 0,5~0,9N<\/td>\n<td class=\"et8\" style=\"width: 138.60pt;\" width=\"231\">Z : 6.2N<\/td>\n<\/tr>\n<tr style=\"height: 25.05pt;\">\n<td class=\"et4\" style=\"height: 25.05pt; width: 154.80pt;\" width=\"258\" height=\"41\">Gamme de protection<\/td>\n<td class=\"et7\" style=\"width: 138.60pt;\" width=\"231\">Plan XY +\/-12,5<\/td>\n<td class=\"et8\" style=\"width: 138.60pt;\" width=\"231\">Z : 6,2 mm<\/td>\n<\/tr>\n<tr style=\"height: 25.05pt;\">\n<td class=\"et9\" style=\"height: 25.05pt;\" height=\"41\">Mode de transmission du signal<\/td>\n<td class=\"et10\" colspan=\"2\">Transmission par radio<\/td>\n<\/tr>\n<tr style=\"height: 25.05pt;\">\n<td class=\"et9\" style=\"height: 25.05pt;\" height=\"41\">Plage de fonctionnement<\/td>\n<td class=\"et6\" style=\"width: 277.20pt;\" colspan=\"2\" width=\"462\">15m<\/td>\n<\/tr>\n<tr style=\"height: 25.05pt;\">\n<td class=\"et9\" style=\"height: 25.05pt;\" height=\"41\">Dur\u00e9e de vie du d\u00e9clencheur<\/td>\n<td class=\"et10\" colspan=\"2\">&gt;10 millions<\/td>\n<\/tr>\n<tr style=\"height: 25.05pt;\">\n<td class=\"et9\" style=\"height: 25.05pt;\" height=\"41\">Angle de transmission<\/td>\n<td class=\"et6\" style=\"width: 277.20pt;\" colspan=\"2\" width=\"462\">360\u00b0Enveloppe de transmission<\/td>\n<\/tr>\n<tr style=\"height: 25.05pt;\">\n<td class=\"et11\" style=\"height: 25.05pt;\" height=\"41\">Radiofr\u00e9quence<\/td>\n<td class=\"et6\" style=\"width: 277.20pt;\" colspan=\"2\" width=\"462\">2.4G<\/td>\n<\/tr>\n<tr style=\"height: 25.05pt;\">\n<td class=\"et11\" style=\"height: 25.05pt;\" height=\"41\">Nombre de canaux<\/td>\n<td class=\"et12\" style=\"width: 277.20pt;\" colspan=\"2\" width=\"462\">83<\/td>\n<\/tr>\n<tr style=\"height: 25.05pt;\">\n<td class=\"et11\" style=\"height: 25.05pt;\" height=\"41\">Changement de canal<\/td>\n<td class=\"et6\" style=\"width: 277.20pt;\" colspan=\"2\" width=\"462\">Saut de fr\u00e9quence intelligent<\/td>\n<\/tr>\n<tr style=\"height: 25.05pt;\">\n<td class=\"et11\" style=\"height: 25.05pt;\" height=\"41\">Transmission activ\u00e9e<\/td>\n<td class=\"et6\" style=\"width: 277.20pt;\" colspan=\"2\" width=\"462\">M Code<\/td>\n<\/tr>\n<tr style=\"height: 25.05pt;\">\n<td class=\"et9\" style=\"height: 25.05pt;\" height=\"41\">Mod\u00e8le de batterie<\/td>\n<td class=\"et10\" colspan=\"2\">2 piles au lithium 14250<\/td>\n<\/tr>\n<tr style=\"height: 25.05pt;\">\n<td class=\"et14\" style=\"height: 125.25pt;\" rowspan=\"5\" height=\"208\">Dur\u00e9e de vie de la batterie<\/td>\n<td class=\"et15\">Se tenir pr\u00eat<\/td>\n<td class=\"et8\" style=\"width: 138.60pt;\" width=\"231\">&gt;400 jours<\/td>\n<\/tr>\n<tr style=\"height: 25.05pt;\">\n<td class=\"et15\">3000 d\u00e9clenchements\/jour<\/td>\n<td class=\"et8\" style=\"width: 138.60pt;\" width=\"231\">350 jours<\/td>\n<\/tr>\n<tr style=\"height: 25.05pt;\">\n<td class=\"et15\">800 d\u00e9clencheurs\/jour<\/td>\n<td class=\"et8\" style=\"width: 138.60pt;\" width=\"231\">300 jours<\/td>\n<\/tr>\n<tr style=\"height: 25.05pt;\">\n<td class=\"et15\">15000 d\u00e9clencheurs\/jour<\/td>\n<td class=\"et8\" style=\"width: 138.60pt;\" width=\"231\">230 jours<\/td>\n<\/tr>\n<tr style=\"height: 25.05pt;\">\n<td class=\"et15\" colspan=\"2\">Fonctionnement continu : &gt;3,5 millions<\/td>\n<\/tr>\n<tr style=\"height: 25.05pt;\">\n<td class=\"et9\" style=\"height: 25.05pt;\" height=\"41\">Scellement<\/td>\n<td class=\"et10\" colspan=\"2\">IP68<\/td>\n<\/tr>\n<tr style=\"height: 25.05pt;\">\n<td class=\"et9\" style=\"height: 25.05pt;\" height=\"41\">Temp\u00e9rature de fonctionnement<\/td>\n<td class=\"et14\" colspan=\"2\"><span class=\"font1\">5-60<\/span><span class=\"font2\">\u2103<\/span><\/td>\n<\/tr>\n<\/tbody>\n<\/table>\n<p>&nbsp;<\/p>","protected":false},"excerpt":{"rendered":"<p>Palpeur modulaire CNC avec signaux radio sans fil pour une transmission sans barri\u00e8re dans les cavit\u00e9s profondes. Dur\u00e9e de vie de la batterie \u00e0 faible consommation &gt;1 an, probabilit\u00e9 de perte de signal &lt;1\/100 000, technologie de coupe de fr\u00e9quence intelligente et longueur du module de palpage r\u00e9glable avec des tiges modulaires \u03a625 - id\u00e9al pour les t\u00e2ches de mesure dans les moules, l&#039;automobile et la d\u00e9fense.<\/p>","protected":false},"featured_media":893,"template":"","meta":{"_gspb_post_css":""},"product_brand":[],"product_cat":[15],"product_tag":[70,72,71],"class_list":{"0":"post-892","1":"product","2":"type-product","3":"status-publish","4":"has-post-thumbnail","6":"product_cat-touch-probe","7":"product_tag-cnc-modular-touch-probe","8":"product_tag-deep-cavity-measurement-25","9":"product_tag-rf-barrier-free-transmission","11":"first","12":"instock","13":"shipping-taxable","14":"product-type-simple"},"_links":{"self":[{"href":"https:\/\/cnc-probe.com\/fr\/wp-json\/wp\/v2\/product\/892","targetHints":{"allow":["GET"]}}],"collection":[{"href":"https:\/\/cnc-probe.com\/fr\/wp-json\/wp\/v2\/product"}],"about":[{"href":"https:\/\/cnc-probe.com\/fr\/wp-json\/wp\/v2\/types\/product"}],"wp:featuredmedia":[{"embeddable":true,"href":"https:\/\/cnc-probe.com\/fr\/wp-json\/wp\/v2\/media\/893"}],"wp:attachment":[{"href":"https:\/\/cnc-probe.com\/fr\/wp-json\/wp\/v2\/media?parent=892"}],"wp:term":[{"taxonomy":"product_brand","embeddable":true,"href":"https:\/\/cnc-probe.com\/fr\/wp-json\/wp\/v2\/product_brand?post=892"},{"taxonomy":"product_cat","embeddable":true,"href":"https:\/\/cnc-probe.com\/fr\/wp-json\/wp\/v2\/product_cat?post=892"},{"taxonomy":"product_tag","embeddable":true,"href":"https:\/\/cnc-probe.com\/fr\/wp-json\/wp\/v2\/product_tag?post=892"}],"curies":[{"name":"wp","href":"https:\/\/api.w.org\/{rel}","templated":true}]}}