{"id":1240,"date":"2026-02-03T08:53:32","date_gmt":"2026-02-03T08:53:32","guid":{"rendered":"https:\/\/cnc-probe.com\/?post_type=product&#038;p=1240"},"modified":"2026-02-11T08:02:30","modified_gmt":"2026-02-11T08:02:30","slug":"m4-cnc-probe-stylus-50mm-carbide-stem-and-3mm-ruby-ball-tip","status":"publish","type":"product","link":"https:\/\/cnc-probe.com\/it\/m4-cnc-probe-stylus-50mm-carbide-stem-and-3mm-ruby-ball-tip\/","title":{"rendered":"M4 Stilo per sonda CNC stelo in carburo da 50 mm e punta a sfera in rubino da 3 mm"},"content":{"rendered":"<p>Questo stilo per sonde CNC \u00e8 un'opzione pratica e pronta per l'officina quando \u00e8 necessario eseguire sonde stabili e ripetibili senza complicare eccessivamente la configurazione. La lunghezza dello stelo in carburo \u00e8 <strong>50 mm <\/strong><strong>,<\/strong>e con un <strong>Sfera di rubino da 3 mm<\/strong>\u00a0una combinazione completa che funziona bene per il sondaggio CNC di tutti i giorni, l'impostazione del pezzo e l'ispezione in-process.<\/p>\n<p>Lo stelo in carburo garantisce a questo stilo prestazioni cos\u00ec costanti. Rispetto agli steli in acciaio standard, il carburo offre una maggiore rigidit\u00e0 e contribuisce a ridurre la flessione e le vibrazioni quando la sonda entra in contatto con il pezzo. Ci\u00f2 significa punti di attivazione pi\u00f9 puliti, migliore ripetibilit\u00e0 e maggiore sicurezza quando si controllano elementi critici. \u00c8 particolarmente utile quando si sondano tasche pi\u00f9 profonde, fori stretti o aree in cui una portata maggiore pu\u00f2 aumentare la possibilit\u00e0 di deviazione.<\/p>\n<p>Al punto di contatto, <strong>palla di rubino<\/strong>\u00a0\u00e8 costruito per durare a lungo e per garantire un contatto uniforme con la superficie. Il rubino \u00e8 altamente resistente all'usura e mantiene la sua forma nel tempo, per cui non c'\u00e8 da preoccuparsi che la punta si usuri rapidamente e che si vanifichino le misurazioni. Poich\u00e9 il <strong>dimensione della palla<\/strong>\u00a0trovare l'equilibrio: abbastanza piccolo per accedere a molte funzioni, ma comunque robusto per un uso regolare in officina.<\/p>\n<p>Questo stilo \u00e8 ideale per le attivit\u00e0 pi\u00f9 comuni, come la ricerca dello zero dei pezzi, la misura di bussole e fori, il controllo di superfici piane e la verifica di elementi durante la lavorazione. \u00c8 una scelta solida per le lavorazioni CNC generiche, per gli stampi e per i componenti di precisione in cui \u00e8 importante la ripetibilit\u00e0 delle misure. Se avete bisogno di uno stilo affidabile che resista in produzione e che vi aiuti a mantenere le misure costanti, questa combinazione di carburo da 50 mm e rubino da 3 mm \u00e8 una scelta affidabile.<\/p>\n<p>&nbsp;<\/p>","protected":false},"excerpt":{"rendered":"<p>Stilo per sonde CNC con stelo in carburo da 50 mm e punta a sfera in rubino da 3 mm per una tastatura precisa e ripetibile. Lo stelo rigido in carburo riduce al minimo la deflessione per una migliore stabilit\u00e0 di misura, mentre il contatto in rubino resistente all'usura fornisce punti di contatto lisci e affidabili, ideali per le sonde a contatto CNC nelle ispezioni e nelle misure in-process.<\/p>","protected":false},"featured_media":1340,"template":"","meta":{"_gspb_post_css":""},"product_brand":[],"product_cat":[18],"product_tag":[114,113,112],"class_list":{"0":"post-1240","1":"product","2":"type-product","3":"status-publish","4":"has-post-thumbnail","6":"product_cat-cnc-probes-stylus","7":"product_tag-3mm-ruby-ball-tip","8":"product_tag-carbide-stem-styli","9":"product_tag-cnc-probe-stylus","11":"first","12":"instock","13":"shipping-taxable","14":"product-type-simple"},"_links":{"self":[{"href":"https:\/\/cnc-probe.com\/it\/wp-json\/wp\/v2\/product\/1240","targetHints":{"allow":["GET"]}}],"collection":[{"href":"https:\/\/cnc-probe.com\/it\/wp-json\/wp\/v2\/product"}],"about":[{"href":"https:\/\/cnc-probe.com\/it\/wp-json\/wp\/v2\/types\/product"}],"wp:featuredmedia":[{"embeddable":true,"href":"https:\/\/cnc-probe.com\/it\/wp-json\/wp\/v2\/media\/1340"}],"wp:attachment":[{"href":"https:\/\/cnc-probe.com\/it\/wp-json\/wp\/v2\/media?parent=1240"}],"wp:term":[{"taxonomy":"product_brand","embeddable":true,"href":"https:\/\/cnc-probe.com\/it\/wp-json\/wp\/v2\/product_brand?post=1240"},{"taxonomy":"product_cat","embeddable":true,"href":"https:\/\/cnc-probe.com\/it\/wp-json\/wp\/v2\/product_cat?post=1240"},{"taxonomy":"product_tag","embeddable":true,"href":"https:\/\/cnc-probe.com\/it\/wp-json\/wp\/v2\/product_tag?post=1240"}],"curies":[{"name":"wp","href":"https:\/\/api.w.org\/{rel}","templated":true}]}}