{"id":1454,"date":"2026-02-11T07:15:44","date_gmt":"2026-02-11T07:15:44","guid":{"rendered":"https:\/\/cnc-probe.com\/?post_type=product&#038;p=1454"},"modified":"2026-02-11T07:42:36","modified_gmt":"2026-02-11T07:42:36","slug":"high-precision-iso-bt20-tool-holder-cnc-stable-clamping","status":"publish","type":"product","link":"https:\/\/cnc-probe.com\/it\/high-precision-iso-bt20-tool-holder-cnc-stable-clamping\/","title":{"rendered":"Portautensili ISO BT20 ad alta precisione CNC a serraggio stabile"},"content":{"rendered":"<p>Il portautensili BT20 \u00e8 costruito per garantire un serraggio stabile, una precisione ripetibile e prestazioni affidabili nella produzione quotidiana. Progettato in base allo standard ISO BT20, questo portautensili si inserisce saldamente nei mandrini BT20 compatibili, garantendo una forte rigidit\u00e0 e un allineamento costante, per finiture pulite e tolleranze ristrette.<\/p>\n<p>Il cono rettificato di precisione del BT20 aiuta a minimizzare il runout e a migliorare la concentricit\u00e0, il che si traduce direttamente in un taglio pi\u00f9 fluido, in una riduzione del chattering e in un migliore controllo dimensionale. Indipendentemente dall'utilizzo di frese, punte, alesatori o altri utensili comuni, l'interfaccia stabile pu\u00f2 ridurre le vibrazioni e proteggere sia il mandrino che l'utensile da taglio, prolungando la durata e riducendo i costi operativi complessivi.<\/p>\n<p>Questo portautensili \u00e8 robusto, in grado di bilanciare la costruzione, di supportare la lavorazione ad alta velocit\u00e0 e di mantenere allo stesso tempo una forza di serraggio affidabile sotto carico. Il profilo aerodinamico del corpo \u00e8 adatto a un'ampia gamma di lavorazioni, dai lavori di dettaglio alle operazioni di fresatura generale, e aiuta a mantenere la stabilit\u00e0 durante i rapidi cambi di utensile. La finitura superficiale \u00e8 pulita e durevole, in modo da resistere all'usura e alla corrosione in officina, rendendola una scelta affidabile per l'uso a lungo termine.<\/p>\n<p>Ideale per la produzione di pezzi di precisione, la prototipazione e la produzione di lotti medio-piccoli, questo portautensili BT20 offre la sicurezza necessaria quando la precisione \u00e8 importante. Se l'obiettivo \u00e8 migliorare la qualit\u00e0 della superficie, ridurre la deflessione dell'utensile e mantenere il processo di lavorazione stabile e ripetibile.<\/p>","protected":false},"excerpt":{"rendered":"<p>Portautensili ISO BT20 di alta precisione progettati per la fresatura e la foratura CNC. Conicit\u00e0 affilata di precisione per un basso runout, corpo rigido per un taglio stabile e serraggio sicuro per ridurre le vibrazioni. Ideale per lavorazioni ad alta velocit\u00e0 con una precisione costante e una maggiore durata dell'utensile.<\/p>","protected":false},"featured_media":1456,"template":"","meta":{"_gspb_post_css":""},"product_brand":[],"product_cat":[20],"product_tag":[123,125,124],"class_list":{"0":"post-1454","1":"product","2":"type-product","3":"status-publish","4":"has-post-thumbnail","6":"product_cat-accessories","7":"product_tag-bt20-tool-holder","8":"product_tag-high-precision-tooling","9":"product_tag-tool-holder","11":"first","12":"instock","13":"shipping-taxable","14":"product-type-simple"},"_links":{"self":[{"href":"https:\/\/cnc-probe.com\/it\/wp-json\/wp\/v2\/product\/1454","targetHints":{"allow":["GET"]}}],"collection":[{"href":"https:\/\/cnc-probe.com\/it\/wp-json\/wp\/v2\/product"}],"about":[{"href":"https:\/\/cnc-probe.com\/it\/wp-json\/wp\/v2\/types\/product"}],"wp:featuredmedia":[{"embeddable":true,"href":"https:\/\/cnc-probe.com\/it\/wp-json\/wp\/v2\/media\/1456"}],"wp:attachment":[{"href":"https:\/\/cnc-probe.com\/it\/wp-json\/wp\/v2\/media?parent=1454"}],"wp:term":[{"taxonomy":"product_brand","embeddable":true,"href":"https:\/\/cnc-probe.com\/it\/wp-json\/wp\/v2\/product_brand?post=1454"},{"taxonomy":"product_cat","embeddable":true,"href":"https:\/\/cnc-probe.com\/it\/wp-json\/wp\/v2\/product_cat?post=1454"},{"taxonomy":"product_tag","embeddable":true,"href":"https:\/\/cnc-probe.com\/it\/wp-json\/wp\/v2\/product_tag?post=1454"}],"curies":[{"name":"wp","href":"https:\/\/api.w.org\/{rel}","templated":true}]}}