{"id":1235,"date":"2026-02-03T08:27:36","date_gmt":"2026-02-03T08:27:36","guid":{"rendered":"https:\/\/cnc-probe.com\/?post_type=product&#038;p=1235"},"modified":"2026-02-11T08:04:40","modified_gmt":"2026-02-11T08:04:40","slug":"presition-cnc-calibration-sphere-ceramic-standard-ball-probe-gauge","status":"publish","type":"product","link":"https:\/\/cnc-probe.com\/pt\/presition-cnc-calibration-sphere-ceramic-standard-ball-probe-gauge\/","title":{"rendered":"Presi\u00e7\u00e3o Esfera de calibra\u00e7\u00e3o CNC Esfera de calibra\u00e7\u00e3o de cer\u00e2mica Sonda de esfera padr\u00e3o"},"content":{"rendered":"<p data-start=\"351\" data-end=\"671\">O <strong data-start=\"394\" data-end=\"454\">Esfera de calibra\u00e7\u00e3o CNC Medidor de sonda esf\u00e9rica padr\u00e3o em cer\u00e2mica<\/strong> \u00e9 uma ferramenta essencial para garantir a precis\u00e3o das m\u00e1quinas CNC e dos instrumentos de medi\u00e7\u00e3o. Fabricada em cer\u00e2mica de alta qualidade, esta esfera oferece uma resist\u00eancia superior ao desgaste e fiabilidade para uma calibra\u00e7\u00e3o precisa da sonda.<\/p>\n<p data-start=\"673\" data-end=\"1187\">O material cer\u00e2mico \u00e9 escolhido pela sua durabilidade e desempenho consistente, proporcionando uma superf\u00edcie dura e est\u00e1vel que resiste ao desgaste ao longo do tempo. \u00c9 ideal para <strong data-start=\"832\" data-end=\"863\">tarefas de medi\u00e7\u00e3o de precis\u00e3o<\/strong>, O calibrador de apalpador \u00e9 um instrumento de medi\u00e7\u00e3o que garante a precis\u00e3o do apalpador da sua m\u00e1quina, especialmente quando se trabalha com pe\u00e7as complexas ou pormenorizadas. Este calibrador de sonda \u00e9 essencial para verificar a precis\u00e3o da sonda, ajustar as defini\u00e7\u00f5es da m\u00e1quina e afinar as medi\u00e7\u00f5es, garantindo, em \u00faltima an\u00e1lise, uma produ\u00e7\u00e3o de alta qualidade e reduzindo as hip\u00f3teses de erros na sua pe\u00e7a de trabalho.<\/p>\n<p data-start=\"1189\" data-end=\"1475\">Com a sua <strong data-start=\"1198\" data-end=\"1227\">forma perfeitamente esf\u00e9rica<\/strong>, o calibre da sonda oferece uma consist\u00eancia inigual\u00e1vel, proporcionando <strong data-start=\"1285\" data-end=\"1307\">resultados repet\u00edveis<\/strong> mesmo em condi\u00e7\u00f5es de maquinagem exigentes. A sua superf\u00edcie \u00e9 lisa e est\u00e1vel, assegurando que o contacto com a sonda \u00e9 fi\u00e1vel, minimizando qualquer variabilidade nas medi\u00e7\u00f5es.<\/p>\n<p data-start=\"1477\" data-end=\"1875\">Al\u00e9m disso, o <strong data-start=\"1494\" data-end=\"1520\">Esfera de calibra\u00e7\u00e3o CNC<\/strong> \u00e9 compacto e f\u00e1cil de integrar na configura\u00e7\u00e3o da sua m\u00e1quina. \u00c9 utilizado em v\u00e1rios sectores, desde <strong data-start=\"1622\" data-end=\"1637\">fabrico de moldes<\/strong> para <strong data-start=\"1641\" data-end=\"1669\">fabrico de autom\u00f3veis<\/strong>, onde a medi\u00e7\u00e3o exacta \u00e9 crucial. \u00c9 especialmente \u00fatil para <strong data-start=\"1737\" data-end=\"1791\">calibra\u00e7\u00e3o de m\u00e1quinas CNC, verifica\u00e7\u00e3o da exatid\u00e3o das sondas<\/strong>, e assegurar <strong data-start=\"1806\" data-end=\"1846\">desempenho consistente e de alta qualidade<\/strong> tanto na configura\u00e7\u00e3o como no funcionamento.<\/p>\n<p data-start=\"1877\" data-end=\"2087\" data-is-last-node=\"\" data-is-only-node=\"\">Globalmente, esta esfera de calibra\u00e7\u00e3o \u00e9 uma ferramenta indispens\u00e1vel em qualquer oficina que exija os mais elevados padr\u00f5es de precis\u00e3o, oferecendo-lhe a garantia de que a sua m\u00e1quina CNC est\u00e1 sempre a funcionar com o m\u00e1ximo desempenho.<\/p>","protected":false},"excerpt":{"rendered":"<p>Esfera de calibra\u00e7\u00e3o CNC de cer\u00e2mica para sonda de esfera padr\u00e3o, concebida para medi\u00e7\u00f5es de precis\u00e3o. Apresenta uma constru\u00e7\u00e3o em cer\u00e2mica de alta qualidade, uma superf\u00edcie dur\u00e1vel e uma repetibilidade fi\u00e1vel. Ideal para verificar a precis\u00e3o da sonda e calibrar m\u00e1quinas, fornecendo resultados exactos mesmo em condi\u00e7\u00f5es dif\u00edceis.<\/p>","protected":false},"featured_media":1236,"template":"","meta":{"_gspb_post_css":""},"product_brand":[],"product_cat":[20],"product_tag":[110,109,111],"class_list":{"0":"post-1235","1":"product","2":"type-product","3":"status-publish","4":"has-post-thumbnail","6":"product_cat-accessories","7":"product_tag-ceramic-probe-gauge","8":"product_tag-cnc-calibration-sphere","9":"product_tag-precision-measurement-tool","11":"first","12":"instock","13":"shipping-taxable","14":"product-type-simple"},"_links":{"self":[{"href":"https:\/\/cnc-probe.com\/pt\/wp-json\/wp\/v2\/product\/1235","targetHints":{"allow":["GET"]}}],"collection":[{"href":"https:\/\/cnc-probe.com\/pt\/wp-json\/wp\/v2\/product"}],"about":[{"href":"https:\/\/cnc-probe.com\/pt\/wp-json\/wp\/v2\/types\/product"}],"wp:featuredmedia":[{"embeddable":true,"href":"https:\/\/cnc-probe.com\/pt\/wp-json\/wp\/v2\/media\/1236"}],"wp:attachment":[{"href":"https:\/\/cnc-probe.com\/pt\/wp-json\/wp\/v2\/media?parent=1235"}],"wp:term":[{"taxonomy":"product_brand","embeddable":true,"href":"https:\/\/cnc-probe.com\/pt\/wp-json\/wp\/v2\/product_brand?post=1235"},{"taxonomy":"product_cat","embeddable":true,"href":"https:\/\/cnc-probe.com\/pt\/wp-json\/wp\/v2\/product_cat?post=1235"},{"taxonomy":"product_tag","embeddable":true,"href":"https:\/\/cnc-probe.com\/pt\/wp-json\/wp\/v2\/product_tag?post=1235"}],"curies":[{"name":"wp","href":"https:\/\/api.w.org\/{rel}","templated":true}]}}