{"id":1240,"date":"2026-02-03T08:53:32","date_gmt":"2026-02-03T08:53:32","guid":{"rendered":"https:\/\/cnc-probe.com\/?post_type=product&#038;p=1240"},"modified":"2026-02-11T08:02:30","modified_gmt":"2026-02-11T08:02:30","slug":"m4-cnc-probe-stylus-50mm-carbide-stem-and-3mm-ruby-ball-tip","status":"publish","type":"product","link":"https:\/\/cnc-probe.com\/pt\/m4-cnc-probe-stylus-50mm-carbide-stem-and-3mm-ruby-ball-tip\/","title":{"rendered":"Apalpador M4 CNC com haste de carboneto de 50 mm e ponta de esfera de rubi de 3 mm"},"content":{"rendered":"<p>Esta haste de apalpador CNC \u00e9 uma op\u00e7\u00e3o pr\u00e1tica e pronta a ser utilizada quando \u00e9 necess\u00e1rio efetuar uma apalpa\u00e7\u00e3o est\u00e1vel e repet\u00edvel sem complicar demasiado a configura\u00e7\u00e3o. O comprimento da haste de carboneto \u00e9 de <strong>50mm <\/strong><strong>,<\/strong>e com um <strong>Bola de rubi de 3 mm<\/strong>\u00a0ponta de contacto - uma combina\u00e7\u00e3o vers\u00e1til que funciona bem para a sondagem CNC di\u00e1ria, configura\u00e7\u00e3o da pe\u00e7a de trabalho e inspe\u00e7\u00e3o durante o processo.<\/p>\n<p>A haste de carboneto faz com que este apalpador tenha um desempenho t\u00e3o consistente. Em compara\u00e7\u00e3o com as hastes de a\u00e7o normais, o carboneto oferece uma maior rigidez e ajuda a reduzir a flex\u00e3o e a vibra\u00e7\u00e3o quando o apalpador entra em contacto com a pe\u00e7a. Isto significa pontos de disparo mais limpos, melhor repetibilidade e mais confian\u00e7a quando est\u00e1 a verificar carater\u00edsticas cr\u00edticas. \u00c9 especialmente \u00fatil ao sondar bolsas mais profundas, furos apertados ou \u00e1reas onde um alcance mais longo pode aumentar a hip\u00f3tese de deflex\u00e3o.<\/p>\n<p>No ponto de contacto, <strong>bola de rubi<\/strong>\u00a0foi concebida para durabilidade e contacto suave com a superf\u00edcie. A Ruby \u00e9 altamente resistente ao desgaste e mant\u00e9m a sua forma ao longo do tempo, pelo que n\u00e3o tem de se preocupar com o facto de a ponta se desgastar rapidamente e alterar as suas medi\u00e7\u00f5es. Porque a <strong>tamanho da bola<\/strong>\u00a0fazer o equil\u00edbrio: suficientemente pequeno para aceder a muitas funcionalidades, mas ainda assim robusto para uma utiliza\u00e7\u00e3o regular no ch\u00e3o de f\u00e1brica.<\/p>\n<p>Este apalpador \u00e9 ideal para tarefas comuns, como encontrar o zero da pe\u00e7a, medir sali\u00eancias e furos, verificar superf\u00edcies planas e verificar carater\u00edsticas durante a maquinagem. \u00c9 uma escolha s\u00f3lida para maquinagem CNC geral, trabalho de moldes e componentes de precis\u00e3o em que a repeti\u00e7\u00e3o da sondagem \u00e9 importante. Se precisar de um apalpador fi\u00e1vel que resista \u00e0 produ\u00e7\u00e3o e ajude a manter as suas medi\u00e7\u00f5es consistentes, esta combina\u00e7\u00e3o de carboneto de 50 mm + rubi de 3 mm \u00e9 uma op\u00e7\u00e3o fi\u00e1vel.<\/p>\n<p>&nbsp;<\/p>","protected":false},"excerpt":{"rendered":"<p>Apalpador CNC com uma haste de carboneto de 50 mm e uma ponta de esfera de rubi de 3 mm para uma apalpa\u00e7\u00e3o precisa e repet\u00edvel. A haste r\u00edgida de carboneto minimiza a deflex\u00e3o para uma melhor estabilidade de medi\u00e7\u00e3o, enquanto o contacto de rubi resistente ao desgaste proporciona pontos de contacto suaves e fi\u00e1veis - ideal para apalpadores CNC em inspe\u00e7\u00e3o e medi\u00e7\u00e3o durante o processo.<\/p>","protected":false},"featured_media":1340,"template":"","meta":{"_gspb_post_css":""},"product_brand":[],"product_cat":[18],"product_tag":[114,113,112],"class_list":{"0":"post-1240","1":"product","2":"type-product","3":"status-publish","4":"has-post-thumbnail","6":"product_cat-cnc-probes-stylus","7":"product_tag-3mm-ruby-ball-tip","8":"product_tag-carbide-stem-styli","9":"product_tag-cnc-probe-stylus","11":"first","12":"instock","13":"shipping-taxable","14":"product-type-simple"},"_links":{"self":[{"href":"https:\/\/cnc-probe.com\/pt\/wp-json\/wp\/v2\/product\/1240","targetHints":{"allow":["GET"]}}],"collection":[{"href":"https:\/\/cnc-probe.com\/pt\/wp-json\/wp\/v2\/product"}],"about":[{"href":"https:\/\/cnc-probe.com\/pt\/wp-json\/wp\/v2\/types\/product"}],"wp:featuredmedia":[{"embeddable":true,"href":"https:\/\/cnc-probe.com\/pt\/wp-json\/wp\/v2\/media\/1340"}],"wp:attachment":[{"href":"https:\/\/cnc-probe.com\/pt\/wp-json\/wp\/v2\/media?parent=1240"}],"wp:term":[{"taxonomy":"product_brand","embeddable":true,"href":"https:\/\/cnc-probe.com\/pt\/wp-json\/wp\/v2\/product_brand?post=1240"},{"taxonomy":"product_cat","embeddable":true,"href":"https:\/\/cnc-probe.com\/pt\/wp-json\/wp\/v2\/product_cat?post=1240"},{"taxonomy":"product_tag","embeddable":true,"href":"https:\/\/cnc-probe.com\/pt\/wp-json\/wp\/v2\/product_tag?post=1240"}],"curies":[{"name":"wp","href":"https:\/\/api.w.org\/{rel}","templated":true}]}}