{"id":1438,"date":"2026-02-10T09:38:48","date_gmt":"2026-02-10T09:38:48","guid":{"rendered":"https:\/\/cnc-probe.com\/?post_type=product&#038;p=1438"},"modified":"2026-02-28T07:11:38","modified_gmt":"2026-02-28T07:11:38","slug":"cnc-compatible-touch-probe-wireless-infrared-precision-probe","status":"publish","type":"product","link":"https:\/\/cnc-probe.com\/pt\/cnc-compatible-touch-probe-wireless-infrared-precision-probe\/","title":{"rendered":"Sonda t\u00e1til compat\u00edvel com CNC Sonda de precis\u00e3o de infravermelhos sem fios"},"content":{"rendered":"<h1>Carater\u00edstica principal:<\/h1>\n<p>\u00d3tica de 2 canais, comuta\u00e7\u00e3o remota de canais<br \/>\nBaixo consumo de energia com dura\u00e7\u00e3o da bateria superior a 1 ano<br \/>\n&lt; 1\/100.000 probabilidade de perda de sinalIP68 n\u00edvel de prote\u00e7\u00e3o<\/p>\n<p>Compat\u00edvel com determinadas marcas de sondas e receptores.<\/p>\n<p>&nbsp;<\/p>\n<h1>Vantagens:<\/h1>\n<p>Simples de usar, f\u00e1cil emparelhamento, gest\u00e3o conveniente, comuta\u00e7\u00e3o remota de frequ\u00eancia com um \u00fanico clique. Adequado para f\u00e1bricas 3C com requisitos de alta precis\u00e3o, permitindo a medi\u00e7\u00e3o de alta precis\u00e3o de v\u00e1rias pe\u00e7as de trabalho complexas, melhorando significativamente a efici\u00eancia de fabrico, reduzindo a depend\u00eancia de compet\u00eancias dos funcion\u00e1rios. A dete\u00e7\u00e3o automatizada ao n\u00edvel do m\u00edcron reduz os defeitos dimensionais e os desperd\u00edcios, aumenta a capacidade de produ\u00e7\u00e3o e reduz os custos.\u201d<\/p>\n<p>&nbsp;<\/p>\n<h1>Par\u00e2metros do produto:<\/h1>\n<table width=\"670\">\n<tbody>\n<tr>\n<td width=\"258\">Item No.<\/td>\n<td colspan=\"2\" width=\"412\">DOP40-Pro<\/td>\n<\/tr>\n<tr>\n<td width=\"258\">Repetibilidade\uff082\u03c3\uff09<\/td>\n<td colspan=\"2\" width=\"412\">&lt;1um \uff08estilo\uff1a50mm\uff0cvelocidade\uff1a50~200mm\/min\uff09<\/td>\n<\/tr>\n<tr>\n<td width=\"258\">Dire\u00e7\u00e3o de disparo<\/td>\n<td colspan=\"2\" width=\"412\">\u00b1X,\u00b1Y,+Z<\/td>\n<\/tr>\n<tr>\n<td width=\"258\">For\u00e7a do gatilho (estribo): 50 mm.<\/td>\n<td width=\"206\">Plano XY: 0.5~0.9N<\/td>\n<td width=\"206\">Z: 6.2N<\/td>\n<\/tr>\n<tr>\n<td width=\"258\">Gama de prote\u00e7\u00e3o<\/td>\n<td width=\"206\">Plano XY: +\/-12.5\u00b0<\/td>\n<td width=\"206\">Z: 6,2 mm<\/td>\n<\/tr>\n<tr>\n<td>Modo de transmiss\u00e3o do sinal<\/td>\n<td colspan=\"2\">Infravermelhos \u00f3pticos<\/td>\n<\/tr>\n<tr>\n<td>Gama de funcionamento<\/td>\n<td colspan=\"2\" width=\"412\">5m<\/td>\n<\/tr>\n<tr>\n<td>Vida \u00fatil do gatilho<\/td>\n<td colspan=\"2\">&gt;10 milh\u00f5es<\/td>\n<\/tr>\n<tr>\n<td>\u00c2ngulo de transmiss\u00e3oTransfer\u00eancia<\/td>\n<td colspan=\"2\" width=\"412\">360\u00b0Envelope de transmiss\u00e3o<\/td>\n<\/tr>\n<tr>\n<td>Ativa\u00e7\u00e3o da transfer\u00eancia<\/td>\n<td colspan=\"2\" width=\"412\">C\u00f3digo M<\/td>\n<\/tr>\n<tr>\n<td>Peso sem haste<\/td>\n<td colspan=\"2\" width=\"412\">220g<\/td>\n<\/tr>\n<tr>\n<td>Modelo de bateria<\/td>\n<td colspan=\"2\">2x Bateria de l\u00edtio 14250<\/td>\n<\/tr>\n<tr>\n<td rowspan=\"5\">Dura\u00e7\u00e3o da bateria<\/td>\n<td>Aguardar<\/td>\n<td width=\"206\">350dias<\/td>\n<\/tr>\n<tr>\n<td>3000 accionamentos\/dia<\/td>\n<td width=\"206\">300 dias<\/td>\n<\/tr>\n<tr>\n<td>800 accionamentos\/dia<\/td>\n<td width=\"206\">280dias<\/td>\n<\/tr>\n<tr>\n<td>15000 disparos\/dia<\/td>\n<td width=\"206\">240 dias<\/td>\n<\/tr>\n<tr>\n<td colspan=\"2\">Funcionamento cont\u00ednuo: &gt;2 milh\u00f5es<\/td>\n<\/tr>\n<tr>\n<td>Veda\u00e7\u00e3o<\/td>\n<td colspan=\"2\">IP68<\/td>\n<\/tr>\n<tr>\n<td>Temperatura de funcionamento<\/td>\n<td colspan=\"2\">5-60\u2103<\/td>\n<\/tr>\n<\/tbody>\n<\/table>\n<p>&nbsp;<\/p>\n<p>&nbsp;<\/p>","protected":false},"excerpt":{"rendered":"<p>Apalpador t\u00e1til de infravermelhos sem fios CNC compat\u00edvel de alta precis\u00e3o para m\u00e1quinas CNC. Proporciona uma apalpa\u00e7\u00e3o precisa e fi\u00e1vel com comunica\u00e7\u00e3o r\u00e1pida por infravermelhos. F\u00e1cil de instalar, constru\u00e7\u00e3o robusta com ponta de precis\u00e3o para ajuste de ferramentas, alinhamento de pe\u00e7as e inspe\u00e7\u00e3o automatizada. Ideal para melhorar a precis\u00e3o da maquinagem.<\/p>","protected":false},"featured_media":1440,"template":"","meta":{"_gspb_post_css":""},"product_brand":[],"product_cat":[15],"product_tag":[117,118,31],"class_list":{"0":"post-1438","1":"product","2":"type-product","3":"status-publish","4":"has-post-thumbnail","6":"product_cat-touch-probe","7":"product_tag-cnc-touch-probe","8":"product_tag-compatible-touch-probe","9":"product_tag-wireless-touch-probe","11":"first","12":"instock","13":"shipping-taxable","14":"product-type-simple"},"_links":{"self":[{"href":"https:\/\/cnc-probe.com\/pt\/wp-json\/wp\/v2\/product\/1438","targetHints":{"allow":["GET"]}}],"collection":[{"href":"https:\/\/cnc-probe.com\/pt\/wp-json\/wp\/v2\/product"}],"about":[{"href":"https:\/\/cnc-probe.com\/pt\/wp-json\/wp\/v2\/types\/product"}],"wp:featuredmedia":[{"embeddable":true,"href":"https:\/\/cnc-probe.com\/pt\/wp-json\/wp\/v2\/media\/1440"}],"wp:attachment":[{"href":"https:\/\/cnc-probe.com\/pt\/wp-json\/wp\/v2\/media?parent=1438"}],"wp:term":[{"taxonomy":"product_brand","embeddable":true,"href":"https:\/\/cnc-probe.com\/pt\/wp-json\/wp\/v2\/product_brand?post=1438"},{"taxonomy":"product_cat","embeddable":true,"href":"https:\/\/cnc-probe.com\/pt\/wp-json\/wp\/v2\/product_cat?post=1438"},{"taxonomy":"product_tag","embeddable":true,"href":"https:\/\/cnc-probe.com\/pt\/wp-json\/wp\/v2\/product_tag?post=1438"}],"curies":[{"name":"wp","href":"https:\/\/api.w.org\/{rel}","templated":true}]}}