{"id":1454,"date":"2026-02-11T07:15:44","date_gmt":"2026-02-11T07:15:44","guid":{"rendered":"https:\/\/cnc-probe.com\/?post_type=product&#038;p=1454"},"modified":"2026-02-11T07:42:36","modified_gmt":"2026-02-11T07:42:36","slug":"high-precision-iso-bt20-tool-holder-cnc-stable-clamping","status":"publish","type":"product","link":"https:\/\/cnc-probe.com\/pt\/high-precision-iso-bt20-tool-holder-cnc-stable-clamping\/","title":{"rendered":"Suporte de ferramentas ISO BT20 de alta precis\u00e3o para fixa\u00e7\u00e3o est\u00e1vel em CNC"},"content":{"rendered":"<p>Suporte de ferramentas BT20 constru\u00eddo para uma fixa\u00e7\u00e3o est\u00e1vel, precis\u00e3o repet\u00edvel e desempenho fi\u00e1vel na produ\u00e7\u00e3o di\u00e1ria. Concebido com base na norma ISO BT20, este suporte assenta firmemente em fusos BT20 compat\u00edveis, assegurando uma forte rigidez e um alinhamento consistente - para acabamentos limpos e toler\u00e2ncias apertadas.<\/p>\n<p>O cone de precis\u00e3o do BT20 ajuda a minimizar a excentricidade e a melhorar a concentricidade, o que se traduz diretamente num corte mais suave, menos vibra\u00e7\u00f5es e melhor controlo dimensional. Independentemente de estar a trabalhar com fresas de topo, brocas, alargadores ou outras ferramentas comuns, a interface est\u00e1vel pode reduzir a vibra\u00e7\u00e3o e protege tanto o fuso como a ferramenta de corte, prolongando a vida \u00fatil e reduzindo o custo operacional global.<\/p>\n<p>Este porta-ferramentas \u00e9 robusto, pode equilibrar a constru\u00e7\u00e3o, suporta maquina\u00e7\u00e3o a alta velocidade e mant\u00e9m uma for\u00e7a de aperto fi\u00e1vel sob carga ao mesmo tempo. O perfil aerodin\u00e2mico do corpo \u00e9 adequado para uma vasta gama de tarefas de maquinagem, desde trabalhos de pormenor a opera\u00e7\u00f5es gerais de fresagem, e ajuda a manter a estabilidade durante mudan\u00e7as r\u00e1pidas de ferramenta. E o acabamento da superf\u00edcie \u00e9 limpo e dur\u00e1vel, pelo que resiste ao desgaste e \u00e0 corros\u00e3o no ch\u00e3o de f\u00e1brica, tornando-a uma escolha fi\u00e1vel para uma utiliza\u00e7\u00e3o a longo prazo.<\/p>\n<p>Ideal para o fabrico de pe\u00e7as de precis\u00e3o, prototipagem e produ\u00e7\u00e3o de pequenos e m\u00e9dios lotes, este suporte de ferramentas BT20 proporciona a confian\u00e7a de que necessita quando a precis\u00e3o \u00e9 importante. Se o seu objetivo \u00e9 melhorar a qualidade da superf\u00edcie, reduzir a deflex\u00e3o da ferramenta e manter o seu processo de maquina\u00e7\u00e3o est\u00e1vel e repet\u00edvel.<\/p>","protected":false},"excerpt":{"rendered":"<p>Porta-ferramentas ISO BT20 de alta precis\u00e3o concebido para fresagem e perfura\u00e7\u00e3o CNC. Cone rectificado com precis\u00e3o para baixa excentricidade, corpo r\u00edgido para um corte est\u00e1vel e fixa\u00e7\u00e3o segura para reduzir a vibra\u00e7\u00e3o. Ideal para maquina\u00e7\u00e3o a alta velocidade com precis\u00e3o consistente e maior vida \u00fatil da ferramenta.<\/p>","protected":false},"featured_media":1456,"template":"","meta":{"_gspb_post_css":""},"product_brand":[],"product_cat":[20],"product_tag":[123,125,124],"class_list":{"0":"post-1454","1":"product","2":"type-product","3":"status-publish","4":"has-post-thumbnail","6":"product_cat-accessories","7":"product_tag-bt20-tool-holder","8":"product_tag-high-precision-tooling","9":"product_tag-tool-holder","11":"first","12":"instock","13":"shipping-taxable","14":"product-type-simple"},"_links":{"self":[{"href":"https:\/\/cnc-probe.com\/pt\/wp-json\/wp\/v2\/product\/1454","targetHints":{"allow":["GET"]}}],"collection":[{"href":"https:\/\/cnc-probe.com\/pt\/wp-json\/wp\/v2\/product"}],"about":[{"href":"https:\/\/cnc-probe.com\/pt\/wp-json\/wp\/v2\/types\/product"}],"wp:featuredmedia":[{"embeddable":true,"href":"https:\/\/cnc-probe.com\/pt\/wp-json\/wp\/v2\/media\/1456"}],"wp:attachment":[{"href":"https:\/\/cnc-probe.com\/pt\/wp-json\/wp\/v2\/media?parent=1454"}],"wp:term":[{"taxonomy":"product_brand","embeddable":true,"href":"https:\/\/cnc-probe.com\/pt\/wp-json\/wp\/v2\/product_brand?post=1454"},{"taxonomy":"product_cat","embeddable":true,"href":"https:\/\/cnc-probe.com\/pt\/wp-json\/wp\/v2\/product_cat?post=1454"},{"taxonomy":"product_tag","embeddable":true,"href":"https:\/\/cnc-probe.com\/pt\/wp-json\/wp\/v2\/product_tag?post=1454"}],"curies":[{"name":"wp","href":"https:\/\/api.w.org\/{rel}","templated":true}]}}