{"id":1526,"date":"2026-02-24T00:13:23","date_gmt":"2026-02-24T00:13:23","guid":{"rendered":"https:\/\/cnc-probe.com\/?post_type=product&#038;p=1526"},"modified":"2026-02-28T08:21:02","modified_gmt":"2026-02-28T08:21:02","slug":"ip68-cnc-chip-proof-one-way-tool-setter-photoelectric","status":"publish","type":"product","link":"https:\/\/cnc-probe.com\/pt\/ip68-cnc-chip-proof-one-way-tool-setter-photoelectric\/","title":{"rendered":"IP68 CNC \u00e0 prova de chip Ferramenta unidirecional fotoel\u00e9ctrica"},"content":{"rendered":"<h1>Carater\u00edstica principal:<\/h1>\n<p>N\u00edvel de prote\u00e7\u00e3o IP 68<br \/>\nFor\u00e7a de acionamento reduzida, dispon\u00edvel para a dete\u00e7\u00e3o de ferramentas de corte de pequeno di\u00e2metro. E a cobertura de prote\u00e7\u00e3o impede que as aparas de corte entrem no equipamento.<br \/>\nDisparo do sensor fotoel\u00e9trico para maior precis\u00e3o e vida \u00fatil mais longa.<\/p>\n<p>Adequado para m\u00e1quinas de esculpir de precis\u00e3o e m\u00e1quinas de alto brilho.<\/p>\n<p>&nbsp;<\/p>\n<h1>Vantagem:<\/h1>\n<p>Uma m\u00e1quina de ajuste de ferramentas de um eixo que pode medir e compensar o comprimento da ferramenta na gama de 0,1 a 10 mm, efetuar a dete\u00e7\u00e3o de ferramentas partidas e a compensa\u00e7\u00e3o autom\u00e1tica. O produto utiliza transmiss\u00e3o por cabo para a execu\u00e7\u00e3o do sinal, com um interrutor de disparo fotoel\u00e9trico, cabe\u00e7a de contacto dura de alta dureza e altamente resistente ao desgaste, e interface de transmiss\u00e3o de sinal. \u00c9 usado principalmente em m\u00e1quinas-ferramentas de pequeno curso, como m\u00e1quinas de grava\u00e7\u00e3o de precis\u00e3o e m\u00e1quinas de luz de alta intensidade. Al\u00e9m disso, adicionamos especialmente uma capa protetora para este produto, que pode impedir que lascas de corte entrem no equipamento.<\/p>\n<p>&nbsp;<\/p>\n<h1>Par\u00e2metros do produto:<\/h1>\n<table style=\"border-collapse: collapse; width: 388.82pt;\" border=\"0\" width=\"648\" cellspacing=\"0\" cellpadding=\"0\">\n<tbody>\n<tr style=\"height: 25.05pt;\">\n<td class=\"et4\" style=\"height: 25.05pt; width: 154.80pt;\" width=\"258\" height=\"41\">Item NO.<\/td>\n<td class=\"et5\" style=\"width: 234.00pt;\" colspan=\"2\" width=\"390\">DTS100S<\/td>\n<\/tr>\n<tr style=\"height: 25.05pt;\">\n<td class=\"et6\" style=\"height: 25.05pt; width: 154.80pt;\" width=\"258\" height=\"41\">Di\u00e2metro do painel t\u00e1til<\/td>\n<td class=\"et7\" style=\"width: 234.00pt;\" colspan=\"2\" width=\"390\">\u03c610<\/td>\n<\/tr>\n<tr style=\"height: 25.05pt;\">\n<td class=\"et6\" style=\"height: 25.05pt; width: 154.80pt;\" width=\"258\" height=\"41\">Dire\u00e7\u00e3o de disparo<\/td>\n<td class=\"et8\" style=\"width: 234.00pt;\" colspan=\"2\" width=\"390\">+Z<\/td>\n<\/tr>\n<tr style=\"height: 25.05pt;\">\n<td class=\"et6\" style=\"height: 25.05pt; width: 154.80pt;\" width=\"258\" height=\"41\">Pr\u00e9-acidente vascular cerebral<\/td>\n<td class=\"et7\" style=\"width: 234.00pt;\" colspan=\"2\" width=\"390\">0,5 mm<\/td>\n<\/tr>\n<tr style=\"height: 25.05pt;\">\n<td class=\"et6\" style=\"height: 25.05pt; width: 154.80pt;\" width=\"258\" height=\"41\">Sa\u00edda<\/td>\n<td class=\"et7\" style=\"width: 234.00pt;\" colspan=\"2\" width=\"390\">A:NC<\/td>\n<\/tr>\n<tr style=\"height: 25.05pt;\">\n<td class=\"et9\" style=\"height: 25.05pt;\" height=\"41\">Acidente vascular cerebral<\/td>\n<td class=\"et10\" colspan=\"2\">6,0 mm<\/td>\n<\/tr>\n<tr style=\"height: 25.05pt;\">\n<td class=\"et6\" style=\"height: 25.05pt; width: 154.80pt;\" width=\"258\" height=\"41\">Curso de prote\u00e7\u00e3o do gatilho<\/td>\n<td class=\"et10\" colspan=\"2\">3,5 mm<\/td>\n<\/tr>\n<tr style=\"height: 36.00pt;\">\n<td class=\"et6\" style=\"height: 36.00pt; width: 154.80pt;\" width=\"258\" height=\"60\"><span class=\"font1\">Precis\u00e3o da repetibilidade(2\u03c3<\/span><span class=\"font2\">\uff09<\/span><\/td>\n<td class=\"et7\" style=\"width: 234.00pt;\" colspan=\"2\" width=\"390\"><span class=\"font1\">&lt;1um<\/span><span class=\"font2\">\uff08<\/span><span class=\"font1\">velocidade50mm\/min<\/span><span class=\"font2\">\uff09<\/span><\/td>\n<\/tr>\n<tr style=\"height: 25.05pt;\">\n<td class=\"et9\" style=\"height: 25.05pt;\" height=\"41\">Vida \u00fatil do gatilho<\/td>\n<td class=\"et7\" style=\"width: 234.00pt;\" colspan=\"2\" width=\"390\">&gt;10 milh\u00f5es<\/td>\n<\/tr>\n<tr style=\"height: 33.00pt;\">\n<td class=\"et9\" style=\"height: 33.00pt;\" height=\"55\">Modo de transmiss\u00e3o do sinal<\/td>\n<td class=\"et7\" style=\"width: 234.00pt;\" colspan=\"2\" width=\"390\">Cabo<br \/>\n5m,resist\u00eancia ao \u00f3leo,6cores,\u03c64.8<\/td>\n<\/tr>\n<tr style=\"height: 25.05pt;\">\n<td class=\"et9\" style=\"height: 25.05pt;\" height=\"41\">Veda\u00e7\u00e3o<\/td>\n<td class=\"et7\" style=\"width: 234.00pt;\" colspan=\"2\" width=\"390\">IP68<\/td>\n<\/tr>\n<tr style=\"height: 25.05pt;\">\n<td class=\"et9\" style=\"height: 25.05pt;\" height=\"41\">For\u00e7a de gatilho<\/td>\n<td class=\"et10\" colspan=\"2\">1.8N(Estado de instala\u00e7\u00e3o: Vertical)<\/td>\n<\/tr>\n<tr style=\"height: 25.05pt;\">\n<td class=\"et9\" style=\"height: 25.05pt;\" height=\"41\">Material do painel t\u00e1til<\/td>\n<td class=\"et7\" style=\"width: 234.00pt;\" colspan=\"2\" width=\"390\">Carboneto de tungst\u00e9nio<\/td>\n<\/tr>\n<tr style=\"height: 25.05pt;\">\n<td class=\"et9\" style=\"height: 25.05pt;\" height=\"41\">Tratamento de superf\u00edcie<\/td>\n<td class=\"et7\" style=\"width: 234.00pt;\" colspan=\"2\" width=\"390\">Retifica\u00e7\u00e3o 4S<\/td>\n<\/tr>\n<tr style=\"height: 44.00pt;\">\n<td class=\"et9\" style=\"height: 44.00pt;\" height=\"73\">Valor nominal do contacto<\/td>\n<td class=\"et7\" style=\"width: 234.00pt;\" colspan=\"2\" width=\"390\">DC24V 20mA(MAX) Valor recomendado10mA)Carga resistiva<\/td>\n<\/tr>\n<tr style=\"height: 25.05pt;\">\n<td class=\"et9\" style=\"height: 25.05pt;\" height=\"41\">Tubo de prote\u00e7\u00e3o<\/td>\n<td class=\"et7\" style=\"width: 234.00pt;\" colspan=\"2\" width=\"390\">1,5 m, raio m\u00ednimo R7<\/td>\n<\/tr>\n<tr style=\"height: 25.05pt;\">\n<td class=\"et11\" style=\"height: 25.05pt;\" height=\"41\">Luz LED<\/td>\n<td class=\"et12\" style=\"width: 234.00pt;\" colspan=\"2\" width=\"390\">Norma: desligado; ativo: ligado<\/td>\n<\/tr>\n<\/tbody>\n<\/table>\n<p>&nbsp;<\/p>","protected":false},"excerpt":{"rendered":"<p>Ferramenta de ajuste CNC unidirecional IP68 \u00e0 prova de chips com disparo fotoel\u00e9trico para ajuste r\u00e1pido e repet\u00edvel do comprimento da ferramenta Z. Detecta micro-ferramentas (\u00d80,1-10 mm) com baixa for\u00e7a de disparo, suporta dete\u00e7\u00e3o de ferramentas partidas e compensa\u00e7\u00e3o autom\u00e1tica e utiliza sa\u00edda de sinal com fio para m\u00e1quinas de grava\u00e7\u00e3o e de alto brilho.<\/p>","protected":false},"featured_media":1528,"template":"","meta":{"_gspb_post_css":""},"product_brand":[],"product_cat":[17],"product_tag":[151,155,154],"class_list":{"0":"post-1526","1":"product","2":"type-product","3":"status-publish","4":"has-post-thumbnail","6":"product_cat-cnc-tool-setter","7":"product_tag-cnc-tool-setter","8":"product_tag-ip68-chip-proof","9":"product_tag-photoelectric-trigger","11":"first","12":"instock","13":"shipping-taxable","14":"product-type-simple"},"_links":{"self":[{"href":"https:\/\/cnc-probe.com\/pt\/wp-json\/wp\/v2\/product\/1526","targetHints":{"allow":["GET"]}}],"collection":[{"href":"https:\/\/cnc-probe.com\/pt\/wp-json\/wp\/v2\/product"}],"about":[{"href":"https:\/\/cnc-probe.com\/pt\/wp-json\/wp\/v2\/types\/product"}],"wp:featuredmedia":[{"embeddable":true,"href":"https:\/\/cnc-probe.com\/pt\/wp-json\/wp\/v2\/media\/1528"}],"wp:attachment":[{"href":"https:\/\/cnc-probe.com\/pt\/wp-json\/wp\/v2\/media?parent=1526"}],"wp:term":[{"taxonomy":"product_brand","embeddable":true,"href":"https:\/\/cnc-probe.com\/pt\/wp-json\/wp\/v2\/product_brand?post=1526"},{"taxonomy":"product_cat","embeddable":true,"href":"https:\/\/cnc-probe.com\/pt\/wp-json\/wp\/v2\/product_cat?post=1526"},{"taxonomy":"product_tag","embeddable":true,"href":"https:\/\/cnc-probe.com\/pt\/wp-json\/wp\/v2\/product_tag?post=1526"}],"curies":[{"name":"wp","href":"https:\/\/api.w.org\/{rel}","templated":true}]}}