{"id":1550,"date":"2026-02-28T09:31:30","date_gmt":"2026-02-28T09:31:30","guid":{"rendered":"https:\/\/cnc-probe.com\/?post_type=product&#038;p=1550"},"modified":"2026-03-02T00:21:27","modified_gmt":"2026-03-02T00:21:27","slug":"wireless-five-axis-infrared-tool-setter-for-cnc-machines","status":"publish","type":"product","link":"https:\/\/cnc-probe.com\/pt\/wireless-five-axis-infrared-tool-setter-for-cnc-machines\/","title":{"rendered":"Ferramenteiro de infravermelhos de cinco eixos sem fios para m\u00e1quinas CNC"},"content":{"rendered":"<h1>Carater\u00edstica principal\uff1a<\/h1>\n<p>Transmiss\u00e3o por r\u00e1dio<br \/>\nMedi\u00e7\u00e3o autom\u00e1tica do comprimento e do di\u00e2metro da ferramenta<br \/>\nN\u00edvel de prote\u00e7\u00e3o Ip68<br \/>\nAdequado para dist\u00e2ncias longas ou obst\u00e1culos Centro de maquinagem<br \/>\nTorno CNC com esta\u00e7\u00f5es de trabalho rotativas ou esta\u00e7\u00f5es de trabalho m\u00faltiplas dispon\u00edveis<\/p>\n<p>&nbsp;<\/p>\n<h1>Vantagem\uff1a<\/h1>\n<p>Um dispositivo de ajuste de ferramentas 3D do tipo contacto que pode detetar e compensar automaticamente v\u00e1rias facas partidas, di\u00e2metros de ferramentas e desgaste de ferramentas. Tem um design horizontal, o corpo principal \u00e9 eficazmente anti-colis\u00e3o e o design cer\u00e2mico da haste adaptadora protege eficazmente o sensor ap\u00f3s o contacto. O produto utiliza transmiss\u00e3o de sinais de r\u00e1dio e \u00e9 utilizado principalmente em m\u00e1quinas-ferramentas com utiliza\u00e7\u00e3o limitada de cabos, tais como centros de maquinagem de mesa dupla.<\/p>\n<p>&nbsp;<\/p>\n<h1>Par\u00e2metros do produto:<\/h1>\n<table width=\"788\">\n<tbody>\n<tr>\n<td width=\"258\">Item No.<\/td>\n<td colspan=\"2\" width=\"530\">DMTS-R<\/td>\n<\/tr>\n<tr>\n<td width=\"258\">Repetibilidade (2\u03c3)<\/td>\n<td colspan=\"2\" width=\"530\">&lt;1\u03bcm (Velocidade: 30mm\/min)<\/td>\n<\/tr>\n<tr>\n<td width=\"258\">Dire\u00e7\u00e3o de disparo<\/td>\n<td colspan=\"2\" width=\"530\">\u00b1X,\u00b1Y,+Z<\/td>\n<\/tr>\n<tr>\n<td width=\"258\">Pr\u00e9-acidente vascular cerebral<\/td>\n<td colspan=\"2\" width=\"530\">Nenhum<\/td>\n<\/tr>\n<tr>\n<td>Acidente vascular cerebral<\/td>\n<td width=\"265\">Plano XY: 6,0 mm<\/td>\n<td width=\"265\">Eixo Z: 5,1 mm<\/td>\n<\/tr>\n<tr>\n<td>Vida de gatilho<\/td>\n<td colspan=\"2\" width=\"530\">\u00a0&gt;10 milh\u00f5es de ciclos<\/td>\n<\/tr>\n<tr>\n<td>Prote\u00e7\u00e3o<\/td>\n<td colspan=\"2\" width=\"530\">IP68<\/td>\n<\/tr>\n<tr>\n<td>For\u00e7a de contacto<\/td>\n<td colspan=\"2\" width=\"530\">1,1N ~ 2,2N (dependendo da dire\u00e7\u00e3o de disparo)<\/td>\n<\/tr>\n<tr>\n<td>M\u00e9todo de transmiss\u00e3o do sinal<\/td>\n<td colspan=\"2\" width=\"530\">\u00a0Transmiss\u00e3o por r\u00e1dio<\/td>\n<\/tr>\n<tr>\n<td>\u00c2ngulo de transmiss\u00e3o<\/td>\n<td colspan=\"2\" width=\"530\">360\u00b0 em torno do eixo da sonda<\/td>\n<\/tr>\n<tr>\n<td>Radiofrequ\u00eancia<\/td>\n<td colspan=\"2\" width=\"530\">2,4 GHz<\/td>\n<\/tr>\n<tr>\n<td>Comuta\u00e7\u00e3o de canais<\/td>\n<td colspan=\"2\" width=\"530\">Salto de frequ\u00eancia inteligente<\/td>\n<\/tr>\n<tr>\n<td>Ativa\u00e7\u00e3o da transmiss\u00e3o<\/td>\n<td colspan=\"2\" width=\"530\">C\u00f3digo M<\/td>\n<\/tr>\n<tr>\n<td>Material de contacto<\/td>\n<td colspan=\"2\" width=\"530\">Liga super dura<\/td>\n<\/tr>\n<tr>\n<td>Tratamento de superf\u00edcie<\/td>\n<td colspan=\"2\" width=\"530\">Retifica\u00e7\u00e3o 4S<\/td>\n<\/tr>\n<tr>\n<td>Tipo de bateria<\/td>\n<td colspan=\"2\">2 x Bateria de l\u00edtio 14250<\/td>\n<\/tr>\n<tr>\n<td rowspan=\"5\">Dura\u00e7\u00e3o da bateria<\/td>\n<td>Em espera<\/td>\n<td width=\"265\">&gt;400 dias<\/td>\n<\/tr>\n<tr>\n<td>3000 accionadores\/dia<\/td>\n<td width=\"265\">350 dias<\/td>\n<\/tr>\n<tr>\n<td>8000 accionadores\/dia<\/td>\n<td width=\"265\">300 dias<\/td>\n<\/tr>\n<tr>\n<td>15000 accionadores\/dia<\/td>\n<td width=\"265\">230 dias<\/td>\n<\/tr>\n<tr>\n<td colspan=\"2\">Disparo cont\u00ednuo: &gt;3,5 milh\u00f5es de ciclos<\/td>\n<\/tr>\n<tr>\n<td>Veda\u00e7\u00e3o<\/td>\n<td colspan=\"2\">IP68<\/td>\n<\/tr>\n<tr>\n<td>Temperatura de funcionamento<\/td>\n<td colspan=\"2\">\u00a05-60\u00b0C<\/td>\n<\/tr>\n<\/tbody>\n<\/table>\n<p>&nbsp;<\/p>","protected":false},"excerpt":{"rendered":"<p>Ferramenteiro de infravermelhos sem fios de cinco eixos para m\u00e1quinas CNC com dete\u00e7\u00e3o de infravermelhos de alta precis\u00e3o e dete\u00e7\u00e3o de rutura. Permite a medi\u00e7\u00e3o autom\u00e1tica do comprimento da ferramenta nos cinco eixos, suporta sa\u00edda de sinal sem fios e melhora a precis\u00e3o e a efici\u00eancia da maquinagem em configura\u00e7\u00f5es CNC complexas de v\u00e1rios eixos.<\/p>","protected":false},"featured_media":1552,"template":"","meta":{"_gspb_post_css":""},"product_brand":[],"product_cat":[17],"product_tag":[162,160,161],"class_list":{"0":"post-1550","1":"product","2":"type-product","3":"status-publish","4":"has-post-thumbnail","6":"product_cat-cnc-tool-setter","7":"product_tag-cnc-precision-measurement","8":"product_tag-five-axis-tool-setter","9":"product_tag-wireless-infrared","11":"first","12":"instock","13":"shipping-taxable","14":"product-type-simple"},"_links":{"self":[{"href":"https:\/\/cnc-probe.com\/pt\/wp-json\/wp\/v2\/product\/1550","targetHints":{"allow":["GET"]}}],"collection":[{"href":"https:\/\/cnc-probe.com\/pt\/wp-json\/wp\/v2\/product"}],"about":[{"href":"https:\/\/cnc-probe.com\/pt\/wp-json\/wp\/v2\/types\/product"}],"wp:featuredmedia":[{"embeddable":true,"href":"https:\/\/cnc-probe.com\/pt\/wp-json\/wp\/v2\/media\/1552"}],"wp:attachment":[{"href":"https:\/\/cnc-probe.com\/pt\/wp-json\/wp\/v2\/media?parent=1550"}],"wp:term":[{"taxonomy":"product_brand","embeddable":true,"href":"https:\/\/cnc-probe.com\/pt\/wp-json\/wp\/v2\/product_brand?post=1550"},{"taxonomy":"product_cat","embeddable":true,"href":"https:\/\/cnc-probe.com\/pt\/wp-json\/wp\/v2\/product_cat?post=1550"},{"taxonomy":"product_tag","embeddable":true,"href":"https:\/\/cnc-probe.com\/pt\/wp-json\/wp\/v2\/product_tag?post=1550"}],"curies":[{"name":"wp","href":"https:\/\/api.w.org\/{rel}","templated":true}]}}