{"id":1593,"date":"2026-02-26T08:55:05","date_gmt":"2026-02-26T08:55:05","guid":{"rendered":"https:\/\/cnc-probe.com\/"},"modified":"2026-02-28T09:08:32","modified_gmt":"2026-02-28T09:08:32","slug":"cnc-z-axis-tool-setter-suitable-for-large-diameter-tools","status":"publish","type":"product","link":"https:\/\/cnc-probe.com\/pt\/cnc-z-axis-tool-setter-suitable-for-large-diameter-tools\/","title":{"rendered":"Ferramenteiro CNC de eixo Z Adequado para ferramentas de grande di\u00e2metro"},"content":{"rendered":"<h1>Carater\u00edstica principal:<\/h1>\n<p>N\u00edvel de prote\u00e7\u00e3o IP 68<br \/>\nDesenho Strok grande de 11 mm<br \/>\nPrecis\u00e3o &lt;0,5uM.<br \/>\nDisparo do sensor fotoel\u00e9trico, maior precis\u00e3o e vida \u00fatil mais longa<\/p>\n<p>&nbsp;<\/p>\n<h1>Vantagem:<\/h1>\n<p>Mede automaticamente o comprimento da ferramenta, o di\u00e2metro da ferramenta e a deflex\u00e3o da ferramenta. O sensor de disparo fotoel\u00e9trico de alta precis\u00e3o pode funcionar em v\u00e1rios ambientes complexos, melhorando a velocidade e a precis\u00e3o da dete\u00e7\u00e3o da ferramenta, reduzindo os erros, minimizando o desperd\u00edcio e aumentando a produtividade.<\/p>\n<p>&nbsp;<\/p>\n<h1>Par\u00e2metros do produto:<\/h1>\n<table style=\"border-collapse: collapse; width: 393.02pt;\" border=\"0\" width=\"655\" cellspacing=\"0\" cellpadding=\"0\">\n<tbody>\n<tr style=\"height: 25.05pt;\">\n<td class=\"et4\" style=\"height: 25.05pt; width: 155.40pt;\" width=\"259\" height=\"41\">Item NO.<\/td>\n<td class=\"et5\" style=\"width: 237.60pt;\" colspan=\"2\" width=\"396\">DTS300<\/td>\n<\/tr>\n<tr style=\"height: 25.05pt;\">\n<td class=\"et4\" style=\"height: 25.05pt; width: 155.40pt;\" width=\"259\" height=\"41\">Di\u00e2metro do painel t\u00e1til<\/td>\n<td class=\"et5\" style=\"width: 237.60pt;\" colspan=\"2\" width=\"396\">\u03c630<\/td>\n<\/tr>\n<tr style=\"height: 25.05pt;\">\n<td class=\"et4\" style=\"height: 25.05pt; width: 155.40pt;\" width=\"259\" height=\"41\">Dire\u00e7\u00e3o de disparo<\/td>\n<td class=\"et6\" style=\"width: 237.60pt;\" colspan=\"2\" width=\"396\">+Z<\/td>\n<\/tr>\n<tr style=\"height: 25.05pt;\">\n<td class=\"et4\" style=\"height: 25.05pt; width: 155.40pt;\" width=\"259\" height=\"41\">Pr\u00e9-acidente vascular cerebral<\/td>\n<td class=\"et5\" style=\"width: 237.60pt;\" colspan=\"2\" width=\"396\">0,7 mm<\/td>\n<\/tr>\n<tr style=\"height: 25.05pt;\">\n<td class=\"et4\" style=\"height: 25.05pt; width: 155.40pt;\" width=\"259\" height=\"41\">Sa\u00edda<\/td>\n<td class=\"et5\" style=\"width: 237.60pt;\" colspan=\"2\" width=\"396\">A:N\u00c3O<\/td>\n<\/tr>\n<tr style=\"height: 25.05pt;\">\n<td class=\"et7\" style=\"height: 25.05pt;\" height=\"41\">Acidente vascular cerebral<\/td>\n<td class=\"et8\" colspan=\"2\">11 mm<\/td>\n<\/tr>\n<tr style=\"height: 25.05pt;\">\n<td class=\"et4\" style=\"height: 25.05pt; width: 155.40pt;\" width=\"259\" height=\"41\">Curso de prote\u00e7\u00e3o do gatilho<\/td>\n<td class=\"et8\" colspan=\"2\">5,5 mm<\/td>\n<\/tr>\n<tr style=\"height: 42.00pt;\">\n<td class=\"et4\" style=\"height: 42.00pt; width: 155.40pt;\" width=\"259\" height=\"70\"><span class=\"font1\">Precis\u00e3o da repetibilidade(2\u03c3<\/span><span class=\"font2\">\uff09<\/span><\/td>\n<td class=\"et5\" style=\"width: 237.60pt;\" colspan=\"2\" width=\"396\"><span class=\"font1\">&lt;1um<\/span><span class=\"font2\">\uff08<\/span><span class=\"font1\">velocidade 50mm\/min<\/span><span class=\"font2\">\uff09<\/span><\/td>\n<\/tr>\n<tr style=\"height: 25.05pt;\">\n<td class=\"et7\" style=\"height: 25.05pt;\" height=\"41\">Vida \u00fatil do gatilho<\/td>\n<td class=\"et5\" style=\"width: 237.60pt;\" colspan=\"2\" width=\"396\">&gt;10 milh\u00f5es<\/td>\n<\/tr>\n<tr style=\"height: 31.95pt;\">\n<td class=\"et7\" style=\"height: 31.95pt;\" height=\"53\">Modo de transmiss\u00e3o do sinal<\/td>\n<td class=\"et5\" style=\"width: 237.60pt;\" colspan=\"2\" width=\"396\">Cabo<br \/>\n5m,resist\u00eancia ao \u00f3leo,6cores,\u03c64.8<\/td>\n<\/tr>\n<tr style=\"height: 25.05pt;\">\n<td class=\"et7\" style=\"height: 25.05pt;\" height=\"41\">Veda\u00e7\u00e3o<\/td>\n<td class=\"et5\" style=\"width: 237.60pt;\" colspan=\"2\" width=\"396\">IP68<\/td>\n<\/tr>\n<tr style=\"height: 25.05pt;\">\n<td class=\"et7\" style=\"height: 25.05pt;\" height=\"41\">For\u00e7a de gatilho<\/td>\n<td class=\"et8\" colspan=\"2\">2.2N(Estado de instala\u00e7\u00e3o: Vertical)<\/td>\n<\/tr>\n<tr style=\"height: 25.05pt;\">\n<td class=\"et7\" style=\"height: 25.05pt;\" height=\"41\">Material do painel t\u00e1til<\/td>\n<td class=\"et5\" style=\"width: 237.60pt;\" colspan=\"2\" width=\"396\">Carboneto de tungst\u00e9nio<\/td>\n<\/tr>\n<tr style=\"height: 25.05pt;\">\n<td class=\"et7\" style=\"height: 25.05pt;\" height=\"41\">Tratamento de superf\u00edcie<\/td>\n<td class=\"et5\" style=\"width: 237.60pt;\" colspan=\"2\" width=\"396\">Retifica\u00e7\u00e3o 4S<\/td>\n<\/tr>\n<tr style=\"height: 35.00pt;\">\n<td class=\"et7\" style=\"height: 35.00pt;\" height=\"58\">Valor nominal do contacto<\/td>\n<td class=\"et5\" style=\"width: 237.60pt;\" colspan=\"2\" width=\"396\">DC24V 20mA(MAX) Valor recomendado10mA)Carga resistiva<\/td>\n<\/tr>\n<tr style=\"height: 25.05pt;\">\n<td class=\"et7\" style=\"height: 25.05pt;\" height=\"41\">Tubo de prote\u00e7\u00e3o<\/td>\n<td class=\"et5\" style=\"width: 237.60pt;\" colspan=\"2\" width=\"396\">1,5 m, raio m\u00ednimo R7<\/td>\n<\/tr>\n<tr style=\"height: 25.05pt;\">\n<td class=\"et7\" style=\"height: 25.05pt;\" height=\"41\">Luz LED<\/td>\n<td class=\"et5\" style=\"width: 237.60pt;\" colspan=\"2\" width=\"396\">Norma: desligado; ativo: ligado<\/td>\n<\/tr>\n<\/tbody>\n<\/table>\n<p>&nbsp;<\/p>","protected":false},"excerpt":{"rendered":"<p>Ferramenta de ajuste do eixo Z CNC de alta qualidade para dete\u00e7\u00e3o precisa da altura da ferramenta e medi\u00e7\u00e3o autom\u00e1tica do comprimento da ferramenta. Aumenta a precis\u00e3o da maquinagem CNC, reduz o tempo de configura\u00e7\u00e3o e melhora a efici\u00eancia da produ\u00e7\u00e3o. Design dur\u00e1vel com dete\u00e7\u00e3o de resposta e cablagem robusta para um desempenho fi\u00e1vel.<\/p>","protected":false},"featured_media":1595,"template":"","meta":{"_gspb_post_css":""},"product_brand":[],"product_cat":[17],"product_tag":[151,171,170],"class_list":{"0":"post-1593","1":"product","2":"type-product","3":"status-publish","4":"has-post-thumbnail","6":"product_cat-cnc-tool-setter","7":"product_tag-cnc-tool-setter","8":"product_tag-tool-height-measurement","9":"product_tag-z-axis-pre-setter","11":"first","12":"instock","13":"shipping-taxable","14":"product-type-simple"},"_links":{"self":[{"href":"https:\/\/cnc-probe.com\/pt\/wp-json\/wp\/v2\/product\/1593","targetHints":{"allow":["GET"]}}],"collection":[{"href":"https:\/\/cnc-probe.com\/pt\/wp-json\/wp\/v2\/product"}],"about":[{"href":"https:\/\/cnc-probe.com\/pt\/wp-json\/wp\/v2\/types\/product"}],"wp:featuredmedia":[{"embeddable":true,"href":"https:\/\/cnc-probe.com\/pt\/wp-json\/wp\/v2\/media\/1595"}],"wp:attachment":[{"href":"https:\/\/cnc-probe.com\/pt\/wp-json\/wp\/v2\/media?parent=1593"}],"wp:term":[{"taxonomy":"product_brand","embeddable":true,"href":"https:\/\/cnc-probe.com\/pt\/wp-json\/wp\/v2\/product_brand?post=1593"},{"taxonomy":"product_cat","embeddable":true,"href":"https:\/\/cnc-probe.com\/pt\/wp-json\/wp\/v2\/product_cat?post=1593"},{"taxonomy":"product_tag","embeddable":true,"href":"https:\/\/cnc-probe.com\/pt\/wp-json\/wp\/v2\/product_tag?post=1593"}],"curies":[{"name":"wp","href":"https:\/\/api.w.org\/{rel}","templated":true}]}}